{"id":138,"date":"2018-12-12T10:15:10","date_gmt":"2018-12-12T09:15:10","guid":{"rendered":"http:\/\/www.texty.santegidio.cz?page_id=138"},"modified":"2018-12-12T10:15:11","modified_gmt":"2018-12-12T09:15:11","slug":"zalm-86","status":"publish","type":"page","link":"https:\/\/www.texty.santegidio.cz\/?page_id=138","title":{"rendered":"\u017dalm 86"},"content":{"rendered":"<p>V&nbsp;den t\u00edsn\u011b vol\u00e1m k&nbsp;tob\u011b, Pane.<\/p>\n<p>&#8211; <sup>1<\/span><\/sup> Naklo\u0148 ke mn\u011b sluch a sly\u0161 m\u011b, Pane,<br \/>nebo\u0165 jsem tak pon<strong>\u00ed<\/strong>\u017een a b\u00eddn\u00fd.<\/p>\n<p>&#8211; <sup>2<\/span><\/sup> Zachovej m\u011b, nebo\u0165 jsem ti odd\u00e1n,<br \/>slu\u017eebn\u00edku pomoz, j<strong>e<\/strong>n\u017e ti v\u011b\u0159\u00ed.<\/p>\n<p>&#8211; <sup>3<\/span><\/sup> Tys m\u016fj B\u016fh, m\u011bj, Pane, slitov\u00e1n\u00ed!<br \/>V\u017edy\u0165 j\u00e1 den co den jen k t<strong>o<\/strong>b\u011b vol\u00e1m.<\/p>\n<p>&#8211; <sup>4<\/span><\/sup> \u017divot obla\u017e sv\u00e9mu slu\u017eebn\u00edku,<br \/>v\u017edy\u0165 se zdv\u00edh\u00e1m celou d<strong>u<\/strong>\u0161\u00ed k tob\u011b.<\/p>\n<p>&#8211; <sup>5<\/span><\/sup> Ty jsi, Pane, dobr\u00fd, shov\u00edvav\u00fd,<br \/>milosrdn\u00fd k t\u011bm, kdo vz<strong>\u00fd<\/strong>vaj\u00ed t\u011b.<\/p>\n<p>&#8211; <sup>6<\/span><\/sup> Pane, sly\u0161 m\u00e9 \u00fap\u011bnliv\u00e9 prosby,<br \/>pop\u0159ej sluchu hlasit<strong>\u00e9<\/strong>mu n\u00e1\u0159ku!<\/p>\n<p>&#8211; <sup>7<\/span><\/sup> Vol\u00e1m k tob\u011b ve sv\u00e9 velk\u00e9 t\u00edsni<br \/>s pevnou d\u016fv\u011brou v tv\u00e9 v<strong>y<\/strong>sly\u0161en\u00ed.<\/p>\n<p>&#8211; <sup>8<\/span><\/sup> \u017d\u00e1dn\u00fd b\u016fh ti nen\u00ed, Pane, roven,<br \/>nen\u00ed rovn\u00fdch d\u00edl\u016fm, j<strong>e<\/strong>\u017e jsi stvo\u0159il.<\/p>\n<p>&#8211; <sup>9<\/span><\/sup> V\u0161echny n\u00e1rody se p\u0159ijdou klan\u011bt,<br \/>vzd\u00e1vat \u00factu tv\u00e9mu jm<strong>\u00e9<\/strong>nu, Pane,<\/p>\n<p>&#8211; <sup>10<\/span><\/sup> nebo\u0165 velk\u00fd jsi a divy kon\u00e1\u0161,<br \/>nebo\u0165 ty, s\u00e1m jed<strong>i<\/strong>n\u00fd, jsi B\u016fh.<\/p>\n<p>&#8211; <sup>11<\/span><\/sup> U\u010d m\u011b cest\u011b tv\u00e9, a\u0165 jedn\u00e1m spr\u00e1vn\u011b,<br \/>ve\u010f m\u00e9 srdce k tomu: ct<strong>\u00ed<\/strong>t tv\u00e9 jm\u00e9no.<\/p>\n<p>&#8211; <sup>12<\/span><\/sup> Chci t\u011b, Pane, cel\u00fdm srdcem chv\u00e1lit,<br \/>nav\u011bky tv\u00e9 jm\u00e9no <strong>o<\/strong>slavovat.<\/p>\n<p>&#8211; <sup>13<\/span><\/sup> Nebo\u0165 velk\u00e1 je tv\u00e1 l\u00e1ska ke mn\u011b,<br \/>ze dna temnot zachr<strong>\u00e1<\/strong>nils mou du\u0161i.<\/p>\n<p>= <sup>14<\/span><\/sup> Bo\u017ee, py\u0161n\u00ed proti mn\u011b se spikli,\u2020<br \/>tlupa zhoubc\u016f m\u00ed\u0159\u00ed na m\u016fj \u017eivot,<br \/>na tebe se p\u0159itom n<strong>e<\/strong>ohl\u00ed\u017e\u00ed.<\/p>\n<p>&#8211; <sup>15<\/span><\/sup> Ty v\u0161ak, Pane, jsi B\u016fh milosrdn\u00fd,<br \/>shov\u00edvav\u00fd, lask<strong>a<\/strong>v\u00fd a v\u011brn\u00fd.<\/p>\n<p>&#8211; <sup>16<\/span><\/sup> Prop\u016fj\u010d sv\u00e9mu slu\u017eebn\u00edku s\u00edlu,<br \/>a\u0165 je spasen syn tv\u00e9 sl<strong>u<\/strong>\u017eebnice!<\/p>\n<p>&#8211; <sup>17<\/span><\/sup> Sklo\u0148 se ke mn\u011b, nade mnou se smiluj,<br \/>znamen\u00ed sv\u00e9 mil<strong>o<\/strong>sti zjev na mn\u011b,<br \/>&#8211; a\u0165 m\u00ed nep\u0159\u00e1tel\u00e9 s hanbou spat\u0159\u00ed,<br \/>\u017ee je P\u00e1n m\u00e1 \u00fat<strong>\u011b<\/strong>cha a pomoc!<\/p>\n","protected":false},"excerpt":{"rendered":"<p>V&nbsp;den t\u00edsn\u011b vol\u00e1m k&nbsp;tob\u011b, Pane. &#8211; 1 Naklo\u0148 ke mn\u011b sluch a sly\u0161 m\u011b, Pane,nebo\u0165 jsem tak pon\u00ed\u017een a b\u00eddn\u00fd. &#8211; 2 Zachovej m\u011b, nebo\u0165 jsem ti odd\u00e1n,slu\u017eebn\u00edku pomoz, jen\u017e ti v\u011b\u0159\u00ed. &#8211; 3 Tys m\u016fj B\u016fh, m\u011bj, Pane, slitov\u00e1n\u00ed!V\u017edy\u0165 j\u00e1 den co den jen k tob\u011b vol\u00e1m. &#8211; 4 \u017divot obla\u017e sv\u00e9mu slu\u017eebn\u00edku,v\u017edy\u0165 se &#8230; <a title=\"\u017dalm 86\" class=\"read-more\" href=\"https:\/\/www.texty.santegidio.cz\/?page_id=138\" aria-label=\"More on \u017dalm 86\">Read more<\/a><\/p>\n","protected":false},"author":1,"featured_media":0,"parent":29,"menu_order":0,"comment_status":"closed","ping_status":"closed","template":"","meta":{"_uag_custom_page_level_css":"","jetpack_post_was_ever_published":false,"footnotes":""},"class_list":["post-138","page","type-page","status-publish"],"uagb_featured_image_src":{"full":false,"thumbnail":false,"medium":false,"medium_large":false,"large":false,"1536x1536":false,"2048x2048":false},"uagb_author_info":{"display_name":"Pavel","author_link":"https:\/\/www.texty.santegidio.cz\/?author=1"},"uagb_comment_info":0,"uagb_excerpt":"V&nbsp;den t\u00edsn\u011b vol\u00e1m k&nbsp;tob\u011b, Pane. &#8211; 1 Naklo\u0148 ke mn\u011b sluch a sly\u0161 m\u011b, Pane,nebo\u0165 jsem tak pon\u00ed\u017een a b\u00eddn\u00fd. &#8211; 2 Zachovej m\u011b, nebo\u0165 jsem ti odd\u00e1n,slu\u017eebn\u00edku pomoz, jen\u017e ti v\u011b\u0159\u00ed. &#8211; 3 Tys m\u016fj B\u016fh, m\u011bj, Pane, slitov\u00e1n\u00ed!V\u017edy\u0165 j\u00e1 den co den jen k tob\u011b vol\u00e1m. &#8211; 4 \u017divot obla\u017e sv\u00e9mu slu\u017eebn\u00edku,v\u017edy\u0165 se&hellip;","jetpack_sharing_enabled":true,"jetpack_shortlink":"https:\/\/wp.me\/PawMsT-2e","_links":{"self":[{"href":"https:\/\/www.texty.santegidio.cz\/index.php?rest_route=\/wp\/v2\/pages\/138","targetHints":{"allow":["GET"]}}],"collection":[{"href":"https:\/\/www.texty.santegidio.cz\/index.php?rest_route=\/wp\/v2\/pages"}],"about":[{"href":"https:\/\/www.texty.santegidio.cz\/index.php?rest_route=\/wp\/v2\/types\/page"}],"author":[{"embeddable":true,"href":"https:\/\/www.texty.santegidio.cz\/index.php?rest_route=\/wp\/v2\/users\/1"}],"replies":[{"embeddable":true,"href":"https:\/\/www.texty.santegidio.cz\/index.php?rest_route=%2Fwp%2Fv2%2Fcomments&post=138"}],"version-history":[{"count":1,"href":"https:\/\/www.texty.santegidio.cz\/index.php?rest_route=\/wp\/v2\/pages\/138\/revisions"}],"predecessor-version":[{"id":1308,"href":"https:\/\/www.texty.santegidio.cz\/index.php?rest_route=\/wp\/v2\/pages\/138\/revisions\/1308"}],"up":[{"embeddable":true,"href":"https:\/\/www.texty.santegidio.cz\/index.php?rest_route=\/wp\/v2\/pages\/29"}],"wp:attachment":[{"href":"https:\/\/www.texty.santegidio.cz\/index.php?rest_route=%2Fwp%2Fv2%2Fmedia&parent=138"}],"curies":[{"name":"wp","href":"https:\/\/api.w.org\/{rel}","templated":true}]}}