{"id":137,"date":"2018-12-12T10:15:10","date_gmt":"2018-12-12T09:15:10","guid":{"rendered":"http:\/\/www.texty.santegidio.cz?page_id=137"},"modified":"2018-12-12T10:15:11","modified_gmt":"2018-12-12T09:15:11","slug":"zalm-85","status":"publish","type":"page","link":"https:\/\/www.texty.santegidio.cz\/?page_id=137","title":{"rendered":"\u017dalm 85"},"content":{"rendered":"<p>Vra\u0165 se k&nbsp;n\u00e1m, Bo\u017ee z\u00e1chrany na\u0161\u00ed.<\/p>\n<p>&#8211; <sup>2<\/span><\/sup> Pane, sv\u00e9 zemi byls milostiv kdysi,<br \/>J\u00e1kob\u016fv osud jsi obr<strong>\u00e1<\/strong>til v dobr\u00e9.<\/p>\n<p>&#8211; <sup>3<\/span><\/sup> Sv\u00e9mu lidu jsi odpustil vinu,<br \/>p\u0159ikryl jsi v\u0161echny j<strong>e<\/strong>ho h\u0159\u00edchy.<\/p>\n<p>&#8211; <sup>4<\/span><\/sup> Zadr\u017eels v\u0161echno sv\u00e9 rozho\u0159\u010den\u00ed,<br \/>p\u0159emohl vzplanut\u00ed sv<strong>\u00e9<\/strong>ho hn\u011bvu.<\/p>\n<p>&#8211; <sup>5<\/span><\/sup> Obnov n\u00e1s, Bo\u017ee z\u00e1chrany na\u0161\u00ed,<br \/>od sv\u00e9 nevole pr<strong>o<\/strong>ti n\u00e1m upus\u0165!<\/p>\n<p>&#8211; <sup>6<\/span><\/sup> M\u00edn\u00ed\u0161 se na n\u00e1s nav\u011bky hn\u011bvat,<br \/>zlobu svou p\u0159en\u00e1\u0161et od r<strong>o<\/strong>du na rod?<\/p>\n<p>&#8211; <sup>7<\/span><\/sup> To n\u00e1s u\u017e nem\u00edn\u00ed\u0161 o\u017eivit znovu,<br \/>aby tv\u016fj lid se rad<strong>o<\/strong>val v tob\u011b?<\/p>\n<p>&#8211; <sup>8<\/span><\/sup> Proka\u017e n\u00e1m, Pane, sv\u00e9 milosrdenstv\u00ed,<br \/>ud\u011bl n\u00e1m, Bo\u017ee, sv<strong>o<\/strong>ji sp\u00e1su!<\/p>\n<p>&#8211; <sup>9<\/span><\/sup> Naslouchat budu,<br \/>co B\u016fh n<strong>y<\/strong>n\u00ed pov\u00ed!<\/p>\n<p>= P\u00e1n mluv\u00ed zajist\u00e9 jen slovy m\u00edru\u2020<br \/>k n\u00e1rodu sv\u00e9mu a ke sv\u00fdm v\u011brn\u00fdm.<br \/>Nemaj\u00ed z\u016fstat b<strong>e<\/strong>z nad\u011bje.<\/p>\n<p>&#8211; <sup>10<\/span><\/sup> Bl\u00edzk\u00e1 je zbo\u017en\u00fdm pomoc P\u00e1n\u011b,<br \/>aby zem na\u0161i zas p<strong>o<\/strong>kryl svou sl\u00e1vou.<\/p>\n<p>&#8211; <sup>11<\/span><\/sup> Milost a svornost se setkaj\u00ed spolu,<br \/>spravedlnost a p<strong>o<\/strong>koj se sejdou,<\/p>\n<p>&#8211; <sup>12<\/span><\/sup> v\u011brnost vyra\u0161\u00ed z hlubiny zem\u011b,<br \/>z nebe n\u00e1m pokvete spr<strong>a<\/strong>vedlnost.<\/p>\n<p>&#8211; <sup>13<\/span><\/sup> Ano, P\u00e1n s\u00e1m n\u00e1s zahrne dobrem<br \/>a na\u0161e zem\u011b \u00far<strong>o<\/strong>du vyd\u00e1.<\/p>\n<p>&#8211; <sup>14<\/span><\/sup> Bude ho p\u0159edch\u00e1zet spravedlnost<br \/>a v jeho \u0161l\u00e9p\u011bj\u00edch p<strong>\u016f<\/strong>jde pokoj.<\/p>\n","protected":false},"excerpt":{"rendered":"<p>Vra\u0165 se k&nbsp;n\u00e1m, Bo\u017ee z\u00e1chrany na\u0161\u00ed. &#8211; 2 Pane, sv\u00e9 zemi byls milostiv kdysi,J\u00e1kob\u016fv osud jsi obr\u00e1til v dobr\u00e9. &#8211; 3 Sv\u00e9mu lidu jsi odpustil vinu,p\u0159ikryl jsi v\u0161echny jeho h\u0159\u00edchy. &#8211; 4 Zadr\u017eels v\u0161echno sv\u00e9 rozho\u0159\u010den\u00ed,p\u0159emohl vzplanut\u00ed sv\u00e9ho hn\u011bvu. &#8211; 5 Obnov n\u00e1s, Bo\u017ee z\u00e1chrany na\u0161\u00ed,od sv\u00e9 nevole proti n\u00e1m upus\u0165! &#8211; 6 M\u00edn\u00ed\u0161 se &#8230; <a title=\"\u017dalm 85\" class=\"read-more\" href=\"https:\/\/www.texty.santegidio.cz\/?page_id=137\" aria-label=\"More on \u017dalm 85\">Read more<\/a><\/p>\n","protected":false},"author":1,"featured_media":0,"parent":29,"menu_order":0,"comment_status":"closed","ping_status":"closed","template":"","meta":{"_uag_custom_page_level_css":"","jetpack_post_was_ever_published":false,"footnotes":""},"class_list":["post-137","page","type-page","status-publish"],"uagb_featured_image_src":{"full":false,"thumbnail":false,"medium":false,"medium_large":false,"large":false,"1536x1536":false,"2048x2048":false},"uagb_author_info":{"display_name":"Pavel","author_link":"https:\/\/www.texty.santegidio.cz\/?author=1"},"uagb_comment_info":0,"uagb_excerpt":"Vra\u0165 se k&nbsp;n\u00e1m, Bo\u017ee z\u00e1chrany na\u0161\u00ed. &#8211; 2 Pane, sv\u00e9 zemi byls milostiv kdysi,J\u00e1kob\u016fv osud jsi obr\u00e1til v dobr\u00e9. &#8211; 3 Sv\u00e9mu lidu jsi odpustil vinu,p\u0159ikryl jsi v\u0161echny jeho h\u0159\u00edchy. &#8211; 4 Zadr\u017eels v\u0161echno sv\u00e9 rozho\u0159\u010den\u00ed,p\u0159emohl vzplanut\u00ed sv\u00e9ho hn\u011bvu. &#8211; 5 Obnov n\u00e1s, Bo\u017ee z\u00e1chrany na\u0161\u00ed,od sv\u00e9 nevole proti n\u00e1m upus\u0165! &#8211; 6 M\u00edn\u00ed\u0161 se&hellip;","jetpack_sharing_enabled":true,"jetpack_shortlink":"https:\/\/wp.me\/PawMsT-2d","_links":{"self":[{"href":"https:\/\/www.texty.santegidio.cz\/index.php?rest_route=\/wp\/v2\/pages\/137","targetHints":{"allow":["GET"]}}],"collection":[{"href":"https:\/\/www.texty.santegidio.cz\/index.php?rest_route=\/wp\/v2\/pages"}],"about":[{"href":"https:\/\/www.texty.santegidio.cz\/index.php?rest_route=\/wp\/v2\/types\/page"}],"author":[{"embeddable":true,"href":"https:\/\/www.texty.santegidio.cz\/index.php?rest_route=\/wp\/v2\/users\/1"}],"replies":[{"embeddable":true,"href":"https:\/\/www.texty.santegidio.cz\/index.php?rest_route=%2Fwp%2Fv2%2Fcomments&post=137"}],"version-history":[{"count":1,"href":"https:\/\/www.texty.santegidio.cz\/index.php?rest_route=\/wp\/v2\/pages\/137\/revisions"}],"predecessor-version":[{"id":1307,"href":"https:\/\/www.texty.santegidio.cz\/index.php?rest_route=\/wp\/v2\/pages\/137\/revisions\/1307"}],"up":[{"embeddable":true,"href":"https:\/\/www.texty.santegidio.cz\/index.php?rest_route=\/wp\/v2\/pages\/29"}],"wp:attachment":[{"href":"https:\/\/www.texty.santegidio.cz\/index.php?rest_route=%2Fwp%2Fv2%2Fmedia&parent=137"}],"curies":[{"name":"wp","href":"https:\/\/api.w.org\/{rel}","templated":true}]}}