{"id":135,"date":"2018-12-12T10:15:10","date_gmt":"2018-12-12T09:15:10","guid":{"rendered":"http:\/\/www.texty.santegidio.cz?page_id=135"},"modified":"2018-12-12T10:15:11","modified_gmt":"2018-12-12T09:15:11","slug":"zalm-83","status":"publish","type":"page","link":"https:\/\/www.texty.santegidio.cz\/?page_id=135","title":{"rendered":"\u017dalm 83"},"content":{"rendered":"<p>Zachra\u0148 n\u00e1s, Pane, od nep\u0159\u00edtele.<br \/>[- <\/span><\/span><sup>2<\/span><\/sup><\/span><\/span> Pane, u\u017e nez\u016fst\u00e1vej v ne\u010dinnosti,<\/span><\/span><br \/>u\u017e nebu\u010f n\u011bm\u00fd, neot\u00e1lej, Bo\u017ee!<\/span><\/span><br \/>&#8211;<\/span> <sup>3<\/span><\/sup><\/span><\/span> Pohle\u010f, jak b\u011bsn\u00ed tvoji nep\u0159\u00e1tel\u00e9,<\/span><\/span><br \/>zvedaj\u00ed hlavu, kdo t\u011b nen\u00e1vid\u00ed.<\/span><\/span><br \/>&#8211;<\/span> <sup>4<\/span><\/sup><\/span><\/span> \u00faklady stroj\u00ed proti tv\u00e9mu lidu,<\/span><\/span><br \/>proti tv\u00fdm chr\u00e1n\u011bnc\u016fm se umlouvaj\u00ed.<\/span><\/span><br \/>&#8211;<\/span> <sup>5<\/span><\/sup><\/span><\/span> \u0158\u00edkaj\u00ed: &bdquo;Vyhubme je jako n\u00e1rod,<\/span><\/span><br \/>a\u0165 jm\u00e9no Izrael se zapomene!&ldquo;<\/span><\/span><br \/>&#8211;<\/span> <sup>6<\/span><\/sup><\/span><\/span> Jsou v\u011bru v\u0161ichni v t\u00e9 sv\u00e9 rad\u011b svorn\u00ed,<\/span><\/span><br \/>jak ujednati spolek proti tob\u011b:<\/span><\/span><br \/>&#8211;<\/span> <sup>7<\/span><\/sup><\/span><\/span> ko\u010dovn\u00ed Edomci a Moabit\u00e9,<\/span><\/span><br \/>s nimi pak Izmael\u0161t\u00ed, Agarit\u00e9,<\/span><\/span><br \/>&#8211;<\/span> <sup>8<\/span><\/sup><\/span><\/span> z Gebalu, z Ammonu i z Amaleku,<\/span><\/span><br \/>zem Fili\u0161t\u00ednsk\u00fdch spolu s lidmi z Tyru.<\/span><\/span><br \/>&#8211;<\/span> <sup>9<\/span><\/sup><\/span><\/span> K nim pak se p\u0159id\u00e1vaj\u00ed Asy\u0159an\u00e9,<\/span><\/span><br \/>Lotov\u00fdm syn\u016fm pomoc nab\u00edzej\u00ed.<\/span><\/span><br \/>&#8211;<\/span> <sup>10<\/span><\/sup><\/span><\/span> Tak s nimi nalo\u017e jako se Sisarou,<\/span><\/span><br \/>tak jako s Jabinem u vody Ki\u0161on,<\/span><\/span><br \/>&#8211;<\/span> <sup>11<\/span><\/sup><\/span><\/span> jak s Midianem, kter\u00fd u En-Doru<\/span><\/span><br \/>byl zahuben a stal se mrvou pol\u00ed.<\/span><\/span><\/p>\n<p>= <\/span><\/span><sup>12<\/span><\/sup><\/span><\/span> P\u0159ed\u00e1k\u016fm jejich dej co Orebovi,\u2020<\/span><\/span><br \/>jak se Zebem \u010di\u0148 s jejich veliteli,<\/span><\/span><br \/>jak Zebacha a Salmunu je zdeptej!<\/span><\/span><\/p>\n<p>= <\/span><\/span><sup>13<\/span><\/sup><\/span><\/span> \u0158\u00edkali: &bdquo;Zabereme si zem P\u00e1n\u011b!&ldquo;\u2020<\/span><\/span><br \/><sup>14<\/span><\/sup><\/span><\/span> M\u016fj Bo\u017ee, chm\u00fd\u0159\u00edm bodl\u00e1ku je u\u010di\u0148,<\/span><\/span><br \/>a\u0165 jsou jak pleva un\u00e1\u0161en\u00e1 v\u011btrem!<\/span><\/span><br \/>&#8211;<\/span> <sup>15<\/span><\/sup><\/span><\/span> Tak jako po\u017e\u00e1r, kter\u00fd lesy sp\u00e1l\u00ed,<\/span><\/span><br \/>jak plamen, kter\u00fd se\u017eeh\u00e1v\u00e1 vrchy,<\/span><\/span><br \/>&#8211;<\/span> <sup>16<\/span><\/sup><\/span><\/span> tak pal a \u017ee\u0148 je p\u0159ed sebou sv\u00fdm vichrem,<\/span><\/span><br \/>svou smr\u0161t\u00ed d\u011bsivou je v\u0161echny rozpla\u0161!<\/span><\/span><br \/>&#8211;<\/span> <sup>17<\/span><\/sup><\/span><\/span> Rum\u011bnec hanby do tv\u00e1\u0159e jim nahr\u0148,<\/span><\/span><br \/>a\u0165 tak\u00e9, Pane, hledaj\u00ed tv\u00e9 jm\u00e9no!<\/span><\/span><br \/>&#8211;<\/span> <sup>18<\/span><\/sup><\/span><\/span> A\u0165 zastyd\u00ed se nav\u017edycky a zd\u011bs\u00ed,<\/span><\/span><br \/>a\u0165 padnou v z\u00e1hubu a zahanben\u00ed!<\/span><\/span><br \/>&#8211;<\/span> <sup>19<\/span><\/sup><\/span><\/span> A\u0165 poznaj\u00ed, \u017ee jsi to ty, P\u00e1n v\u011b\u010dn\u00fd,<\/span><\/span><br \/>jedin\u00fd nad v\u0161\u00edm sv\u011btem Svrchovan\u00fd!]<\/span><\/span><\/p>\n","protected":false},"excerpt":{"rendered":"<p>Zachra\u0148 n\u00e1s, Pane, od nep\u0159\u00edtele.[- 2 Pane, u\u017e nez\u016fst\u00e1vej v ne\u010dinnosti,u\u017e nebu\u010f n\u011bm\u00fd, neot\u00e1lej, Bo\u017ee!&#8211; 3 Pohle\u010f, jak b\u011bsn\u00ed tvoji nep\u0159\u00e1tel\u00e9,zvedaj\u00ed hlavu, kdo t\u011b nen\u00e1vid\u00ed.&#8211; 4 \u00faklady stroj\u00ed proti tv\u00e9mu lidu,proti tv\u00fdm chr\u00e1n\u011bnc\u016fm se umlouvaj\u00ed.&#8211; 5 \u0158\u00edkaj\u00ed: &bdquo;Vyhubme je jako n\u00e1rod,a\u0165 jm\u00e9no Izrael se zapomene!&ldquo;&#8211; 6 Jsou v\u011bru v\u0161ichni v t\u00e9 sv\u00e9 rad\u011b svorn\u00ed,jak ujednati &#8230; <a title=\"\u017dalm 83\" class=\"read-more\" href=\"https:\/\/www.texty.santegidio.cz\/?page_id=135\" aria-label=\"More on \u017dalm 83\">Read more<\/a><\/p>\n","protected":false},"author":1,"featured_media":0,"parent":29,"menu_order":0,"comment_status":"closed","ping_status":"closed","template":"","meta":{"_uag_custom_page_level_css":"","jetpack_post_was_ever_published":false,"footnotes":""},"class_list":["post-135","page","type-page","status-publish"],"uagb_featured_image_src":{"full":false,"thumbnail":false,"medium":false,"medium_large":false,"large":false,"1536x1536":false,"2048x2048":false},"uagb_author_info":{"display_name":"Pavel","author_link":"https:\/\/www.texty.santegidio.cz\/?author=1"},"uagb_comment_info":0,"uagb_excerpt":"Zachra\u0148 n\u00e1s, Pane, od nep\u0159\u00edtele.[- 2 Pane, u\u017e nez\u016fst\u00e1vej v ne\u010dinnosti,u\u017e nebu\u010f n\u011bm\u00fd, neot\u00e1lej, Bo\u017ee!&#8211; 3 Pohle\u010f, jak b\u011bsn\u00ed tvoji nep\u0159\u00e1tel\u00e9,zvedaj\u00ed hlavu, kdo t\u011b nen\u00e1vid\u00ed.&#8211; 4 \u00faklady stroj\u00ed proti tv\u00e9mu lidu,proti tv\u00fdm chr\u00e1n\u011bnc\u016fm se umlouvaj\u00ed.&#8211; 5 \u0158\u00edkaj\u00ed: &bdquo;Vyhubme je jako n\u00e1rod,a\u0165 jm\u00e9no Izrael se zapomene!&ldquo;&#8211; 6 Jsou v\u011bru v\u0161ichni v t\u00e9 sv\u00e9 rad\u011b svorn\u00ed,jak ujednati&hellip;","jetpack_sharing_enabled":true,"jetpack_shortlink":"https:\/\/wp.me\/PawMsT-2b","_links":{"self":[{"href":"https:\/\/www.texty.santegidio.cz\/index.php?rest_route=\/wp\/v2\/pages\/135","targetHints":{"allow":["GET"]}}],"collection":[{"href":"https:\/\/www.texty.santegidio.cz\/index.php?rest_route=\/wp\/v2\/pages"}],"about":[{"href":"https:\/\/www.texty.santegidio.cz\/index.php?rest_route=\/wp\/v2\/types\/page"}],"author":[{"embeddable":true,"href":"https:\/\/www.texty.santegidio.cz\/index.php?rest_route=\/wp\/v2\/users\/1"}],"replies":[{"embeddable":true,"href":"https:\/\/www.texty.santegidio.cz\/index.php?rest_route=%2Fwp%2Fv2%2Fcomments&post=135"}],"version-history":[{"count":1,"href":"https:\/\/www.texty.santegidio.cz\/index.php?rest_route=\/wp\/v2\/pages\/135\/revisions"}],"predecessor-version":[{"id":1305,"href":"https:\/\/www.texty.santegidio.cz\/index.php?rest_route=\/wp\/v2\/pages\/135\/revisions\/1305"}],"up":[{"embeddable":true,"href":"https:\/\/www.texty.santegidio.cz\/index.php?rest_route=\/wp\/v2\/pages\/29"}],"wp:attachment":[{"href":"https:\/\/www.texty.santegidio.cz\/index.php?rest_route=%2Fwp%2Fv2%2Fmedia&parent=135"}],"curies":[{"name":"wp","href":"https:\/\/api.w.org\/{rel}","templated":true}]}}