{"id":134,"date":"2018-12-12T10:15:10","date_gmt":"2018-12-12T09:15:10","guid":{"rendered":"http:\/\/www.texty.santegidio.cz?page_id=134"},"modified":"2018-12-12T10:15:10","modified_gmt":"2018-12-12T09:15:10","slug":"zalm-82","status":"publish","type":"page","link":"https:\/\/www.texty.santegidio.cz\/?page_id=134","title":{"rendered":"\u017dalm 82"},"content":{"rendered":"<p>Povsta\u0148, Pane, na obranu chud\u00e9ho.<\/p>\n<p>&#8211; <sup>1<\/span><\/sup> B\u016fh mocn\u011b povstal v bo\u017esk\u00e9 rad\u011b,<br \/>uprost\u0159ed boh\u016f s<strong>ou<\/strong>d sv\u016fj kon\u00e1.<\/p>\n<p>&#8211; <sup>2<\/span><\/sup> &bdquo;Jak dlouho chcete soudit k\u0159iv\u011b<br \/>a nadr\u017eovat b<strong>e<\/strong>zbo\u017en\u00edk\u016fm?<\/p>\n<p>&#8211; <sup>3<\/span><\/sup> Sirotky, uti\u0161t\u011bn\u00e9 chra\u0148te,<br \/>slab\u00fdm a nuzn\u00fdm d<strong>e<\/strong>jte pr\u00e1vo,<\/p>\n<p>&#8211; <sup>4<\/span><\/sup> svobodu bezmocn\u00fdm a chud\u00fdm,<br \/>vytrhn\u011bte je z r<strong>u<\/strong>kou h\u0159\u00ed\u0161n\u00fdch!&ldquo;<\/p>\n<p>= <sup>5<\/span><\/sup> Nesly\u0161\u00ed v\u0161ak a nepochop\u00ed,\u2020<br \/>slep\u011b se pot\u00e1cej\u00ed ve tm\u00e1ch;<br \/>z\u00e1klady zem\u011b k<strong>o<\/strong>l\u00edsaj\u00ed.<\/p>\n<p>&#8211; <sup>6<\/span><\/sup> Tu jsem k nim promluvil: &bdquo;Jste bozi,<br \/>v\u0161ichni jste syny N<strong>e<\/strong>jvy\u0161\u0161\u00edho:<\/p>\n<p>&#8211; <sup>7<\/span><\/sup> p\u0159esto v\u0161ak zem\u0159ete jak lid\u00e9,<br \/>padnete jako k<strong>a<\/strong>\u017ed\u00fd z kn\u00ed\u017eat!&ldquo;<\/p>\n<p>&#8211; <sup>8<\/span><\/sup> Vsta\u0148, Bo\u017ee, ty bu\u010f soudcem sv\u011bta,<br \/>v\u017edy\u0165 v\u0161echny n\u00e1r<strong>o<\/strong>dy ti pat\u0159\u00ed!<\/p>\n","protected":false},"excerpt":{"rendered":"<p>Povsta\u0148, Pane, na obranu chud\u00e9ho. &#8211; 1 B\u016fh mocn\u011b povstal v bo\u017esk\u00e9 rad\u011b,uprost\u0159ed boh\u016f soud sv\u016fj kon\u00e1. &#8211; 2 &bdquo;Jak dlouho chcete soudit k\u0159iv\u011ba nadr\u017eovat bezbo\u017en\u00edk\u016fm? &#8211; 3 Sirotky, uti\u0161t\u011bn\u00e9 chra\u0148te,slab\u00fdm a nuzn\u00fdm dejte pr\u00e1vo, &#8211; 4 svobodu bezmocn\u00fdm a chud\u00fdm,vytrhn\u011bte je z rukou h\u0159\u00ed\u0161n\u00fdch!&ldquo; = 5 Nesly\u0161\u00ed v\u0161ak a nepochop\u00ed,\u2020slep\u011b se pot\u00e1cej\u00ed ve tm\u00e1ch;z\u00e1klady &#8230; <a title=\"\u017dalm 82\" class=\"read-more\" href=\"https:\/\/www.texty.santegidio.cz\/?page_id=134\" aria-label=\"More on \u017dalm 82\">Read more<\/a><\/p>\n","protected":false},"author":1,"featured_media":0,"parent":29,"menu_order":0,"comment_status":"closed","ping_status":"closed","template":"","meta":{"_uag_custom_page_level_css":"","jetpack_post_was_ever_published":false,"footnotes":""},"class_list":["post-134","page","type-page","status-publish"],"uagb_featured_image_src":{"full":false,"thumbnail":false,"medium":false,"medium_large":false,"large":false,"1536x1536":false,"2048x2048":false},"uagb_author_info":{"display_name":"Pavel","author_link":"https:\/\/www.texty.santegidio.cz\/?author=1"},"uagb_comment_info":0,"uagb_excerpt":"Povsta\u0148, Pane, na obranu chud\u00e9ho. &#8211; 1 B\u016fh mocn\u011b povstal v bo\u017esk\u00e9 rad\u011b,uprost\u0159ed boh\u016f soud sv\u016fj kon\u00e1. &#8211; 2 &bdquo;Jak dlouho chcete soudit k\u0159iv\u011ba nadr\u017eovat bezbo\u017en\u00edk\u016fm? &#8211; 3 Sirotky, uti\u0161t\u011bn\u00e9 chra\u0148te,slab\u00fdm a nuzn\u00fdm dejte pr\u00e1vo, &#8211; 4 svobodu bezmocn\u00fdm a chud\u00fdm,vytrhn\u011bte je z rukou h\u0159\u00ed\u0161n\u00fdch!&ldquo; = 5 Nesly\u0161\u00ed v\u0161ak a nepochop\u00ed,\u2020slep\u011b se pot\u00e1cej\u00ed ve tm\u00e1ch;z\u00e1klady&hellip;","jetpack_sharing_enabled":true,"jetpack_shortlink":"https:\/\/wp.me\/PawMsT-2a","_links":{"self":[{"href":"https:\/\/www.texty.santegidio.cz\/index.php?rest_route=\/wp\/v2\/pages\/134","targetHints":{"allow":["GET"]}}],"collection":[{"href":"https:\/\/www.texty.santegidio.cz\/index.php?rest_route=\/wp\/v2\/pages"}],"about":[{"href":"https:\/\/www.texty.santegidio.cz\/index.php?rest_route=\/wp\/v2\/types\/page"}],"author":[{"embeddable":true,"href":"https:\/\/www.texty.santegidio.cz\/index.php?rest_route=\/wp\/v2\/users\/1"}],"replies":[{"embeddable":true,"href":"https:\/\/www.texty.santegidio.cz\/index.php?rest_route=%2Fwp%2Fv2%2Fcomments&post=134"}],"version-history":[{"count":1,"href":"https:\/\/www.texty.santegidio.cz\/index.php?rest_route=\/wp\/v2\/pages\/134\/revisions"}],"predecessor-version":[{"id":1304,"href":"https:\/\/www.texty.santegidio.cz\/index.php?rest_route=\/wp\/v2\/pages\/134\/revisions\/1304"}],"up":[{"embeddable":true,"href":"https:\/\/www.texty.santegidio.cz\/index.php?rest_route=\/wp\/v2\/pages\/29"}],"wp:attachment":[{"href":"https:\/\/www.texty.santegidio.cz\/index.php?rest_route=%2Fwp%2Fv2%2Fmedia&parent=134"}],"curies":[{"name":"wp","href":"https:\/\/api.w.org\/{rel}","templated":true}]}}