{"id":133,"date":"2018-12-12T10:15:10","date_gmt":"2018-12-12T09:15:10","guid":{"rendered":"http:\/\/www.texty.santegidio.cz?page_id=133"},"modified":"2018-12-12T10:15:10","modified_gmt":"2018-12-12T09:15:10","slug":"zalm-81","status":"publish","type":"page","link":"https:\/\/www.texty.santegidio.cz\/?page_id=133","title":{"rendered":"\u017dalm 81"},"content":{"rendered":"<p>J\u00e1sejte vst\u0159\u00edc Bohu, kter\u00fd n\u00e1s vyvedl z&nbsp;egyptsk\u00e9 zem\u011b.<\/p>\n<p>&#8211; <sup>2<\/span><\/sup> Zp\u00edvejte P\u00e1nu, s\u00edle na\u0161\u00ed,<br \/>j\u00e1sejte vst\u0159\u00edc Bohu J<strong>\u00e1<\/strong>kobovu!<\/p>\n<p>&#8211; <sup>3<\/span><\/sup> Dejte se do zp\u011bvu, do bubn\u016f bijte,<br \/>ude\u0159te na zvu\u010dnou h<strong>a<\/strong>rfu a loutnu!<\/p>\n<p>&#8211; <sup>4<\/span><\/sup> Zadujte na rohy o novolun\u00ed<br \/>i p\u0159i \u00fapl\u0148ku, v den na\u0161<strong>e<\/strong>ho sv\u00e1tku!<\/p>\n<p>&#8211; <sup>5<\/span><\/sup> Izrael m\u00e1 tak z\u00e1konem d\u00e1no,<br \/>p\u0159\u00edkazem od Boha J<strong>\u00e1<\/strong>kobova,<\/p>\n<p>&#8211; <sup>6<\/span><\/sup> z\u0159\u00edzen\u00edm, kter\u00e9 obdr\u017eel Josef,<br \/>kdy\u017e t\u00e1hl B\u016fh proti <strong>E<\/strong>gyp\u0165an\u016fm.<br \/>&#8211; Sly\u0161\u00edm hlas doposud nepoznan\u00fd:<br \/>&bdquo;Otev\u0159i \u00fasta a nap<strong>l<\/strong>n\u00edm ti je.<\/p>\n<p>&#8211; <sup>7<\/span><\/sup> J\u00e1 jeho \u0161\u00edji jsem b\u0159emene zbavil,<br \/>ko\u0161\u016f jsem zprostil j<strong>e<\/strong>ho ruce.<\/p>\n<p>= <sup>8<\/span><\/sup> Volals m\u011b v nouzi, zachr\u00e1nil jsem t\u011b,\u2020<br \/>z hromov\u00fdch mra\u010den jsem odpov\u011bd\u011bl;<br \/>tys m\u011b v\u0161ak u vody v Mer<strong>i<\/strong>b\u011b zkou\u0161el.<\/p>\n<p>&#8211; <sup>9<\/span><\/sup> Lide m\u016fj, sly\u0161 m\u00e9 napomenut\u00ed,<br \/>k\u00e9\u017e m\u011b Izrael v<strong>y<\/strong>poslechne:<\/p>\n<p>&#8211; <sup>10<\/span><\/sup> ,Nebude\u0161 m\u00edti jin\u00e9ho Boha,<br \/>ciz\u00edmu bohu n<strong>e<\/strong>sm\u00ed\u0161 se klan\u011bt!<\/p>\n<p>&#8211; <sup>11<\/span><\/sup> J\u00e1 jsem P\u00e1n, to j\u00e1 jsem B\u016fh tv\u016fj,<br \/>kter\u00fd t\u011b vyvedl z eg<strong>y<\/strong>ptsk\u00e9 zem\u011b!&lsquo;<\/p>\n<p>&#8211; <sup>12<\/span><\/sup> Av\u0161ak m\u016fj n\u00e1rod na m\u016fj hlas nedbal,<br \/>Izrael byl m\u011b n<strong>e<\/strong>poslu\u0161en.<\/p>\n<p>&#8211; <sup>13<\/span><\/sup> A\u0165 tedy d\u00e1l jsou zaryt\u00ed srdcem,<br \/>a\u0165 jen si d\u011blaj\u00ed p<strong>o<\/strong>dle sv\u00e9ho.<\/p>\n<p>&#8211; <sup>14<\/span><\/sup> Kdyby v\u0161ak byl m\u016fj n\u00e1rod m\u011b sly\u0161el,<br \/>kdyby byl Izrael \u0161<strong>e<\/strong>l mou cestou,<\/p>\n<p>&#8211; <sup>15<\/span><\/sup> hned bych byl jeho odp\u016frce srazil,<br \/>svou rukou poko\u0159il n<strong>e<\/strong>p\u0159\u00e1tele.<\/p>\n<p>&#8211; <sup>16<\/span><\/sup> Kdo jej m\u00e1 v z\u00e1\u0161ti, dnes by se klan\u011bl,<br \/>v uctiv\u00e9m strachu by set<strong>r<\/strong>val nav\u017edy.<\/p>\n<p>&#8211; <sup>17<\/span><\/sup> Sv\u016fj lid bych \u017eivil p\u0161enic\u00ed vz\u00e1cnou,<br \/>sytil jej sladkost\u00ed skaln<strong>\u00ed<\/strong>ho medu.&ldquo;<\/p>\n","protected":false},"excerpt":{"rendered":"<p>J\u00e1sejte vst\u0159\u00edc Bohu, kter\u00fd n\u00e1s vyvedl z&nbsp;egyptsk\u00e9 zem\u011b. &#8211; 2 Zp\u00edvejte P\u00e1nu, s\u00edle na\u0161\u00ed,j\u00e1sejte vst\u0159\u00edc Bohu J\u00e1kobovu! &#8211; 3 Dejte se do zp\u011bvu, do bubn\u016f bijte,ude\u0159te na zvu\u010dnou harfu a loutnu! &#8211; 4 Zadujte na rohy o novolun\u00edi p\u0159i \u00fapl\u0148ku, v den na\u0161eho sv\u00e1tku! &#8211; 5 Izrael m\u00e1 tak z\u00e1konem d\u00e1no,p\u0159\u00edkazem od Boha J\u00e1kobova, &#8211; &#8230; <a title=\"\u017dalm 81\" class=\"read-more\" href=\"https:\/\/www.texty.santegidio.cz\/?page_id=133\" aria-label=\"More on \u017dalm 81\">Read more<\/a><\/p>\n","protected":false},"author":1,"featured_media":0,"parent":29,"menu_order":0,"comment_status":"closed","ping_status":"closed","template":"","meta":{"_uag_custom_page_level_css":"","jetpack_post_was_ever_published":false,"footnotes":""},"class_list":["post-133","page","type-page","status-publish"],"uagb_featured_image_src":{"full":false,"thumbnail":false,"medium":false,"medium_large":false,"large":false,"1536x1536":false,"2048x2048":false},"uagb_author_info":{"display_name":"Pavel","author_link":"https:\/\/www.texty.santegidio.cz\/?author=1"},"uagb_comment_info":0,"uagb_excerpt":"J\u00e1sejte vst\u0159\u00edc Bohu, kter\u00fd n\u00e1s vyvedl z&nbsp;egyptsk\u00e9 zem\u011b. &#8211; 2 Zp\u00edvejte P\u00e1nu, s\u00edle na\u0161\u00ed,j\u00e1sejte vst\u0159\u00edc Bohu J\u00e1kobovu! &#8211; 3 Dejte se do zp\u011bvu, do bubn\u016f bijte,ude\u0159te na zvu\u010dnou harfu a loutnu! &#8211; 4 Zadujte na rohy o novolun\u00edi p\u0159i \u00fapl\u0148ku, v den na\u0161eho sv\u00e1tku! &#8211; 5 Izrael m\u00e1 tak z\u00e1konem d\u00e1no,p\u0159\u00edkazem od Boha J\u00e1kobova, &#8211;&hellip;","jetpack_sharing_enabled":true,"jetpack_shortlink":"https:\/\/wp.me\/PawMsT-29","_links":{"self":[{"href":"https:\/\/www.texty.santegidio.cz\/index.php?rest_route=\/wp\/v2\/pages\/133","targetHints":{"allow":["GET"]}}],"collection":[{"href":"https:\/\/www.texty.santegidio.cz\/index.php?rest_route=\/wp\/v2\/pages"}],"about":[{"href":"https:\/\/www.texty.santegidio.cz\/index.php?rest_route=\/wp\/v2\/types\/page"}],"author":[{"embeddable":true,"href":"https:\/\/www.texty.santegidio.cz\/index.php?rest_route=\/wp\/v2\/users\/1"}],"replies":[{"embeddable":true,"href":"https:\/\/www.texty.santegidio.cz\/index.php?rest_route=%2Fwp%2Fv2%2Fcomments&post=133"}],"version-history":[{"count":1,"href":"https:\/\/www.texty.santegidio.cz\/index.php?rest_route=\/wp\/v2\/pages\/133\/revisions"}],"predecessor-version":[{"id":1303,"href":"https:\/\/www.texty.santegidio.cz\/index.php?rest_route=\/wp\/v2\/pages\/133\/revisions\/1303"}],"up":[{"embeddable":true,"href":"https:\/\/www.texty.santegidio.cz\/index.php?rest_route=\/wp\/v2\/pages\/29"}],"wp:attachment":[{"href":"https:\/\/www.texty.santegidio.cz\/index.php?rest_route=%2Fwp%2Fv2%2Fmedia&parent=133"}],"curies":[{"name":"wp","href":"https:\/\/api.w.org\/{rel}","templated":true}]}}