{"id":131,"date":"2018-12-12T10:15:08","date_gmt":"2018-12-12T09:15:08","guid":{"rendered":"http:\/\/www.texty.santegidio.cz?page_id=131"},"modified":"2018-12-12T10:15:10","modified_gmt":"2018-12-12T09:15:10","slug":"zalm-79","status":"publish","type":"page","link":"https:\/\/www.texty.santegidio.cz\/?page_id=131","title":{"rendered":"\u017dalm 79"},"content":{"rendered":"<p>Pomoz n\u00e1m, Bo\u017ee na\u0161\u00ed z\u00e1chrany.<\/p>\n<p>= <sup>1<\/span><\/sup> Bo\u017ee, v d\u011bdictv\u00ed tv\u00e9 vtrhli pohan\u00e9,\u2020<br \/>svatyni tvou hr\u016fzn\u011b po\u0161pinili,<br \/>Jeruzal\u00e9m obr\u00e1t<strong>i<\/strong>li v trosky!<\/p>\n<p>&#8211; <sup>2<\/span><\/sup> Pt\u00e1k\u016fm pohodili t\u011bla sluh\u016f tv\u00fdch,<br \/>mrtvoly tv\u00fdch v\u011brn\u00fdch d<strong>i<\/strong>v\u00e9 zv\u011b\u0159i.<\/p>\n<p>&#8211; <sup>3<\/span><\/sup> Jako vodu prol\u00e9vali jejich krev<br \/>u Jeruzal\u00e9ma, b<strong>e<\/strong>z hrobn\u00edk\u016f.<\/p>\n<p>&#8211; <sup>4<\/span><\/sup> Ter\u010dem ur\u00e1\u017eek jsme pro sv\u00e9 sousedy,<br \/>na posm\u011bch a hanu pr<strong>o<\/strong> v\u016fkoln\u00ed.<\/p>\n<p>&#8211; <sup>5<\/span><\/sup> Dokdy, Pane, chce\u0161 se hn\u011bvat? Nav\u011bky?<br \/>M\u00e1 tv\u00e9 rozhorlen\u00ed pl<strong>a<\/strong>nout ohn\u011bm?<br \/>[- <\/span><\/span><sup>6<\/span><\/sup><\/span><\/span> Lij hn\u011bv na pohany, co t\u011b neznaj\u00ed,<\/span><\/span><br \/>na \u0159\u00ed\u0161e, je\u017e nect\u00ed tvoje jm\u00e9no,<\/span><\/span><br \/>&#8211;<\/span> <sup>7<\/span><\/sup><\/span><\/span> nebo\u0165 pohltili tv\u00e9ho J\u00e1koba,<\/span><\/span><br \/>zpusto\u0161ili jeho domovinu.]<\/span><\/span><\/p>\n<p>= <sup>8<\/span><\/sup> Ne\u010d\u00edtej n\u00e1m k t\u00ed\u017ei viny praotc\u016f!\u2020<br \/>Posp\u011b\u0161 k n\u00e1m u\u017e se sv\u00fdm slitov\u00e1n\u00edm,<br \/>proto\u017ee jsme krut\u011b p<strong>o<\/strong>n\u00ed\u017eeni.<\/p>\n<p>&#8211; <sup>9<\/span><\/sup> Pomoz n\u00e1m, ty, Bo\u017ee na\u0161\u00ed z\u00e1chrany,<br \/>vysvobo\u010f n\u00e1s pro sv\u00e9 sl<strong>a<\/strong>vn\u00e9 jm\u00e9no,<br \/>&#8211; zachra\u0148 n\u00e1s a odpus\u0165 na\u0161e h\u0159\u00edchy,<br \/>vysvobo\u010f n\u00e1s pro sv\u00e9 sv<strong>a<\/strong>t\u00e9 jm\u00e9no!<\/p>\n<p>&#8211; <sup>10<\/span><\/sup> Pro\u010d by m\u011bli pohan\u00e9 se posm\u00edvat:<br \/>&bdquo;Kdepak maj\u00ed toho sv<strong>\u00e9<\/strong>ho Boha?&ldquo;<br \/>&#8211; Na pohanech zjev &#8211; n\u00e1m p\u0159ed o\u010dima &#8211;<br \/>pomstu za prolitou kr<strong>e<\/strong>v sv\u00fdch sluh\u016f!<\/p>\n<p>&#8211; <sup>11<\/span><\/sup> K\u00e9\u017e se k tob\u011b donese k\u0159ik zajat\u00fdch,<br \/>mocnou pa\u017e\u00ed p\u0159ed sm<strong>r<\/strong>t\u00ed je zachra\u0148!<br \/>[- <\/span><\/span><sup>12<\/span><\/sup><\/span><\/span> Sedmin\u00e1sob odpla\u0165 na\u0161im soused\u016fm<\/span><\/span><br \/>hanu, j\u00ed\u017e t\u011b ur\u00e1\u017eeli, Pane!]<\/span><\/span><\/p>\n<p>= <sup>13<\/span><\/sup> Kde\u017eto my, tv\u016fj n\u00e1rod, ovce pastvy tv\u00e9,\u2020<br \/>budeme t\u011b chv\u00e1lit do v\u011b\u010dnosti,<br \/>zv\u011bstovat tvou sl\u00e1vu z r<strong>o<\/strong>du na rod.<\/p>\n","protected":false},"excerpt":{"rendered":"<p>Pomoz n\u00e1m, Bo\u017ee na\u0161\u00ed z\u00e1chrany. = 1 Bo\u017ee, v d\u011bdictv\u00ed tv\u00e9 vtrhli pohan\u00e9,\u2020svatyni tvou hr\u016fzn\u011b po\u0161pinili,Jeruzal\u00e9m obr\u00e1tili v trosky! &#8211; 2 Pt\u00e1k\u016fm pohodili t\u011bla sluh\u016f tv\u00fdch,mrtvoly tv\u00fdch v\u011brn\u00fdch div\u00e9 zv\u011b\u0159i. &#8211; 3 Jako vodu prol\u00e9vali jejich krevu Jeruzal\u00e9ma, bez hrobn\u00edk\u016f. &#8211; 4 Ter\u010dem ur\u00e1\u017eek jsme pro sv\u00e9 sousedy,na posm\u011bch a hanu pro v\u016fkoln\u00ed. &#8211; 5 &#8230; <a title=\"\u017dalm 79\" class=\"read-more\" href=\"https:\/\/www.texty.santegidio.cz\/?page_id=131\" aria-label=\"More on \u017dalm 79\">Read more<\/a><\/p>\n","protected":false},"author":1,"featured_media":0,"parent":29,"menu_order":0,"comment_status":"closed","ping_status":"closed","template":"","meta":{"_uag_custom_page_level_css":"","jetpack_post_was_ever_published":false,"footnotes":""},"class_list":["post-131","page","type-page","status-publish"],"uagb_featured_image_src":{"full":false,"thumbnail":false,"medium":false,"medium_large":false,"large":false,"1536x1536":false,"2048x2048":false},"uagb_author_info":{"display_name":"Pavel","author_link":"https:\/\/www.texty.santegidio.cz\/?author=1"},"uagb_comment_info":0,"uagb_excerpt":"Pomoz n\u00e1m, Bo\u017ee na\u0161\u00ed z\u00e1chrany. = 1 Bo\u017ee, v d\u011bdictv\u00ed tv\u00e9 vtrhli pohan\u00e9,\u2020svatyni tvou hr\u016fzn\u011b po\u0161pinili,Jeruzal\u00e9m obr\u00e1tili v trosky! &#8211; 2 Pt\u00e1k\u016fm pohodili t\u011bla sluh\u016f tv\u00fdch,mrtvoly tv\u00fdch v\u011brn\u00fdch div\u00e9 zv\u011b\u0159i. &#8211; 3 Jako vodu prol\u00e9vali jejich krevu Jeruzal\u00e9ma, bez hrobn\u00edk\u016f. &#8211; 4 Ter\u010dem ur\u00e1\u017eek jsme pro sv\u00e9 sousedy,na posm\u011bch a hanu pro v\u016fkoln\u00ed. &#8211; 5&hellip;","jetpack_sharing_enabled":true,"jetpack_shortlink":"https:\/\/wp.me\/PawMsT-27","_links":{"self":[{"href":"https:\/\/www.texty.santegidio.cz\/index.php?rest_route=\/wp\/v2\/pages\/131","targetHints":{"allow":["GET"]}}],"collection":[{"href":"https:\/\/www.texty.santegidio.cz\/index.php?rest_route=\/wp\/v2\/pages"}],"about":[{"href":"https:\/\/www.texty.santegidio.cz\/index.php?rest_route=\/wp\/v2\/types\/page"}],"author":[{"embeddable":true,"href":"https:\/\/www.texty.santegidio.cz\/index.php?rest_route=\/wp\/v2\/users\/1"}],"replies":[{"embeddable":true,"href":"https:\/\/www.texty.santegidio.cz\/index.php?rest_route=%2Fwp%2Fv2%2Fcomments&post=131"}],"version-history":[{"count":1,"href":"https:\/\/www.texty.santegidio.cz\/index.php?rest_route=\/wp\/v2\/pages\/131\/revisions"}],"predecessor-version":[{"id":1301,"href":"https:\/\/www.texty.santegidio.cz\/index.php?rest_route=\/wp\/v2\/pages\/131\/revisions\/1301"}],"up":[{"embeddable":true,"href":"https:\/\/www.texty.santegidio.cz\/index.php?rest_route=\/wp\/v2\/pages\/29"}],"wp:attachment":[{"href":"https:\/\/www.texty.santegidio.cz\/index.php?rest_route=%2Fwp%2Fv2%2Fmedia&parent=131"}],"curies":[{"name":"wp","href":"https:\/\/api.w.org\/{rel}","templated":true}]}}