{"id":130,"date":"2018-12-12T10:15:08","date_gmt":"2018-12-12T09:15:08","guid":{"rendered":"http:\/\/www.texty.santegidio.cz?page_id=130"},"modified":"2018-12-12T10:15:10","modified_gmt":"2018-12-12T09:15:10","slug":"zalm-78","status":"publish","type":"page","link":"https:\/\/www.texty.santegidio.cz\/?page_id=130","title":{"rendered":"\u017dalm 78"},"content":{"rendered":"<p>Budeme mluvit, Pane, o v\u0161ech tv\u00fdch znamen\u00edch.<\/p>\n<p>&#8211; <sup>1<\/span><\/sup> Posly\u0161, m\u016fj lide, m\u00e9 nau\u010den\u00ed,<br \/>slov\u016fm m\u00fdch \u00fast nyn\u00ed <strong>u<\/strong>\u0161i nastav!<\/p>\n<p>&#8211; <sup>2<\/span><\/sup> K moudr\u00e9mu v\u00fdroku otev\u0159u rty,<br \/>vylo\u017e\u00edm tajemstv\u00ed z d\u00e1vn<strong>\u00e9<\/strong>ho \u010dasu.<\/p>\n<p>= <sup>3<\/span><\/sup> To, co jsme sly\u0161eli, poznali my,\u2020<br \/>co n\u00e1m u\u017e otcov\u00e9 vypr\u00e1v\u011bli,<br \/><sup>4<\/span><\/sup> nem\u00e1me p\u0159ed d<strong>\u011b<\/strong>tmi zaml\u010det,<\/p>\n<p>= n\u00fdbr\u017e d\u00e1t v\u011bd\u011bt i p\u0159\u00ed\u0161t\u00edmu rodu:\u2020<br \/>P\u00e1novu sl\u00e1vu a jeho moc,<br \/>podivuhodn\u00e9 sk<strong>u<\/strong>tky, je\u017e konal.<\/p>\n<p>&#8211; <sup>5<\/span><\/sup> S J\u00e1kobem p\u0159\u00edkaz ujednal,<br \/>stanovil z\u00e1kon v <strong>I<\/strong>zraeli,<br \/>&#8211; na\u0161im otc\u016fm pak poru\u010dil,<br \/>aby tak hl\u00e1sali d<strong>\u00e1<\/strong>l sv\u00fdm d\u011btem,<\/p>\n<p>&#8211; <sup>6<\/span><\/sup> a\u0165 o tom v\u0161echno potomstvo zv\u00ed,\u2020<br \/>v\u0161echny d\u011bti, co t<strong>e<\/strong>prv se zrod\u00ed;<br \/>&#8211; ty pak sv\u00fdm d\u011btem zas pov\u011bd\u00ed d\u00e1le:<br \/><sup>7<\/span><\/sup> v\u017edy aby v P<strong>\u00e1<\/strong>na doufali,<br \/>&#8211; na divy Bo\u017e\u00ed nezapomn\u011bli<br \/>a jeho p\u0159\u00edkazy zach<strong>o<\/strong>v\u00e1vali.<\/p>\n<p>&#8211; <sup>8<\/span><\/sup> A\u0165 nejsou jak jejich otcov\u00e9,<br \/>vzpurn\u00e9 a zaryt\u00e9 p<strong>o<\/strong>kolen\u00ed,<br \/>&#8211; rod, kter\u00fd nest\u00e1l\u00e9 srdce m\u011bl<br \/>a kter\u00fd duchem se ned<strong>r<\/strong>\u017eel Boha.<\/p>\n<p>&#8211; <sup>9<\/span><\/sup> Efra\u00edmovci, a\u010d t\u0159\u00edmali luk,<br \/>na \u00fat\u011bk dali se, kdy\u017e d<strong>o<\/strong>\u0161lo k bitv\u011b.<\/p>\n<p>&#8211; <sup>10<\/span><\/sup> \u00famluva s Bohem jim nebyla nic,<br \/>odm\u00edtli \u017e\u00edt podle z\u00e1k<strong>o<\/strong>na P\u00e1n\u011b.<\/p>\n<p>&#8211; <sup>11<\/span><\/sup> Zapomn\u011bli, co \u010dinil B\u016fh,<br \/>jak\u00e9 jim dop\u0159\u00e1l z\u00e1zr<strong>a<\/strong>ky spat\u0159it.<\/p>\n<p>&#8211; <sup>12<\/span><\/sup> P\u0159ed jejich otci zp\u016fsobil div<br \/>v egyptsk\u00e9 zemi, v tan<strong>e<\/strong>jsk\u00fdch pl\u00e1n\u00edch.<\/p>\n<p>&#8211; <sup>13<\/span><\/sup> Rozd\u011blil mo\u0159e a vedl je j\u00edm,<br \/>vody postavil j<strong>a<\/strong>ko hr\u00e1ze.<\/p>\n<p>&#8211; <sup>14<\/span><\/sup> Ve dne je prov\u00e1zel oblakem,<br \/>po celou noc pak ohn<strong>i<\/strong>v\u00fdm sv\u011btlem.<\/p>\n<p>&#8211; <sup>15<\/span><\/sup> Na pou\u0161ti sk\u00e1lu rozrazil,<br \/>z n\u00ed je napojil pram<strong>e<\/strong>nem hojn\u00fdm.<\/p>\n<p>&#8211; <sup>16<\/span><\/sup> Potoky vyvedl ze sk\u00e1ly,<br \/>voda se hrnula v c<strong>e<\/strong>l\u00fdch \u0159ek\u00e1ch.<\/p>\n<p>&#8211; <sup>17<\/span><\/sup> Proti Bohu v\u0161ak h\u0159e\u0161ili d\u00e1l,<br \/>v pou\u0161ti se vzep\u0159eli N<strong>e<\/strong>jvy\u0161\u0161\u00edmu.<\/p>\n<p>&#8211; <sup>18<\/span><\/sup> Zacht\u011blo se jim po chuti j\u00edst,<br \/>Boha tak v srdci p<strong>o<\/strong>kou\u0161eli.<\/p>\n<p>&#8211; <sup>19<\/span><\/sup> Hn\u011bvali Boha a ptali se tak:<br \/>&bdquo;Dok\u00e1\u017ee B\u016fh i v p<strong>ou<\/strong>\u0161ti n\u00e1m prost\u0159\u00edt?<\/p>\n<p>&#8211; <sup>20<\/span><\/sup> Ude\u0159il sice do sk\u00e1ly,<br \/>\u017ee tryskla voda a pot<strong>o<\/strong>ky tekly;<br \/>&#8211; um\u00ed v\u0161ak opat\u0159it pro n\u00e1s i chl\u00e9b,<br \/>d\u00e1t sv\u00e9mu lidu n<strong>a<\/strong>j\u00edst se masa?&ldquo;<\/p>\n<p>= <sup>21<\/span><\/sup> To kdy\u017e B\u016fh sly\u0161el, pojal ho hn\u011bv;\u2020<br \/>na J\u00e1kobovce zasr\u0161el ohn\u011bm<br \/>zaplanul nevol\u00ed k <strong>I<\/strong>zraeli,<\/p>\n<p>&#8211; <sup>22<\/span><\/sup> \u017ee v\u00edry k Bohu nemaj\u00ed dost,<br \/>\u017ee v jeho pomoc n<strong>e<\/strong>doufaj\u00ed.<\/p>\n<p>&#8211; <sup>23<\/span><\/sup> Nicm\u00e9n\u011b p\u0159ik\u00e1zal oblak\u016fm,<br \/>otev\u0159el nad nimi neb<strong>e<\/strong>sk\u00e9 br\u00e1ny,<\/p>\n<p>&#8211; <sup>24<\/span><\/sup> jedl\u00e9 man\u011b dal na n\u011b d\u0161t\u00edt,<br \/>a tak jim poskytl ob<strong>i<\/strong>l\u00ed z nebe.<\/p>\n<p>&#8211; <sup>25<\/span><\/sup> Chlebem siln\u00fdch \u017eivil se lid;<br \/>seslal jim pokrmu v p<strong>l<\/strong>n\u00e9 m\u00ed\u0159e.<\/p>\n<p>&#8211; <sup>26<\/span><\/sup> Pak vzbudil na nebi v\u00fdchodn\u00ed van,<br \/>mohutn\u011b zadul i v<strong>\u011b<\/strong>trem ji\u017en\u00edm,<\/p>\n<p>&#8211; <sup>27<\/span><\/sup> a maso pr\u0161elo jako prach,<br \/>pt\u00e1k\u016f bylo jak mo\u0159sk<strong>\u00e9<\/strong>ho p\u00edsku.<\/p>\n<p>&#8211; <sup>28<\/span><\/sup> Padali doprost\u0159ed le\u017een\u00ed,<br \/>kolkolem stan\u016f <strong>I<\/strong>zraele.<\/p>\n<p>&#8211; <sup>29<\/span><\/sup> Po \u010dem tak ba\u017eili, to jim dal;<br \/>a oni jedli a\u017e d<strong>o<\/strong> sytosti.<\/p>\n<p>&#8211; <sup>30<\/span><\/sup> Jen\u017ee v sv\u00e9 chtivosti nem\u011bli dost.<br \/>Je\u0161t\u011b jim sousta v\u011bz<strong>e<\/strong>la v \u00fastech,<\/p>\n<p>= <sup>31<\/span><\/sup> kdy\u017e na n\u011b ude\u0159il Bo\u017e\u00ed hn\u011bv:\u2020<br \/>smrt nechal mezi p\u0159ed\u00e1ky \u0159\u00e1dit,<br \/>ml\u00e1de\u017e n\u00e1roda por<strong>a<\/strong>zil k zemi.<\/p>\n<p>&#8211; <sup>32<\/span><\/sup> P\u0159esto v\u0161ak h\u0159e\u0161ili je\u0161t\u011b i pak,<br \/>nem\u011bli d\u016fv\u011bru k d<strong>i<\/strong>v\u016fm P\u00e1n\u011b.<\/p>\n<p>&#8211; <sup>33<\/span><\/sup> Ukr\u00e1til tedy jejich dny<br \/>a jejich leta z\u00e1h<strong>u<\/strong>bou n\u00e1hlou.<\/p>\n<p>&#8211; <sup>34<\/span><\/sup> A\u017e kdy\u017e je hubil, hledali jej,<br \/>navraceli se a pt<strong>a<\/strong>li se po n\u011bm.<\/p>\n<p>&#8211; <sup>35<\/span><\/sup> Vzpomn\u011bli, \u017ee jejich sk\u00e1lou je P\u00e1n,<br \/>zachr\u00e1ncem \u017ee je B\u016fh sv<strong>r<\/strong>chovan\u00fd.<\/p>\n<p>&#8211; <sup>36<\/span><\/sup> Ale to byl jen klam jejich \u00fast,<br \/>jazykem pouze jej ob<strong>e<\/strong>lh\u00e1vali,<\/p>\n<p>&#8211; <sup>37<\/span><\/sup> srdcem v\u0161ak nebyli up\u0159\u00edmn\u00ed,<br \/>v \u00famluv\u011b d\u00e1vn\u00e9 mu neb<strong>y<\/strong>li v\u011brni.<\/p>\n<p>&#8211; <sup>38<\/span><\/sup> P\u0159esto v\u0161echno byl slitovn\u00fd d\u00e1l,<br \/>odpou\u0161t\u011bl vinu a n<strong>e<\/strong>zahubil.<br \/>&#8211; \u010castokr\u00e1t upustil od hn\u011bvu,<br \/>potla\u010dil svoje r<strong>o<\/strong>zhorlen\u00ed,<\/p>\n<p>&#8211; <sup>39<\/span><\/sup> pam\u011btliv, \u017ee jsou z masa jen,<br \/>v\u00e1nek, jen\u017e odvane do n<strong>e<\/strong>n\u00e1vratna.<\/p>\n<p>&#8211; <sup>40<\/span><\/sup> Kolikr\u00e1t v pou\u0161ti dr\u00e1\u017edili jej,<br \/>kolikr\u00e1t ve stepi <strong>u<\/strong>r\u00e1\u017eeli!<\/p>\n<p>&#8211; <sup>41<\/span><\/sup> Zkou\u0161eli Boha zas a zas,<br \/>rmoutili Svat\u00e9ho <strong>I<\/strong>zraele.<\/p>\n<p>&#8211; <sup>42<\/span><\/sup> Nem\u011bli v pam\u011bti jeho moc,<br \/>den, kdy je zachr\u00e1nil p\u0159ed n<strong>e<\/strong>p\u0159\u00edtelem,<\/p>\n<p>&#8211; <sup>43<\/span><\/sup> kdy\u017e \u010dinil znamen\u00ed v Egypt\u011b,<br \/>svoje divy v tan<strong>e<\/strong>jsk\u00fdch pl\u00e1n\u00edch.<\/p>\n<p>&#8211; <sup>44<\/span><\/sup> Vodu v \u0159ek\u00e1ch tam prom\u011bnil v krev,<br \/>z potok\u016f ani se ned<strong>a<\/strong>lo nap\u00edt.<\/p>\n<p>&#8211; <sup>45<\/span><\/sup> Hmyz poslal na Egypt, aby je \u017eral,<br \/>spousty \u017eab, aby je s<strong>u<\/strong>\u017eovaly.<\/p>\n<p>&#8211; <sup>46<\/span><\/sup> \u00farodu jejich dal saran\u010d\u00edm,<br \/>kobylk\u00e1m to, \u010deho dob<strong>y<\/strong>li prac\u00ed.<\/p>\n<p>&#8211; <sup>47<\/span><\/sup> Vinice potloukl krupobit\u00edm,<br \/>moru\u0161ovn\u00edky se\u017e<strong>e<\/strong>hl j\u00edn\u00edm.<\/p>\n<p>&#8211; <sup>48<\/span><\/sup> Na jejich dobytek dopustil mor,<br \/>n\u00e1kazou por\u00e1\u017eel j<strong>e<\/strong>jich st\u00e1da.<\/p>\n<p>= <sup>49<\/span><\/sup> Seslal na n\u011b sv\u016fj plamenn\u00fd hn\u011bv,\u2020<br \/>rozhorlen\u00ed, hrozby a r\u00e1ny,<br \/>cel\u00e9 z\u00e1stupy nebl<strong>a<\/strong>h\u00fdch posl\u016f.<\/p>\n<p>= <sup>50<\/span><\/sup> Naplno hn\u011bvu pr\u016fchod dal,\u2020<br \/>ani smrti je neuchr\u00e1nil,<br \/>\u017eivoty jejich dal nap<strong>o<\/strong>spas moru.<\/p>\n<p>&#8211; <sup>51<\/span><\/sup> Prvorozence pobil jim,<br \/>v\u0161e prvn\u011b zplozen\u00e9  v Ch\u00e1m<strong>o<\/strong>v\u00fdch stanech.<\/p>\n<p>&#8211; <sup>52<\/span><\/sup> Sv\u016fj lid jak ovce vyvedl pak,<br \/>jako sv\u00e9 st\u00e1do je prov<strong>\u00e1<\/strong>zel pou\u0161t\u00ed.<\/p>\n<p>&#8211; <sup>53<\/span><\/sup> Vodil je bezpe\u010dn\u011b, nem\u011bli strach,<br \/>nep\u0159\u00e1tele v\u0161ak zhlt<strong>i<\/strong>lo mo\u0159e.<\/p>\n<p>&#8211; <sup>54<\/span><\/sup> Do svat\u00e9 zem\u011b sv\u00e9 p\u0159ivedl je,<br \/>k hor\u00e1m, je\u017e pro n\u011b svou prav<strong>i<\/strong>c\u00ed dobyl.<\/p>\n<p>= <sup>55<\/span><\/sup> P\u0159ed jejich tv\u00e1\u0159\u00ed pohany hnal,\u2020<br \/>d\u011bdictv\u00ed jejich jim rozd\u011blil losem,<br \/>v jejich stanech pak lid j<strong>e<\/strong>ho bydlil.<\/p>\n<p>= <sup>56<\/span><\/sup> Oni v\u0161ak pokou\u0161eli ho d\u00e1l,\u2020<br \/>dr\u00e1\u017edili P\u00e1na, Nejvy\u0161\u0161\u00edho,<br \/>nedbali na jeho p\u0159<strong>i<\/strong>k\u00e1z\u00e1n\u00ed.<\/p>\n<p>= <sup>57<\/span><\/sup> Odpadli, byli mu nev\u011brn\u00ed\u2020<br \/>tak jako jejich otcov\u00e9 kdysi,<br \/>selhali, podobni zr\u00e1dn<strong>\u00e9<\/strong>mu luku.<\/p>\n<p>&#8211; <sup>58<\/span><\/sup> Pohor\u0161ovali jej na v\u00fd\u0161in\u00e1ch,<br \/>rozho\u0159\u010dovali ct<strong>\u011b<\/strong>n\u00edm sv\u00fdch model.<\/p>\n<p>&#8211; <sup>59<\/span><\/sup> Sly\u0161el je P\u00e1n a pojal ho hn\u011bv,<br \/>tvrd\u011b se od\u0159ekl <strong>I<\/strong>zraele.<\/p>\n<p>&#8211; <sup>60<\/span><\/sup> Opustil v Silo svatyni svou,<br \/>st\u00e1nek, v n\u011bm\u017e p\u0159eb\u00fdval m<strong>e<\/strong>zi lidmi.<\/p>\n<p>&#8211; <sup>61<\/span><\/sup> S\u00edle sv\u00e9 padnout dal v zajet\u00ed,<br \/>sl\u00e1v\u011b sv\u00e9 do rukou n<strong>e<\/strong>p\u0159\u00edtele.<\/p>\n<p>&#8211; <sup>62<\/span><\/sup> Ciz\u00edmu me\u010di vydal sv\u016fj lid,<br \/>na sv\u00e9 d\u011bdictv\u00ed zan<strong>e<\/strong>v\u0159el zcela.<\/p>\n<p>&#8211; <sup>63<\/span><\/sup> Jinochy jejich pohltil \u017e\u00e1r,<br \/>pann\u00e1m nezn\u011bly svat<strong>e<\/strong>bn\u00ed p\u00edsn\u011b.<\/p>\n<p>&#8211; <sup>64<\/span><\/sup> Jejich kn\u011bze povra\u017edil me\u010d,<br \/>nebylo p\u0159i poh\u0159bech vdovsk<strong>\u00e9<\/strong>ho n\u00e1\u0159ku.<\/p>\n<p>&#8211; <sup>65<\/span><\/sup> A\u017e jako ze sp\u00e1nku vzbudil se P\u00e1n,<br \/>jak sil\u00e1k procitl\u00fd z <strong>o<\/strong>pojen\u00ed.<\/p>\n<p>&#8211; <sup>66<\/span><\/sup> Nep\u0159\u00e1tele pak odrazil zp\u011bt,<br \/>zahrnul je nav<strong>\u011b<\/strong>ky hanbou.<\/p>\n<p>&#8211; <sup>67<\/span><\/sup> Povrhl stanem Josefov\u00fdm,<br \/>nevyvolil si Efr<strong>a<\/strong>\u00edmovce,<\/p>\n<p>&#8211; <sup>68<\/span><\/sup> n\u00fdbr\u017e si vyvolil Jud\u016fv kmen,<br \/>zamiloval si h<strong>o<\/strong>ru Si\u00f3n.<\/p>\n<p>&#8211; <sup>69<\/span><\/sup> St\u00e1nek jak nebe si zbudoval,<br \/>pevn\u00fd jak zem, co pro v<strong>\u011b<\/strong>ky stvo\u0159il.<\/p>\n<p>&#8211; <sup>70<\/span><\/sup> Davida zvolil sv\u00fdm slu\u017eebn\u00edkem,<br \/>z ov\u010d\u00ed ohrady p\u0159iv<strong>e<\/strong>dl si jej,<\/p>\n<p>= <sup>71<\/span><\/sup> od ov\u010d\u00edch matek jej povolal,\u2020<br \/>a\u0165 pase J\u00e1kob\u016fv lid, sv\u016fj n\u00e1rod,<br \/>Izraele, d\u011bd<strong>i<\/strong>ctv\u00ed svoje.<\/p>\n<p>&#8211; <sup>72<\/span><\/sup> Ten s \u010dist\u00fdm srdcem p\u00e1sl je r\u00e1d,<br \/>pevn\u00fdma rukama m<strong>ou<\/strong>d\u0159e je vodil.<\/p>\n","protected":false},"excerpt":{"rendered":"<p>Budeme mluvit, Pane, o v\u0161ech tv\u00fdch znamen\u00edch. &#8211; 1 Posly\u0161, m\u016fj lide, m\u00e9 nau\u010den\u00ed,slov\u016fm m\u00fdch \u00fast nyn\u00ed u\u0161i nastav! &#8211; 2 K moudr\u00e9mu v\u00fdroku otev\u0159u rty,vylo\u017e\u00edm tajemstv\u00ed z d\u00e1vn\u00e9ho \u010dasu. = 3 To, co jsme sly\u0161eli, poznali my,\u2020co n\u00e1m u\u017e otcov\u00e9 vypr\u00e1v\u011bli,4 nem\u00e1me p\u0159ed d\u011btmi zaml\u010det, = n\u00fdbr\u017e d\u00e1t v\u011bd\u011bt i p\u0159\u00ed\u0161t\u00edmu rodu:\u2020P\u00e1novu sl\u00e1vu a &#8230; <a title=\"\u017dalm 78\" class=\"read-more\" href=\"https:\/\/www.texty.santegidio.cz\/?page_id=130\" aria-label=\"More on \u017dalm 78\">Read more<\/a><\/p>\n","protected":false},"author":1,"featured_media":0,"parent":29,"menu_order":0,"comment_status":"closed","ping_status":"closed","template":"","meta":{"_uag_custom_page_level_css":"","jetpack_post_was_ever_published":false,"footnotes":""},"class_list":["post-130","page","type-page","status-publish"],"uagb_featured_image_src":{"full":false,"thumbnail":false,"medium":false,"medium_large":false,"large":false,"1536x1536":false,"2048x2048":false},"uagb_author_info":{"display_name":"Pavel","author_link":"https:\/\/www.texty.santegidio.cz\/?author=1"},"uagb_comment_info":0,"uagb_excerpt":"Budeme mluvit, Pane, o v\u0161ech tv\u00fdch znamen\u00edch. &#8211; 1 Posly\u0161, m\u016fj lide, m\u00e9 nau\u010den\u00ed,slov\u016fm m\u00fdch \u00fast nyn\u00ed u\u0161i nastav! &#8211; 2 K moudr\u00e9mu v\u00fdroku otev\u0159u rty,vylo\u017e\u00edm tajemstv\u00ed z d\u00e1vn\u00e9ho \u010dasu. = 3 To, co jsme sly\u0161eli, poznali my,\u2020co n\u00e1m u\u017e otcov\u00e9 vypr\u00e1v\u011bli,4 nem\u00e1me p\u0159ed d\u011btmi zaml\u010det, = n\u00fdbr\u017e d\u00e1t v\u011bd\u011bt i p\u0159\u00ed\u0161t\u00edmu rodu:\u2020P\u00e1novu sl\u00e1vu a&hellip;","jetpack_sharing_enabled":true,"jetpack_shortlink":"https:\/\/wp.me\/PawMsT-26","_links":{"self":[{"href":"https:\/\/www.texty.santegidio.cz\/index.php?rest_route=\/wp\/v2\/pages\/130","targetHints":{"allow":["GET"]}}],"collection":[{"href":"https:\/\/www.texty.santegidio.cz\/index.php?rest_route=\/wp\/v2\/pages"}],"about":[{"href":"https:\/\/www.texty.santegidio.cz\/index.php?rest_route=\/wp\/v2\/types\/page"}],"author":[{"embeddable":true,"href":"https:\/\/www.texty.santegidio.cz\/index.php?rest_route=\/wp\/v2\/users\/1"}],"replies":[{"embeddable":true,"href":"https:\/\/www.texty.santegidio.cz\/index.php?rest_route=%2Fwp%2Fv2%2Fcomments&post=130"}],"version-history":[{"count":1,"href":"https:\/\/www.texty.santegidio.cz\/index.php?rest_route=\/wp\/v2\/pages\/130\/revisions"}],"predecessor-version":[{"id":1300,"href":"https:\/\/www.texty.santegidio.cz\/index.php?rest_route=\/wp\/v2\/pages\/130\/revisions\/1300"}],"up":[{"embeddable":true,"href":"https:\/\/www.texty.santegidio.cz\/index.php?rest_route=\/wp\/v2\/pages\/29"}],"wp:attachment":[{"href":"https:\/\/www.texty.santegidio.cz\/index.php?rest_route=%2Fwp%2Fv2%2Fmedia&parent=130"}],"curies":[{"name":"wp","href":"https:\/\/api.w.org\/{rel}","templated":true}]}}