{"id":129,"date":"2018-12-12T10:15:08","date_gmt":"2018-12-12T09:15:08","guid":{"rendered":"http:\/\/www.texty.santegidio.cz?page_id=129"},"modified":"2018-12-12T10:15:09","modified_gmt":"2018-12-12T09:15:09","slug":"zalm-77","status":"publish","type":"page","link":"https:\/\/www.texty.santegidio.cz\/?page_id=129","title":{"rendered":"\u017dalm 77"},"content":{"rendered":"<p>V&nbsp;t\u00edsni si p\u0159ipom\u00edn\u00e1m, Pane, tv\u00e9 divy.<\/p>\n<p>&#8211; <sup>2<\/span><\/sup> K Bohu vol\u00e1m, hlasit\u011b k\u0159i\u010d\u00edm,<br \/>k Bohu vol\u00e1m, <strong>a<\/strong>by m\u011b sly\u0161el.<\/p>\n<p>= <sup>3<\/span><\/sup> V den sv\u00e9 t\u00edsn\u011b za P\u00e1nem hled\u00edm,\u2020<br \/>bez oddechu vztahuji ruce,<br \/>du\u0161e m\u00e1 se ut<strong>\u011b<\/strong>\u0161it ned\u00e1.<\/p>\n<p>&#8211; <sup>4<\/span><\/sup> Vzdych\u00e1m, jak jen vzpomenu Boha,<br \/>duch m\u016fj zemdl\u00ed, za\u010dn<strong>u<\/strong>-li hloubat.<\/p>\n<p>&#8211; <sup>5<\/span><\/sup> V\u00ed\u010dka o\u010dn\u00ed nemohu zav\u0159\u00edt,<br \/>neklidn\u00fd jsem, nesch<strong>o<\/strong>pen slova.<\/p>\n<p>&#8211; <sup>6<\/span><\/sup> Rozva\u017euji o star\u00fdch dob\u00e1ch,<br \/>o t\u011bch d\u00e1vno min<strong>u<\/strong>l\u00fdch letech.<\/p>\n<p>&#8211; <sup>7<\/span><\/sup> Za noci tak p\u0159em\u00edt\u00e1m v srdci,<br \/>rozj\u00edm\u00e1m a srovn<strong>\u00e1<\/strong>v\u00e1m v duchu:<\/p>\n<p>&#8211; <sup>8<\/span><\/sup> &bdquo;Co\u017e P\u00e1n m\u016f\u017ee zavrhnout nav\u017edy?<br \/>Nikdy u\u017e se slit<strong>o<\/strong>vat nem\u00e1?<\/p>\n<p>&#8211; <sup>9<\/span><\/sup> Nav\u017edy se svou milost\u00ed skon\u010dil,<br \/>slovo jeho nav<strong>\u011b<\/strong>ky zmlklo?<\/p>\n<p>&#8211; <sup>10<\/span><\/sup> Zapomn\u011bl B\u016fh na slitov\u00e1n\u00ed,<br \/>\u010di sv\u016fj soucit odp<strong>\u00ed<\/strong>r\u00e1 z hn\u011bvu?&ldquo;<\/p>\n<p>&#8211; <sup>11<\/span><\/sup> Tak si \u0159\u00edk\u00e1m: &bdquo;V tom je m\u00e1 bolest,<br \/>zm\u011bnila se prav<strong>i<\/strong>ce P\u00e1n\u011b!&ldquo;<\/p>\n<p>&#8211; <sup>12<\/span><\/sup> St\u00e1le mysl\u00edm na Bo\u017e\u00ed skutky,<br \/>mysl\u00edm na tv\u00e9 n\u011bkd<strong>e<\/strong>j\u0161\u00ed divy!<\/p>\n<p>&#8211; <sup>13<\/span><\/sup> Uva\u017euji o v\u0161ech tv\u00fdch d\u00edlech,<br \/>prob\u00edr\u00e1m tv\u00e9 vel<strong>i<\/strong>k\u00e9 \u010diny.<\/p>\n<p>&#8211; <sup>14<\/span><\/sup> Bo\u017ee, v\u0161e, co kon\u00e1\u0161, je svat\u00e9!<br \/>Kde je B\u016fh tak v<strong>e<\/strong>lk\u00fd jak n\u00e1\u0161 B\u016fh?<\/p>\n<p>&#8211; <sup>15<\/span><\/sup> Ty jsi B\u016fh, jen\u017e z\u00e1zraky d\u011bl\u00e1,<br \/>svou moc dal jsi n\u00e1r<strong>o<\/strong>d\u016fm poznat<\/p>\n<p>&#8211; <sup>16<\/span><\/sup> a svou pa\u017e\u00ed spasil sv\u016fj n\u00e1rod,<br \/>J\u00e1koba a Jos<strong>e<\/strong>fa syny.<\/p>\n<p>= <sup>17<\/span><\/sup> Uz\u0159ely t\u011b vody, m\u016fj Bo\u017ee,\u2020<br \/>uz\u0159ely t\u011b, chv\u011bly se hr\u016fzou,<br \/>zabou\u0159ily hlub<strong>i<\/strong>ny mo\u0159sk\u00e9.<\/p>\n<p>= <sup>18<\/span><\/sup> Mraky proudem chrlily vodu,\u2020<br \/>mra\u010dna zn\u011bla duniv\u00fdm hlasem,<br \/>\u0161\u00edpy tv\u00e9 se m\u00edh<strong>a<\/strong>ly jimi.<\/p>\n<p>= <sup>19<\/span><\/sup> Ryk tv\u00fdch hrom\u016f pod koly dun\u011bl,\u2020<br \/>blesky pl\u00e1ly p\u0159es cel\u00fd obzor,<br \/>v\u0161echna zem se chv<strong>\u011b<\/strong>la a t\u0159\u00e1sla.<\/p>\n<p>= <sup>20<\/span><\/sup> Tvoje cesta vedla n\u00e1s mo\u0159em,\u2020<br \/>tvoje stezka spoustami vodstev,<br \/>ani\u017e nechals za s<strong>e<\/strong>bou stopy.<\/p>\n<p>&#8211; <sup>21<\/span><\/sup> Sv\u016fj lid jak st\u00e1do vedl jsi rukou<br \/>Moj\u017e\u00ed\u0161ovou a <strong>\u00e1<\/strong>ronovou.<\/p>\n","protected":false},"excerpt":{"rendered":"<p>V&nbsp;t\u00edsni si p\u0159ipom\u00edn\u00e1m, Pane, tv\u00e9 divy. &#8211; 2 K Bohu vol\u00e1m, hlasit\u011b k\u0159i\u010d\u00edm,k Bohu vol\u00e1m, aby m\u011b sly\u0161el. = 3 V den sv\u00e9 t\u00edsn\u011b za P\u00e1nem hled\u00edm,\u2020bez oddechu vztahuji ruce,du\u0161e m\u00e1 se ut\u011b\u0161it ned\u00e1. &#8211; 4 Vzdych\u00e1m, jak jen vzpomenu Boha,duch m\u016fj zemdl\u00ed, za\u010dnu-li hloubat. &#8211; 5 V\u00ed\u010dka o\u010dn\u00ed nemohu zav\u0159\u00edt,neklidn\u00fd jsem, neschopen slova. &#8211; &#8230; <a title=\"\u017dalm 77\" class=\"read-more\" href=\"https:\/\/www.texty.santegidio.cz\/?page_id=129\" aria-label=\"More on \u017dalm 77\">Read more<\/a><\/p>\n","protected":false},"author":1,"featured_media":0,"parent":29,"menu_order":0,"comment_status":"closed","ping_status":"closed","template":"","meta":{"_uag_custom_page_level_css":"","jetpack_post_was_ever_published":false,"footnotes":""},"class_list":["post-129","page","type-page","status-publish"],"uagb_featured_image_src":{"full":false,"thumbnail":false,"medium":false,"medium_large":false,"large":false,"1536x1536":false,"2048x2048":false},"uagb_author_info":{"display_name":"Pavel","author_link":"https:\/\/www.texty.santegidio.cz\/?author=1"},"uagb_comment_info":0,"uagb_excerpt":"V&nbsp;t\u00edsni si p\u0159ipom\u00edn\u00e1m, Pane, tv\u00e9 divy. &#8211; 2 K Bohu vol\u00e1m, hlasit\u011b k\u0159i\u010d\u00edm,k Bohu vol\u00e1m, aby m\u011b sly\u0161el. = 3 V den sv\u00e9 t\u00edsn\u011b za P\u00e1nem hled\u00edm,\u2020bez oddechu vztahuji ruce,du\u0161e m\u00e1 se ut\u011b\u0161it ned\u00e1. &#8211; 4 Vzdych\u00e1m, jak jen vzpomenu Boha,duch m\u016fj zemdl\u00ed, za\u010dnu-li hloubat. &#8211; 5 V\u00ed\u010dka o\u010dn\u00ed nemohu zav\u0159\u00edt,neklidn\u00fd jsem, neschopen slova. &#8211;&hellip;","jetpack_sharing_enabled":true,"jetpack_shortlink":"https:\/\/wp.me\/PawMsT-25","_links":{"self":[{"href":"https:\/\/www.texty.santegidio.cz\/index.php?rest_route=\/wp\/v2\/pages\/129","targetHints":{"allow":["GET"]}}],"collection":[{"href":"https:\/\/www.texty.santegidio.cz\/index.php?rest_route=\/wp\/v2\/pages"}],"about":[{"href":"https:\/\/www.texty.santegidio.cz\/index.php?rest_route=\/wp\/v2\/types\/page"}],"author":[{"embeddable":true,"href":"https:\/\/www.texty.santegidio.cz\/index.php?rest_route=\/wp\/v2\/users\/1"}],"replies":[{"embeddable":true,"href":"https:\/\/www.texty.santegidio.cz\/index.php?rest_route=%2Fwp%2Fv2%2Fcomments&post=129"}],"version-history":[{"count":1,"href":"https:\/\/www.texty.santegidio.cz\/index.php?rest_route=\/wp\/v2\/pages\/129\/revisions"}],"predecessor-version":[{"id":1299,"href":"https:\/\/www.texty.santegidio.cz\/index.php?rest_route=\/wp\/v2\/pages\/129\/revisions\/1299"}],"up":[{"embeddable":true,"href":"https:\/\/www.texty.santegidio.cz\/index.php?rest_route=\/wp\/v2\/pages\/29"}],"wp:attachment":[{"href":"https:\/\/www.texty.santegidio.cz\/index.php?rest_route=%2Fwp%2Fv2%2Fmedia&parent=129"}],"curies":[{"name":"wp","href":"https:\/\/api.w.org\/{rel}","templated":true}]}}