{"id":128,"date":"2018-12-12T10:15:08","date_gmt":"2018-12-12T09:15:08","guid":{"rendered":"http:\/\/www.texty.santegidio.cz?page_id=128"},"modified":"2018-12-12T10:15:09","modified_gmt":"2018-12-12T09:15:09","slug":"zalm-76","status":"publish","type":"page","link":"https:\/\/www.texty.santegidio.cz\/?page_id=128","title":{"rendered":"\u017dalm 76"},"content":{"rendered":"<p>Hl\u00e1s\u00e1me, Pane, velikost tv\u00e9ho jm\u00e9na.<\/p>\n<p>&#8211; <sup>2<\/span><\/sup> Po cel\u00e9m Judsku zn\u00e1m je B\u016fh,<br \/>velk\u00e9 m\u00e1 jm\u00e9no v <strong>I<\/strong>zraeli.<\/p>\n<p>&#8211; <sup>3<\/span><\/sup> V S\u00e1lemu stoj\u00ed jeho stan,<br \/>p\u0159\u00edbytek jeho n<strong>a<\/strong> Si\u00f3n\u011b.<\/p>\n<p>&#8211; <sup>4<\/span><\/sup> Tam blesky luku p\u0159elomil,<br \/>i \u0161t\u00edt a me\u010d a zbr<strong>a<\/strong>n\u011b v\u00e1lky.<\/p>\n<p>&#8211; <sup>5<\/span><\/sup> Stra\u0161liv\u00fd jsi a p\u0159emocn\u00fd,<br \/>mocn\u011bj\u0161\u00ed ne\u017eli v<strong>\u011b<\/strong>\u010dn\u00e9 hory.<\/p>\n<p>= <sup>6<\/span><\/sup> I sil\u00e1ci jsou ko\u0159ist\u00ed,\u2020<br \/>upadli do tuh\u00e9ho sp\u00e1nku,<br \/>hrdin\u016fm r<strong>u<\/strong>ce zemdlely.<\/p>\n<p>&#8211; <sup>7<\/span><\/sup> Tvou hrozbou, Bo\u017ee J\u00e1kob\u016fv,<br \/>jezdci i kon\u011b zn<strong>e<\/strong>hybn\u011bli.<\/p>\n<p>&#8211; <sup>8<\/span><\/sup> Hrozn\u00fd jsi! Kdo by p\u0159ed tebou,<br \/>p\u0159ed silou tv\u00e9ho hn<strong>\u011b<\/strong>vu obst\u00e1l?<\/p>\n<p>&#8211; <sup>9<\/span><\/sup> Z nebe jsi zah\u0159m\u011bl rozsudek,<br \/>zem\u011b se zd\u011bs<strong>i<\/strong>la a zmlkla,<\/p>\n<p>&#8211; <sup>10<\/span><\/sup> kdy\u017e jako soudce povstal B\u016fh<br \/>k sp\u00e1se v\u0161ech pon\u00ed\u017e<strong>e<\/strong>n\u00fdch zem\u011b.<\/p>\n<p>&#8211; <sup>11<\/span><\/sup> I vztekl\u00fd Edom a\u0165 t\u011b ct\u00ed,<br \/>a\u0165 zbytek Ham<strong>\u00e1<\/strong>tu t\u011b slav\u00ed!<\/p>\n<p>&#8211; <sup>12<\/span><\/sup> Slavnostn\u011b sliby skl\u00e1dejte<br \/>a pl\u0148te P\u00e1nu, sv<strong>\u00e9<\/strong>mu Bohu!<br \/>&#8211; A\u0165 v\u0161ichni z kraj\u016f sousedn\u00edch<br \/>p\u0159inesou Hrozn<strong>\u00e9<\/strong>mu sv\u00e9 dary!<\/p>\n<p>&#8211; <sup>13<\/span><\/sup> On poko\u0159uje kn\u00ed\u017eata,<br \/>je postrachem v\u0161ech kr<strong>\u00e1<\/strong>l\u016f zem\u011b.<\/p>\n","protected":false},"excerpt":{"rendered":"<p>Hl\u00e1s\u00e1me, Pane, velikost tv\u00e9ho jm\u00e9na. &#8211; 2 Po cel\u00e9m Judsku zn\u00e1m je B\u016fh,velk\u00e9 m\u00e1 jm\u00e9no v Izraeli. &#8211; 3 V S\u00e1lemu stoj\u00ed jeho stan,p\u0159\u00edbytek jeho na Si\u00f3n\u011b. &#8211; 4 Tam blesky luku p\u0159elomil,i \u0161t\u00edt a me\u010d a zbran\u011b v\u00e1lky. &#8211; 5 Stra\u0161liv\u00fd jsi a p\u0159emocn\u00fd,mocn\u011bj\u0161\u00ed ne\u017eli v\u011b\u010dn\u00e9 hory. = 6 I sil\u00e1ci jsou ko\u0159ist\u00ed,\u2020upadli do &#8230; <a title=\"\u017dalm 76\" class=\"read-more\" href=\"https:\/\/www.texty.santegidio.cz\/?page_id=128\" aria-label=\"More on \u017dalm 76\">Read more<\/a><\/p>\n","protected":false},"author":1,"featured_media":0,"parent":29,"menu_order":0,"comment_status":"closed","ping_status":"closed","template":"","meta":{"_uag_custom_page_level_css":"","jetpack_post_was_ever_published":false,"footnotes":""},"class_list":["post-128","page","type-page","status-publish"],"uagb_featured_image_src":{"full":false,"thumbnail":false,"medium":false,"medium_large":false,"large":false,"1536x1536":false,"2048x2048":false},"uagb_author_info":{"display_name":"Pavel","author_link":"https:\/\/www.texty.santegidio.cz\/?author=1"},"uagb_comment_info":0,"uagb_excerpt":"Hl\u00e1s\u00e1me, Pane, velikost tv\u00e9ho jm\u00e9na. &#8211; 2 Po cel\u00e9m Judsku zn\u00e1m je B\u016fh,velk\u00e9 m\u00e1 jm\u00e9no v Izraeli. &#8211; 3 V S\u00e1lemu stoj\u00ed jeho stan,p\u0159\u00edbytek jeho na Si\u00f3n\u011b. &#8211; 4 Tam blesky luku p\u0159elomil,i \u0161t\u00edt a me\u010d a zbran\u011b v\u00e1lky. &#8211; 5 Stra\u0161liv\u00fd jsi a p\u0159emocn\u00fd,mocn\u011bj\u0161\u00ed ne\u017eli v\u011b\u010dn\u00e9 hory. = 6 I sil\u00e1ci jsou ko\u0159ist\u00ed,\u2020upadli do&hellip;","jetpack_sharing_enabled":true,"jetpack_shortlink":"https:\/\/wp.me\/PawMsT-24","_links":{"self":[{"href":"https:\/\/www.texty.santegidio.cz\/index.php?rest_route=\/wp\/v2\/pages\/128","targetHints":{"allow":["GET"]}}],"collection":[{"href":"https:\/\/www.texty.santegidio.cz\/index.php?rest_route=\/wp\/v2\/pages"}],"about":[{"href":"https:\/\/www.texty.santegidio.cz\/index.php?rest_route=\/wp\/v2\/types\/page"}],"author":[{"embeddable":true,"href":"https:\/\/www.texty.santegidio.cz\/index.php?rest_route=\/wp\/v2\/users\/1"}],"replies":[{"embeddable":true,"href":"https:\/\/www.texty.santegidio.cz\/index.php?rest_route=%2Fwp%2Fv2%2Fcomments&post=128"}],"version-history":[{"count":1,"href":"https:\/\/www.texty.santegidio.cz\/index.php?rest_route=\/wp\/v2\/pages\/128\/revisions"}],"predecessor-version":[{"id":1298,"href":"https:\/\/www.texty.santegidio.cz\/index.php?rest_route=\/wp\/v2\/pages\/128\/revisions\/1298"}],"up":[{"embeddable":true,"href":"https:\/\/www.texty.santegidio.cz\/index.php?rest_route=\/wp\/v2\/pages\/29"}],"wp:attachment":[{"href":"https:\/\/www.texty.santegidio.cz\/index.php?rest_route=%2Fwp%2Fv2%2Fmedia&parent=128"}],"curies":[{"name":"wp","href":"https:\/\/api.w.org\/{rel}","templated":true}]}}