{"id":127,"date":"2018-12-12T10:15:08","date_gmt":"2018-12-12T09:15:08","guid":{"rendered":"http:\/\/www.texty.santegidio.cz?page_id=127"},"modified":"2018-12-12T10:15:09","modified_gmt":"2018-12-12T09:15:09","slug":"zalm-75","status":"publish","type":"page","link":"https:\/\/www.texty.santegidio.cz\/?page_id=127","title":{"rendered":"\u017dalm 75"},"content":{"rendered":"<p>Vzd\u00e1v\u00e1me ti d\u00edky za tv\u00e9 divy.<\/p>\n<p>&#8211; <sup>2<\/span><\/sup> Slav\u00edme t\u011b, Pane, slav\u00edme t\u011b,<br \/>vz\u00fdv\u00e1me t\u011b, hl\u00e1s<strong>\u00e1<\/strong>me tv\u00e9 divy.<\/p>\n<p>&#8211; <sup>3<\/span><\/sup> &bdquo;V dob\u011b, kterou j\u00e1 s\u00e1m ustanov\u00edm,<br \/>soudit budu spravedl<strong>i<\/strong>v\u00fdm soudem.<\/p>\n<p>&#8211; <sup>4<\/span><\/sup> By\u0165 se zem i s tvorstvem kym\u00e1cela,<br \/>jej\u00ed pil\u00ed\u0159e j\u00e1 p<strong>e<\/strong>vn\u011b dr\u017e\u00edm.<\/p>\n<p>&#8211; <sup>5<\/span><\/sup> Py\u0161n\u00fdm \u0159\u00edk\u00e1m: Jen se nepy\u0161n\u011bte!<br \/>Bezbo\u017en\u00fdm: Jen nezdv\u00edh<strong>e<\/strong>jte hlavu!<\/p>\n<p>&#8211; <sup>6<\/span><\/sup> Nezdv\u00edhejte hlavu p\u0159\u00edli\u0161 zpupn\u011b,<br \/>nehovo\u0159te k Bohu s \u0161<strong>\u00ed<\/strong>j\u00ed vzdornou!&ldquo;<\/p>\n<p>&#8211; <sup>7<\/span><\/sup> Od v\u00fdchodu ani od z\u00e1padu,<br \/>z pou\u0161t\u011b ani z hor nic n<strong>e<\/strong>\u010dekejte,<\/p>\n<p>&#8211; <sup>8<\/span><\/sup> nikoli, jen B\u016fh je v\u0161eho soudcem:<br \/>toho pon\u00ed\u017e\u00ed a t<strong>o<\/strong>ho vznese.<\/p>\n<p>&#8211; <sup>9<\/span><\/sup> Tak to je: P\u00e1n dr\u017e\u00ed v ruce kalich<br \/>s \u0161umiv\u00fdm a ko\u0159en<strong>\u011b<\/strong>n\u00fdm v\u00ednem,<\/p>\n<p>= pod\u00e1v\u00e1 jej tomu a zas tomu,\u2020<br \/>vylokat je mus\u00ed po kvasnice,<br \/>vyp\u00edt v\u0161ichni bezbo\u017en<strong>\u00ed<\/strong>ci zem\u011b.<\/p>\n<p>&#8211; <sup>10<\/span><\/sup> J\u00e1 v\u0161ak budu do v\u011b\u010dnosti j\u00e1sat,<br \/>J\u00e1kobovu Bohu hr<strong>\u00e1<\/strong>t a zp\u00edvat.<\/p>\n<p>&#8211; <sup>11<\/span><\/sup> On zur\u00e1\u017e\u00ed rohy bezbo\u017en\u00edk\u016fm,<br \/>kde\u017eto spravedliv\u00ed zdv<strong>i<\/strong>hnou \u010delo.<\/p>\n","protected":false},"excerpt":{"rendered":"<p>Vzd\u00e1v\u00e1me ti d\u00edky za tv\u00e9 divy. &#8211; 2 Slav\u00edme t\u011b, Pane, slav\u00edme t\u011b,vz\u00fdv\u00e1me t\u011b, hl\u00e1s\u00e1me tv\u00e9 divy. &#8211; 3 &bdquo;V dob\u011b, kterou j\u00e1 s\u00e1m ustanov\u00edm,soudit budu spravedliv\u00fdm soudem. &#8211; 4 By\u0165 se zem i s tvorstvem kym\u00e1cela,jej\u00ed pil\u00ed\u0159e j\u00e1 pevn\u011b dr\u017e\u00edm. &#8211; 5 Py\u0161n\u00fdm \u0159\u00edk\u00e1m: Jen se nepy\u0161n\u011bte!Bezbo\u017en\u00fdm: Jen nezdv\u00edhejte hlavu! &#8211; 6 Nezdv\u00edhejte hlavu &#8230; <a title=\"\u017dalm 75\" class=\"read-more\" href=\"https:\/\/www.texty.santegidio.cz\/?page_id=127\" aria-label=\"More on \u017dalm 75\">Read more<\/a><\/p>\n","protected":false},"author":1,"featured_media":0,"parent":29,"menu_order":0,"comment_status":"closed","ping_status":"closed","template":"","meta":{"_uag_custom_page_level_css":"","jetpack_post_was_ever_published":false,"footnotes":""},"class_list":["post-127","page","type-page","status-publish"],"uagb_featured_image_src":{"full":false,"thumbnail":false,"medium":false,"medium_large":false,"large":false,"1536x1536":false,"2048x2048":false},"uagb_author_info":{"display_name":"Pavel","author_link":"https:\/\/www.texty.santegidio.cz\/?author=1"},"uagb_comment_info":0,"uagb_excerpt":"Vzd\u00e1v\u00e1me ti d\u00edky za tv\u00e9 divy. &#8211; 2 Slav\u00edme t\u011b, Pane, slav\u00edme t\u011b,vz\u00fdv\u00e1me t\u011b, hl\u00e1s\u00e1me tv\u00e9 divy. &#8211; 3 &bdquo;V dob\u011b, kterou j\u00e1 s\u00e1m ustanov\u00edm,soudit budu spravedliv\u00fdm soudem. &#8211; 4 By\u0165 se zem i s tvorstvem kym\u00e1cela,jej\u00ed pil\u00ed\u0159e j\u00e1 pevn\u011b dr\u017e\u00edm. &#8211; 5 Py\u0161n\u00fdm \u0159\u00edk\u00e1m: Jen se nepy\u0161n\u011bte!Bezbo\u017en\u00fdm: Jen nezdv\u00edhejte hlavu! &#8211; 6 Nezdv\u00edhejte hlavu&hellip;","jetpack_sharing_enabled":true,"jetpack_shortlink":"https:\/\/wp.me\/PawMsT-23","_links":{"self":[{"href":"https:\/\/www.texty.santegidio.cz\/index.php?rest_route=\/wp\/v2\/pages\/127","targetHints":{"allow":["GET"]}}],"collection":[{"href":"https:\/\/www.texty.santegidio.cz\/index.php?rest_route=\/wp\/v2\/pages"}],"about":[{"href":"https:\/\/www.texty.santegidio.cz\/index.php?rest_route=\/wp\/v2\/types\/page"}],"author":[{"embeddable":true,"href":"https:\/\/www.texty.santegidio.cz\/index.php?rest_route=\/wp\/v2\/users\/1"}],"replies":[{"embeddable":true,"href":"https:\/\/www.texty.santegidio.cz\/index.php?rest_route=%2Fwp%2Fv2%2Fcomments&post=127"}],"version-history":[{"count":1,"href":"https:\/\/www.texty.santegidio.cz\/index.php?rest_route=\/wp\/v2\/pages\/127\/revisions"}],"predecessor-version":[{"id":1297,"href":"https:\/\/www.texty.santegidio.cz\/index.php?rest_route=\/wp\/v2\/pages\/127\/revisions\/1297"}],"up":[{"embeddable":true,"href":"https:\/\/www.texty.santegidio.cz\/index.php?rest_route=\/wp\/v2\/pages\/29"}],"wp:attachment":[{"href":"https:\/\/www.texty.santegidio.cz\/index.php?rest_route=%2Fwp%2Fv2%2Fmedia&parent=127"}],"curies":[{"name":"wp","href":"https:\/\/api.w.org\/{rel}","templated":true}]}}