{"id":125,"date":"2018-12-12T10:15:08","date_gmt":"2018-12-12T09:15:08","guid":{"rendered":"http:\/\/www.texty.santegidio.cz?page_id=125"},"modified":"2018-12-12T10:15:09","modified_gmt":"2018-12-12T09:15:09","slug":"zalm-73","status":"publish","type":"page","link":"https:\/\/www.texty.santegidio.cz\/?page_id=125","title":{"rendered":"\u017dalm 73"},"content":{"rendered":"<p>M\u00fdm blahem je b\u00fdt v&nbsp;tv\u00e9 bl\u00edzkosti, Pane.<\/p>\n<p>&#8211; <sup>1<\/span><\/sup> Jak B\u016fh je dobrotiv\u00fd k poctiv\u00fdm,<br \/>jak dobr\u00fd k t\u011bm, kdo \u010dist\u00e9 s<strong>r<\/strong>dce maj\u00ed!<\/p>\n<p>&#8211; <sup>2<\/span><\/sup> P\u0159esto m\u00e9 nohy m\u00e1lem klop\u00fdtly,<br \/>m\u00e9 kroky jen taktak \u017ee n<strong>e<\/strong>uklouzly:<\/p>\n<p>&#8211; <sup>3<\/span><\/sup> nebo\u0165 jsem vychlouba\u010d\u016fm z\u00e1vid\u011bl,<br \/>kdy\u017e jsem tak vid\u011bl, jak se h\u0159<strong>\u00ed<\/strong>\u0161n\u00fdm da\u0159\u00ed.<\/p>\n<p>&#8211; <sup>4<\/span><\/sup> V\u017edy\u0165 oni \u017e\u00e1dnou strast\u00ed netrp\u00ed<br \/>a jejich t\u011blo zdrav\u00e9 j<strong>e<\/strong> a tu\u010dn\u00e9.<\/p>\n<p>&#8211; <sup>5<\/span><\/sup> Jsou vzd\u00e1leni v\u0161em lidsk\u00fdm trampot\u00e1m<br \/>a nesou\u017e\u00ed se jako dr<strong>u<\/strong>z\u00ed lid\u00e9.<\/p>\n<p>&#8211; <sup>6<\/span><\/sup> P\u00fdchou se skv\u00ed jak zlat\u00fdm \u0159et\u011bzem,<br \/>jak rouchem od\u011bni jsou n<strong>\u00e1<\/strong>silnictv\u00edm.<\/p>\n<p>&#8211; <sup>7<\/span><\/sup> Z tu\u010dnosti pr\u00fd\u0161t\u00ed jejich nepravost<br \/>a zl\u00fdmi \u00famysly jim s<strong>r<\/strong>dce kyp\u00ed.<\/p>\n<p>&#8211; <sup>8<\/span><\/sup> Po\u0161klebuj\u00ed se, mluv\u00ed darebn\u011b,<br \/>z pov\u00fd\u0161enosti ubli\u017e<strong>u<\/strong>j\u00ed slovem.<\/p>\n<p>&#8211; <sup>9<\/span><\/sup> \u00fasty si troufaj\u00ed a\u017e na nebe<br \/>a jejich jazyk zrejd\u00ed c<strong>e<\/strong>lou zemi.<\/p>\n<p>&#8211; <sup>10<\/span><\/sup> A proto se k nim obrac\u00ed m\u016fj lid<br \/>a lok\u00e1 jejich slova j<strong>a<\/strong>ko vodu.<\/p>\n<p>&#8211; <sup>11<\/span><\/sup> \u0158\u00edkaj\u00ed: &bdquo;Jak by o tom v\u011bd\u011bl B\u016fh?<br \/>Je Nejvy\u0161\u0161\u00edmu v\u016fbec n<strong>\u011b<\/strong>co zn\u00e1mo?&ldquo;<\/p>\n<p>&#8211; <sup>12<\/span><\/sup> Vid\u00edte, tak si vedou h\u0159\u00ed\u0161n\u00edci,<br \/>jsou st\u00e1le mocn\u011bj\u0161\u00ed a \u017e<strong>i<\/strong>j\u00ed \u0161\u0165astn\u011b.<\/p>\n<p>&#8211; <sup>13<\/span><\/sup> Marn\u011b jsem tedy bez\u00fahonn\u011b \u017eil<br \/>a om\u00fdval si ruce v n<strong>e<\/strong>vinnosti?<\/p>\n<p>&#8211; <sup>14<\/span><\/sup> Abych byl jenom t\u00fdr\u00e1n den co den<br \/>a ka\u017ed\u00e9 r\u00e1no dost<strong>\u00e1<\/strong>val jen bit\u00ed?<\/p>\n<p>&#8211; <sup>15<\/span><\/sup> Kdy\u017e jsem si pomyslel: &bdquo;Mluv jako oni,&ldquo;<br \/>byl bych t\u00edm jenom zradil r<strong>o<\/strong>d tv\u00fdch syn\u016f.<\/p>\n<p>&#8211; <sup>16<\/span><\/sup> Hloubal jsem tedy, jak to pochopit,<br \/>a p\u0159ipadalo mi to v<strong>e<\/strong>lmi t\u011b\u017ek\u00e9,<\/p>\n<p>&#8211; <sup>17<\/span><\/sup> a\u017e pronikl jsem v Bo\u017e\u00ed tajemstv\u00ed<br \/>a prohl\u00e9dl jsem konce t<strong>\u011b<\/strong>chto lid\u00ed.<\/p>\n<p>&#8211; <sup>18<\/span><\/sup> Na kluzkou cestu jsi je uvedl<br \/>a popravd\u011b je vrh\u00e1\u0161 d<strong>o<\/strong> z\u00e1huby.<\/p>\n<p>&#8211; <sup>19<\/span><\/sup> Jak najednou se propadaj\u00ed v nic,<br \/>jak hrout\u00ed se a v n\u00e1hl\u00e9 hr<strong>\u016f<\/strong>ze hynou,<\/p>\n<p>&#8211; <sup>20<\/span><\/sup> jak sen, jen\u017e s procitnut\u00edm odplyne,<br \/>ten obraz \u010dlov\u011bk zap<strong>u<\/strong>d\u00ed, jen vstane.<\/p>\n<p>&#8211; <sup>21<\/span><\/sup> Kdy\u017e se m\u00e9 srdce rozho\u0159\u010dovalo<br \/>a bolest mi a\u017e k ledv\u00ed pr<strong>o<\/strong>nikala,<\/p>\n<p>&#8211; <sup>22<\/span><\/sup> byl jsem to hloup\u00fd, nic jsem nech\u00e1pal,<br \/>st\u00e1l p\u0159ed tebou jak neroz<strong>u<\/strong>mn\u00e9 zv\u00ed\u0159e.<\/p>\n<p>&#8211; <sup>23<\/span><\/sup> J\u00e1 v\u0161ak chci trvale b\u00fdt u tebe,<br \/>nebo\u0165 ty s\u00e1ms m\u011b chopil z<strong>a<\/strong> pravici.<\/p>\n<p>&#8211; <sup>24<\/span><\/sup> Ty v\u017edycky m\u011b svou radou povede\u0161<br \/>a nakonec pak do sl<strong>\u00e1<\/strong>vy m\u011b p\u0159ijme\u0161.<\/p>\n<p>&#8211; <sup>25<\/span><\/sup> Koho m\u00e1m krom\u011b tebe na nebi?<br \/>A na zemi nic ne\u017e<strong>\u00e1<\/strong>d\u00e1m ne\u017e tebe.<\/p>\n<p>&#8211; <sup>26<\/span><\/sup> A\u0165 t\u011blo m\u00e9 i srdce pominou &#8211;<br \/>P\u00e1n je m\u00e1 sk\u00e1la a m\u016fj <strong>\u00fa<\/strong>d\u011bl nav\u017edy!<\/p>\n<p>&#8211; <sup>27<\/span><\/sup> Hle, hynou, kdo se tob\u011b vzdaluj\u00ed,<br \/>zatrat\u00ed\u0161 v\u0161echny, kdo t\u011b <strong>o<\/strong>pou\u0161t\u011bj\u00ed.<\/p>\n<p>= <sup>28<\/span><\/sup> M\u00fdm blahem je b\u00fdt v Bo\u017e\u00ed bl\u00edzkosti,\u2020<br \/>j\u00e1 v\u0161echnu d\u016fv\u011bru jen v P\u00e1na skl\u00e1d\u00e1m<br \/>a budu hl\u00e1sat v\u0161echny j<strong>e<\/strong>ho skutky.<\/p>\n","protected":false},"excerpt":{"rendered":"<p>M\u00fdm blahem je b\u00fdt v&nbsp;tv\u00e9 bl\u00edzkosti, Pane. &#8211; 1 Jak B\u016fh je dobrotiv\u00fd k poctiv\u00fdm,jak dobr\u00fd k t\u011bm, kdo \u010dist\u00e9 srdce maj\u00ed! &#8211; 2 P\u0159esto m\u00e9 nohy m\u00e1lem klop\u00fdtly,m\u00e9 kroky jen taktak \u017ee neuklouzly: &#8211; 3 nebo\u0165 jsem vychlouba\u010d\u016fm z\u00e1vid\u011bl,kdy\u017e jsem tak vid\u011bl, jak se h\u0159\u00ed\u0161n\u00fdm da\u0159\u00ed. &#8211; 4 V\u017edy\u0165 oni \u017e\u00e1dnou strast\u00ed netrp\u00eda jejich &#8230; <a title=\"\u017dalm 73\" class=\"read-more\" href=\"https:\/\/www.texty.santegidio.cz\/?page_id=125\" aria-label=\"More on \u017dalm 73\">Read more<\/a><\/p>\n","protected":false},"author":1,"featured_media":0,"parent":29,"menu_order":0,"comment_status":"closed","ping_status":"closed","template":"","meta":{"_uag_custom_page_level_css":"","jetpack_post_was_ever_published":false,"footnotes":""},"class_list":["post-125","page","type-page","status-publish"],"uagb_featured_image_src":{"full":false,"thumbnail":false,"medium":false,"medium_large":false,"large":false,"1536x1536":false,"2048x2048":false},"uagb_author_info":{"display_name":"Pavel","author_link":"https:\/\/www.texty.santegidio.cz\/?author=1"},"uagb_comment_info":0,"uagb_excerpt":"M\u00fdm blahem je b\u00fdt v&nbsp;tv\u00e9 bl\u00edzkosti, Pane. &#8211; 1 Jak B\u016fh je dobrotiv\u00fd k poctiv\u00fdm,jak dobr\u00fd k t\u011bm, kdo \u010dist\u00e9 srdce maj\u00ed! &#8211; 2 P\u0159esto m\u00e9 nohy m\u00e1lem klop\u00fdtly,m\u00e9 kroky jen taktak \u017ee neuklouzly: &#8211; 3 nebo\u0165 jsem vychlouba\u010d\u016fm z\u00e1vid\u011bl,kdy\u017e jsem tak vid\u011bl, jak se h\u0159\u00ed\u0161n\u00fdm da\u0159\u00ed. &#8211; 4 V\u017edy\u0165 oni \u017e\u00e1dnou strast\u00ed netrp\u00eda jejich&hellip;","jetpack_sharing_enabled":true,"jetpack_shortlink":"https:\/\/wp.me\/PawMsT-21","_links":{"self":[{"href":"https:\/\/www.texty.santegidio.cz\/index.php?rest_route=\/wp\/v2\/pages\/125","targetHints":{"allow":["GET"]}}],"collection":[{"href":"https:\/\/www.texty.santegidio.cz\/index.php?rest_route=\/wp\/v2\/pages"}],"about":[{"href":"https:\/\/www.texty.santegidio.cz\/index.php?rest_route=\/wp\/v2\/types\/page"}],"author":[{"embeddable":true,"href":"https:\/\/www.texty.santegidio.cz\/index.php?rest_route=\/wp\/v2\/users\/1"}],"replies":[{"embeddable":true,"href":"https:\/\/www.texty.santegidio.cz\/index.php?rest_route=%2Fwp%2Fv2%2Fcomments&post=125"}],"version-history":[{"count":1,"href":"https:\/\/www.texty.santegidio.cz\/index.php?rest_route=\/wp\/v2\/pages\/125\/revisions"}],"predecessor-version":[{"id":1295,"href":"https:\/\/www.texty.santegidio.cz\/index.php?rest_route=\/wp\/v2\/pages\/125\/revisions\/1295"}],"up":[{"embeddable":true,"href":"https:\/\/www.texty.santegidio.cz\/index.php?rest_route=\/wp\/v2\/pages\/29"}],"wp:attachment":[{"href":"https:\/\/www.texty.santegidio.cz\/index.php?rest_route=%2Fwp%2Fv2%2Fmedia&parent=125"}],"curies":[{"name":"wp","href":"https:\/\/api.w.org\/{rel}","templated":true}]}}