{"id":124,"date":"2018-12-12T10:15:08","date_gmt":"2018-12-12T09:15:08","guid":{"rendered":"http:\/\/www.texty.santegidio.cz?page_id=124"},"modified":"2018-12-12T10:15:09","modified_gmt":"2018-12-12T09:15:09","slug":"zalm-72","status":"publish","type":"page","link":"https:\/\/www.texty.santegidio.cz\/?page_id=124","title":{"rendered":"\u017dalm 72"},"content":{"rendered":"<p>P\u00e1n se ujme nebo\u017e\u00e1ka, jen\u017e k&nbsp;n\u011bmu vol\u00e1.<\/p>\n<p>&#8211; <sup>1<\/span><\/sup> Sv\u011b\u0159, Bo\u017ee, soudcovsk\u00fd sv\u016fj \u00fa\u0159ad kr\u00e1li,<br \/>svou spravedlnost kr\u00e1lovsk<strong>\u00e9<\/strong>mu synu!<\/p>\n<p>&#8211; <sup>2<\/span><\/sup> A\u0165 spravedliv\u011b vl\u00e1dne tv\u00e9mu lidu,<br \/>a\u0165 stoj\u00ed za pr\u00e1vem sv\u00fdch p<strong>o<\/strong>n\u00ed\u017een\u00fdch.<\/p>\n<p>&#8211; <sup>3<\/span><\/sup> P\u0159in\u00e1\u0161et budou hory pokoj lidu,<br \/>pahorky budou plodit spr<strong>a<\/strong>vedlnost.<\/p>\n<p>= <sup>4<\/span><\/sup> On zjedn\u00e1 pr\u00e1vo uti\u0161t\u011bn\u00fdm z lidu,\u2020<br \/>on d\u011btem chud\u00fdch bude pomocn\u00edkem<br \/>a utla\u010dovatele zd<strong>r<\/strong>t\u00ed na prach.<\/p>\n<p>&#8211; <sup>5<\/span><\/sup> A\u0165 \u017eije, pokud slunce bude z\u00e1\u0159it,<br \/>co m\u011bs\u00edc bude sv\u00edtit &#8211; z r<strong>o<\/strong>du na rod!<\/p>\n<p>&#8211; <sup>6<\/span><\/sup> A\u0165 sestoup\u00ed jak vl\u00e1ha na lu\u010diny,<br \/>jak de\u0161t\u011b, kter\u00e9 nap\u00e1j<strong>e<\/strong>j\u00ed zemi.<\/p>\n<p>&#8211; <sup>7<\/span><\/sup> Za n\u011bho bude vzkv\u00e9tat spravedlnost<br \/>a pokoj, dokud m\u011bs\u00edc n<strong>e<\/strong>uhasne.<\/p>\n<p>&#8211; <sup>8<\/span><\/sup> Panovat bude od mo\u0159e a\u017e k mo\u0159i,<br \/>od Velk\u00e9 \u0159eky po s\u00e1m k<strong>o<\/strong>nec zem\u011b.<\/p>\n<p>&#8211; <sup>9<\/span><\/sup> Ko\u0159it se p\u0159ed n\u00edm budou nep\u0159\u00e1tel\u00e9,<br \/>prach budou l\u00edzat jeho pr<strong>o<\/strong>tivn\u00edci.<\/p>\n<p>= <sup>10<\/span><\/sup> Kr\u00e1lov\u00e9 Tar\u0161\u00ed\u0161e a ostrovan\u00e9\u2020<br \/>dary mu budou nosit, dan\u011b platit<br \/>kr\u00e1lov\u00e9 z kraj\u016f ar<strong>a<\/strong>bsk\u00fdch a S\u00e1by.<\/p>\n<p>&#8211; <sup>11<\/span><\/sup> Kr\u00e1lov\u00e9 v\u0161ichni budou se mu klan\u011bt,<br \/>n\u00e1rody v\u0161echny pok<strong>o<\/strong>rn\u011b mu slou\u017eit.<\/p>\n<p>&#8211; <sup>12<\/span><\/sup> Ujme se nebo\u017e\u00e1ka, jen\u017e ho vz\u00fdv\u00e1,<br \/>chud\u00e1ka, kter\u00fd n<strong>e<\/strong>m\u00e1 zast\u00e1n\u00ed.<\/p>\n<p>&#8211; <sup>13<\/span><\/sup> On slituje se nad slab\u00fdm a chud\u00fdm,<br \/>on utla\u010den\u00e9 vr<strong>\u00e1<\/strong>t\u00ed k \u017eivotu.<\/p>\n<p>&#8211; <sup>14<\/span><\/sup> Vysvobod\u00ed je z \u00fatisku a k\u0159ivdy &#8211;<br \/>je v jeho o\u010d\u00edch dr<strong>a<\/strong>h\u00e1 jejich krev.<\/p>\n<p>= <sup>15<\/span><\/sup> A\u0165 \u017eije! Zlato arabsk\u00e9 mu daj\u00ed\u2020<br \/>a st\u00e1le za n\u011bho se budou modlit<br \/>a bez ust\u00e1n\u00ed jemu bl<strong>a<\/strong>ho\u0159e\u010dit.<\/p>\n<p>&#8211; <sup>16<\/span><\/sup> K\u00e9\u017e obil\u00ed je st\u00e1l\u00e1 hojnost v zemi,<br \/>a\u017e do sam\u00e9ho vr\u0161ku h<strong>o<\/strong>rsk\u00fdch svah\u016f;<br \/>&#8211; plod jeho jako Libanon a\u0165 kyp\u00ed,<br \/>a\u0165 jeho st\u00e9bla vzkv\u00e9t<strong>a<\/strong>j\u00ed jak tr\u00e1va!<\/p>\n<p>&#8211; <sup>17<\/span><\/sup> Nav\u017edy bu\u010f po\u017eehn\u00e1no jeho jm\u00e9no,<br \/>je\u017e potrv\u00e1, co slunce sl<strong>u<\/strong>ncem bude.<br \/>&#8211; V n\u011bm v\u0161echny kmeny dojdou po\u017eehn\u00e1n\u00ed<br \/>a v\u0161echny n\u00e1rody ho b<strong>u<\/strong>dou slavit.<\/p>\n<p>&#8211; <sup>18<\/span><\/sup> Bu\u010f po\u017eehnan\u00fd P\u00e1n, B\u016fh Izraele,<br \/>jen\u017e jedin\u00fd ty v\u0161echny d<strong>i<\/strong>vy kon\u00e1;<\/p>\n<p>&#8211; <sup>19<\/span><\/sup> bu\u010f po\u017eehn\u00e1no jeho slavn\u00e9 jm\u00e9no,<br \/>zem plna jeho sl\u00e1vy! <strong>A<\/strong>men, amen!<\/p>\n","protected":false},"excerpt":{"rendered":"<p>P\u00e1n se ujme nebo\u017e\u00e1ka, jen\u017e k&nbsp;n\u011bmu vol\u00e1. &#8211; 1 Sv\u011b\u0159, Bo\u017ee, soudcovsk\u00fd sv\u016fj \u00fa\u0159ad kr\u00e1li,svou spravedlnost kr\u00e1lovsk\u00e9mu synu! &#8211; 2 A\u0165 spravedliv\u011b vl\u00e1dne tv\u00e9mu lidu,a\u0165 stoj\u00ed za pr\u00e1vem sv\u00fdch pon\u00ed\u017een\u00fdch. &#8211; 3 P\u0159in\u00e1\u0161et budou hory pokoj lidu,pahorky budou plodit spravedlnost. = 4 On zjedn\u00e1 pr\u00e1vo uti\u0161t\u011bn\u00fdm z lidu,\u2020on d\u011btem chud\u00fdch bude pomocn\u00edkema utla\u010dovatele zdrt\u00ed na &#8230; <a title=\"\u017dalm 72\" class=\"read-more\" href=\"https:\/\/www.texty.santegidio.cz\/?page_id=124\" aria-label=\"More on \u017dalm 72\">Read more<\/a><\/p>\n","protected":false},"author":1,"featured_media":0,"parent":29,"menu_order":0,"comment_status":"closed","ping_status":"closed","template":"","meta":{"_uag_custom_page_level_css":"","jetpack_post_was_ever_published":false,"footnotes":""},"class_list":["post-124","page","type-page","status-publish"],"uagb_featured_image_src":{"full":false,"thumbnail":false,"medium":false,"medium_large":false,"large":false,"1536x1536":false,"2048x2048":false},"uagb_author_info":{"display_name":"Pavel","author_link":"https:\/\/www.texty.santegidio.cz\/?author=1"},"uagb_comment_info":0,"uagb_excerpt":"P\u00e1n se ujme nebo\u017e\u00e1ka, jen\u017e k&nbsp;n\u011bmu vol\u00e1. &#8211; 1 Sv\u011b\u0159, Bo\u017ee, soudcovsk\u00fd sv\u016fj \u00fa\u0159ad kr\u00e1li,svou spravedlnost kr\u00e1lovsk\u00e9mu synu! &#8211; 2 A\u0165 spravedliv\u011b vl\u00e1dne tv\u00e9mu lidu,a\u0165 stoj\u00ed za pr\u00e1vem sv\u00fdch pon\u00ed\u017een\u00fdch. &#8211; 3 P\u0159in\u00e1\u0161et budou hory pokoj lidu,pahorky budou plodit spravedlnost. = 4 On zjedn\u00e1 pr\u00e1vo uti\u0161t\u011bn\u00fdm z lidu,\u2020on d\u011btem chud\u00fdch bude pomocn\u00edkema utla\u010dovatele zdrt\u00ed na&hellip;","jetpack_sharing_enabled":true,"jetpack_shortlink":"https:\/\/wp.me\/PawMsT-20","_links":{"self":[{"href":"https:\/\/www.texty.santegidio.cz\/index.php?rest_route=\/wp\/v2\/pages\/124","targetHints":{"allow":["GET"]}}],"collection":[{"href":"https:\/\/www.texty.santegidio.cz\/index.php?rest_route=\/wp\/v2\/pages"}],"about":[{"href":"https:\/\/www.texty.santegidio.cz\/index.php?rest_route=\/wp\/v2\/types\/page"}],"author":[{"embeddable":true,"href":"https:\/\/www.texty.santegidio.cz\/index.php?rest_route=\/wp\/v2\/users\/1"}],"replies":[{"embeddable":true,"href":"https:\/\/www.texty.santegidio.cz\/index.php?rest_route=%2Fwp%2Fv2%2Fcomments&post=124"}],"version-history":[{"count":1,"href":"https:\/\/www.texty.santegidio.cz\/index.php?rest_route=\/wp\/v2\/pages\/124\/revisions"}],"predecessor-version":[{"id":1294,"href":"https:\/\/www.texty.santegidio.cz\/index.php?rest_route=\/wp\/v2\/pages\/124\/revisions\/1294"}],"up":[{"embeddable":true,"href":"https:\/\/www.texty.santegidio.cz\/index.php?rest_route=\/wp\/v2\/pages\/29"}],"wp:attachment":[{"href":"https:\/\/www.texty.santegidio.cz\/index.php?rest_route=%2Fwp%2Fv2%2Fmedia&parent=124"}],"curies":[{"name":"wp","href":"https:\/\/api.w.org\/{rel}","templated":true}]}}