{"id":123,"date":"2018-12-12T10:15:08","date_gmt":"2018-12-12T09:15:08","guid":{"rendered":"http:\/\/www.texty.santegidio.cz?page_id=123"},"modified":"2018-12-12T10:15:09","modified_gmt":"2018-12-12T09:15:09","slug":"zalm-71","status":"publish","type":"page","link":"https:\/\/www.texty.santegidio.cz\/?page_id=123","title":{"rendered":"\u017dalm 71"},"content":{"rendered":"<p>Nezavrhuj m\u011b ve st\u00e1\u0159\u00ed, Pane.<\/p>\n<p>&#8211; <sup>1<\/span><\/sup> K tob\u011b se, Pane, ut\u00edk\u00e1m,<br \/>nenech m\u011b nav\u017edy v z<strong>a<\/strong>hanben\u00ed!<\/p>\n<p>= <sup>2<\/span><\/sup> Podle sv\u00e9 spravedlnosti\u2020<br \/>vypros\u0165 m\u011b z b\u00eddy, vysvobo\u010f m\u011b,<br \/>pop\u0159ej mi sluch <strong>a<\/strong> zachra\u0148 mne!<\/p>\n<p>= <sup>3<\/span><\/sup> Bu\u010f moj\u00ed sk\u00e1lou ochrannou,\u2020<br \/>mn\u011b na pomoc bu\u010f pevn\u00fdm hradem &#8211;<br \/>v\u017edy\u0165 jsi m\u00e1 sk<strong>\u00e1<\/strong>la, jsi m\u016fj hrad!<\/p>\n<p>&#8211; <sup>4<\/span><\/sup> Zachra\u0148 m\u011b, Pane, z ruky zl\u00fdch,<br \/>ze sp\u00e1r\u016f bezbo\u017en<strong>\u00e9<\/strong>ho lotra!<\/p>\n<p>&#8211; <sup>5<\/span><\/sup> Ty, Pane, jsi m\u00e1 nad\u011bje,<br \/>od ml\u00e1d\u00ed douf\u00e1m v t<strong>e<\/strong>be, Pane.<\/p>\n<p>= <sup>6<\/span><\/sup> Byls p\u0159i mn\u011b v l\u016fn\u011b mate\u0159sk\u00e9m,\u2020<br \/>chr\u00e1n\u00ed\u0161 m\u011b od mat\u010dina kl\u00edna,<br \/>tebe jsem vz<strong>\u00fd<\/strong>val v ka\u017ed\u00fd \u010das!<\/p>\n<p>&#8211; <sup>7<\/span><\/sup> Mnoh\u00fdm jsem u\u010din\u011bn\u00fd div:<br \/>ty jsi mi mocn\u00fdm p<strong>o<\/strong>mocn\u00edkem.<\/p>\n<p>&#8211; <sup>8<\/span><\/sup> \u00fasta m\u00e1m st\u00e1le plna chval,<br \/>po cel\u00fd den k tv\u00e9 sl<strong>\u00e1<\/strong>v\u011b zp\u00edv\u00e1m.<\/p>\n<p>&#8211; <sup>9<\/span><\/sup> Nezavrhuj m\u011b ve st\u00e1\u0159\u00ed,<br \/>a\u017e ztrat\u00edm s\u00edly, n<strong>e<\/strong>opus\u0165 m\u011b!<\/p>\n<p>&#8211; <sup>10<\/span><\/sup> Odp\u016frci o mn\u011b klevet\u00ed,<br \/>\u010d\u00edhaj\u00ed, \u0159\u00edk<strong>a<\/strong>j\u00ed si svorn\u011b:<\/p>\n<p>&#8211; <sup>11<\/span><\/sup> &bdquo;Na n\u011bj, kdy\u017e B\u016fh jej opustil!<br \/>Ochr\u00e1nce nem\u00e1, ch<strong>o<\/strong>pte se ho!&ldquo;<\/p>\n<p>&#8211; <sup>12<\/span><\/sup> Jen, Bo\u017ee, nest\u016fj daleko,<br \/>m\u016fj Bo\u017ee, na p<strong>o<\/strong>moc mi posp\u011b\u0161!<\/p>\n<p>&#8211; <sup>13<\/span><\/sup> Potup ty, kdo m\u011b skli\u010duj\u00ed,<br \/>zahanbi, kdo mou zk<strong>\u00e1<\/strong>zu cht\u011bj\u00ed!<\/p>\n<p>&#8211; <sup>14<\/span><\/sup> J\u00e1 v\u0161ak chci doufat v ka\u017ed\u00fd \u010das<br \/>a rozhla\u0161ovat tv<strong>o<\/strong>ji chv\u00e1lu.<\/p>\n<p>= <sup>15<\/span><\/sup> M\u00e1 \u00fasta denn\u011b hl\u00e1saj\u00ed\u2020<br \/>tvou spravedlnost a tvou pomoc,<br \/>nelze ji <strong>a<\/strong>ni dohl\u00e9dnout.<\/p>\n<p>&#8211; <sup>16<\/span><\/sup> Op\u011bvat budu Bo\u017e\u00ed moc,<br \/>velebit tvoji d<strong>o<\/strong>brotivost.<\/p>\n<p>&#8211; <sup>17<\/span><\/sup> U\u010dils m\u011b, Bo\u017ee, od ml\u00e1d\u00ed,<br \/>dodnes tv\u00e9 mocn\u00e9 d<strong>i<\/strong>vy hl\u00e1s\u00e1m.<\/p>\n<p>= <sup>18<\/span><\/sup> Neopou\u0161t\u011bj m\u011b ve st\u00e1\u0159\u00ed,\u2020<br \/>a\u0165, Pane, p\u0159\u00ed\u0161t\u00edm pokolen\u00edm<br \/>vypr\u00e1v\u00edm o tv<strong>\u00e9<\/strong>m rameni,<\/p>\n<p>&#8211; <sup>19<\/span><\/sup> o divech spravedlnosti,<br \/>je\u017e, Bo\u017ee, v\u0161echno p\u0159<strong>e<\/strong>vy\u0161uje!<br \/>&#8211; Vykonals v\u011bci nesm\u00edrn\u00e9,<br \/>kdo by se tob\u011b, B<strong>o<\/strong>\u017ee, rovnal?<\/p>\n<p>= <sup>20<\/span><\/sup> Dal jsi mi pro\u017e\u00edt zl\u00e9ho dost,\u2020<br \/>a zase k \u017eivotu m\u011b k\u0159\u00eds\u00ed\u0161,<br \/>a\u017e z hlubin z<strong>e<\/strong>m\u011b pozved\u00e1\u0161.<\/p>\n<p>&#8211; <sup>21<\/span><\/sup> Rozhojni moji d\u016fstojnost<br \/>a zase s \u00fat<strong>\u011b<\/strong>chou st\u016fj p\u0159i mn\u011b!<\/p>\n<p>&#8211; <sup>22<\/span><\/sup> S harfou t\u011b budu velebit,<br \/>tvou v\u011brnost op<strong>\u011b<\/strong>vat, m\u016fj Bo\u017ee,<br \/>&#8211; a hr\u00e1ti na sv\u00e9 cite\u0159e<br \/>k tv\u00e9 chv\u00e1le, Svat\u00fd <strong>I<\/strong>zraele!<\/p>\n<p>= <sup>23<\/span><\/sup> A\u0165 zaj\u00e1saj\u00ed moje rty,\u2020<br \/>a\u017e tob\u011b budu hr\u00e1t a zp\u00edvat!<br \/>A\u0165 zachr\u00e1n\u011bn\u00e1 d<strong>u<\/strong>\u0161e j\u00e1s\u00e1!<\/p>\n<p>&#8211; <sup>24<\/span><\/sup> A\u0165 i m\u016fj jazyk cel\u00fd den<br \/>veleb\u00ed tvoji spr<strong>a<\/strong>vedlnost,<br \/>&#8211; \u017ees potupil a zahanbil<br \/>ty, kte\u0159\u00ed hled<strong>a<\/strong>j\u00ed mou zk\u00e1zu.<\/p>\n","protected":false},"excerpt":{"rendered":"<p>Nezavrhuj m\u011b ve st\u00e1\u0159\u00ed, Pane. &#8211; 1 K tob\u011b se, Pane, ut\u00edk\u00e1m,nenech m\u011b nav\u017edy v zahanben\u00ed! = 2 Podle sv\u00e9 spravedlnosti\u2020vypros\u0165 m\u011b z b\u00eddy, vysvobo\u010f m\u011b,pop\u0159ej mi sluch a zachra\u0148 mne! = 3 Bu\u010f moj\u00ed sk\u00e1lou ochrannou,\u2020mn\u011b na pomoc bu\u010f pevn\u00fdm hradem &#8211;v\u017edy\u0165 jsi m\u00e1 sk\u00e1la, jsi m\u016fj hrad! &#8211; 4 Zachra\u0148 m\u011b, Pane, z &#8230; <a title=\"\u017dalm 71\" class=\"read-more\" href=\"https:\/\/www.texty.santegidio.cz\/?page_id=123\" aria-label=\"More on \u017dalm 71\">Read more<\/a><\/p>\n","protected":false},"author":1,"featured_media":0,"parent":29,"menu_order":0,"comment_status":"closed","ping_status":"closed","template":"","meta":{"_uag_custom_page_level_css":"","jetpack_post_was_ever_published":false,"footnotes":""},"class_list":["post-123","page","type-page","status-publish"],"uagb_featured_image_src":{"full":false,"thumbnail":false,"medium":false,"medium_large":false,"large":false,"1536x1536":false,"2048x2048":false},"uagb_author_info":{"display_name":"Pavel","author_link":"https:\/\/www.texty.santegidio.cz\/?author=1"},"uagb_comment_info":0,"uagb_excerpt":"Nezavrhuj m\u011b ve st\u00e1\u0159\u00ed, Pane. &#8211; 1 K tob\u011b se, Pane, ut\u00edk\u00e1m,nenech m\u011b nav\u017edy v zahanben\u00ed! = 2 Podle sv\u00e9 spravedlnosti\u2020vypros\u0165 m\u011b z b\u00eddy, vysvobo\u010f m\u011b,pop\u0159ej mi sluch a zachra\u0148 mne! = 3 Bu\u010f moj\u00ed sk\u00e1lou ochrannou,\u2020mn\u011b na pomoc bu\u010f pevn\u00fdm hradem &#8211;v\u017edy\u0165 jsi m\u00e1 sk\u00e1la, jsi m\u016fj hrad! &#8211; 4 Zachra\u0148 m\u011b, Pane, z&hellip;","jetpack_sharing_enabled":true,"jetpack_shortlink":"https:\/\/wp.me\/PawMsT-1Z","_links":{"self":[{"href":"https:\/\/www.texty.santegidio.cz\/index.php?rest_route=\/wp\/v2\/pages\/123","targetHints":{"allow":["GET"]}}],"collection":[{"href":"https:\/\/www.texty.santegidio.cz\/index.php?rest_route=\/wp\/v2\/pages"}],"about":[{"href":"https:\/\/www.texty.santegidio.cz\/index.php?rest_route=\/wp\/v2\/types\/page"}],"author":[{"embeddable":true,"href":"https:\/\/www.texty.santegidio.cz\/index.php?rest_route=\/wp\/v2\/users\/1"}],"replies":[{"embeddable":true,"href":"https:\/\/www.texty.santegidio.cz\/index.php?rest_route=%2Fwp%2Fv2%2Fcomments&post=123"}],"version-history":[{"count":1,"href":"https:\/\/www.texty.santegidio.cz\/index.php?rest_route=\/wp\/v2\/pages\/123\/revisions"}],"predecessor-version":[{"id":1293,"href":"https:\/\/www.texty.santegidio.cz\/index.php?rest_route=\/wp\/v2\/pages\/123\/revisions\/1293"}],"up":[{"embeddable":true,"href":"https:\/\/www.texty.santegidio.cz\/index.php?rest_route=\/wp\/v2\/pages\/29"}],"wp:attachment":[{"href":"https:\/\/www.texty.santegidio.cz\/index.php?rest_route=%2Fwp%2Fv2%2Fmedia&parent=123"}],"curies":[{"name":"wp","href":"https:\/\/api.w.org\/{rel}","templated":true}]}}