{"id":122,"date":"2018-12-12T10:15:08","date_gmt":"2018-12-12T09:15:08","guid":{"rendered":"http:\/\/www.texty.santegidio.cz?page_id=122"},"modified":"2018-12-12T10:15:09","modified_gmt":"2018-12-12T09:15:09","slug":"zalm-70","status":"publish","type":"page","link":"https:\/\/www.texty.santegidio.cz\/?page_id=122","title":{"rendered":"\u017dalm 70"},"content":{"rendered":"<p>Posp\u011b\u0161 mi na pomoc, Pane!<\/p>\n<p>&#8211; <sup>2<\/span><\/sup> K\u00e9\u017e se ti, Bo\u017ee, zl\u00edb\u00ed m\u011b vysvobodit!<br \/>Posp\u011b\u0161 mi, P<strong>a<\/strong>ne, na pomoc!<\/p>\n<p>&#8211; <sup>3<\/span><\/sup> A\u0165 hanba s potupou padnou kone\u010dn\u011b na ty,<br \/>kdo se m\u011b sn<strong>a<\/strong>\u017e\u00ed zahubit,<br \/>&#8211; a\u0165 se styd\u00ed a zalezou v\u0161ichni,<br \/>kdo se z m\u00fdch p<strong>o<\/strong>hrom raduj\u00ed!<\/p>\n<p>&#8211; <sup>4<\/span><\/sup> Jen a\u0165 se st\u00e1hnou se zahanben\u00edm ti v\u0161ichni,<br \/>kdo o mn\u011b \u0159\u00edkali: &bdquo;D<strong>o<\/strong>b\u0159e mu tak.&ldquo;<\/p>\n<p>&#8211; <sup>5<\/span><\/sup> Zato a\u0165 j\u00e1saj\u00ed, a\u0165 se raduj\u00ed v tob\u011b<br \/>v\u0161ichni, kdo t<strong>e<\/strong>be hledaj\u00ed!<br \/>&#8211; A\u0165 mohou \u0159\u00edkat: &bdquo;Velk\u00fd je B\u016fh,&ldquo;<br \/>kdo k tob\u011b vol<strong>a<\/strong>j\u00ed o pomoc.<\/p>\n<p>&#8211; <sup>6<\/span><\/sup> J\u00e1 jsem jen uboh\u00fd nuz\u00e1k,<br \/>p\u0159ij\u010f k<strong>e<\/strong> mn\u011b, Pane!<br \/>&#8211; Ty jsi m\u00e1 pomoc, m\u016fj zachr\u00e1nce,<br \/>Pane, d\u00e9le u\u017e n<strong>e<\/strong>ot\u00e1lej!<\/p>\n","protected":false},"excerpt":{"rendered":"<p>Posp\u011b\u0161 mi na pomoc, Pane! &#8211; 2 K\u00e9\u017e se ti, Bo\u017ee, zl\u00edb\u00ed m\u011b vysvobodit!Posp\u011b\u0161 mi, Pane, na pomoc! &#8211; 3 A\u0165 hanba s potupou padnou kone\u010dn\u011b na ty,kdo se m\u011b sna\u017e\u00ed zahubit,&#8211; a\u0165 se styd\u00ed a zalezou v\u0161ichni,kdo se z m\u00fdch pohrom raduj\u00ed! &#8211; 4 Jen a\u0165 se st\u00e1hnou se zahanben\u00edm ti v\u0161ichni,kdo o mn\u011b &#8230; <a title=\"\u017dalm 70\" class=\"read-more\" href=\"https:\/\/www.texty.santegidio.cz\/?page_id=122\" aria-label=\"More on \u017dalm 70\">Read more<\/a><\/p>\n","protected":false},"author":1,"featured_media":0,"parent":29,"menu_order":0,"comment_status":"closed","ping_status":"closed","template":"","meta":{"_uag_custom_page_level_css":"","jetpack_post_was_ever_published":false,"footnotes":""},"class_list":["post-122","page","type-page","status-publish"],"uagb_featured_image_src":{"full":false,"thumbnail":false,"medium":false,"medium_large":false,"large":false,"1536x1536":false,"2048x2048":false},"uagb_author_info":{"display_name":"Pavel","author_link":"https:\/\/www.texty.santegidio.cz\/?author=1"},"uagb_comment_info":0,"uagb_excerpt":"Posp\u011b\u0161 mi na pomoc, Pane! &#8211; 2 K\u00e9\u017e se ti, Bo\u017ee, zl\u00edb\u00ed m\u011b vysvobodit!Posp\u011b\u0161 mi, Pane, na pomoc! &#8211; 3 A\u0165 hanba s potupou padnou kone\u010dn\u011b na ty,kdo se m\u011b sna\u017e\u00ed zahubit,&#8211; a\u0165 se styd\u00ed a zalezou v\u0161ichni,kdo se z m\u00fdch pohrom raduj\u00ed! &#8211; 4 Jen a\u0165 se st\u00e1hnou se zahanben\u00edm ti v\u0161ichni,kdo o mn\u011b&hellip;","jetpack_sharing_enabled":true,"jetpack_shortlink":"https:\/\/wp.me\/PawMsT-1Y","_links":{"self":[{"href":"https:\/\/www.texty.santegidio.cz\/index.php?rest_route=\/wp\/v2\/pages\/122","targetHints":{"allow":["GET"]}}],"collection":[{"href":"https:\/\/www.texty.santegidio.cz\/index.php?rest_route=\/wp\/v2\/pages"}],"about":[{"href":"https:\/\/www.texty.santegidio.cz\/index.php?rest_route=\/wp\/v2\/types\/page"}],"author":[{"embeddable":true,"href":"https:\/\/www.texty.santegidio.cz\/index.php?rest_route=\/wp\/v2\/users\/1"}],"replies":[{"embeddable":true,"href":"https:\/\/www.texty.santegidio.cz\/index.php?rest_route=%2Fwp%2Fv2%2Fcomments&post=122"}],"version-history":[{"count":1,"href":"https:\/\/www.texty.santegidio.cz\/index.php?rest_route=\/wp\/v2\/pages\/122\/revisions"}],"predecessor-version":[{"id":1292,"href":"https:\/\/www.texty.santegidio.cz\/index.php?rest_route=\/wp\/v2\/pages\/122\/revisions\/1292"}],"up":[{"embeddable":true,"href":"https:\/\/www.texty.santegidio.cz\/index.php?rest_route=\/wp\/v2\/pages\/29"}],"wp:attachment":[{"href":"https:\/\/www.texty.santegidio.cz\/index.php?rest_route=%2Fwp%2Fv2%2Fmedia&parent=122"}],"curies":[{"name":"wp","href":"https:\/\/api.w.org\/{rel}","templated":true}]}}