{"id":121,"date":"2018-12-12T10:15:08","date_gmt":"2018-12-12T09:15:08","guid":{"rendered":"http:\/\/www.texty.santegidio.cz?page_id=121"},"modified":"2018-12-12T10:15:09","modified_gmt":"2018-12-12T09:15:09","slug":"zalm-69","status":"publish","type":"page","link":"https:\/\/www.texty.santegidio.cz\/?page_id=121","title":{"rendered":"\u017dalm 69"},"content":{"rendered":"<p>Shl\u00e9dni ke mn\u011b, Pane, v sv\u00e9m milosrdenstv\u00ed.<\/p>\n<p>&#8211; <sup>2<\/span><\/sup> Poj\u010f m\u011b zachr\u00e1nit, Bo\u017ee,<br \/>voda a\u017e k h<strong>r<\/strong>dlu mi sah\u00e1,<\/p>\n<p>&#8211; <sup>3<\/span><\/sup> bo\u0159\u00edm se v hlubok\u00e9m bahn\u011b,<br \/>jako by bez<strong>e<\/strong>dn\u00e9 bylo,<br \/>&#8211; padl jsem do hlubin vodn\u00edch,<br \/>proud m\u011b strh<strong>u<\/strong>je s sebou.<\/p>\n<p>&#8211; <sup>4<\/span><\/sup> Jsem u\u017e vys\u00edlen k\u0159ikem,<br \/>hrdlo m\u00e1m <strong>o<\/strong>chrapt\u011bl\u00e9,<br \/>&#8211; o\u010di mi hled\u011bn\u00edm sl\u00e1bnou,<br \/>jak \u010dek\u00e1m na sv<strong>\u00e9<\/strong>ho Boha.<\/p>\n<p>&#8211; <sup>5<\/span><\/sup> V\u00edc, ne\u017e m\u00e1m na hlav\u011b vlas\u016f,<br \/>je t\u011bch, kdo m<strong>a<\/strong>j\u00ed m\u011b v z\u00e1\u0161t\u00ed,<br \/>&#8211; siln\u011bj\u0161\u00ed ne\u017eli m\u00e9 kosti jsou, kdo m\u011b st\u00edhaj\u00ed k\u0159iv\u011b.<br \/>Vr\u00e1tit m\u00e1m to, c<strong>o<\/strong> jsem nevzal!<\/p>\n<p>&#8211; <sup>6<\/span><\/sup> Ty, Bo\u017ee, zn\u00e1\u0161 m\u00e9 po\u0161etilosti,<br \/>proh\u0159e\u0161ky moje n<strong>e<\/strong>jsou ti tajny.<\/p>\n<p>&#8211; <sup>7<\/span><\/sup> Pro mne k\u00e9\u017e nedojdou zahanben\u00ed,<br \/>kdo, Pane z\u00e1stup\u016f, douf<strong>a<\/strong>j\u00ed v tebe,<br \/>&#8211; a\u0165 kv\u016fli mn\u011b se nedo\u010dk\u00e1 hanby,<br \/>kdo hled\u00e1 Boha <strong>I<\/strong>zraele!<\/p>\n<p>&#8211; <sup>8<\/span><\/sup> V\u017edy\u0165 j\u00e1 jsem pro tebe potupu sn\u00e1\u0161el,<br \/>pohana ulp\u011bla n<strong>a<\/strong> m\u00e9 tv\u00e1\u0159i.<\/p>\n<p>&#8211; <sup>9<\/span><\/sup> Odcizil jsem se sv\u00fdm vlastn\u00edm brat\u0159\u00edm,<br \/>syn\u016fm m\u00e9 matky jsem j<strong>a<\/strong>ko ciz\u00ed.<\/p>\n<p>&#8211; <sup>10<\/span><\/sup> Str\u00e1ven jsem t\u00edm, jak pro tv\u016fj d\u016fm horl\u00edm,<br \/>hanoben t\u011bmi, kdo han<strong>o<\/strong>b\u00ed tebe.<\/p>\n<p>&#8211; <sup>11<\/span><\/sup> Sebe jsem t\u00fdral mnoh\u00fdmi posty,<br \/>ale i to mi jen k pot<strong>u<\/strong>p\u011b bylo.<\/p>\n<p>&#8211; <sup>12<\/span><\/sup> V pytli jsem chodil za pok\u00e1n\u00ed,<br \/>za to jsem jim byl l<strong>e<\/strong>da pro sm\u00edch.<\/p>\n<p>&#8211; <sup>13<\/span><\/sup> Tlachaj\u00ed o mn\u011b, kdo u br\u00e1ny sed\u00ed,<br \/>opilci zp\u00edvaj\u00ed posm<strong>\u011b<\/strong>\u0161ky o mn\u011b.<\/p>\n<p>&#8211; <sup>14<\/span><\/sup> J\u00e1 v\u0161ak se modl\u00edm k tob\u011b, Pane!<br \/>Milostiv bu\u010f mi a v<strong>y<\/strong>sly\u0161 m\u011b, Bo\u017ee,<br \/>&#8211; jak jenom ty se smilovat um\u00ed\u0161,<br \/>jak jenom ty jsi v pom<strong>o<\/strong>ci v\u011brn\u00fd!<\/p>\n<p>&#8211; <sup>15<\/span><\/sup> Vypros\u0165 m\u011b z bahna, a\u0165 neutonu,<br \/>zachra\u0148 m\u011b z b\u00eddy a z hlub<strong>o<\/strong>k\u00e9 t\u016fn\u011b,<\/p>\n<p>= <sup>16<\/span><\/sup> aby m\u011b proud u\u017e nestrhoval,\u2020<br \/>aby m\u011b hloubka nepohltila,<br \/>a\u0165 propast nade mnou nez<strong>a<\/strong>v\u0159e j\u00edcen!<\/p>\n<p>&#8211; <sup>17<\/span><\/sup> Vysly\u0161 m\u011b, Pane, v sv\u00e9 slitovn\u00e9 l\u00e1sce,<br \/>shl\u00e9dni ke mn\u011b v sv\u00e9m mil<strong>o<\/strong>srdenstv\u00ed!<\/p>\n<p>&#8211; <sup>18<\/span><\/sup> Neukr\u00fdvej se p\u0159ed slu\u017eebn\u00edkem,<br \/>vysly\u0161 m\u011b, posp\u011b\u0161, n<strong>e<\/strong>nech m\u011b v b\u00edd\u011b!<\/p>\n<p>&#8211; <sup>19<\/span><\/sup> Poj\u010f ke mn\u011b bl\u00ed\u017e a vysvobo\u010f m\u011b,<br \/>zachra\u0148 m\u011b navzdor m\u00fdm n<strong>e<\/strong>p\u0159\u00e1tel\u016fm!<\/p>\n<p>&#8211; <sup>20<\/span><\/sup> Ty p\u0159ece zn\u00e1\u0161 m\u00e9 pon\u00ed\u017een\u00ed,<br \/>p\u0159ed tebou stoj\u00ed m\u00ed pr<strong>o<\/strong>tivn\u00edci.<\/p>\n<p>&#8211; <sup>21<\/span><\/sup> Zahanben\u00ed mi zlomilo srdce,<br \/>potupa m\u00e1 je nezh<strong>o<\/strong>jiteln\u00e1;<br \/>&#8211; doufal jsem v soucit &#8211; ale marn\u011b,<br \/>v ty, kdo m\u011b ut\u011b\u0161\u00ed &#8211; nen<strong>a<\/strong>\u0161el jsem je.<\/p>\n<p>&#8211; <sup>22<\/span><\/sup> \u017dlu\u010d mi kapali do m\u00e9ho j\u00eddla,<br \/>v \u017e\u00edzni m\u011b octem n<strong>a<\/strong>p\u00e1jeli.<br \/>[- <\/span><\/span><sup>23<\/span><\/sup><\/span><\/span> A\u0165 jejich st\u016fl se stane jim past\u00ed,<\/span><\/span><br \/>ob\u011btn\u00ed pokrm n\u00e1vnadou zk\u00e1zy!<\/span><\/span><br \/>&#8211;<\/span> <sup>24<\/span><\/sup><\/span><\/span> Zakal jim o\u010di, \u017ee nebudou vid\u011bt,<\/span><\/span><br \/>a\u0165 jsou nav\u017edycky str\u017eeni v bedrech!<\/span><\/span><br \/>&#8211;<\/span> <sup>25<\/span><\/sup><\/span><\/span> Vylij na n\u011b sv\u00e9 rozho\u0159\u010den\u00ed,<\/span><\/span><br \/>ude\u0159 na n\u011b sv\u00fdm horouc\u00edm hn\u011bvem!<\/span><\/span><br \/>&#8211;<\/span> <sup>26<\/span><\/sup><\/span><\/span> A\u0165 jejich domovy nadobro zpustnou,<\/span><\/span><br \/>a\u0165 jejich stany z\u016fstanou pr\u00e1zdn\u00e9!<\/span><\/span><br \/>&#8211;<\/span> <sup>27<\/span><\/sup><\/span><\/span> St\u00edhaj\u00ed toho, jej\u017e ty u\u017e jsi stihl,<\/span><\/span><br \/>d\u00e1l bij\u00ed toho, jej\u017e ty u\u017e jsi ranil.<\/span><\/span><br \/>&#8211;<\/span> <sup>28<\/span><\/sup><\/span><\/span> Jen je nech d\u00e1l vinu na vinu vr\u0161it,<\/span><\/span><br \/>abys je neshledal spravedliv\u00fdmi!<\/span><\/span><br \/>&#8211;<\/span> <sup>29<\/span><\/sup><\/span><\/span> Jen a\u0165 jsou \u0161krtnuti z knihy \u017eiv\u00fdch,<\/span><\/span><br \/>a\u0165 mezi v\u011brn\u00fdmi zaps\u00e1ni nejsou!]<\/span><\/span><\/p>\n<p>&#8211; <sup>30<\/span><\/sup> J\u00e1 v\u0161ak jsem ubo\u017e\u00e1k v b\u00edd\u011b,<br \/>chra\u0148 m\u011b svou pom<strong>o<\/strong>c\u00ed, Bo\u017ee!<\/p>\n<p>&#8211; <sup>31<\/span><\/sup> Chci jm\u00e9nu Bo\u017e\u00edmu zp\u00edvat,<br \/>vd\u011b\u010dn\u011b je chv<strong>\u00e1<\/strong>lit a slavit.<\/p>\n<p>&#8211; <sup>32<\/span><\/sup> To bude milej\u0161\u00ed P\u00e1nu<br \/>nad \u017eertvu roh<strong>a<\/strong>t\u00fdch b\u00fdk\u016f.<\/p>\n<p>&#8211; <sup>33<\/span><\/sup> T\u011b\u0161te se, pokorn\u00ed, z toho:<br \/>kdo hled\u00e1 B<strong>o<\/strong>ha, ten s\u00edl\u00ed!<\/p>\n<p>&#8211; <sup>34<\/span><\/sup> Nebo\u0165 P\u00e1n uboh\u00e9 sly\u0161\u00ed,<br \/>nezhrdne otr<strong>o<\/strong>ky sv\u00fdmi.<\/p>\n<p>&#8211; <sup>35<\/span><\/sup> Chval ho nebe i zem\u011b,<br \/>mo\u0159e a v\u0161e, c<strong>o<\/strong> v n\u011bm \u017eije!<\/p>\n<p>&#8211; <sup>36<\/span><\/sup> Nebo\u0165 B\u016fh zachov\u00e1 Si\u00f3n,<br \/>zbuduje j<strong>u<\/strong>dsk\u00e1 m\u011bsta;<br \/>&#8211; zabydl\u00ed zemi a ji zd\u011bd\u00ed<br \/><sup>37<\/span><\/sup> potomci t\u011bch, kd<strong>o<\/strong> mu slou\u017e\u00ed;<br \/>&#8211; kdo jeho jm\u00e9no ct\u00ed s l\u00e1skou,<br \/>najdou v n\u00ed n<strong>a<\/strong>v\u017edy sv\u016fj domov.<\/p>\n","protected":false},"excerpt":{"rendered":"<p>Shl\u00e9dni ke mn\u011b, Pane, v sv\u00e9m milosrdenstv\u00ed. &#8211; 2 Poj\u010f m\u011b zachr\u00e1nit, Bo\u017ee,voda a\u017e k hrdlu mi sah\u00e1, &#8211; 3 bo\u0159\u00edm se v hlubok\u00e9m bahn\u011b,jako by bezedn\u00e9 bylo,&#8211; padl jsem do hlubin vodn\u00edch,proud m\u011b strhuje s sebou. &#8211; 4 Jsem u\u017e vys\u00edlen k\u0159ikem,hrdlo m\u00e1m ochrapt\u011bl\u00e9,&#8211; o\u010di mi hled\u011bn\u00edm sl\u00e1bnou,jak \u010dek\u00e1m na sv\u00e9ho Boha. &#8211; 5 &#8230; <a title=\"\u017dalm 69\" class=\"read-more\" href=\"https:\/\/www.texty.santegidio.cz\/?page_id=121\" aria-label=\"More on \u017dalm 69\">Read more<\/a><\/p>\n","protected":false},"author":1,"featured_media":0,"parent":29,"menu_order":0,"comment_status":"closed","ping_status":"closed","template":"","meta":{"_uag_custom_page_level_css":"","jetpack_post_was_ever_published":false,"footnotes":""},"class_list":["post-121","page","type-page","status-publish"],"uagb_featured_image_src":{"full":false,"thumbnail":false,"medium":false,"medium_large":false,"large":false,"1536x1536":false,"2048x2048":false},"uagb_author_info":{"display_name":"Pavel","author_link":"https:\/\/www.texty.santegidio.cz\/?author=1"},"uagb_comment_info":0,"uagb_excerpt":"Shl\u00e9dni ke mn\u011b, Pane, v sv\u00e9m milosrdenstv\u00ed. &#8211; 2 Poj\u010f m\u011b zachr\u00e1nit, Bo\u017ee,voda a\u017e k hrdlu mi sah\u00e1, &#8211; 3 bo\u0159\u00edm se v hlubok\u00e9m bahn\u011b,jako by bezedn\u00e9 bylo,&#8211; padl jsem do hlubin vodn\u00edch,proud m\u011b strhuje s sebou. &#8211; 4 Jsem u\u017e vys\u00edlen k\u0159ikem,hrdlo m\u00e1m ochrapt\u011bl\u00e9,&#8211; o\u010di mi hled\u011bn\u00edm sl\u00e1bnou,jak \u010dek\u00e1m na sv\u00e9ho Boha. &#8211; 5&hellip;","jetpack_sharing_enabled":true,"jetpack_shortlink":"https:\/\/wp.me\/PawMsT-1X","_links":{"self":[{"href":"https:\/\/www.texty.santegidio.cz\/index.php?rest_route=\/wp\/v2\/pages\/121","targetHints":{"allow":["GET"]}}],"collection":[{"href":"https:\/\/www.texty.santegidio.cz\/index.php?rest_route=\/wp\/v2\/pages"}],"about":[{"href":"https:\/\/www.texty.santegidio.cz\/index.php?rest_route=\/wp\/v2\/types\/page"}],"author":[{"embeddable":true,"href":"https:\/\/www.texty.santegidio.cz\/index.php?rest_route=\/wp\/v2\/users\/1"}],"replies":[{"embeddable":true,"href":"https:\/\/www.texty.santegidio.cz\/index.php?rest_route=%2Fwp%2Fv2%2Fcomments&post=121"}],"version-history":[{"count":1,"href":"https:\/\/www.texty.santegidio.cz\/index.php?rest_route=\/wp\/v2\/pages\/121\/revisions"}],"predecessor-version":[{"id":1291,"href":"https:\/\/www.texty.santegidio.cz\/index.php?rest_route=\/wp\/v2\/pages\/121\/revisions\/1291"}],"up":[{"embeddable":true,"href":"https:\/\/www.texty.santegidio.cz\/index.php?rest_route=\/wp\/v2\/pages\/29"}],"wp:attachment":[{"href":"https:\/\/www.texty.santegidio.cz\/index.php?rest_route=%2Fwp%2Fv2%2Fmedia&parent=121"}],"curies":[{"name":"wp","href":"https:\/\/api.w.org\/{rel}","templated":true}]}}