{"id":120,"date":"2018-12-12T10:15:08","date_gmt":"2018-12-12T09:15:08","guid":{"rendered":"http:\/\/www.texty.santegidio.cz?page_id=120"},"modified":"2018-12-12T10:15:09","modified_gmt":"2018-12-12T09:15:09","slug":"zalm-68","status":"publish","type":"page","link":"https:\/\/www.texty.santegidio.cz\/?page_id=120","title":{"rendered":"\u017dalm 68"},"content":{"rendered":"<p>Veleben bu\u010f P\u00e1n, kter\u00fd osvobozuje sv\u016fj lid.<\/p>\n<p>&#8211; <sup>2<\/span><\/sup> B\u016fh povstal &#8211; rozpr\u00e1\u0161eni nep\u0159\u00e1tel\u00e9,<br \/>prchaj\u00ed p\u0159ed n\u00edm, kdo ho n<strong>e<\/strong>n\u00e1vid\u00ed.<\/p>\n<p>= <sup>3<\/span><\/sup> Rozptyluj\u00ed se tak, jak d\u00fdm se trat\u00ed;\u2020<br \/>a jako vosk se tav\u00ed nad plamenem,<br \/>tak hynou h\u0159\u00ed\u0161n\u00edci p\u0159ed B<strong>o<\/strong>\u017e\u00ed tv\u00e1\u0159\u00ed.<\/p>\n<p>&#8211; <sup>4<\/span><\/sup> A spravedliv\u00ed p\u0159ed Bohem se t\u011b\u0161\u00ed<br \/>a j\u00e1saj\u00ed a ves<strong>e<\/strong>l\u00ed se blahem.<\/p>\n<p>= <sup>5<\/span><\/sup> Zp\u00edvejte Bohu, chvalte jeho jm\u00e9no,\u2020<br \/>razte mu dr\u00e1hu, pou\u0161t\u00ed p\u0159ich\u00e1z\u00ed.<br \/>J\u00e1sejte P\u00e1nu, rad<strong>u<\/strong>jte se v n\u011bm!<\/p>\n<p>&#8211; <sup>6<\/span><\/sup> Je otcem sirotk\u016f a vdovy chr\u00e1n\u00ed<br \/>n\u00e1\u0161 B\u016fh, jen\u017e s\u00eddl\u00ed ve sv<strong>\u00e9<\/strong> svatyni,<\/p>\n<p>= <sup>7<\/span><\/sup> B\u016fh, kter\u00fd d\u00e1v\u00e1 domov opu\u0161t\u011bn\u00fdm,\u2020<br \/>zajat\u00e9 na svobodu vyv\u00e1d\u00ed,<br \/>vzpurn\u00edky nech\u00e1 v\u0161ak \u017e<strong>\u00ed<\/strong>t v pustin\u011b.<\/p>\n<p>&#8211; <sup>8<\/span><\/sup> Bo\u017ee, kdy\u017e vy\u0161els v \u010dele sv\u00e9ho lidu<br \/>a kdy\u017e jsi p\u0159ed n\u00edm kr<strong>\u00e1<\/strong>\u010del po pou\u0161ti,<\/p>\n<p>&#8211; <sup>9<\/span><\/sup> zem\u011b se t\u0159\u00e1sla, nebe rozt\u00e9kalo<br \/>p\u0159ed Bohem, jen\u017e je Bohem <strong>I<\/strong>zraele.<\/p>\n<p>&#8211; <sup>10<\/span><\/sup> V de\u0161t\u00edch jsi, Bo\u017ee, d\u00e1val hojnost vl\u00e1hy,<br \/>sv\u00e9 d\u011bdictv\u00ed, u\u017e vadn<strong>ou<\/strong>c\u00ed, jsi k\u0159\u00edsil.<\/p>\n<p>&#8211; <sup>11<\/span><\/sup> Tam ut\u00e1bo\u0159ilo se tvoje pl\u00e9m\u011b,<br \/>z l\u00e1sky dals, Pane, domov p<strong>o<\/strong>n\u00ed\u017een\u00fdm.<\/p>\n<p>&#8211; <sup>12<\/span><\/sup> P\u00e1n vy\u0159kl svoje v\u0161emohouc\u00ed slovo:<br \/>&bdquo;Rozpr\u00e1\u0161il \u010detn\u00e1 vojska Sv<strong>r<\/strong>chovan\u00fd!&ldquo;<\/p>\n<p>&#8211; <sup>13<\/span><\/sup> Kr\u00e1lov\u00e9 s vojsky b\u011b\u017e\u00ed, ut\u00edkaj\u00ed!<br \/>Str\u00e1\u017ekyn\u011b domu rozd\u011bl<strong>u<\/strong>je ko\u0159ist.<\/p>\n<p>&#8211; <sup>14<\/span><\/sup> Zat\u00edmco vy si mezi st\u00e1dy sp\u00edte,<br \/>post\u0159\u00edb\u0159ila se k\u0159\u00eddla h<strong>o<\/strong>lubice,<br \/>&#8211; perut\u011b jej\u00ed zaskv\u011bly se zlatem,<br \/><sup>15<\/span><\/sup> klenoty jako sn\u011bhem n<strong>a<\/strong> Salmonu.<\/p>\n<p>&#8211; <sup>16<\/span><\/sup> Ba\u0161ansk\u00e9 hory, to jsou hory mocn\u00e9,<br \/>ba\u0161ansk\u00e9 hory, to jsou h<strong>o<\/strong>ry mra\u010dn\u00e9.<\/p>\n<p>= <sup>17<\/span><\/sup> Pro\u010d vzhl\u00ed\u017e\u00edte tak z\u00e1vistn\u011b, vy hory,\u2020<br \/>k vrchu, jej\u017e B\u016fh si zvolil za sv\u00e9 s\u00eddlo?<br \/>S\u00e1m P\u00e1n tam bude s\u00eddlit d<strong>o<\/strong> v\u011b\u010dnosti.<\/p>\n<p>&#8211; <sup>18<\/span><\/sup> \u010cetn\u00e9 jsou vozy Bo\u017e\u00ed, do tis\u00edc\u016f:<br \/>P\u00e1n ze Sinaje do svat<strong>y<\/strong>n\u011b vch\u00e1z\u00ed.<\/p>\n<p>&#8211; <sup>19<\/span><\/sup> Vystoupils, Pane, do sv\u00e9 vysokosti<br \/>a svoje zajat\u00e9 jsi v<strong>e<\/strong>dl s sebou.<br \/>&#8211; Tam pak jsi p\u0159ijal darem lidi za sv\u00e9,<br \/>i ty, co br\u00e1n\u00ed se \u017e\u00edt v d<strong>o<\/strong>m\u011b P\u00e1n\u011b.<\/p>\n<p>&#8211; <sup>20<\/span><\/sup> Vzd\u00e1vejte P\u00e1nu ka\u017edodenn\u011b chv\u00e1lu:<br \/>on s\u00e1m n\u00e1s nese, je n\u00e1m p<strong>o<\/strong>mocn\u00edkem.<\/p>\n<p>&#8211; <sup>21<\/span><\/sup> N\u00e1\u0161 B\u016fh je B\u016fh, jen\u017e pom\u00e1h\u00e1 a chr\u00e1n\u00ed,<br \/>P\u00e1n, kter\u00fd ze smrti zn\u00e1 v<strong>\u00fd<\/strong>chodisko.<\/p>\n<p>&#8211; <sup>22<\/span><\/sup> P\u00e1n hlavu rozt\u0159\u00ed\u0161t\u00ed sv\u00fdm nep\u0159\u00e1tel\u016fm,<br \/>temeno t\u011bm, kdo setrv<strong>a<\/strong>j\u00ed v h\u0159\u00ed\u0161\u00edch.<\/p>\n<p>&#8211; <sup>23<\/span><\/sup> &bdquo;I z Ba\u0161anu je p\u0159ivedu,&ldquo; P\u00e1n prav\u00ed,<br \/>&bdquo;p\u0159ivedu ti je t\u0159eba z hl<strong>u<\/strong>bin mo\u0159e,<\/p>\n<p>&#8211; <sup>24<\/span><\/sup> a\u0165 nohy m\u016f\u017ee\u0161 um\u00fdvat si v krvi,<br \/>jazyk tv\u00fdch ps\u016f a\u0165 z nep\u0159<strong>\u00e1<\/strong>tel m\u00e1 pod\u00edl!&ldquo;<\/p>\n<p>&#8211; <sup>25<\/span><\/sup> My jsme t\u011b, Pane, vid\u011bli, jak vch\u00e1z\u00ed\u0161,<br \/>m\u016fj kr\u00e1l a B\u016fh jak vch\u00e1z\u00ed d<strong>o<\/strong> svatyn\u011b.<\/p>\n<p>&#8211; <sup>26<\/span><\/sup> Zp\u011bv\u00e1ci vp\u0159edu, vzadu hudebn\u00edci,<br \/>uprost\u0159ed panny do bub<strong>\u00ed<\/strong>nk\u016f tlukou.<\/p>\n<p>&#8211; <sup>27<\/span><\/sup> Veleb\u00ed P\u00e1na v ch\u00f3rech, P\u00e1na chv\u00e1l\u00ed<br \/>ve slavn\u00e9m shrom\u00e1\u017ed\u011bn\u00ed <strong>I<\/strong>zraele.<\/p>\n<p>= <sup>28<\/span><\/sup> Benjamin, nejmlad\u0161\u00ed, jde prvn\u00ed vp\u0159edu,\u2020<br \/>pak judsk\u00e1 kn\u00ed\u017eata a jejich pok\u0159ik,<br \/>kn\u00ed\u017eata Zabul\u00f3na, N<strong>e<\/strong>ftaliho.<\/p>\n<p>&#8211; <sup>29<\/span><\/sup> Zjev, Pane, p\u0159ed nimi svou moc, moc P\u00e1n\u011b,<br \/>svou moc, ji\u017e, Pane, uk<strong>\u00e1<\/strong>zal jsi na n\u00e1s<\/p>\n<p>&#8211; <sup>30<\/span><\/sup> ze sv\u00e9ho chr\u00e1mu nad Jeruzal\u00e9mem,<br \/>a\u0165 kr\u00e1lov\u00e9 ti p\u0159in\u00e1\u0161<strong>e<\/strong>j\u00ed dary!<\/p>\n<p>&#8211; <sup>31<\/span><\/sup> Zkru\u0161 zv\u00ed\u0159e v r\u00e1kos\u00ed, zkru\u0161 z\u00e1stup siln\u00fdch<br \/>a v\u0161echny, kdo jsou p\u00e1ny n<strong>a<\/strong>d n\u00e1rody!<br \/>&#8211; Za\u0161l\u00e1pni ty, kdo za st\u0159\u00edbrem se hon\u00ed,<br \/>rozmetej v\u0161echny v\u00e1le\u010dn<strong>i<\/strong>ck\u00e9 kmeny!<\/p>\n<p>&#8211; <sup>32<\/span><\/sup> Jenom a\u0165 p\u0159ijdou mocn\u00ed z Egyp\u0165an\u016f,<br \/>a\u0165 ruce k Bohu vzt\u00e1hnou <strong>E<\/strong>tiop\u0161t\u00ed!<\/p>\n<p>&#8211; <sup>33<\/span><\/sup> Zp\u00edvejte Bohu, v\u0161echny \u0159\u00ed\u0161e sv\u011bta,<br \/>jen hrejte na po\u010dest a k chv<strong>\u00e1<\/strong>le P\u00e1na,<\/p>\n<p>&#8211; <sup>34<\/span><\/sup> jen\u017e nebem proj\u00ed\u017ed\u00ed, t\u00edm d\u00e1vn\u00fdm nebem!<br \/>Sly\u0161te, jak h\u0159m\u00ed sv\u00fdm hlasem, str<strong>a<\/strong>\u0161n\u00fdm hlasem:<\/p>\n<p>&#8211; <sup>35<\/span><\/sup> &bdquo;Ct\u011bte moc P\u00e1n\u011b! Z\u00e1\u0159\u00ed v Izraeli<br \/>a jeho velk\u00e1 moc a\u017e n<strong>a<\/strong>d oblaky.&ldquo;<\/p>\n<p>= <sup>36<\/span><\/sup> Hrozn\u00fd je B\u016fh, jen\u017e s\u00eddl\u00ed ve svatyni,\u2020<br \/>B\u016fh Izraele, d\u00e1v\u00e1 moc a s\u00edlu n\u00e1rodu sv\u00e9mu.<br \/>Vel<strong>e<\/strong>ben bu\u010f P\u00e1n!<\/p>\n","protected":false},"excerpt":{"rendered":"<p>Veleben bu\u010f P\u00e1n, kter\u00fd osvobozuje sv\u016fj lid. &#8211; 2 B\u016fh povstal &#8211; rozpr\u00e1\u0161eni nep\u0159\u00e1tel\u00e9,prchaj\u00ed p\u0159ed n\u00edm, kdo ho nen\u00e1vid\u00ed. = 3 Rozptyluj\u00ed se tak, jak d\u00fdm se trat\u00ed;\u2020a jako vosk se tav\u00ed nad plamenem,tak hynou h\u0159\u00ed\u0161n\u00edci p\u0159ed Bo\u017e\u00ed tv\u00e1\u0159\u00ed. &#8211; 4 A spravedliv\u00ed p\u0159ed Bohem se t\u011b\u0161\u00eda j\u00e1saj\u00ed a vesel\u00ed se blahem. = 5 Zp\u00edvejte &#8230; <a title=\"\u017dalm 68\" class=\"read-more\" href=\"https:\/\/www.texty.santegidio.cz\/?page_id=120\" aria-label=\"More on \u017dalm 68\">Read more<\/a><\/p>\n","protected":false},"author":1,"featured_media":0,"parent":29,"menu_order":0,"comment_status":"closed","ping_status":"closed","template":"","meta":{"_uag_custom_page_level_css":"","jetpack_post_was_ever_published":false,"footnotes":""},"class_list":["post-120","page","type-page","status-publish"],"uagb_featured_image_src":{"full":false,"thumbnail":false,"medium":false,"medium_large":false,"large":false,"1536x1536":false,"2048x2048":false},"uagb_author_info":{"display_name":"Pavel","author_link":"https:\/\/www.texty.santegidio.cz\/?author=1"},"uagb_comment_info":0,"uagb_excerpt":"Veleben bu\u010f P\u00e1n, kter\u00fd osvobozuje sv\u016fj lid. &#8211; 2 B\u016fh povstal &#8211; rozpr\u00e1\u0161eni nep\u0159\u00e1tel\u00e9,prchaj\u00ed p\u0159ed n\u00edm, kdo ho nen\u00e1vid\u00ed. = 3 Rozptyluj\u00ed se tak, jak d\u00fdm se trat\u00ed;\u2020a jako vosk se tav\u00ed nad plamenem,tak hynou h\u0159\u00ed\u0161n\u00edci p\u0159ed Bo\u017e\u00ed tv\u00e1\u0159\u00ed. &#8211; 4 A spravedliv\u00ed p\u0159ed Bohem se t\u011b\u0161\u00eda j\u00e1saj\u00ed a vesel\u00ed se blahem. = 5 Zp\u00edvejte&hellip;","jetpack_sharing_enabled":true,"jetpack_shortlink":"https:\/\/wp.me\/PawMsT-1W","_links":{"self":[{"href":"https:\/\/www.texty.santegidio.cz\/index.php?rest_route=\/wp\/v2\/pages\/120","targetHints":{"allow":["GET"]}}],"collection":[{"href":"https:\/\/www.texty.santegidio.cz\/index.php?rest_route=\/wp\/v2\/pages"}],"about":[{"href":"https:\/\/www.texty.santegidio.cz\/index.php?rest_route=\/wp\/v2\/types\/page"}],"author":[{"embeddable":true,"href":"https:\/\/www.texty.santegidio.cz\/index.php?rest_route=\/wp\/v2\/users\/1"}],"replies":[{"embeddable":true,"href":"https:\/\/www.texty.santegidio.cz\/index.php?rest_route=%2Fwp%2Fv2%2Fcomments&post=120"}],"version-history":[{"count":1,"href":"https:\/\/www.texty.santegidio.cz\/index.php?rest_route=\/wp\/v2\/pages\/120\/revisions"}],"predecessor-version":[{"id":1290,"href":"https:\/\/www.texty.santegidio.cz\/index.php?rest_route=\/wp\/v2\/pages\/120\/revisions\/1290"}],"up":[{"embeddable":true,"href":"https:\/\/www.texty.santegidio.cz\/index.php?rest_route=\/wp\/v2\/pages\/29"}],"wp:attachment":[{"href":"https:\/\/www.texty.santegidio.cz\/index.php?rest_route=%2Fwp%2Fv2%2Fmedia&parent=120"}],"curies":[{"name":"wp","href":"https:\/\/api.w.org\/{rel}","templated":true}]}}