{"id":119,"date":"2018-12-12T10:15:08","date_gmt":"2018-12-12T09:15:08","guid":{"rendered":"http:\/\/www.texty.santegidio.cz?page_id=119"},"modified":"2018-12-12T10:15:09","modified_gmt":"2018-12-12T09:15:09","slug":"zalm-67","status":"publish","type":"page","link":"https:\/\/www.texty.santegidio.cz\/?page_id=119","title":{"rendered":"\u017dalm 67"},"content":{"rendered":"<p>K\u00e9\u017e n\u00e1m sv\u00edt\u00ed sv\u011btlo tv\u00e1\u0159e P\u00e1na.<\/p>\n<p>&#8211; <sup>2<\/span><\/sup> P\u00e1n bu\u010f milostiv a \u017eehnej n\u00e1m!<br \/>K\u00e9\u017e n\u00e1m sv\u00edt\u00ed sv\u011btlo j<strong>e<\/strong>ho tv\u00e1\u0159e!<\/p>\n<p>&#8211; <sup>3<\/span><\/sup> A\u0165 se zn\u00e1 tv\u00e1 cesta na zemi,<br \/>pomoc tvou a\u0165 znaj\u00ed v\u0161<strong>i<\/strong>chni lid\u00e9!<\/p>\n<p>&#8211; <sup>4<\/span><\/sup> K\u00e9\u017e t\u011b, Bo\u017ee, chv\u00e1l\u00ed n\u00e1rody,<br \/>k\u00e9\u017e t\u011b chv\u00e1l\u00ed v\u0161echny l<strong>i<\/strong>dsk\u00e9 rody!<\/p>\n<p>&#8211; <sup>5<\/span><\/sup> N\u00e1rody a\u0165 mocn\u011b j\u00e1saj\u00ed<br \/>nad t\u00edm, jak sv\u011bt spravedl<strong>i<\/strong>v\u011b soud\u00ed\u0161!<br \/>&#8211; Nebo\u0165 pr\u00e1vem soud\u00ed\u0161 n\u00e1rody,<br \/>v\u0161echny lidsk\u00e9 kmeny sv<strong>\u011b<\/strong>ta \u0159\u00edd\u00ed\u0161.<\/p>\n<p>&#8211; <sup>6<\/span><\/sup> K\u00e9\u017e t\u011b, Bo\u017ee, chv\u00e1l\u00ed n\u00e1rody,<br \/>k\u00e9\u017e t\u011b chv\u00e1l\u00ed v\u0161echny l<strong>i<\/strong>dsk\u00e9 rody!<\/p>\n<p>&#8211; <sup>7<\/span><\/sup> Zem\u011b vydala svou \u00farodu,<br \/>P\u00e1n, n\u00e1\u0161 B\u016fh, n\u00e1m dal sv\u00e9 p<strong>o<\/strong>\u017eehn\u00e1n\u00ed.<\/p>\n<p>&#8211; <sup>8<\/span><\/sup> K\u00e9\u017e n\u00e1m \u017eehn\u00e1 v\u0161emohouc\u00ed B\u016fh!<br \/>A\u0165 ho v b\u00e1zni v\u0161echna z<strong>e<\/strong>m\u011b vz\u00fdv\u00e1!<\/p>\n","protected":false},"excerpt":{"rendered":"<p>K\u00e9\u017e n\u00e1m sv\u00edt\u00ed sv\u011btlo tv\u00e1\u0159e P\u00e1na. &#8211; 2 P\u00e1n bu\u010f milostiv a \u017eehnej n\u00e1m!K\u00e9\u017e n\u00e1m sv\u00edt\u00ed sv\u011btlo jeho tv\u00e1\u0159e! &#8211; 3 A\u0165 se zn\u00e1 tv\u00e1 cesta na zemi,pomoc tvou a\u0165 znaj\u00ed v\u0161ichni lid\u00e9! &#8211; 4 K\u00e9\u017e t\u011b, Bo\u017ee, chv\u00e1l\u00ed n\u00e1rody,k\u00e9\u017e t\u011b chv\u00e1l\u00ed v\u0161echny lidsk\u00e9 rody! &#8211; 5 N\u00e1rody a\u0165 mocn\u011b j\u00e1saj\u00ednad t\u00edm, jak sv\u011bt spravedliv\u011b &#8230; <a title=\"\u017dalm 67\" class=\"read-more\" href=\"https:\/\/www.texty.santegidio.cz\/?page_id=119\" aria-label=\"More on \u017dalm 67\">Read more<\/a><\/p>\n","protected":false},"author":1,"featured_media":0,"parent":29,"menu_order":0,"comment_status":"closed","ping_status":"closed","template":"","meta":{"_uag_custom_page_level_css":"","jetpack_post_was_ever_published":false,"footnotes":""},"class_list":["post-119","page","type-page","status-publish"],"uagb_featured_image_src":{"full":false,"thumbnail":false,"medium":false,"medium_large":false,"large":false,"1536x1536":false,"2048x2048":false},"uagb_author_info":{"display_name":"Pavel","author_link":"https:\/\/www.texty.santegidio.cz\/?author=1"},"uagb_comment_info":0,"uagb_excerpt":"K\u00e9\u017e n\u00e1m sv\u00edt\u00ed sv\u011btlo tv\u00e1\u0159e P\u00e1na. &#8211; 2 P\u00e1n bu\u010f milostiv a \u017eehnej n\u00e1m!K\u00e9\u017e n\u00e1m sv\u00edt\u00ed sv\u011btlo jeho tv\u00e1\u0159e! &#8211; 3 A\u0165 se zn\u00e1 tv\u00e1 cesta na zemi,pomoc tvou a\u0165 znaj\u00ed v\u0161ichni lid\u00e9! &#8211; 4 K\u00e9\u017e t\u011b, Bo\u017ee, chv\u00e1l\u00ed n\u00e1rody,k\u00e9\u017e t\u011b chv\u00e1l\u00ed v\u0161echny lidsk\u00e9 rody! &#8211; 5 N\u00e1rody a\u0165 mocn\u011b j\u00e1saj\u00ednad t\u00edm, jak sv\u011bt spravedliv\u011b&hellip;","jetpack_sharing_enabled":true,"jetpack_shortlink":"https:\/\/wp.me\/PawMsT-1V","_links":{"self":[{"href":"https:\/\/www.texty.santegidio.cz\/index.php?rest_route=\/wp\/v2\/pages\/119","targetHints":{"allow":["GET"]}}],"collection":[{"href":"https:\/\/www.texty.santegidio.cz\/index.php?rest_route=\/wp\/v2\/pages"}],"about":[{"href":"https:\/\/www.texty.santegidio.cz\/index.php?rest_route=\/wp\/v2\/types\/page"}],"author":[{"embeddable":true,"href":"https:\/\/www.texty.santegidio.cz\/index.php?rest_route=\/wp\/v2\/users\/1"}],"replies":[{"embeddable":true,"href":"https:\/\/www.texty.santegidio.cz\/index.php?rest_route=%2Fwp%2Fv2%2Fcomments&post=119"}],"version-history":[{"count":1,"href":"https:\/\/www.texty.santegidio.cz\/index.php?rest_route=\/wp\/v2\/pages\/119\/revisions"}],"predecessor-version":[{"id":1289,"href":"https:\/\/www.texty.santegidio.cz\/index.php?rest_route=\/wp\/v2\/pages\/119\/revisions\/1289"}],"up":[{"embeddable":true,"href":"https:\/\/www.texty.santegidio.cz\/index.php?rest_route=\/wp\/v2\/pages\/29"}],"wp:attachment":[{"href":"https:\/\/www.texty.santegidio.cz\/index.php?rest_route=%2Fwp%2Fv2%2Fmedia&parent=119"}],"curies":[{"name":"wp","href":"https:\/\/api.w.org\/{rel}","templated":true}]}}