{"id":118,"date":"2018-12-12T10:15:08","date_gmt":"2018-12-12T09:15:08","guid":{"rendered":"http:\/\/www.texty.santegidio.cz?page_id=118"},"modified":"2018-12-12T10:15:09","modified_gmt":"2018-12-12T09:15:09","slug":"zalm-66","status":"publish","type":"page","link":"https:\/\/www.texty.santegidio.cz\/?page_id=118","title":{"rendered":"\u017dalm 66"},"content":{"rendered":"<p>Ty jsi, Pane, daroval na\u0161\u00ed du\u0161i \u017eivot.<\/p>\n<p>&#8211; <sup>1<\/span><\/sup> J\u00e1sejte Bohu, v\u0161echny zem\u011b,<br \/><sup>2<\/span><\/sup> zp\u00edvejte k sl\u00e1v\u011b j<strong>e<\/strong>ho jm\u00e9na!<\/p>\n<p>= <sup>3<\/span><\/sup> \u0158ekn\u011bte Bohu: &bdquo;Jak\u00fd jsi mocn\u00fd,\u2020<br \/>skutky tv\u00e9 moci tak podivuhodn\u00e9,<br \/>\u017ee se i nep\u0159\u00edtel pokl<strong>o<\/strong>nit mus\u00ed!<\/p>\n<p>&#8211; <sup>4<\/span><\/sup> Cel\u00fd sv\u011bt a\u0165 se ti ko\u0159\u00ed a zp\u00edv\u00e1,<br \/>a\u0165 zp\u00edv\u00e1 k poct\u011b tv<strong>\u00e9<\/strong>ho jm\u00e9na!&ldquo;<\/p>\n<p>&#8211; <sup>5<\/span><\/sup> Poj\u010fte a vizte Bo\u017e\u00ed skutky!<br \/>\u00fa\u017easn\u00e9 je, co l<strong>i<\/strong>dem \u010din\u00ed.<\/p>\n<p>= <sup>6<\/span><\/sup> Prom\u011bnil mo\u0159e v suchou zemi;\u2020<br \/>potom i \u0159eku p\u0159e\u0161li p\u011b\u0161ky.<br \/>On je n\u00e1m zdrojem r<strong>a<\/strong>dov\u00e1n\u00ed!<\/p>\n<p>= <sup>7<\/span><\/sup> On vl\u00e1dne nav\u011bky svou moc\u00ed,\u2020<br \/>n\u00e1rody sleduje sv\u00fdm zrakem,<br \/>zpupn\u00ed se neodv<strong>\u00e1<\/strong>\u017e\u00ed vzep\u0159\u00edt.<\/p>\n<p>&#8211; <sup>8<\/span><\/sup> N\u00e1rody, chvalte na\u0161eho Boha<br \/>a v\u0161ude \u0161i\u0159te j<strong>e<\/strong>ho chv\u00e1lu!<\/p>\n<p>&#8211; <sup>9<\/span><\/sup> On na\u0161\u00ed du\u0161i daroval \u017eivot,<br \/>na\u0161im noh\u00e1m klop<strong>\u00fd<\/strong>tnout nedal.<\/p>\n<p>&#8211; <sup>10<\/span><\/sup> Zajist\u00e9 jsi n\u00e1s, Bo\u017ee, i zkou\u0161el,<br \/>v plameni t\u0159\u00edbil j<strong>a<\/strong>ko st\u0159\u00edbro.<\/p>\n<p>&#8211; <sup>11<\/span><\/sup> Dopustils, \u017ee jsme v sou\u017een\u00ed ve\u0161li,<br \/>na bedra vlo\u017eils n\u00e1m t<strong>\u011b<\/strong>\u017ek\u00e9 b\u0159\u00edm\u011b.<\/p>\n<p>= <sup>12<\/span><\/sup> Nechals lidi n\u00e1m p\u0159es hlavu cv\u00e1lat,\u2020<br \/>pro\u0161li jsme ohn\u011bm, pro\u0161li vodou:<br \/>vyvedls n\u00e1s v\u0161ak d<strong>o<\/strong> volnosti!<\/p>\n<p>&#8211; <sup>13<\/span><\/sup> S ob\u011btn\u00edm darem jdu do tv\u00e9ho domu,<br \/>abych ti splnil d<strong>a<\/strong>n\u00e9 sliby,<\/p>\n<p>&#8211; <sup>14<\/span><\/sup> tak jak mi v nouzi vy\u0161ly ze rt\u016f,<br \/>jak ti je p\u0159edn<strong>e<\/strong>sla m\u00e1 \u00fasta.<\/p>\n<p>= <sup>15<\/span><\/sup> Tu\u010dnou zv\u011b\u0159 nesu ti k z\u00e1paln\u00e9 \u017eertv\u011b,\u2020<br \/>z beran\u016f ob\u011btn\u00ed d\u00fdm a\u0165 stoup\u00e1,<br \/>b\u00fd\u010dky a kozly ti <strong>o<\/strong>b\u011btuji.<\/p>\n<p>&#8211; <sup>16<\/span><\/sup> Poj\u010fte a posly\u0161te, bohabojn\u00ed,<br \/>pov\u00edm, co B\u016fh mi dobr<strong>\u00e9<\/strong>ho \u010din\u00ed.<\/p>\n<p>&#8211; <sup>17<\/span><\/sup> Je\u0161t\u011b jsem k n\u011bmu k\u0159i\u010del v t\u00edsni,<br \/>a ji\u017e m\u016fj jazyk mu chval<strong>o<\/strong>zp\u011bv chystal.<\/p>\n<p>&#8211; <sup>18<\/span><\/sup> Kdybych byl v srdci sm\u00fd\u0161lel \u0161patn\u011b,<br \/>B\u016fh by m\u011b jist\u011b n<strong>e<\/strong>vysly\u0161el.<\/p>\n<p>&#8211; <sup>19<\/span><\/sup> Av\u0161ak B\u016fh moje modlitby sly\u0161el,<br \/>m\u00e9mu vol\u00e1n\u00ed p<strong>o<\/strong>p\u0159\u00e1l sluchu.<\/p>\n<p>= <sup>20<\/span><\/sup> P\u00e1nu bu\u010f za to d\u00edk a chv\u00e1la,\u2020<br \/>\u017ee moji modlitbu neodm\u00edtl<br \/>a svou l\u00e1sku mi n<strong>e<\/strong>odep\u0159el!<\/p>\n","protected":false},"excerpt":{"rendered":"<p>Ty jsi, Pane, daroval na\u0161\u00ed du\u0161i \u017eivot. &#8211; 1 J\u00e1sejte Bohu, v\u0161echny zem\u011b,2 zp\u00edvejte k sl\u00e1v\u011b jeho jm\u00e9na! = 3 \u0158ekn\u011bte Bohu: &bdquo;Jak\u00fd jsi mocn\u00fd,\u2020skutky tv\u00e9 moci tak podivuhodn\u00e9,\u017ee se i nep\u0159\u00edtel poklonit mus\u00ed! &#8211; 4 Cel\u00fd sv\u011bt a\u0165 se ti ko\u0159\u00ed a zp\u00edv\u00e1,a\u0165 zp\u00edv\u00e1 k poct\u011b tv\u00e9ho jm\u00e9na!&ldquo; &#8211; 5 Poj\u010fte a vizte Bo\u017e\u00ed &#8230; <a title=\"\u017dalm 66\" class=\"read-more\" href=\"https:\/\/www.texty.santegidio.cz\/?page_id=118\" aria-label=\"More on \u017dalm 66\">Read more<\/a><\/p>\n","protected":false},"author":1,"featured_media":0,"parent":29,"menu_order":0,"comment_status":"closed","ping_status":"closed","template":"","meta":{"_uag_custom_page_level_css":"","jetpack_post_was_ever_published":false,"footnotes":""},"class_list":["post-118","page","type-page","status-publish"],"uagb_featured_image_src":{"full":false,"thumbnail":false,"medium":false,"medium_large":false,"large":false,"1536x1536":false,"2048x2048":false},"uagb_author_info":{"display_name":"Pavel","author_link":"https:\/\/www.texty.santegidio.cz\/?author=1"},"uagb_comment_info":0,"uagb_excerpt":"Ty jsi, Pane, daroval na\u0161\u00ed du\u0161i \u017eivot. &#8211; 1 J\u00e1sejte Bohu, v\u0161echny zem\u011b,2 zp\u00edvejte k sl\u00e1v\u011b jeho jm\u00e9na! = 3 \u0158ekn\u011bte Bohu: &bdquo;Jak\u00fd jsi mocn\u00fd,\u2020skutky tv\u00e9 moci tak podivuhodn\u00e9,\u017ee se i nep\u0159\u00edtel poklonit mus\u00ed! &#8211; 4 Cel\u00fd sv\u011bt a\u0165 se ti ko\u0159\u00ed a zp\u00edv\u00e1,a\u0165 zp\u00edv\u00e1 k poct\u011b tv\u00e9ho jm\u00e9na!&ldquo; &#8211; 5 Poj\u010fte a vizte Bo\u017e\u00ed&hellip;","jetpack_sharing_enabled":true,"jetpack_shortlink":"https:\/\/wp.me\/PawMsT-1U","_links":{"self":[{"href":"https:\/\/www.texty.santegidio.cz\/index.php?rest_route=\/wp\/v2\/pages\/118","targetHints":{"allow":["GET"]}}],"collection":[{"href":"https:\/\/www.texty.santegidio.cz\/index.php?rest_route=\/wp\/v2\/pages"}],"about":[{"href":"https:\/\/www.texty.santegidio.cz\/index.php?rest_route=\/wp\/v2\/types\/page"}],"author":[{"embeddable":true,"href":"https:\/\/www.texty.santegidio.cz\/index.php?rest_route=\/wp\/v2\/users\/1"}],"replies":[{"embeddable":true,"href":"https:\/\/www.texty.santegidio.cz\/index.php?rest_route=%2Fwp%2Fv2%2Fcomments&post=118"}],"version-history":[{"count":1,"href":"https:\/\/www.texty.santegidio.cz\/index.php?rest_route=\/wp\/v2\/pages\/118\/revisions"}],"predecessor-version":[{"id":1288,"href":"https:\/\/www.texty.santegidio.cz\/index.php?rest_route=\/wp\/v2\/pages\/118\/revisions\/1288"}],"up":[{"embeddable":true,"href":"https:\/\/www.texty.santegidio.cz\/index.php?rest_route=\/wp\/v2\/pages\/29"}],"wp:attachment":[{"href":"https:\/\/www.texty.santegidio.cz\/index.php?rest_route=%2Fwp%2Fv2%2Fmedia&parent=118"}],"curies":[{"name":"wp","href":"https:\/\/api.w.org\/{rel}","templated":true}]}}