{"id":117,"date":"2018-12-12T10:15:08","date_gmt":"2018-12-12T09:15:08","guid":{"rendered":"http:\/\/www.texty.santegidio.cz?page_id=117"},"modified":"2018-12-12T10:15:09","modified_gmt":"2018-12-12T09:15:09","slug":"zalm-65","status":"publish","type":"page","link":"https:\/\/www.texty.santegidio.cz\/?page_id=117","title":{"rendered":"\u017dalm 65"},"content":{"rendered":"<p>Chv\u00e1l\u00edme t\u011b, Bo\u017ee, za tvou dobrotu.<\/p>\n<p>&#8211; <sup>2<\/span><\/sup> Tob\u011b chvalozp\u011bv pat\u0159\u00ed, Pane, tam na Si\u00f3n\u011b,<br \/>tob\u011b pln<strong>\u011b<\/strong>n\u00ed slib\u016f.<\/p>\n<p>= <sup>3<\/span><\/sup> Nebo\u0165 ty vysl\u00fdch\u00e1\u0161 prosby,\u2020<br \/>kdekdo se ut\u00edk\u00e1 k tob\u011b,<br \/>b\u0159\u00edm\u011b sv\u00fdch h\u0159<strong>\u00ed<\/strong>ch\u016f ti nese.<\/p>\n<p>&#8211; <sup>4<\/span><\/sup> Viny, kter\u00e9 n\u00e1s t\u00ed\u017e\u00ed, jsou toti\u017e nad na\u0161e s\u00edly,<br \/>ty v\u0161ak je zahl<strong>a<\/strong>dit um\u00ed\u0161.<\/p>\n<p>&#8211; <sup>5<\/span><\/sup> Bla\u017een, koho si zvol\u00ed\u0161, aby se p\u0159ibl\u00ed\u017eil k tob\u011b,<br \/>kdo v tv\u00fdch n\u00e1dv<strong>o<\/strong>\u0159\u00edch bydl\u00ed!<br \/>&#8211; K\u00e9\u017e se m\u016f\u017eeme sytit dobrem tv\u00e9ho domu,<br \/>nebo\u0165 tv\u016fj chr<strong>\u00e1<\/strong>m je svat\u00fd.<\/p>\n<p>= <sup>6<\/span><\/sup> Podivuhodn\u00fdmi skutky v\u011brn\u011b n\u00e1m spl\u0148uje\u0161 prosby,\u2020<br \/>Bo\u017ee, z\u00e1chrano na\u0161e,<br \/>nad\u011bje v\u0161ech kon\u010din sv\u011bta i v\u0161ech ostr<strong>o<\/strong>v\u016f v d\u00e1lce.<\/p>\n<p>&#8211; <sup>7<\/span><\/sup> Ty dr\u017e\u00ed\u0161 hory svou silou,<br \/>ty jsi op<strong>\u00e1<\/strong>s\u00e1n moc\u00ed,<\/p>\n<p>&#8211; <sup>8<\/span><\/sup> ty ti\u0161\u00ed\u0161 hu\u010den\u00ed mo\u0159\u00ed, hu\u010den\u00ed p\u0159\u00edboj\u016f jeho<br \/>i v\u0161ech n\u00e1r<strong>o<\/strong>d\u016f v\u0159avu.<\/p>\n<p>= <sup>9<\/span><\/sup> P\u0159ed tv\u00fdmi divy se t\u0159esou\u2020<br \/>n\u00e1rody v&nbsp;nejzaz\u0161\u00edch d\u00e1lk\u00e1ch,<br \/>nad tv\u00fdm znamen\u00edm j\u00e1s\u00e1 v\u00fdchod j<strong>i<\/strong>tra i noci.<\/p>\n<p>= <sup>10<\/span><\/sup> Laskav\u011b pe\u010duje\u0161 o zem,\u2020<br \/>hojnou vl\u00e1hou ji da\u0159\u00ed\u0161,<br \/>jej\u00ed boh<strong>a<\/strong>tstv\u00ed mno\u017e\u00ed\u0161.<\/p>\n<p>= Plny jsou n\u00e1hony Bo\u017e\u00ed,\u2020<br \/>lidem jsi nachystal zrn\u00ed;<br \/>takto pe\u010d<strong>u<\/strong>je\u0161 o ni.<\/p>\n<p>= <sup>11<\/span><\/sup> Jej\u00ed br\u00e1zdy jsi zvla\u017eil, rozm\u011blnil jej\u00ed hroudy,\u2020<br \/>zkyp\u0159ils ji hojn\u00fdmi de\u0161ti,<br \/>po\u017eehnals, co n<strong>a<\/strong> n\u00ed vzrostlo.<\/p>\n<p>&#8211; <sup>12<\/span><\/sup> Ov\u011bn\u010dils kolob\u011bh roku korunou dobrotivosti,<br \/>v\u0161udy jde za t<strong>e<\/strong>bou hojnost.<\/p>\n<p>&#8211; <sup>13<\/span><\/sup> Mokvaj\u00ed pastviny stepn\u00ed,<br \/>pahorky j\u00e1s<strong>o<\/strong>tem h\u00fd\u0159\u00ed,<\/p>\n<p>= <sup>14<\/span><\/sup> louky jsou od\u011bny st\u00e1dy,\u2020<br \/>doliny pokryty klasy.<br \/>V\u0161echno to j<strong>\u00e1<\/strong>s\u00e1 a zp\u00edv\u00e1.<\/p>\n","protected":false},"excerpt":{"rendered":"<p>Chv\u00e1l\u00edme t\u011b, Bo\u017ee, za tvou dobrotu. &#8211; 2 Tob\u011b chvalozp\u011bv pat\u0159\u00ed, Pane, tam na Si\u00f3n\u011b,tob\u011b pln\u011bn\u00ed slib\u016f. = 3 Nebo\u0165 ty vysl\u00fdch\u00e1\u0161 prosby,\u2020kdekdo se ut\u00edk\u00e1 k tob\u011b,b\u0159\u00edm\u011b sv\u00fdch h\u0159\u00edch\u016f ti nese. &#8211; 4 Viny, kter\u00e9 n\u00e1s t\u00ed\u017e\u00ed, jsou toti\u017e nad na\u0161e s\u00edly,ty v\u0161ak je zahladit um\u00ed\u0161. &#8211; 5 Bla\u017een, koho si zvol\u00ed\u0161, aby se p\u0159ibl\u00ed\u017eil &#8230; <a title=\"\u017dalm 65\" class=\"read-more\" href=\"https:\/\/www.texty.santegidio.cz\/?page_id=117\" aria-label=\"More on \u017dalm 65\">Read more<\/a><\/p>\n","protected":false},"author":1,"featured_media":0,"parent":29,"menu_order":0,"comment_status":"closed","ping_status":"closed","template":"","meta":{"_uag_custom_page_level_css":"","jetpack_post_was_ever_published":false,"footnotes":""},"class_list":["post-117","page","type-page","status-publish"],"uagb_featured_image_src":{"full":false,"thumbnail":false,"medium":false,"medium_large":false,"large":false,"1536x1536":false,"2048x2048":false},"uagb_author_info":{"display_name":"Pavel","author_link":"https:\/\/www.texty.santegidio.cz\/?author=1"},"uagb_comment_info":0,"uagb_excerpt":"Chv\u00e1l\u00edme t\u011b, Bo\u017ee, za tvou dobrotu. &#8211; 2 Tob\u011b chvalozp\u011bv pat\u0159\u00ed, Pane, tam na Si\u00f3n\u011b,tob\u011b pln\u011bn\u00ed slib\u016f. = 3 Nebo\u0165 ty vysl\u00fdch\u00e1\u0161 prosby,\u2020kdekdo se ut\u00edk\u00e1 k tob\u011b,b\u0159\u00edm\u011b sv\u00fdch h\u0159\u00edch\u016f ti nese. &#8211; 4 Viny, kter\u00e9 n\u00e1s t\u00ed\u017e\u00ed, jsou toti\u017e nad na\u0161e s\u00edly,ty v\u0161ak je zahladit um\u00ed\u0161. &#8211; 5 Bla\u017een, koho si zvol\u00ed\u0161, aby se p\u0159ibl\u00ed\u017eil&hellip;","jetpack_sharing_enabled":true,"jetpack_shortlink":"https:\/\/wp.me\/PawMsT-1T","_links":{"self":[{"href":"https:\/\/www.texty.santegidio.cz\/index.php?rest_route=\/wp\/v2\/pages\/117","targetHints":{"allow":["GET"]}}],"collection":[{"href":"https:\/\/www.texty.santegidio.cz\/index.php?rest_route=\/wp\/v2\/pages"}],"about":[{"href":"https:\/\/www.texty.santegidio.cz\/index.php?rest_route=\/wp\/v2\/types\/page"}],"author":[{"embeddable":true,"href":"https:\/\/www.texty.santegidio.cz\/index.php?rest_route=\/wp\/v2\/users\/1"}],"replies":[{"embeddable":true,"href":"https:\/\/www.texty.santegidio.cz\/index.php?rest_route=%2Fwp%2Fv2%2Fcomments&post=117"}],"version-history":[{"count":1,"href":"https:\/\/www.texty.santegidio.cz\/index.php?rest_route=\/wp\/v2\/pages\/117\/revisions"}],"predecessor-version":[{"id":1287,"href":"https:\/\/www.texty.santegidio.cz\/index.php?rest_route=\/wp\/v2\/pages\/117\/revisions\/1287"}],"up":[{"embeddable":true,"href":"https:\/\/www.texty.santegidio.cz\/index.php?rest_route=\/wp\/v2\/pages\/29"}],"wp:attachment":[{"href":"https:\/\/www.texty.santegidio.cz\/index.php?rest_route=%2Fwp%2Fv2%2Fmedia&parent=117"}],"curies":[{"name":"wp","href":"https:\/\/api.w.org\/{rel}","templated":true}]}}