{"id":115,"date":"2018-12-12T10:15:08","date_gmt":"2018-12-12T09:15:08","guid":{"rendered":"http:\/\/www.texty.santegidio.cz?page_id=115"},"modified":"2018-12-12T10:15:09","modified_gmt":"2018-12-12T09:15:09","slug":"zalm-63","status":"publish","type":"page","link":"https:\/\/www.texty.santegidio.cz\/?page_id=115","title":{"rendered":"\u017dalm 63"},"content":{"rendered":"<p>Po tob\u011b \u017e\u00edzn\u00ed m\u00e1 du\u0161e, m\u016fj Bo\u017ee.<\/p>\n<p>&#8211; <sup>2<\/span><\/sup> Pane, m\u016fj Bo\u017ee, tebe jen hled\u00e1m,<br \/>po tob\u011b \u017e\u00edzn\u00ed c<strong>e<\/strong>l\u00e1 m\u00e1 du\u0161e,<br \/>&#8211; po tob\u011b umdl\u00e9v\u00e1 touhou m\u00e9 t\u011blo<br \/>tak jako vyprahl\u00e1 \u017e\u00edzn<strong>i<\/strong>v\u00e1 zem\u011b.<\/p>\n<p>&#8211; <sup>3<\/span><\/sup> Tolik t\u011b tou\u017e\u00edm v tv\u00e9 svatyni spat\u0159it,<br \/>abych zas vid\u011bl tvou moc <strong>a<\/strong> tvou sl\u00e1vu!<\/p>\n<p>&#8211; <sup>4<\/span><\/sup> V\u017edy\u0165 tv\u00e1 milost je lep\u0161\u00ed ne\u017e \u017eivot,<br \/>proto m\u00e9 rty ti zp\u00edv<strong>a<\/strong>j\u00ed chv\u00e1lu.<\/p>\n<p>&#8211; <sup>5<\/span><\/sup> Tak t\u011b chci velebit, co \u017eiv budu,<br \/>ve jm\u00e9nu tv\u00e9m jenom r<strong>u<\/strong>ce sp\u00ednat.<\/p>\n<p>&#8211; <sup>6<\/span><\/sup> Du\u0161e jak morkem bude se sytit,<br \/>j\u00e1sav\u011b budou t\u011b chv<strong>\u00e1<\/strong>lit m\u00e1 \u00fasta.<\/p>\n<p>&#8211; <sup>7<\/span><\/sup> Kdy\u017e v l\u016f\u017eku za noci na tebe mysl\u00edm,<br \/>rozj\u00edm\u00e1m o tob\u011b za n<strong>o<\/strong>\u010dn\u00edch bd\u011bn\u00ed,<\/p>\n<p>&#8211; <sup>8<\/span><\/sup> vpravd\u011b jen tys mi v\u017edy pomocn\u00edkem,<br \/>v st\u00ednu tv\u00fdch k\u0159\u00eddel rad<strong>o<\/strong>stn\u011b ples\u00e1m.<\/p>\n<p>&#8211; <sup>9<\/span><\/sup> P\u0159ilnul jsem k tob\u011b celou svou du\u0161\u00ed,<br \/>ty m\u011b svou pravic\u00ed podp<strong>\u00ed<\/strong>r\u00e1\u0161 mocn\u011b.<br \/>[- <\/span><\/span><sup>10<\/span><\/sup><\/span><\/span> Kdo v\u0161ak mi bez p\u0159\u00ed\u010din z\u00e1hubu stroj\u00ed,<\/span><\/span><br \/>ti se propadnou do hlubin zem\u011b,<\/span><\/span><br \/>&#8211;<\/span> <sup>11<\/span><\/sup><\/span><\/span> ti budou vyd\u00e1ni napospas me\u010di,<\/span><\/span><br \/>ti se ko\u0159ist\u00ed \u0161akal\u016f stanou.<\/span><\/span><\/p>\n<p>= <\/span><\/span><sup>12<\/span><\/sup><\/span><\/span> Kr\u00e1l pak se bude radovat v Bohu,\u2020<\/span><\/span><br \/>oslaven bude, kdo p\u0159\u00edsahal na n\u011bj,<\/span><\/span><br \/>proto\u017ee lh\u00e1\u0159\u016fm se zacpou \u00fasta.]<\/span><\/span><\/p>\n","protected":false},"excerpt":{"rendered":"<p>Po tob\u011b \u017e\u00edzn\u00ed m\u00e1 du\u0161e, m\u016fj Bo\u017ee. &#8211; 2 Pane, m\u016fj Bo\u017ee, tebe jen hled\u00e1m,po tob\u011b \u017e\u00edzn\u00ed cel\u00e1 m\u00e1 du\u0161e,&#8211; po tob\u011b umdl\u00e9v\u00e1 touhou m\u00e9 t\u011blotak jako vyprahl\u00e1 \u017e\u00edzniv\u00e1 zem\u011b. &#8211; 3 Tolik t\u011b tou\u017e\u00edm v tv\u00e9 svatyni spat\u0159it,abych zas vid\u011bl tvou moc a tvou sl\u00e1vu! &#8211; 4 V\u017edy\u0165 tv\u00e1 milost je lep\u0161\u00ed ne\u017e \u017eivot,proto &#8230; <a title=\"\u017dalm 63\" class=\"read-more\" href=\"https:\/\/www.texty.santegidio.cz\/?page_id=115\" aria-label=\"More on \u017dalm 63\">Read more<\/a><\/p>\n","protected":false},"author":1,"featured_media":0,"parent":29,"menu_order":0,"comment_status":"closed","ping_status":"closed","template":"","meta":{"_uag_custom_page_level_css":"","jetpack_post_was_ever_published":false,"footnotes":""},"class_list":["post-115","page","type-page","status-publish"],"uagb_featured_image_src":{"full":false,"thumbnail":false,"medium":false,"medium_large":false,"large":false,"1536x1536":false,"2048x2048":false},"uagb_author_info":{"display_name":"Pavel","author_link":"https:\/\/www.texty.santegidio.cz\/?author=1"},"uagb_comment_info":0,"uagb_excerpt":"Po tob\u011b \u017e\u00edzn\u00ed m\u00e1 du\u0161e, m\u016fj Bo\u017ee. &#8211; 2 Pane, m\u016fj Bo\u017ee, tebe jen hled\u00e1m,po tob\u011b \u017e\u00edzn\u00ed cel\u00e1 m\u00e1 du\u0161e,&#8211; po tob\u011b umdl\u00e9v\u00e1 touhou m\u00e9 t\u011blotak jako vyprahl\u00e1 \u017e\u00edzniv\u00e1 zem\u011b. &#8211; 3 Tolik t\u011b tou\u017e\u00edm v tv\u00e9 svatyni spat\u0159it,abych zas vid\u011bl tvou moc a tvou sl\u00e1vu! &#8211; 4 V\u017edy\u0165 tv\u00e1 milost je lep\u0161\u00ed ne\u017e \u017eivot,proto&hellip;","jetpack_sharing_enabled":true,"jetpack_shortlink":"https:\/\/wp.me\/PawMsT-1R","_links":{"self":[{"href":"https:\/\/www.texty.santegidio.cz\/index.php?rest_route=\/wp\/v2\/pages\/115","targetHints":{"allow":["GET"]}}],"collection":[{"href":"https:\/\/www.texty.santegidio.cz\/index.php?rest_route=\/wp\/v2\/pages"}],"about":[{"href":"https:\/\/www.texty.santegidio.cz\/index.php?rest_route=\/wp\/v2\/types\/page"}],"author":[{"embeddable":true,"href":"https:\/\/www.texty.santegidio.cz\/index.php?rest_route=\/wp\/v2\/users\/1"}],"replies":[{"embeddable":true,"href":"https:\/\/www.texty.santegidio.cz\/index.php?rest_route=%2Fwp%2Fv2%2Fcomments&post=115"}],"version-history":[{"count":1,"href":"https:\/\/www.texty.santegidio.cz\/index.php?rest_route=\/wp\/v2\/pages\/115\/revisions"}],"predecessor-version":[{"id":1285,"href":"https:\/\/www.texty.santegidio.cz\/index.php?rest_route=\/wp\/v2\/pages\/115\/revisions\/1285"}],"up":[{"embeddable":true,"href":"https:\/\/www.texty.santegidio.cz\/index.php?rest_route=\/wp\/v2\/pages\/29"}],"wp:attachment":[{"href":"https:\/\/www.texty.santegidio.cz\/index.php?rest_route=%2Fwp%2Fv2%2Fmedia&parent=115"}],"curies":[{"name":"wp","href":"https:\/\/api.w.org\/{rel}","templated":true}]}}