{"id":114,"date":"2018-12-12T10:15:08","date_gmt":"2018-12-12T09:15:08","guid":{"rendered":"http:\/\/www.texty.santegidio.cz?page_id=114"},"modified":"2018-12-12T10:15:09","modified_gmt":"2018-12-12T09:15:09","slug":"zalm-62","status":"publish","type":"page","link":"https:\/\/www.texty.santegidio.cz\/?page_id=114","title":{"rendered":"\u017dalm 62"},"content":{"rendered":"<p>Jen u Boha se uti\u0161\u00ed m\u00e1 du\u0161e.<\/p>\n<p>&#8211; <sup>2<\/span><\/sup> Jen u Boha se uti\u0161\u00ed m\u00e1 du\u0161e,<br \/>jen od n\u011bho je m<strong>o<\/strong>je sp\u00e1sa.<\/p>\n<p>&#8211; <sup>3<\/span><\/sup> Jedin\u00fd on je sk\u00e1la m\u00e1 i pomoc,<br \/>pevn\u00fd m\u016fj hrad, \u017ee n<strong>e<\/strong>kol\u00eds\u00e1m.<\/p>\n<p>&#8211; <sup>4<\/span><\/sup> Jak dlouho chcete s jedincem v\u00e9st v\u00e1lku,<br \/>vrhat se v\u0161ichni n<strong>a<\/strong> jednoho<br \/>&#8211; jak na ze\u010f, kter\u00e1 hroz\u00ed p\u00e1dem,<br \/>na hradbu, kter\u00e1 <strong>u<\/strong>\u017e se hrout\u00ed!<\/p>\n<p>&#8211; <sup>5<\/span><\/sup> Ano, jen sam\u00e9 pletky osnovaj\u00ed,<br \/>jen ve l\u017ei maj\u00ed z<strong>a<\/strong>l\u00edben\u00ed.<br \/>&#8211; \u017dehnaj\u00ed prolhan\u00fdmi \u00fasty<br \/>a v hloubi srdce pr<strong>o<\/strong>kl\u00ednaj\u00ed.<\/p>\n<p>&#8211; <sup>6<\/span><\/sup> Jen u Boha se upokoj, m\u00e1 du\u0161e,<br \/>v\u017edy\u0165 u n\u011bho je v\u0161<strong>e<\/strong>, ve\u010d douf\u00e1m.<\/p>\n<p>&#8211; <sup>7<\/span><\/sup> Jedin\u00fd on je sk\u00e1la m\u00e1 i pomoc,<br \/>pevn\u00fd m\u016fj hrad, \u017ee n<strong>e<\/strong>kol\u00eds\u00e1m.<\/p>\n<p>&#8211; <sup>8<\/span><\/sup> Na Bohu stoj\u00ed sp\u00e1sa m\u00e1 i sl\u00e1va,<br \/>B\u016fh je m\u00e1 sk\u00e1la, z<strong>\u00e1<\/strong>chrana m\u00e1.<\/p>\n<p>= <sup>9<\/span><\/sup> D\u016fv\u011b\u0159uj v\u017edy jen v n\u011bho, v\u0161echen lide!\u2020<br \/>P\u0159ed n\u00edm si vyl\u00e9vejte srdce:<br \/>v\u017edy\u0165 B\u016fh je na\u0161e <strong>\u00fa<\/strong>to\u010di\u0161t\u011b!<\/p>\n<p>&#8211; <sup>10<\/span><\/sup> Jsou lid\u00e9 jen jak z\u00e1van dechu,<br \/>jsou v\u0161ichni smrt<strong>e<\/strong>ln\u00ed jen klam.<br \/>&#8211; Na misce vah a\u017e kvrchu vzl\u00e9tnou,<br \/>ka\u017ed\u00fd je l<strong>e<\/strong>h\u010d\u00ed ne\u017e s\u00e1m dech.<\/p>\n<p>&#8211; <sup>11<\/span><\/sup> Nespol\u00e9hejte na n\u00e1sil\u00ed,<br \/>zanechte h<strong>o<\/strong>nby za lupem!<br \/>&#8211; A na bohatstv\u00ed, i kdy\u017e vzr\u016fst\u00e1,<br \/>sv\u00fdm srdcem n<strong>i<\/strong>kdy nelp\u011bte!<\/p>\n<p>&#8211; <sup>12<\/span><\/sup> Jedin\u00e9 pov\u011bd\u011bl P\u00e1n kdysi,<br \/>a toto dv<strong>o<\/strong>j\u00ed sly\u0161el jsem:<br \/>&#8211; \u017ee u Boha je v\u0161echna moc,<br \/><sup>13<\/span><\/sup> u tebe, Pane, v\u0161<strong>e<\/strong>chna l\u00e1ska<br \/>&#8211; i to, \u017ee odpl\u00e1c\u00ed\u0161 ty s\u00e1m<br \/>\u010dlov\u011bku podle j<strong>e<\/strong>ho skutk\u016f.<\/p>\n","protected":false},"excerpt":{"rendered":"<p>Jen u Boha se uti\u0161\u00ed m\u00e1 du\u0161e. &#8211; 2 Jen u Boha se uti\u0161\u00ed m\u00e1 du\u0161e,jen od n\u011bho je moje sp\u00e1sa. &#8211; 3 Jedin\u00fd on je sk\u00e1la m\u00e1 i pomoc,pevn\u00fd m\u016fj hrad, \u017ee nekol\u00eds\u00e1m. &#8211; 4 Jak dlouho chcete s jedincem v\u00e9st v\u00e1lku,vrhat se v\u0161ichni na jednoho&#8211; jak na ze\u010f, kter\u00e1 hroz\u00ed p\u00e1dem,na hradbu, kter\u00e1 &#8230; <a title=\"\u017dalm 62\" class=\"read-more\" href=\"https:\/\/www.texty.santegidio.cz\/?page_id=114\" aria-label=\"More on \u017dalm 62\">Read more<\/a><\/p>\n","protected":false},"author":1,"featured_media":0,"parent":29,"menu_order":0,"comment_status":"closed","ping_status":"closed","template":"","meta":{"_uag_custom_page_level_css":"","jetpack_post_was_ever_published":false,"footnotes":""},"class_list":["post-114","page","type-page","status-publish"],"uagb_featured_image_src":{"full":false,"thumbnail":false,"medium":false,"medium_large":false,"large":false,"1536x1536":false,"2048x2048":false},"uagb_author_info":{"display_name":"Pavel","author_link":"https:\/\/www.texty.santegidio.cz\/?author=1"},"uagb_comment_info":0,"uagb_excerpt":"Jen u Boha se uti\u0161\u00ed m\u00e1 du\u0161e. &#8211; 2 Jen u Boha se uti\u0161\u00ed m\u00e1 du\u0161e,jen od n\u011bho je moje sp\u00e1sa. &#8211; 3 Jedin\u00fd on je sk\u00e1la m\u00e1 i pomoc,pevn\u00fd m\u016fj hrad, \u017ee nekol\u00eds\u00e1m. &#8211; 4 Jak dlouho chcete s jedincem v\u00e9st v\u00e1lku,vrhat se v\u0161ichni na jednoho&#8211; jak na ze\u010f, kter\u00e1 hroz\u00ed p\u00e1dem,na hradbu, kter\u00e1&hellip;","jetpack_sharing_enabled":true,"jetpack_shortlink":"https:\/\/wp.me\/PawMsT-1Q","_links":{"self":[{"href":"https:\/\/www.texty.santegidio.cz\/index.php?rest_route=\/wp\/v2\/pages\/114","targetHints":{"allow":["GET"]}}],"collection":[{"href":"https:\/\/www.texty.santegidio.cz\/index.php?rest_route=\/wp\/v2\/pages"}],"about":[{"href":"https:\/\/www.texty.santegidio.cz\/index.php?rest_route=\/wp\/v2\/types\/page"}],"author":[{"embeddable":true,"href":"https:\/\/www.texty.santegidio.cz\/index.php?rest_route=\/wp\/v2\/users\/1"}],"replies":[{"embeddable":true,"href":"https:\/\/www.texty.santegidio.cz\/index.php?rest_route=%2Fwp%2Fv2%2Fcomments&post=114"}],"version-history":[{"count":1,"href":"https:\/\/www.texty.santegidio.cz\/index.php?rest_route=\/wp\/v2\/pages\/114\/revisions"}],"predecessor-version":[{"id":1284,"href":"https:\/\/www.texty.santegidio.cz\/index.php?rest_route=\/wp\/v2\/pages\/114\/revisions\/1284"}],"up":[{"embeddable":true,"href":"https:\/\/www.texty.santegidio.cz\/index.php?rest_route=\/wp\/v2\/pages\/29"}],"wp:attachment":[{"href":"https:\/\/www.texty.santegidio.cz\/index.php?rest_route=%2Fwp%2Fv2%2Fmedia&parent=114"}],"curies":[{"name":"wp","href":"https:\/\/api.w.org\/{rel}","templated":true}]}}