{"id":113,"date":"2018-12-12T10:15:08","date_gmt":"2018-12-12T09:15:08","guid":{"rendered":"http:\/\/www.texty.santegidio.cz?page_id=113"},"modified":"2018-12-12T10:15:08","modified_gmt":"2018-12-12T09:15:08","slug":"zalm-61","status":"publish","type":"page","link":"https:\/\/www.texty.santegidio.cz\/?page_id=113","title":{"rendered":"\u017dalm 61"},"content":{"rendered":"<p>Pane, ty jsi v\u017edy na\u0161e \u00fato\u010di\u0161t\u011b.<\/p>\n<p>&#8211; <sup>2<\/span><\/sup> Sly\u0161, Bo\u017ee, moje na\u0159\u00edk\u00e1n\u00ed,<br \/>modlitby m\u00e9 s<strong>i<\/strong> pov\u0161imni!<\/p>\n<p>&#8211; <sup>3<\/span><\/sup> Od kon\u010din zem\u011b k tob\u011b vol\u00e1m,<br \/>nebo\u0165 m\u00e9 s<strong>r<\/strong>dce umdl\u00e9v\u00e1.<br \/>&#8211; Vyve\u010f mne na bezpe\u010dnou sk\u00e1lu,<br \/>vysokou pro mn<strong>e<\/strong> p\u0159esp\u0159\u00edli\u0161.<\/p>\n<p>&#8211; <sup>4<\/span><\/sup> V\u017edy\u0165 jenom tys m\u00e9 \u00fato\u010di\u0161t\u011b,<br \/>p\u0159ed nep\u0159\u00edt<strong>e<\/strong>lem pevn\u00e1 v\u011b\u017e.<\/p>\n<p>&#8211; <sup>5<\/span><\/sup> K\u00e9\u017e b\u00fdv\u00e1m nav\u011bky v tv\u00e9m stanu<br \/>a pod ochr<strong>a<\/strong>nou k\u0159\u00eddel tv\u00fdch!<\/p>\n<p>&#8211; <sup>6<\/span><\/sup> Tys, Bo\u017ee, sly\u0161el moje sliby,<br \/>jsi s t\u011bmi, kdo tv<strong>\u00e9<\/strong> jm\u00e9no ct\u00ed.<\/p>\n<p>&#8211; <sup>7<\/span><\/sup> Mnoh\u00e9 dny p\u0159idej ke dn\u016fm kr\u00e1le.<br \/>Od rodu k r<strong>o<\/strong>du jeho v\u011bk!<\/p>\n<p>&#8211; <sup>8<\/span><\/sup> P\u0159ed Bohem nav\u011bky a\u0165 vl\u00e1dne!<br \/>L\u00e1ska a v<strong>\u011b<\/strong>rnost a\u0165 jsou s n\u00edm!<\/p>\n<p>&#8211; <sup>9<\/span><\/sup> Za to chci v\u017edy tv\u00e9 jm\u00e9no chv\u00e1lit,<br \/>sv\u00e9 sliby p<strong>l<\/strong>nit den co den.<\/p>\n","protected":false},"excerpt":{"rendered":"<p>Pane, ty jsi v\u017edy na\u0161e \u00fato\u010di\u0161t\u011b. &#8211; 2 Sly\u0161, Bo\u017ee, moje na\u0159\u00edk\u00e1n\u00ed,modlitby m\u00e9 si pov\u0161imni! &#8211; 3 Od kon\u010din zem\u011b k tob\u011b vol\u00e1m,nebo\u0165 m\u00e9 srdce umdl\u00e9v\u00e1.&#8211; Vyve\u010f mne na bezpe\u010dnou sk\u00e1lu,vysokou pro mne p\u0159esp\u0159\u00edli\u0161. &#8211; 4 V\u017edy\u0165 jenom tys m\u00e9 \u00fato\u010di\u0161t\u011b,p\u0159ed nep\u0159\u00edtelem pevn\u00e1 v\u011b\u017e. &#8211; 5 K\u00e9\u017e b\u00fdv\u00e1m nav\u011bky v tv\u00e9m stanua pod ochranou k\u0159\u00eddel &#8230; <a title=\"\u017dalm 61\" class=\"read-more\" href=\"https:\/\/www.texty.santegidio.cz\/?page_id=113\" aria-label=\"More on \u017dalm 61\">Read more<\/a><\/p>\n","protected":false},"author":1,"featured_media":0,"parent":29,"menu_order":0,"comment_status":"closed","ping_status":"closed","template":"","meta":{"_uag_custom_page_level_css":"","jetpack_post_was_ever_published":false,"footnotes":""},"class_list":["post-113","page","type-page","status-publish"],"uagb_featured_image_src":{"full":false,"thumbnail":false,"medium":false,"medium_large":false,"large":false,"1536x1536":false,"2048x2048":false},"uagb_author_info":{"display_name":"Pavel","author_link":"https:\/\/www.texty.santegidio.cz\/?author=1"},"uagb_comment_info":0,"uagb_excerpt":"Pane, ty jsi v\u017edy na\u0161e \u00fato\u010di\u0161t\u011b. &#8211; 2 Sly\u0161, Bo\u017ee, moje na\u0159\u00edk\u00e1n\u00ed,modlitby m\u00e9 si pov\u0161imni! &#8211; 3 Od kon\u010din zem\u011b k tob\u011b vol\u00e1m,nebo\u0165 m\u00e9 srdce umdl\u00e9v\u00e1.&#8211; Vyve\u010f mne na bezpe\u010dnou sk\u00e1lu,vysokou pro mne p\u0159esp\u0159\u00edli\u0161. &#8211; 4 V\u017edy\u0165 jenom tys m\u00e9 \u00fato\u010di\u0161t\u011b,p\u0159ed nep\u0159\u00edtelem pevn\u00e1 v\u011b\u017e. &#8211; 5 K\u00e9\u017e b\u00fdv\u00e1m nav\u011bky v tv\u00e9m stanua pod ochranou k\u0159\u00eddel&hellip;","jetpack_sharing_enabled":true,"jetpack_shortlink":"https:\/\/wp.me\/PawMsT-1P","_links":{"self":[{"href":"https:\/\/www.texty.santegidio.cz\/index.php?rest_route=\/wp\/v2\/pages\/113","targetHints":{"allow":["GET"]}}],"collection":[{"href":"https:\/\/www.texty.santegidio.cz\/index.php?rest_route=\/wp\/v2\/pages"}],"about":[{"href":"https:\/\/www.texty.santegidio.cz\/index.php?rest_route=\/wp\/v2\/types\/page"}],"author":[{"embeddable":true,"href":"https:\/\/www.texty.santegidio.cz\/index.php?rest_route=\/wp\/v2\/users\/1"}],"replies":[{"embeddable":true,"href":"https:\/\/www.texty.santegidio.cz\/index.php?rest_route=%2Fwp%2Fv2%2Fcomments&post=113"}],"version-history":[{"count":1,"href":"https:\/\/www.texty.santegidio.cz\/index.php?rest_route=\/wp\/v2\/pages\/113\/revisions"}],"predecessor-version":[{"id":1283,"href":"https:\/\/www.texty.santegidio.cz\/index.php?rest_route=\/wp\/v2\/pages\/113\/revisions\/1283"}],"up":[{"embeddable":true,"href":"https:\/\/www.texty.santegidio.cz\/index.php?rest_route=\/wp\/v2\/pages\/29"}],"wp:attachment":[{"href":"https:\/\/www.texty.santegidio.cz\/index.php?rest_route=%2Fwp%2Fv2%2Fmedia&parent=113"}],"curies":[{"name":"wp","href":"https:\/\/api.w.org\/{rel}","templated":true}]}}