{"id":112,"date":"2018-12-12T10:15:06","date_gmt":"2018-12-12T09:15:06","guid":{"rendered":"http:\/\/www.texty.santegidio.cz?page_id=112"},"modified":"2018-12-12T10:15:08","modified_gmt":"2018-12-12T09:15:08","slug":"zalm-60","status":"publish","type":"page","link":"https:\/\/www.texty.santegidio.cz\/?page_id=112","title":{"rendered":"\u017dalm 60"},"content":{"rendered":"<p>Pane, dej n\u00e1m znovu vst\u00e1t a zachra\u0148 n\u00e1s.<\/p>\n<p>&#8211; <sup>3<\/span><\/sup> Bo\u017ee, to tys n\u00e1s zavrhl a rozbil,<br \/>hn\u011bvem jsi vzplanul: dej n<strong>\u00e1<\/strong>m znovu vst\u00e1t!<\/p>\n<p>&#8211; <sup>4<\/span><\/sup> Zem\u00ed jsi ot\u0159\u00e1sl a rozpoltil ji:<br \/>zhoj jej\u00ed r\u00e1ny! V\u017edy\u0165 s<strong>e<\/strong> kym\u00e1c\u00ed!<\/p>\n<p>&#8211; <sup>5<\/span><\/sup> Sv\u016fj n\u00e1rod nasytil jsi protivenstv\u00edm,<br \/>napojil jsi n\u00e1s v<strong>\u00ed<\/strong>nem omamn\u00fdm.<\/p>\n<p>&#8211; <sup>6<\/span><\/sup> Znamen\u00ed vzty\u010d t\u011bm, kdo t\u011b uct\u00edvaj\u00ed,<br \/>p\u0159ed luky a\u0165 se k n<strong>\u011b<\/strong>mu uch\u00fdl\u00ed!<\/p>\n<p>&#8211; <sup>7<\/span><\/sup> Aby se tvoji v\u011brn\u00ed zachr\u00e1nili,<br \/>pomoz svou pravic\u00ed <strong>a<\/strong> vysly\u0161 n\u00e1s!<\/p>\n<p>= <sup>8<\/span><\/sup> Promluvil B\u016fh ve sv\u00e9m svatost\u00e1nku:\u2020<br \/>&bdquo;Zv\u00edt\u011bz\u00edm a Sichem p\u0159id\u011bl\u00edm,<br \/>p\u0159em\u011b\u0159\u00edm i <strong>\u00fa<\/strong>val sukotsk\u00fd.<\/p>\n<p>= <sup>9<\/span><\/sup> Gala\u00e1d i Manasse mi pat\u0159\u00ed,\u2020<br \/>rovn\u011b\u017e Efra\u00edm, m\u00e1 p\u0159\u00edlbice,<br \/>Juda pak m\u00e1 vel<strong>i<\/strong>telsk\u00e1 h\u016fl.<\/p>\n<p>= <sup>10<\/span><\/sup> Mo\u00e1b je mou um\u00fdvac\u00ed m\u00edsou;\u2020<br \/>na Edom pak botu postav\u00edm,<br \/>j\u00e1sat budu nad F<strong>i<\/strong>li\u0161t\u00ednskem.&ldquo;<\/p>\n<p>&#8211; <sup>11<\/span><\/sup> Kdo p\u0159ivede m\u011b k hrazen\u00e9mu m\u011bstu,<br \/>kdopak m\u011b do Ed<strong>o<\/strong>mu provod\u00ed,<\/p>\n<p>&#8211; <sup>12<\/span><\/sup> ne-li ty, jen\u017es n\u00e1s odvrhl, m\u016fj Bo\u017ee,<br \/>a jen\u017e u\u017e s na\u0161\u00edm v<strong>o<\/strong>jskem net\u00e1hne\u0161!<\/p>\n<p>&#8211; <sup>13<\/span><\/sup> Na pomoc p\u0159ij\u010f n\u00e1m proti nep\u0159\u00edteli,<br \/>kdy\u017e pomoc od lid\u00ed j<strong>e<\/strong> nicotn\u00e1.<\/p>\n<p>&#8211; <sup>14<\/span><\/sup> S Bohem v\u0161ak svedem divy udatenstv\u00ed,<br \/>on zdept\u00e1 na\u0161e uj<strong>a<\/strong>\u0159mitele!<\/p>\n","protected":false},"excerpt":{"rendered":"<p>Pane, dej n\u00e1m znovu vst\u00e1t a zachra\u0148 n\u00e1s. &#8211; 3 Bo\u017ee, to tys n\u00e1s zavrhl a rozbil,hn\u011bvem jsi vzplanul: dej n\u00e1m znovu vst\u00e1t! &#8211; 4 Zem\u00ed jsi ot\u0159\u00e1sl a rozpoltil ji:zhoj jej\u00ed r\u00e1ny! V\u017edy\u0165 se kym\u00e1c\u00ed! &#8211; 5 Sv\u016fj n\u00e1rod nasytil jsi protivenstv\u00edm,napojil jsi n\u00e1s v\u00ednem omamn\u00fdm. &#8211; 6 Znamen\u00ed vzty\u010d t\u011bm, kdo t\u011b uct\u00edvaj\u00ed,p\u0159ed &#8230; <a title=\"\u017dalm 60\" class=\"read-more\" href=\"https:\/\/www.texty.santegidio.cz\/?page_id=112\" aria-label=\"More on \u017dalm 60\">Read more<\/a><\/p>\n","protected":false},"author":1,"featured_media":0,"parent":29,"menu_order":0,"comment_status":"closed","ping_status":"closed","template":"","meta":{"_uag_custom_page_level_css":"","jetpack_post_was_ever_published":false,"footnotes":""},"class_list":["post-112","page","type-page","status-publish"],"uagb_featured_image_src":{"full":false,"thumbnail":false,"medium":false,"medium_large":false,"large":false,"1536x1536":false,"2048x2048":false},"uagb_author_info":{"display_name":"Pavel","author_link":"https:\/\/www.texty.santegidio.cz\/?author=1"},"uagb_comment_info":0,"uagb_excerpt":"Pane, dej n\u00e1m znovu vst\u00e1t a zachra\u0148 n\u00e1s. &#8211; 3 Bo\u017ee, to tys n\u00e1s zavrhl a rozbil,hn\u011bvem jsi vzplanul: dej n\u00e1m znovu vst\u00e1t! &#8211; 4 Zem\u00ed jsi ot\u0159\u00e1sl a rozpoltil ji:zhoj jej\u00ed r\u00e1ny! V\u017edy\u0165 se kym\u00e1c\u00ed! &#8211; 5 Sv\u016fj n\u00e1rod nasytil jsi protivenstv\u00edm,napojil jsi n\u00e1s v\u00ednem omamn\u00fdm. &#8211; 6 Znamen\u00ed vzty\u010d t\u011bm, kdo t\u011b uct\u00edvaj\u00ed,p\u0159ed&hellip;","jetpack_sharing_enabled":true,"jetpack_shortlink":"https:\/\/wp.me\/PawMsT-1O","_links":{"self":[{"href":"https:\/\/www.texty.santegidio.cz\/index.php?rest_route=\/wp\/v2\/pages\/112","targetHints":{"allow":["GET"]}}],"collection":[{"href":"https:\/\/www.texty.santegidio.cz\/index.php?rest_route=\/wp\/v2\/pages"}],"about":[{"href":"https:\/\/www.texty.santegidio.cz\/index.php?rest_route=\/wp\/v2\/types\/page"}],"author":[{"embeddable":true,"href":"https:\/\/www.texty.santegidio.cz\/index.php?rest_route=\/wp\/v2\/users\/1"}],"replies":[{"embeddable":true,"href":"https:\/\/www.texty.santegidio.cz\/index.php?rest_route=%2Fwp%2Fv2%2Fcomments&post=112"}],"version-history":[{"count":1,"href":"https:\/\/www.texty.santegidio.cz\/index.php?rest_route=\/wp\/v2\/pages\/112\/revisions"}],"predecessor-version":[{"id":1282,"href":"https:\/\/www.texty.santegidio.cz\/index.php?rest_route=\/wp\/v2\/pages\/112\/revisions\/1282"}],"up":[{"embeddable":true,"href":"https:\/\/www.texty.santegidio.cz\/index.php?rest_route=\/wp\/v2\/pages\/29"}],"wp:attachment":[{"href":"https:\/\/www.texty.santegidio.cz\/index.php?rest_route=%2Fwp%2Fv2%2Fmedia&parent=112"}],"curies":[{"name":"wp","href":"https:\/\/api.w.org\/{rel}","templated":true}]}}