{"id":111,"date":"2018-12-12T10:15:06","date_gmt":"2018-12-12T09:15:06","guid":{"rendered":"http:\/\/www.texty.santegidio.cz?page_id=111"},"modified":"2018-12-12T10:15:08","modified_gmt":"2018-12-12T09:15:08","slug":"zalm-59","status":"publish","type":"page","link":"https:\/\/www.texty.santegidio.cz\/?page_id=111","title":{"rendered":"\u017dalm 59"},"content":{"rendered":"<p>Ty jsi moje s\u00edla, Bo\u017ee.<\/p>\n<p>&#8211; <sup>2<\/span><\/sup> Od m\u00fdch nep\u0159\u00e1tel m\u011b vysvobo\u010f, m\u016fj Bo\u017ee,<br \/>chra\u0148 m\u011b p\u0159ed t\u011bmi, kdo br<strong>o<\/strong>j\u00ed proti mn\u011b!<\/p>\n<p>&#8211; <sup>3<\/span><\/sup> Vysvobo\u010f m\u011b od t\u011bch, kdo jen k\u0159ivdy p\u00e1\u0161ou,<br \/>proti vra\u017eedn\u00edk\u016fm p\u0159ij\u010f m<strong>i<\/strong> na pomoc!<\/p>\n<p>= Jenom na m\u011b pohle\u010f, kterak po mn\u011b sl\u00edd\u00ed,\u2020<br \/>kterak proti mn\u011b se mocn\u00ed spol\u010dili,<br \/>i kdy\u017e na mn\u011b nelp\u00ed zl<strong>o<\/strong>\u010din, ani h\u0159\u00edch.<\/p>\n<p>&#8211; <sup>5<\/span><\/sup> Nevinen jsem &#8211; oni \u00fatokem se \u017eenou.<br \/>Vzbu\u010f se, poj\u010f mi vst\u0159\u00edc a s\u00e1m s<strong>e<\/strong> pod\u00edvej!<\/p>\n<p>= <sup>6<\/span><\/sup> Jsi P\u00e1n z\u00e1stup\u016f a jsi B\u016fh Izraele!\u2020<br \/>Procitni a ztrestej v\u0161echny pohany!<br \/>Nem\u011bj slitov\u00e1n\u00ed s t<strong>\u011b<\/strong>mi zlo\u010dinci!<\/p>\n<p>&#8211; <sup>7<\/span><\/sup> Oni p\u0159ich\u00e1zej\u00ed ka\u017ed\u00fd ve\u010der znova,<br \/>obch\u00e1zej\u00ed m\u011bstem, \u0161t\u011bk<strong>a<\/strong>j\u00ed jak psi.<\/p>\n<p>&#8211; <sup>8<\/span><\/sup> Pr\u00e1v\u011b tak se vzteky jejich \u00fasta p\u011bn\u00ed,<br \/>jejich rty jsou me\u010de. Kdo t<strong>o<\/strong> sly\u0161el kdy!<\/p>\n<p>&#8211; <sup>9<\/span><\/sup> Ty v\u0161ak se jim, Pane, jenom svrchu sm\u011bje\u0161,<br \/>ty se m\u016f\u017ee\u0161 vysm\u00e1t v\u0161em t<strong>\u011b<\/strong>m pohan\u016fm.<\/p>\n<p>&#8211; <sup>10<\/span><\/sup> Ty jsi moje s\u00edla, jenom k tob\u011b vzhl\u00ed\u017e\u00edm,<br \/>nebo\u0165 ty jsi, Bo\u017ee, \u00fat<strong>o<\/strong>\u010di\u0161t\u011b m\u00e9,<\/p>\n<p>&#8211; <sup>11<\/span><\/sup> B\u016fh m\u016fj milosrdn\u00fd! Naproti mi sp\u011bch\u00e1 &#8211;<br \/>P\u00e1n m\u00e9 odp\u016frce mi d<strong>\u00e1<\/strong>v\u00e1 p\u0159ehl\u00ed\u017eet.<br \/>[- <\/span><\/span><sup>12<\/span><\/sup><\/span><\/span> Jen je pobij, aby m\u016fj lid nezapomn\u011bl!<\/span><\/span><br \/>Rozptyl je svou moc\u00ed, do prachu je sraz!<\/span><\/span><\/p>\n<p>= <\/span><\/span><sup>13<\/span><\/sup><\/span><\/span> Zaraz jim hned v \u00fastech, Pane, jejich h\u0159\u00ed\u0161nost,\u2020<\/span><\/span><br \/>slovo na rtech, a\u0165 je p\u0159ejde nadutost!<\/span><\/span><br \/>Za kletby a za l\u017ei, kter\u00e9 \u0159\u00edkaj\u00ed,<\/span><\/span><\/p>\n<p>= <\/span><\/span><sup>14<\/span><\/sup><\/span><\/span> v hn\u011bvu sv\u00e9m je zni\u010d, a\u0165 \u017e\u00e1dn\u00fd nez\u016fstane!\u2020<\/span><\/span><br \/>A\u0165 se v\u00ed, \u017ee B\u016fh, jen\u017e vl\u00e1dne J\u00e1kobovi,<\/span><\/span><br \/>prost\u00edr\u00e1 svou vl\u00e1du nad ve\u0161kerou zem.<\/span><\/span><br \/>&#8211;<\/span> <sup>15<\/span><\/sup><\/span><\/span> Oni p\u0159ich\u00e1zej\u00ed ka\u017ed\u00fd ve\u010der znova,<\/span><\/span><br \/>obch\u00e1zej\u00ed m\u011bstem, \u0161t\u011bkaj\u00ed jak psi.<\/span><\/span><br \/>&#8211;<\/span> <sup>16<\/span><\/sup><\/span><\/span> Toulaj\u00ed se la\u010dn\u011b, sl\u00edd\u00ed za potravou,<\/span><\/span><br \/>kdy\u017e se nenasyt\u00ed, vyj\u00ed do noci.]<\/span><\/span><\/p>\n<p>= <sup>17<\/span><\/sup> J\u00e1 v\u0161ak budu zp\u00edvat na tvou moc jen chv\u00e1ly,\u2020<br \/>z l\u00e1sky tv\u00e9 se zr\u00e1na vd\u011b\u010dn\u011b radovat.<br \/>Nebo\u0165 tys m\u016fj hrad, jsi \u00fato\u010d<strong>i<\/strong>\u0161t\u011b v nouzi,<\/p>\n<p>&#8211; <sup>18<\/span><\/sup> ty jsi moje s\u00edla, jenom tob\u011b zp\u00edv\u00e1m,<br \/>Pane, tys m\u016fj hrad, m\u016fj mil<strong>o<\/strong>srdn\u00fd B\u016fh.<\/p>\n","protected":false},"excerpt":{"rendered":"<p>Ty jsi moje s\u00edla, Bo\u017ee. &#8211; 2 Od m\u00fdch nep\u0159\u00e1tel m\u011b vysvobo\u010f, m\u016fj Bo\u017ee,chra\u0148 m\u011b p\u0159ed t\u011bmi, kdo broj\u00ed proti mn\u011b! &#8211; 3 Vysvobo\u010f m\u011b od t\u011bch, kdo jen k\u0159ivdy p\u00e1\u0161ou,proti vra\u017eedn\u00edk\u016fm p\u0159ij\u010f mi na pomoc! = Jenom na m\u011b pohle\u010f, kterak po mn\u011b sl\u00edd\u00ed,\u2020kterak proti mn\u011b se mocn\u00ed spol\u010dili,i kdy\u017e na mn\u011b nelp\u00ed zlo\u010din, &#8230; <a title=\"\u017dalm 59\" class=\"read-more\" href=\"https:\/\/www.texty.santegidio.cz\/?page_id=111\" aria-label=\"More on \u017dalm 59\">Read more<\/a><\/p>\n","protected":false},"author":1,"featured_media":0,"parent":29,"menu_order":0,"comment_status":"closed","ping_status":"closed","template":"","meta":{"_uag_custom_page_level_css":"","jetpack_post_was_ever_published":false,"footnotes":""},"class_list":["post-111","page","type-page","status-publish"],"uagb_featured_image_src":{"full":false,"thumbnail":false,"medium":false,"medium_large":false,"large":false,"1536x1536":false,"2048x2048":false},"uagb_author_info":{"display_name":"Pavel","author_link":"https:\/\/www.texty.santegidio.cz\/?author=1"},"uagb_comment_info":0,"uagb_excerpt":"Ty jsi moje s\u00edla, Bo\u017ee. &#8211; 2 Od m\u00fdch nep\u0159\u00e1tel m\u011b vysvobo\u010f, m\u016fj Bo\u017ee,chra\u0148 m\u011b p\u0159ed t\u011bmi, kdo broj\u00ed proti mn\u011b! &#8211; 3 Vysvobo\u010f m\u011b od t\u011bch, kdo jen k\u0159ivdy p\u00e1\u0161ou,proti vra\u017eedn\u00edk\u016fm p\u0159ij\u010f mi na pomoc! = Jenom na m\u011b pohle\u010f, kterak po mn\u011b sl\u00edd\u00ed,\u2020kterak proti mn\u011b se mocn\u00ed spol\u010dili,i kdy\u017e na mn\u011b nelp\u00ed zlo\u010din,&hellip;","jetpack_sharing_enabled":true,"jetpack_shortlink":"https:\/\/wp.me\/PawMsT-1N","_links":{"self":[{"href":"https:\/\/www.texty.santegidio.cz\/index.php?rest_route=\/wp\/v2\/pages\/111","targetHints":{"allow":["GET"]}}],"collection":[{"href":"https:\/\/www.texty.santegidio.cz\/index.php?rest_route=\/wp\/v2\/pages"}],"about":[{"href":"https:\/\/www.texty.santegidio.cz\/index.php?rest_route=\/wp\/v2\/types\/page"}],"author":[{"embeddable":true,"href":"https:\/\/www.texty.santegidio.cz\/index.php?rest_route=\/wp\/v2\/users\/1"}],"replies":[{"embeddable":true,"href":"https:\/\/www.texty.santegidio.cz\/index.php?rest_route=%2Fwp%2Fv2%2Fcomments&post=111"}],"version-history":[{"count":1,"href":"https:\/\/www.texty.santegidio.cz\/index.php?rest_route=\/wp\/v2\/pages\/111\/revisions"}],"predecessor-version":[{"id":1281,"href":"https:\/\/www.texty.santegidio.cz\/index.php?rest_route=\/wp\/v2\/pages\/111\/revisions\/1281"}],"up":[{"embeddable":true,"href":"https:\/\/www.texty.santegidio.cz\/index.php?rest_route=\/wp\/v2\/pages\/29"}],"wp:attachment":[{"href":"https:\/\/www.texty.santegidio.cz\/index.php?rest_route=%2Fwp%2Fv2%2Fmedia&parent=111"}],"curies":[{"name":"wp","href":"https:\/\/api.w.org\/{rel}","templated":true}]}}