{"id":110,"date":"2018-12-12T10:15:06","date_gmt":"2018-12-12T09:15:06","guid":{"rendered":"http:\/\/www.texty.santegidio.cz?page_id=110"},"modified":"2018-12-12T10:15:07","modified_gmt":"2018-12-12T09:15:07","slug":"zalm-58","status":"publish","type":"page","link":"https:\/\/www.texty.santegidio.cz\/?page_id=110","title":{"rendered":"\u017dalm 58"},"content":{"rendered":"<p>P\u0159ij\u010f, Pane, a zjednej spravedlnost na zemi.<br \/>[- <\/span><\/span><sup>2<\/span><\/sup><\/span><\/span> Vyn\u00e1\u0161\u00edte, mocn\u00ed, vskutku pr\u00e1vo,<\/span><\/span><br \/>soud\u00edte kdy spr\u00e1vn\u011b lidsk\u00e9 d\u011bti?<\/span><\/span><br \/>&#8211;<\/span> <sup>3<\/span><\/sup><\/span><\/span> Ne, vy p\u0159\u00edmo rozs\u00e9v\u00e1te zlo\u010din,<\/span><\/span><br \/>rukou raz\u00edte jen k\u0159ivd\u00e1m pr\u016fchod.<\/span><\/span><\/p>\n<p>= <\/span><\/span><sup>4<\/span><\/sup><\/span><\/span> Zr\u016fdn\u00ed jsou, kdo p\u00e1\u0161ou bezbo\u017enosti,\u2020<\/span><\/span><br \/>zbloudil\u00ed u\u017e od sam\u00e9ho zrodu,<\/span><\/span><br \/>od mat\u010dina kl\u00edna mluv\u00ed k\u0159iv\u011b.<\/span><\/span><br \/>&#8211;<\/span> <sup>5<\/span><\/sup><\/span><\/span> Jejich jed je stejn\u00fd jako had\u00ed,<\/span><\/span><br \/>hada hluch\u00e9ho, co nem\u00e1 u\u0161i<\/span><\/span><br \/>&#8211;<\/span> <sup>6<\/span><\/sup><\/span><\/span> a co nesly\u0161\u00ed hlas zakl\u00edna\u010d\u016f,<\/span><\/span><br \/>znalce, jen\u017e se v zakl\u00ednadlech vyzn\u00e1.<\/span><\/span><br \/>&#8211;<\/span> <sup>7<\/span><\/sup><\/span><\/span> Z \u00fast jim, Bo\u017ee, ty zl\u00e9 zuby vyraz,<\/span><\/span><br \/>tes\u00e1ky lv\u00edm \u0161elm\u00e1m rozdr\u0165, Pane!<\/span><\/span><br \/>&#8211;<\/span> <sup>8<\/span><\/sup><\/span><\/span> A\u0165 se vytrat\u00ed jak vyschl\u00e1 kalu\u017e,<\/span><\/span><br \/>zvadnou jako po\u0161lapan\u00e1 tr\u00e1va!<\/span><\/span><br \/>&#8211;<\/span> <sup>9<\/span><\/sup><\/span><\/span> A\u0165 se rozte\u010dou jak slizc\u00ed pl\u017ei,<\/span><\/span><br \/>jako potrat, co nespat\u0159\u00ed slunka!<\/span><\/span><br \/>&#8211;<\/span> <sup>10<\/span><\/sup><\/span><\/span> A\u0165 je d\u0159\u00edv, ne\u017e trny zhoustnou v k\u0159ov\u00ed,<\/span><\/span><br \/>smete vichr, \u010derstv\u00e9 nebo zvadl\u00e9!<\/span><\/span><br \/>&#8211;<\/span> <sup>11<\/span><\/sup><\/span><\/span> Zbo\u017en\u00fd bude nad tou pomstou j\u00e1sat,<\/span><\/span><br \/>v krvi bezbo\u017en\u00fdch a\u017e ruce smo\u010d\u00ed.<\/span><\/span><br \/>&#8211;<\/span> <sup>12<\/span><\/sup><\/span><\/span> \u0158eknou lid\u00e9: &bdquo;Odm\u011bn\u011bn byl v\u011brn\u00fd!<\/span><\/span><br \/>Hle, jest B\u016fh, jen\u017e na zemi je soudcem.&ldquo;]<\/span><\/span><\/p>\n","protected":false},"excerpt":{"rendered":"<p>P\u0159ij\u010f, Pane, a zjednej spravedlnost na zemi.[- 2 Vyn\u00e1\u0161\u00edte, mocn\u00ed, vskutku pr\u00e1vo,soud\u00edte kdy spr\u00e1vn\u011b lidsk\u00e9 d\u011bti?&#8211; 3 Ne, vy p\u0159\u00edmo rozs\u00e9v\u00e1te zlo\u010din,rukou raz\u00edte jen k\u0159ivd\u00e1m pr\u016fchod. = 4 Zr\u016fdn\u00ed jsou, kdo p\u00e1\u0161ou bezbo\u017enosti,\u2020zbloudil\u00ed u\u017e od sam\u00e9ho zrodu,od mat\u010dina kl\u00edna mluv\u00ed k\u0159iv\u011b.&#8211; 5 Jejich jed je stejn\u00fd jako had\u00ed,hada hluch\u00e9ho, co nem\u00e1 u\u0161i&#8211; 6 a co &#8230; <a title=\"\u017dalm 58\" class=\"read-more\" href=\"https:\/\/www.texty.santegidio.cz\/?page_id=110\" aria-label=\"More on \u017dalm 58\">Read more<\/a><\/p>\n","protected":false},"author":1,"featured_media":0,"parent":29,"menu_order":0,"comment_status":"closed","ping_status":"closed","template":"","meta":{"_uag_custom_page_level_css":"","jetpack_post_was_ever_published":false,"footnotes":""},"class_list":["post-110","page","type-page","status-publish"],"uagb_featured_image_src":{"full":false,"thumbnail":false,"medium":false,"medium_large":false,"large":false,"1536x1536":false,"2048x2048":false},"uagb_author_info":{"display_name":"Pavel","author_link":"https:\/\/www.texty.santegidio.cz\/?author=1"},"uagb_comment_info":0,"uagb_excerpt":"P\u0159ij\u010f, Pane, a zjednej spravedlnost na zemi.[- 2 Vyn\u00e1\u0161\u00edte, mocn\u00ed, vskutku pr\u00e1vo,soud\u00edte kdy spr\u00e1vn\u011b lidsk\u00e9 d\u011bti?&#8211; 3 Ne, vy p\u0159\u00edmo rozs\u00e9v\u00e1te zlo\u010din,rukou raz\u00edte jen k\u0159ivd\u00e1m pr\u016fchod. = 4 Zr\u016fdn\u00ed jsou, kdo p\u00e1\u0161ou bezbo\u017enosti,\u2020zbloudil\u00ed u\u017e od sam\u00e9ho zrodu,od mat\u010dina kl\u00edna mluv\u00ed k\u0159iv\u011b.&#8211; 5 Jejich jed je stejn\u00fd jako had\u00ed,hada hluch\u00e9ho, co nem\u00e1 u\u0161i&#8211; 6 a co&hellip;","jetpack_sharing_enabled":true,"jetpack_shortlink":"https:\/\/wp.me\/PawMsT-1M","_links":{"self":[{"href":"https:\/\/www.texty.santegidio.cz\/index.php?rest_route=\/wp\/v2\/pages\/110","targetHints":{"allow":["GET"]}}],"collection":[{"href":"https:\/\/www.texty.santegidio.cz\/index.php?rest_route=\/wp\/v2\/pages"}],"about":[{"href":"https:\/\/www.texty.santegidio.cz\/index.php?rest_route=\/wp\/v2\/types\/page"}],"author":[{"embeddable":true,"href":"https:\/\/www.texty.santegidio.cz\/index.php?rest_route=\/wp\/v2\/users\/1"}],"replies":[{"embeddable":true,"href":"https:\/\/www.texty.santegidio.cz\/index.php?rest_route=%2Fwp%2Fv2%2Fcomments&post=110"}],"version-history":[{"count":1,"href":"https:\/\/www.texty.santegidio.cz\/index.php?rest_route=\/wp\/v2\/pages\/110\/revisions"}],"predecessor-version":[{"id":1280,"href":"https:\/\/www.texty.santegidio.cz\/index.php?rest_route=\/wp\/v2\/pages\/110\/revisions\/1280"}],"up":[{"embeddable":true,"href":"https:\/\/www.texty.santegidio.cz\/index.php?rest_route=\/wp\/v2\/pages\/29"}],"wp:attachment":[{"href":"https:\/\/www.texty.santegidio.cz\/index.php?rest_route=%2Fwp%2Fv2%2Fmedia&parent=110"}],"curies":[{"name":"wp","href":"https:\/\/api.w.org\/{rel}","templated":true}]}}