{"id":109,"date":"2018-12-12T10:15:06","date_gmt":"2018-12-12T09:15:06","guid":{"rendered":"http:\/\/www.texty.santegidio.cz?page_id=109"},"modified":"2018-12-12T10:15:07","modified_gmt":"2018-12-12T09:15:07","slug":"zalm-57","status":"publish","type":"page","link":"https:\/\/www.texty.santegidio.cz\/?page_id=109","title":{"rendered":"\u017dalm 57"},"content":{"rendered":"<p>V st\u00ednu tv\u00fdch k\u0159\u00eddel, Pane, hled\u00e1m \u00fato\u010di\u0161t\u011b.<\/p>\n<p>&#8211; <sup>2<\/span><\/sup> Smiluj se, Bo\u017ee, nade mnou se smiluj,<br \/>nebo\u0165 se k t<strong>o<\/strong>b\u011b ut\u00edk\u00e1m!<br \/>&#8211; V st\u00ednu tv\u00fdch k\u0159\u00eddel hled\u00e1m \u00fato\u010di\u0161t\u011b,<br \/>a\u017e pohroma s<strong>e<\/strong> p\u0159e\u017eene.<\/p>\n<p>&#8211; <sup>3<\/span><\/sup> O pomoc vol\u00e1m k Bohu nejvy\u0161\u0161\u00edmu,<br \/>k Bohu, jen\u017e pro mn<strong>e<\/strong> \u010din\u00ed v\u0161e;<\/p>\n<p>= <sup>4<\/span><\/sup> a\u0165 z nebe zas\u00e1hne a pom\u016f\u017ee mi,\u2020<br \/>m\u00e9 \u00fakladn\u00edky zahanb\u00ed!<br \/>Svou milost\u00ed a v\u011brnost\u00ed on zachra\u0148<strong>u<\/strong>je \u017eivot m\u016fj.<\/p>\n<p>&#8211; <sup>5<\/span><\/sup> J\u00e1 mus\u00edm sp\u00e1vat uprost\u0159ed lv\u00edch \u0161elem,<br \/>co drav\u011b l<strong>i<\/strong>di hltaj\u00ed.<br \/>&#8211; Jsou jejich zuby o\u0161t\u011bpy a \u0161\u00edpy<br \/>a jejich j<strong>a<\/strong>zyk ostr\u00fd me\u010d.<\/p>\n<p>&#8211; <sup>6<\/span><\/sup> Svou vzne\u0161enost zjev, Pane, na nebes\u00edch,<br \/>po cel\u00e9 z<strong>e<\/strong>mi sl\u00e1vu svou!<\/p>\n<p>&#8211; <sup>7<\/span><\/sup> Oni m\u00fdm noh\u00e1m nastra\u017eili l\u00e9\u010dky,<br \/>oni mou d<strong>u<\/strong>\u0161i skl\u00ed\u010dili,<br \/>&#8211; p\u0159ede mnou p\u0159\u00edmo kopali mi j\u00e1mu,<br \/>a\u017e do n\u00ed s<strong>a<\/strong>mi upadli.<\/p>\n<p>= <sup>8<\/span><\/sup> Je odhodl\u00e1no moje srdce, Pane,\u2020<br \/>je odhodl\u00e1no srdce m\u00e9,<br \/>zp\u00edvat ti chci <strong>a<\/strong> v struny hr\u00e1t.<\/p>\n<p>&#8211; <sup>9<\/span><\/sup> Vzh\u016fru, m\u00e1 du\u0161e! Vzh\u016fru, moje harfo!<br \/>J\u00e1 jit\u0159enku t<strong>e<\/strong>\u010f probud\u00edm.<\/p>\n<p>&#8211; <sup>10<\/span><\/sup> Slavit t\u011b budu p\u0159ed n\u00e1rody, Pane,<br \/>chv\u00e1lit t\u011b m<strong>e<\/strong>zi pohany.<\/p>\n<p>&#8211; <sup>11<\/span><\/sup> Nebo\u0165 tv\u00e1 dobrota a\u017e k nebi sah\u00e1<br \/>a v\u011brnost tv\u00e1 <strong>a<\/strong>\u017e do oblak.<\/p>\n<p>&#8211; <sup>12<\/span><\/sup> Svou vzne\u0161enost zjev, Pane, na nebes\u00edch,<br \/>po cel\u00e9 z<strong>e<\/strong>mi sl\u00e1vu svou!<\/p>\n","protected":false},"excerpt":{"rendered":"<p>V st\u00ednu tv\u00fdch k\u0159\u00eddel, Pane, hled\u00e1m \u00fato\u010di\u0161t\u011b. &#8211; 2 Smiluj se, Bo\u017ee, nade mnou se smiluj,nebo\u0165 se k tob\u011b ut\u00edk\u00e1m!&#8211; V st\u00ednu tv\u00fdch k\u0159\u00eddel hled\u00e1m \u00fato\u010di\u0161t\u011b,a\u017e pohroma se p\u0159e\u017eene. &#8211; 3 O pomoc vol\u00e1m k Bohu nejvy\u0161\u0161\u00edmu,k Bohu, jen\u017e pro mne \u010din\u00ed v\u0161e; = 4 a\u0165 z nebe zas\u00e1hne a pom\u016f\u017ee mi,\u2020m\u00e9 \u00fakladn\u00edky zahanb\u00ed!Svou milost\u00ed &#8230; <a title=\"\u017dalm 57\" class=\"read-more\" href=\"https:\/\/www.texty.santegidio.cz\/?page_id=109\" aria-label=\"More on \u017dalm 57\">Read more<\/a><\/p>\n","protected":false},"author":1,"featured_media":0,"parent":29,"menu_order":0,"comment_status":"closed","ping_status":"closed","template":"","meta":{"_uag_custom_page_level_css":"","jetpack_post_was_ever_published":false,"footnotes":""},"class_list":["post-109","page","type-page","status-publish"],"uagb_featured_image_src":{"full":false,"thumbnail":false,"medium":false,"medium_large":false,"large":false,"1536x1536":false,"2048x2048":false},"uagb_author_info":{"display_name":"Pavel","author_link":"https:\/\/www.texty.santegidio.cz\/?author=1"},"uagb_comment_info":0,"uagb_excerpt":"V st\u00ednu tv\u00fdch k\u0159\u00eddel, Pane, hled\u00e1m \u00fato\u010di\u0161t\u011b. &#8211; 2 Smiluj se, Bo\u017ee, nade mnou se smiluj,nebo\u0165 se k tob\u011b ut\u00edk\u00e1m!&#8211; V st\u00ednu tv\u00fdch k\u0159\u00eddel hled\u00e1m \u00fato\u010di\u0161t\u011b,a\u017e pohroma se p\u0159e\u017eene. &#8211; 3 O pomoc vol\u00e1m k Bohu nejvy\u0161\u0161\u00edmu,k Bohu, jen\u017e pro mne \u010din\u00ed v\u0161e; = 4 a\u0165 z nebe zas\u00e1hne a pom\u016f\u017ee mi,\u2020m\u00e9 \u00fakladn\u00edky zahanb\u00ed!Svou milost\u00ed&hellip;","jetpack_sharing_enabled":true,"jetpack_shortlink":"https:\/\/wp.me\/PawMsT-1L","_links":{"self":[{"href":"https:\/\/www.texty.santegidio.cz\/index.php?rest_route=\/wp\/v2\/pages\/109","targetHints":{"allow":["GET"]}}],"collection":[{"href":"https:\/\/www.texty.santegidio.cz\/index.php?rest_route=\/wp\/v2\/pages"}],"about":[{"href":"https:\/\/www.texty.santegidio.cz\/index.php?rest_route=\/wp\/v2\/types\/page"}],"author":[{"embeddable":true,"href":"https:\/\/www.texty.santegidio.cz\/index.php?rest_route=\/wp\/v2\/users\/1"}],"replies":[{"embeddable":true,"href":"https:\/\/www.texty.santegidio.cz\/index.php?rest_route=%2Fwp%2Fv2%2Fcomments&post=109"}],"version-history":[{"count":1,"href":"https:\/\/www.texty.santegidio.cz\/index.php?rest_route=\/wp\/v2\/pages\/109\/revisions"}],"predecessor-version":[{"id":1279,"href":"https:\/\/www.texty.santegidio.cz\/index.php?rest_route=\/wp\/v2\/pages\/109\/revisions\/1279"}],"up":[{"embeddable":true,"href":"https:\/\/www.texty.santegidio.cz\/index.php?rest_route=\/wp\/v2\/pages\/29"}],"wp:attachment":[{"href":"https:\/\/www.texty.santegidio.cz\/index.php?rest_route=%2Fwp%2Fv2%2Fmedia&parent=109"}],"curies":[{"name":"wp","href":"https:\/\/api.w.org\/{rel}","templated":true}]}}