{"id":108,"date":"2018-12-12T10:15:06","date_gmt":"2018-12-12T09:15:06","guid":{"rendered":"http:\/\/www.texty.santegidio.cz?page_id=108"},"modified":"2018-12-12T10:15:07","modified_gmt":"2018-12-12T09:15:07","slug":"zalm-56","status":"publish","type":"page","link":"https:\/\/www.texty.santegidio.cz\/?page_id=108","title":{"rendered":"\u017dalm 56"},"content":{"rendered":"<p>V&nbsp;Boha douf\u00e1m a obavy nem\u00e1m.<\/p>\n<p>&#8211; <sup>2<\/span><\/sup> Smiluj se, Bo\u017ee, \u010dlov\u011bk m\u011b dept\u00e1,<br \/>t\u00edsn\u00ed m\u011b boj<strong>o<\/strong>vn\u00edk den co den,<\/p>\n<p>&#8211; <sup>3<\/span><\/sup> den co den po mn\u011b odp\u016frci \u0161lapou;<br \/>mnoho je t\u011bch, kdo pr<strong>o<\/strong>ti mn\u011b broj\u00ed.<\/p>\n<p>&#8211; <sup>4<\/span><\/sup> Spol\u00e9h\u00e1m na tebe, Svrchovan\u00fd,<br \/>na Boha, jeho\u017e sl<strong>i<\/strong>by tak chv\u00e1l\u00edm,<\/p>\n<p>&#8211; <sup>5<\/span><\/sup> v Boha douf\u00e1m a obavy nem\u00e1m.<br \/>Co \u010dlov\u011bk z masa pr<strong>o<\/strong>ti mn\u011b zm\u016f\u017ee?<\/p>\n<p>&#8211; <sup>6<\/span><\/sup> Cel\u00fd den na m\u011b se umlouvaj\u00ed,<br \/>snovaj\u00ed z\u00e1m<strong>\u011b<\/strong>ry proti mn\u011b.<\/p>\n<p>= <sup>7<\/span><\/sup> \u010cekaj\u00ed, \u010d\u00edhaj\u00ed na mou zk\u00e1zu,\u2020<br \/>bedliv\u011b sleduj\u00ed moje stopy,<br \/>nebo\u0165 mi o \u017eivot <strong>u<\/strong>kl\u00e1daj\u00ed.<br \/>[- <\/span><\/span><sup>8<\/span><\/sup><\/span><\/span> M\u011bli by uj\u00edt za zlo\u010din trestu?<\/span><\/span><br \/>Sraz ve sv\u00e9m hn\u011bvu pohany k zemi!]<\/span><\/span><\/p>\n<p>= <sup>9<\/span><\/sup> Ty s\u00e1m jsi s\u010detl v\u0161echny m\u00e9 strasti,\u2020<br \/>slzy m\u00e9 v\u0161echny sis do m\u011bchu slil.<br \/>\u017de bys je nem\u011bl zaps<strong>\u00e1<\/strong>ny v knize?<\/p>\n<p>= <sup>10<\/span><\/sup> St\u00e1hnou se zp\u00e1tky m\u00ed nep\u0159\u00e1tel\u00e9,\u2020<br \/>kdykoli zavol\u00e1m na pomoc tebe;<br \/>v\u017edy\u0165 p\u0159ece v\u00edm, \u017ee s<strong>e<\/strong> mnou je B\u016fh!<\/p>\n<p>&#8211; <sup>11<\/span><\/sup> V Boha, jeho\u017e sliby tak chv\u00e1l\u00edm,<br \/>v P\u00e1na, jeho\u017e sl<strong>i<\/strong>by tak chv\u00e1l\u00edm,<\/p>\n<p>&#8211; <sup>12<\/span><\/sup> v Boha douf\u00e1m a obavy nem\u00e1m.<br \/>Co \u010dlov\u011bk z masa pr<strong>o<\/strong>ti mn\u011b zm\u016f\u017ee?<\/p>\n<p>&#8211; <sup>13<\/span><\/sup> Tob\u011b jsem, Bo\u017ee, zav\u00e1z\u00e1n slibem;<br \/>r\u00e1d ti p\u0159inesu d\u011bk<strong>o<\/strong>vnou ob\u011b\u0165<\/p>\n<p>= <sup>14<\/span><\/sup> za to, \u017ees du\u0161i mou uchr\u00e1nil smrti,\u2020<br \/>m\u00e9 nohy p\u00e1du, \u017ee d\u00e1l mohu kr\u00e1\u010det<br \/>p\u0159ed Bo\u017e\u00ed tv\u00e1\u0159\u00ed ve sv<strong>\u011b<\/strong>tle \u017eiv\u00fdch.<\/p>\n","protected":false},"excerpt":{"rendered":"<p>V&nbsp;Boha douf\u00e1m a obavy nem\u00e1m. &#8211; 2 Smiluj se, Bo\u017ee, \u010dlov\u011bk m\u011b dept\u00e1,t\u00edsn\u00ed m\u011b bojovn\u00edk den co den, &#8211; 3 den co den po mn\u011b odp\u016frci \u0161lapou;mnoho je t\u011bch, kdo proti mn\u011b broj\u00ed. &#8211; 4 Spol\u00e9h\u00e1m na tebe, Svrchovan\u00fd,na Boha, jeho\u017e sliby tak chv\u00e1l\u00edm, &#8211; 5 v Boha douf\u00e1m a obavy nem\u00e1m.Co \u010dlov\u011bk z masa &#8230; <a title=\"\u017dalm 56\" class=\"read-more\" href=\"https:\/\/www.texty.santegidio.cz\/?page_id=108\" aria-label=\"More on \u017dalm 56\">Read more<\/a><\/p>\n","protected":false},"author":1,"featured_media":0,"parent":29,"menu_order":0,"comment_status":"closed","ping_status":"closed","template":"","meta":{"_uag_custom_page_level_css":"","jetpack_post_was_ever_published":false,"footnotes":""},"class_list":["post-108","page","type-page","status-publish"],"uagb_featured_image_src":{"full":false,"thumbnail":false,"medium":false,"medium_large":false,"large":false,"1536x1536":false,"2048x2048":false},"uagb_author_info":{"display_name":"Pavel","author_link":"https:\/\/www.texty.santegidio.cz\/?author=1"},"uagb_comment_info":0,"uagb_excerpt":"V&nbsp;Boha douf\u00e1m a obavy nem\u00e1m. &#8211; 2 Smiluj se, Bo\u017ee, \u010dlov\u011bk m\u011b dept\u00e1,t\u00edsn\u00ed m\u011b bojovn\u00edk den co den, &#8211; 3 den co den po mn\u011b odp\u016frci \u0161lapou;mnoho je t\u011bch, kdo proti mn\u011b broj\u00ed. &#8211; 4 Spol\u00e9h\u00e1m na tebe, Svrchovan\u00fd,na Boha, jeho\u017e sliby tak chv\u00e1l\u00edm, &#8211; 5 v Boha douf\u00e1m a obavy nem\u00e1m.Co \u010dlov\u011bk z masa&hellip;","jetpack_sharing_enabled":true,"jetpack_shortlink":"https:\/\/wp.me\/PawMsT-1K","_links":{"self":[{"href":"https:\/\/www.texty.santegidio.cz\/index.php?rest_route=\/wp\/v2\/pages\/108","targetHints":{"allow":["GET"]}}],"collection":[{"href":"https:\/\/www.texty.santegidio.cz\/index.php?rest_route=\/wp\/v2\/pages"}],"about":[{"href":"https:\/\/www.texty.santegidio.cz\/index.php?rest_route=\/wp\/v2\/types\/page"}],"author":[{"embeddable":true,"href":"https:\/\/www.texty.santegidio.cz\/index.php?rest_route=\/wp\/v2\/users\/1"}],"replies":[{"embeddable":true,"href":"https:\/\/www.texty.santegidio.cz\/index.php?rest_route=%2Fwp%2Fv2%2Fcomments&post=108"}],"version-history":[{"count":1,"href":"https:\/\/www.texty.santegidio.cz\/index.php?rest_route=\/wp\/v2\/pages\/108\/revisions"}],"predecessor-version":[{"id":1278,"href":"https:\/\/www.texty.santegidio.cz\/index.php?rest_route=\/wp\/v2\/pages\/108\/revisions\/1278"}],"up":[{"embeddable":true,"href":"https:\/\/www.texty.santegidio.cz\/index.php?rest_route=\/wp\/v2\/pages\/29"}],"wp:attachment":[{"href":"https:\/\/www.texty.santegidio.cz\/index.php?rest_route=%2Fwp%2Fv2%2Fmedia&parent=108"}],"curies":[{"name":"wp","href":"https:\/\/api.w.org\/{rel}","templated":true}]}}