{"id":105,"date":"2018-12-12T10:15:06","date_gmt":"2018-12-12T09:15:06","guid":{"rendered":"http:\/\/www.texty.santegidio.cz?page_id=105"},"modified":"2018-12-12T10:15:07","modified_gmt":"2018-12-12T09:15:07","slug":"zalm-53","status":"publish","type":"page","link":"https:\/\/www.texty.santegidio.cz\/?page_id=105","title":{"rendered":"\u017dalm 53"},"content":{"rendered":"<p>Bo\u017ee, ty jsi mezi n\u00e1mi pro na\u0161i sp\u00e1su.<\/p>\n<p>= <sup>2<\/span><\/sup> Bl\u00e1zen si \u0159\u00edk\u00e1: &bdquo;Nen\u00ed Boha.&ldquo;\u2020<br \/>Zka\u017een\u00ed jsou a hnusn\u011b si vedou,<br \/>nikdo u\u017e nen\u00ed, kdo k<strong>o<\/strong>nal by dobro.<\/p>\n<p>&#8211; <sup>3<\/span><\/sup> B\u016fh z nebes hled\u00ed na lidsk\u00e9 syny,<br \/>zda je kdo moudr\u00fd a hl<strong>e<\/strong>d\u00e1 Boha.<\/p>\n<p>&#8211; <sup>4<\/span><\/sup> V\u0161ichni jsou zbloudil\u00ed, zka\u017een\u00ed vesm\u011bs,<br \/>nikdo u\u017e, nikdo z nich nek<strong>o<\/strong>n\u00e1 dobro.<\/p>\n<p>= <sup>5<\/span><\/sup> Nep\u0159ijdou k rozumu, kdo p\u00e1\u0161ou k\u0159ivdy,\u2020<br \/>kdo m\u016fj lid hltaj\u00ed jako kus chleba,<br \/>k P\u00e1nu se nikdy ne<strong>o<\/strong>bracej\u00ed?<\/p>\n<p>= <sup>6<\/span><\/sup> T\u0159esou se strachy, kde nen\u00ed pro\u010d b\u00e1t se;\u2020<br \/>rozmet\u00e1 B\u016fh pl\u00e1ny bezbo\u017en\u00edk\u016f,<br \/>upadnou v hanbu, s\u00e1m B<strong>\u016f<\/strong>h je svrhne.<\/p>\n<p>= <sup>7<\/span><\/sup> Kdo ze Si\u00f3nu Izrael spas\u00ed?\u2020<br \/>A\u017e P\u00e1n zm\u011bn\u00ed osud sv\u00e9ho lidu,<br \/>zaj\u00e1s\u00e1 J\u00e1kob, zaraduje s<strong>e<\/strong> Izrael.<\/p>\n","protected":false},"excerpt":{"rendered":"<p>Bo\u017ee, ty jsi mezi n\u00e1mi pro na\u0161i sp\u00e1su. = 2 Bl\u00e1zen si \u0159\u00edk\u00e1: &bdquo;Nen\u00ed Boha.&ldquo;\u2020Zka\u017een\u00ed jsou a hnusn\u011b si vedou,nikdo u\u017e nen\u00ed, kdo konal by dobro. &#8211; 3 B\u016fh z nebes hled\u00ed na lidsk\u00e9 syny,zda je kdo moudr\u00fd a hled\u00e1 Boha. &#8211; 4 V\u0161ichni jsou zbloudil\u00ed, zka\u017een\u00ed vesm\u011bs,nikdo u\u017e, nikdo z nich nekon\u00e1 dobro. = &#8230; <a title=\"\u017dalm 53\" class=\"read-more\" href=\"https:\/\/www.texty.santegidio.cz\/?page_id=105\" aria-label=\"More on \u017dalm 53\">Read more<\/a><\/p>\n","protected":false},"author":1,"featured_media":0,"parent":29,"menu_order":0,"comment_status":"closed","ping_status":"closed","template":"","meta":{"_uag_custom_page_level_css":"","jetpack_post_was_ever_published":false,"footnotes":""},"class_list":["post-105","page","type-page","status-publish"],"uagb_featured_image_src":{"full":false,"thumbnail":false,"medium":false,"medium_large":false,"large":false,"1536x1536":false,"2048x2048":false},"uagb_author_info":{"display_name":"Pavel","author_link":"https:\/\/www.texty.santegidio.cz\/?author=1"},"uagb_comment_info":0,"uagb_excerpt":"Bo\u017ee, ty jsi mezi n\u00e1mi pro na\u0161i sp\u00e1su. = 2 Bl\u00e1zen si \u0159\u00edk\u00e1: &bdquo;Nen\u00ed Boha.&ldquo;\u2020Zka\u017een\u00ed jsou a hnusn\u011b si vedou,nikdo u\u017e nen\u00ed, kdo konal by dobro. &#8211; 3 B\u016fh z nebes hled\u00ed na lidsk\u00e9 syny,zda je kdo moudr\u00fd a hled\u00e1 Boha. &#8211; 4 V\u0161ichni jsou zbloudil\u00ed, zka\u017een\u00ed vesm\u011bs,nikdo u\u017e, nikdo z nich nekon\u00e1 dobro. =&hellip;","jetpack_sharing_enabled":true,"jetpack_shortlink":"https:\/\/wp.me\/PawMsT-1H","_links":{"self":[{"href":"https:\/\/www.texty.santegidio.cz\/index.php?rest_route=\/wp\/v2\/pages\/105","targetHints":{"allow":["GET"]}}],"collection":[{"href":"https:\/\/www.texty.santegidio.cz\/index.php?rest_route=\/wp\/v2\/pages"}],"about":[{"href":"https:\/\/www.texty.santegidio.cz\/index.php?rest_route=\/wp\/v2\/types\/page"}],"author":[{"embeddable":true,"href":"https:\/\/www.texty.santegidio.cz\/index.php?rest_route=\/wp\/v2\/users\/1"}],"replies":[{"embeddable":true,"href":"https:\/\/www.texty.santegidio.cz\/index.php?rest_route=%2Fwp%2Fv2%2Fcomments&post=105"}],"version-history":[{"count":1,"href":"https:\/\/www.texty.santegidio.cz\/index.php?rest_route=\/wp\/v2\/pages\/105\/revisions"}],"predecessor-version":[{"id":1275,"href":"https:\/\/www.texty.santegidio.cz\/index.php?rest_route=\/wp\/v2\/pages\/105\/revisions\/1275"}],"up":[{"embeddable":true,"href":"https:\/\/www.texty.santegidio.cz\/index.php?rest_route=\/wp\/v2\/pages\/29"}],"wp:attachment":[{"href":"https:\/\/www.texty.santegidio.cz\/index.php?rest_route=%2Fwp%2Fv2%2Fmedia&parent=105"}],"curies":[{"name":"wp","href":"https:\/\/api.w.org\/{rel}","templated":true}]}}