{"id":1042,"date":"2018-10-10T14:09:44","date_gmt":"2018-10-10T12:09:44","guid":{"rendered":"http:\/\/www.texty.santegidio.cz?page_id=1042"},"modified":"2018-10-10T14:09:44","modified_gmt":"2018-10-10T12:09:44","slug":"narek-pana","status":"publish","type":"page","link":"https:\/\/www.texty.santegidio.cz\/?page_id=1042","title":{"rendered":"N\u00e1\u0159ek P\u00e1na"},"content":{"rendered":"<p>Lide m\u016fj, pov\u011bz mi,<br \/> co jsem ti u\u010dinil?<br \/> \u010c&iacute;m jsem t\u011b zarmoutil?<\/p>\n<p> Stihl jsem pro tebe ranami Egypt a&nbsp;jeho prvorozen&eacute;,<br \/> a&nbsp;tys m\u011b odvedl,<br \/> abych byl bi\u010dov&aacute;n.<\/p>\n<p> Lide m\u016fj, pov\u011bz mi,<br \/> co jsem ti u\u010dinil?<br \/> \u010c&iacute;m jsem t\u011b zarmoutil?<\/p>\n<p> Vyvedl jsem t\u011b z&nbsp;Egypta,<br \/> zaplavil jsem faraona vodami Rud&eacute;ho mo\u0159e,<br \/> a&nbsp;tys m\u011b vydal v\u016fdc\u016fm velekn\u011b\u017e&iacute;.<\/p>\n<p> Lide m\u016fj, pov\u011bz mi,<br \/> co jsem ti u\u010dinil?<br \/> \u010c&iacute;m jsem t\u011b zarmoutil?<\/p>\n<p> Otev\u0159el jsem p\u0159ed tebou mo\u0159e,<br \/> a&nbsp;tys mi otev\u0159el bok<br \/> hrotem kop&iacute;.<\/p>\n<p> Lide m\u016fj, pov\u011bz mi,<br \/> co jsem ti u\u010dinil?<br \/> \u010c&iacute;m jsem t\u011b zarmoutil?<\/p>\n<p> Ukazoval jsem ti cestu <br \/> v&nbsp;ohniv&eacute;m oblaku,<br \/> a&nbsp;tys m\u011b zavedl p\u0159ed Pontsk&eacute;ho Pil&aacute;ta.<\/p>\n<p> Lide m\u016fj, pov\u011bz mi,<br \/> co jsem ti u\u010dinil?<br \/> \u010c&iacute;m jsem t\u011b zarmoutil?<\/p>\n<p> \u017divil jsem t\u011b na pou&scaron;ti manou,<br \/> a&nbsp;tys m\u011b \u010dastoval pol&iacute;\u010dky a&nbsp;&uacute;dery bi\u010de.<\/p>\n<p> Lide m\u016fj, pov\u011bz mi,<br \/> co jsem ti u\u010dinil?<br \/> \u010c&iacute;m jsem t\u011b zarmoutil?<\/p>\n<p> Pro tebe jsem ude\u0159il na kr&aacute;le Kananejc\u016f,<br \/> a&nbsp;tys m\u011b bil po hlav\u011b hol&iacute;.<\/p>\n<p> Lide m\u016fj, pov\u011bz mi,<br \/> co jsem ti u\u010dinil?<br \/> \u010c&iacute;m jsem t\u011b zarmoutil?<\/p>\n<p> Vlo\u017eil jsem ti do rukou kr&aacute;lovsk&eacute; \u017eezlo,<br \/> a&nbsp;tys mi vlo\u017eil na hlavu trnovou korunu.<\/p>\n<p> Lide m\u016fj, pov\u011bz mi,<br \/> co jsem ti u\u010dinil?<br \/> \u010c&iacute;m jsem t\u011b zarmoutil?<\/p>\n<p> Vyv&yacute;&scaron;il jsem t\u011b s&nbsp;velikou moc&iacute;,<br \/> a&nbsp;tys m\u011b vyzdvihl na b\u0159evno k\u0159&iacute;\u017ee.<\/p>\n<p> Lide m\u016fj, pov\u011bz mi,<br \/> co jsem ti u\u010dinil?<br \/> \u010c&iacute;m jsem t\u011b zarmoutil?<\/p>\n","protected":false},"excerpt":{"rendered":"<p>Lide m\u016fj, pov\u011bz mi, co jsem ti u\u010dinil? \u010c&iacute;m jsem t\u011b zarmoutil? Stihl jsem pro tebe ranami Egypt a&nbsp;jeho prvorozen&eacute;, a&nbsp;tys m\u011b odvedl, abych byl bi\u010dov&aacute;n. Lide m\u016fj, pov\u011bz mi, co jsem ti u\u010dinil? \u010c&iacute;m jsem t\u011b zarmoutil? Vyvedl jsem t\u011b z&nbsp;Egypta, zaplavil jsem faraona vodami Rud&eacute;ho mo\u0159e, a&nbsp;tys m\u011b vydal v\u016fdc\u016fm velekn\u011b\u017e&iacute;. Lide m\u016fj, &#8230; <a title=\"N\u00e1\u0159ek P\u00e1na\" class=\"read-more\" href=\"https:\/\/www.texty.santegidio.cz\/?page_id=1042\" aria-label=\"More on N\u00e1\u0159ek P\u00e1na\">Read more<\/a><\/p>\n","protected":false},"author":1,"featured_media":0,"parent":708,"menu_order":0,"comment_status":"open","ping_status":"open","template":"","meta":{"_uag_custom_page_level_css":"","jetpack_post_was_ever_published":false,"footnotes":""},"class_list":["post-1042","page","type-page","status-publish"],"uagb_featured_image_src":{"full":false,"thumbnail":false,"medium":false,"medium_large":false,"large":false,"1536x1536":false,"2048x2048":false},"uagb_author_info":{"display_name":"Pavel","author_link":"https:\/\/www.texty.santegidio.cz\/?author=1"},"uagb_comment_info":0,"uagb_excerpt":"Lide m\u016fj, pov\u011bz mi, co jsem ti u\u010dinil? \u010c&iacute;m jsem t\u011b zarmoutil? Stihl jsem pro tebe ranami Egypt a&nbsp;jeho prvorozen&eacute;, a&nbsp;tys m\u011b odvedl, abych byl bi\u010dov&aacute;n. Lide m\u016fj, pov\u011bz mi, co jsem ti u\u010dinil? \u010c&iacute;m jsem t\u011b zarmoutil? Vyvedl jsem t\u011b z&nbsp;Egypta, zaplavil jsem faraona vodami Rud&eacute;ho mo\u0159e, a&nbsp;tys m\u011b vydal v\u016fdc\u016fm velekn\u011b\u017e&iacute;. Lide m\u016fj,&hellip;","jetpack_sharing_enabled":true,"jetpack_shortlink":"https:\/\/wp.me\/PawMsT-gO","_links":{"self":[{"href":"https:\/\/www.texty.santegidio.cz\/index.php?rest_route=\/wp\/v2\/pages\/1042","targetHints":{"allow":["GET"]}}],"collection":[{"href":"https:\/\/www.texty.santegidio.cz\/index.php?rest_route=\/wp\/v2\/pages"}],"about":[{"href":"https:\/\/www.texty.santegidio.cz\/index.php?rest_route=\/wp\/v2\/types\/page"}],"author":[{"embeddable":true,"href":"https:\/\/www.texty.santegidio.cz\/index.php?rest_route=\/wp\/v2\/users\/1"}],"replies":[{"embeddable":true,"href":"https:\/\/www.texty.santegidio.cz\/index.php?rest_route=%2Fwp%2Fv2%2Fcomments&post=1042"}],"version-history":[{"count":0,"href":"https:\/\/www.texty.santegidio.cz\/index.php?rest_route=\/wp\/v2\/pages\/1042\/revisions"}],"up":[{"embeddable":true,"href":"https:\/\/www.texty.santegidio.cz\/index.php?rest_route=\/wp\/v2\/pages\/708"}],"wp:attachment":[{"href":"https:\/\/www.texty.santegidio.cz\/index.php?rest_route=%2Fwp%2Fv2%2Fmedia&parent=1042"}],"curies":[{"name":"wp","href":"https:\/\/api.w.org\/{rel}","templated":true}]}}