{"id":1041,"date":"2018-10-10T14:09:44","date_gmt":"2018-10-10T12:09:44","guid":{"rendered":"http:\/\/www.texty.santegidio.cz?page_id=1041"},"modified":"2018-10-10T14:09:44","modified_gmt":"2018-10-10T12:09:44","slug":"modlitba-krize-za-zemrele","status":"publish","type":"page","link":"https:\/\/www.texty.santegidio.cz\/?page_id=1041","title":{"rendered":"Modlitba k\u0159\u00ed\u017ee za zem\u0159el\u00e9"},"content":{"rendered":"<p>Prosme Krista uk\u0159i\u017eovan&eacute;ho<br \/> za \u017eivot ka\u017ed&eacute;ho \u010dlov\u011bka.<\/p>\n<p> Kyrie eleison, Kyrie elesion, Kyrie eleison.<\/p>\n<p> Prosme P&aacute;na \u017eivota,<br \/> kter&yacute; zem\u0159el na k\u0159&iacute;\u017ei<br \/> za ty, kdo um&iacute;raj&iacute;,<br \/> za uboh&eacute;ho Lazara,<br \/> aby obdr\u017eel po tolik&eacute;m utrpen&iacute;<br \/> svoji odm\u011bnu,<br \/> za bohat&eacute;ho, kter&yacute; vesele hodoval,<br \/> aby \u010dinil pok&aacute;n&iacute;.<\/p>\n<p> Kyrie eleison, Kyrie elesion, Kyrie eleison.<\/p>\n<p> Prosme P&aacute;na za ka\u017ed&eacute;ho \u010dlov\u011bka,<br \/> aby \u017eil v&nbsp;l&aacute;sce<br \/> a jako Simeon ode&scaron;el v&nbsp;pokoji,<br \/> pot&eacute;, co spat\u0159il sv\u011btlo,<br \/> kter&eacute; oz&aacute;\u0159&iacute; n&aacute;rody.<\/p>\n<p> Kyrie eleison, Kyrie elesion, Kyrie eleison.<\/p>\n<p> Prosme P&aacute;na, aby lid&eacute; nem\u011bli zni\u010den&yacute; \u017eivot<br \/> n&aacute;sil&iacute;m jin&yacute;ch lid&iacute;,<br \/> vyko\u0159is\u0165ov&aacute;n&iacute;m a&nbsp;nen&aacute;vist&iacute;.<\/p>\n<p> Kyrie eleison, Kyrie elesion, Kyrie eleison.<\/p>\n<p> Prosme P&aacute;na, <br \/> aby v&scaron;ichni milovali \u017eivot,<br \/> br&aacute;nili jej a&nbsp;respektovali,<br \/> v&nbsp;o\u010dek&aacute;v&aacute;n&iacute; a&nbsp;p\u0159ipravov&aacute;n&iacute;<br \/> Bo\u017e&iacute;ho kr&aacute;lovstv&iacute;.<\/p>\n<p> Kyrie eleison, Kyrie elesion, Kyrie eleison.<\/p>\n<p> Prosme P&aacute;na,<br \/> kter&yacute; ut\u011b&scaron;il Martu a&nbsp;Marii<br \/> Lazarov&yacute;m vzk\u0159&iacute;&scaron;en&iacute;m,<br \/> aby ut\u011b&scaron;il sv&yacute;m vzk\u0159&iacute;&scaron;en&iacute;m<br \/> toho, na n\u011bho\u017e<br \/> tvrd\u011b dolehla smrt.<\/p>\n<p> Kyrie eleison, Kyrie elesion, Kyrie eleison.<\/p>\n<p> Prosme P&aacute;na,<br \/> kter&yacute; zanechal devades&aacute;t dev\u011bt ove\u010dek,<br \/> aby hledal jednu ztracenou,<br \/> aby pe\u010doval o&nbsp;na&scaron;eho bratra, kter&yacute; ho opustil, \u010di na&scaron;i sestru,<br \/> kter&aacute; ho opustila,<br \/> kdy\u017e ji\u017e my nem\u016f\u017eeme u\u010dinit nic jin&eacute;ho,<br \/> ne\u017e sv\u011b\u0159it je jeho milosrdenstv&iacute;.<\/p>\n<p> Kyrie eleison, Kyrie elesion, Kyrie eleison.<\/p>\n<p> &Oacute;&nbsp;Pane, <br \/> kter&yacute; jsi plakal u&nbsp;hrobu<br \/> sv&eacute;ho p\u0159&iacute;tele Lazara,<br \/> ty, kter&yacute; ses dojal bolest&iacute; lid&iacute;,<br \/> doprov&aacute;zej svou l&aacute;skou<br \/> toho, kdo t\u011b opustil,<br \/> \u0159ekni jen slovo<br \/> a&nbsp;smrt bude p\u0159emo\u017eena.<br \/> Ty, kter&yacute; jsi Bohem \u017eiv&yacute;ch,<br \/> Duchem \u017eivota, nyn&iacute; i&nbsp;v\u017edycky.<br \/> Amen.<\/p>\n","protected":false},"excerpt":{"rendered":"<p>Prosme Krista uk\u0159i\u017eovan&eacute;ho za \u017eivot ka\u017ed&eacute;ho \u010dlov\u011bka. Kyrie eleison, Kyrie elesion, Kyrie eleison. Prosme P&aacute;na \u017eivota, kter&yacute; zem\u0159el na k\u0159&iacute;\u017ei za ty, kdo um&iacute;raj&iacute;, za uboh&eacute;ho Lazara, aby obdr\u017eel po tolik&eacute;m utrpen&iacute; svoji odm\u011bnu, za bohat&eacute;ho, kter&yacute; vesele hodoval, aby \u010dinil pok&aacute;n&iacute;. Kyrie eleison, Kyrie elesion, Kyrie eleison. Prosme P&aacute;na za ka\u017ed&eacute;ho \u010dlov\u011bka, aby \u017eil &#8230; <a title=\"Modlitba k\u0159\u00ed\u017ee za zem\u0159el\u00e9\" class=\"read-more\" href=\"https:\/\/www.texty.santegidio.cz\/?page_id=1041\" aria-label=\"More on Modlitba k\u0159\u00ed\u017ee za zem\u0159el\u00e9\">Read more<\/a><\/p>\n","protected":false},"author":1,"featured_media":0,"parent":708,"menu_order":0,"comment_status":"open","ping_status":"open","template":"","meta":{"_uag_custom_page_level_css":"","jetpack_post_was_ever_published":false,"footnotes":""},"class_list":["post-1041","page","type-page","status-publish"],"uagb_featured_image_src":{"full":false,"thumbnail":false,"medium":false,"medium_large":false,"large":false,"1536x1536":false,"2048x2048":false},"uagb_author_info":{"display_name":"Pavel","author_link":"https:\/\/www.texty.santegidio.cz\/?author=1"},"uagb_comment_info":0,"uagb_excerpt":"Prosme Krista uk\u0159i\u017eovan&eacute;ho za \u017eivot ka\u017ed&eacute;ho \u010dlov\u011bka. Kyrie eleison, Kyrie elesion, Kyrie eleison. Prosme P&aacute;na \u017eivota, kter&yacute; zem\u0159el na k\u0159&iacute;\u017ei za ty, kdo um&iacute;raj&iacute;, za uboh&eacute;ho Lazara, aby obdr\u017eel po tolik&eacute;m utrpen&iacute; svoji odm\u011bnu, za bohat&eacute;ho, kter&yacute; vesele hodoval, aby \u010dinil pok&aacute;n&iacute;. Kyrie eleison, Kyrie elesion, Kyrie eleison. Prosme P&aacute;na za ka\u017ed&eacute;ho \u010dlov\u011bka, aby \u017eil&hellip;","jetpack_sharing_enabled":true,"jetpack_shortlink":"https:\/\/wp.me\/PawMsT-gN","_links":{"self":[{"href":"https:\/\/www.texty.santegidio.cz\/index.php?rest_route=\/wp\/v2\/pages\/1041","targetHints":{"allow":["GET"]}}],"collection":[{"href":"https:\/\/www.texty.santegidio.cz\/index.php?rest_route=\/wp\/v2\/pages"}],"about":[{"href":"https:\/\/www.texty.santegidio.cz\/index.php?rest_route=\/wp\/v2\/types\/page"}],"author":[{"embeddable":true,"href":"https:\/\/www.texty.santegidio.cz\/index.php?rest_route=\/wp\/v2\/users\/1"}],"replies":[{"embeddable":true,"href":"https:\/\/www.texty.santegidio.cz\/index.php?rest_route=%2Fwp%2Fv2%2Fcomments&post=1041"}],"version-history":[{"count":0,"href":"https:\/\/www.texty.santegidio.cz\/index.php?rest_route=\/wp\/v2\/pages\/1041\/revisions"}],"up":[{"embeddable":true,"href":"https:\/\/www.texty.santegidio.cz\/index.php?rest_route=\/wp\/v2\/pages\/708"}],"wp:attachment":[{"href":"https:\/\/www.texty.santegidio.cz\/index.php?rest_route=%2Fwp%2Fv2%2Fmedia&parent=1041"}],"curies":[{"name":"wp","href":"https:\/\/api.w.org\/{rel}","templated":true}]}}