{"id":1040,"date":"2018-10-10T14:09:44","date_gmt":"2018-10-10T12:09:44","guid":{"rendered":"http:\/\/www.texty.santegidio.cz?page_id=1040"},"modified":"2018-10-10T14:09:44","modified_gmt":"2018-10-10T12:09:44","slug":"litanie-krize","status":"publish","type":"page","link":"https:\/\/www.texty.santegidio.cz\/?page_id=1040","title":{"rendered":"Litanie k\u0159\u00ed\u017ee"},"content":{"rendered":"<p>Prosme P&aacute;na,<br \/> kter&yacute; byl uk\u0159i\u017eov&aacute;n<br \/> za na&scaron;e zrady a&nbsp;na&scaron;e strachy.<\/p>\n<p> Pane, smiluj se, Pane, smiluj se, Pane, smiluj se.<\/p>\n<p> Prosme P&aacute;na,<br \/> aby byl ka\u017ed&yacute; \u010dlov\u011bk osvobozen<br \/> od tyrana tohoto sv\u011bta,<br \/> p&aacute;na rozd\u011blen&iacute;<br \/> smrti a&nbsp;bolesti.<\/p>\n<p> Pane, smiluj se, Pane, smiluj se, Pane, smiluj se.<\/p>\n<p> Prosme P&aacute;na,<br \/> aby skon\u010dilo ovoce zla<br \/> v&nbsp;tomto sv\u011bt\u011b: v&aacute;lka, b&iacute;da,<br \/> utrpen&iacute;, n&aacute;sil&iacute;,<br \/> nemoc, bolest.<\/p>\n<p> Pane, smiluj se, Pane, smiluj se, Pane, smiluj se.<\/p>\n<p> Prosme P&aacute;na,<br \/> aby mal&eacute; i&nbsp;velk&eacute; k\u0159&iacute;\u017ee<br \/> ka\u017ed&eacute;ho \u010dlov\u011bka na&scaron;ly v&nbsp;jeho k\u0159&iacute;\u017ei<br \/> nad\u011bji a&nbsp;opravdov&eacute; vzk\u0159&iacute;&scaron;en&iacute;.<\/p>\n<p> Pane, smiluj se, Pane, smiluj se, Pane, smiluj se.<\/p>\n<p> Prosme P&aacute;na,<br \/> aby uleh\u010dil b\u0159emeno k\u0159&iacute;\u017ee<br \/> ka\u017ed&eacute;ho \u010dlov\u011bka a&nbsp;osvobodil v&scaron;echny<br \/> sv&yacute;m vzk\u0159&iacute;&scaron;en&iacute;m<br \/> od ka\u017ed&eacute; utiskuj&iacute;c&iacute; t&iacute;hy.<\/p>\n<p> Pane, smiluj se, Pane, smiluj se, Pane, smiluj se.<\/p>\n<p> Prosme P&aacute;na<br \/> za chud&eacute;, opu&scaron;t\u011bn&eacute;, uboh&eacute;,<br \/> uprchl&iacute;ky, sirotky, vdovy a&nbsp;nemocn&eacute;,<br \/> trp&iacute;c&iacute;, utla\u010den&eacute;, uv\u011bzn\u011bn&eacute;,<br \/> zoufal&eacute;, zotro\u010den&eacute;, star&eacute; lidi a&nbsp;d\u011bti,<br \/> mu\u017ee a&nbsp;\u017eeny.<\/p>\n<p> Pane, smiluj se, Pane, smiluj se, Pane, smiluj se.<\/p>\n<p> Pane Je\u017e&iacute;&scaron;i,<br \/> na sv&eacute;m k\u0159&iacute;\u017ei jsi zachr&aacute;nil sv\u011bt,<br \/> vyzn&aacute;v&aacute;me t\u011b jako p\u0159&iacute;tele<br \/> a&nbsp;osvoboditele lid&iacute;.<br \/> P\u0159es na&scaron;i ubohost a&nbsp;n&aacute;&scaron; h\u0159&iacute;ch<br \/> t\u011b nezrad&iacute;me jako Jid&aacute;&scaron;,<br \/> ale s&nbsp;lotrem po pravici t\u011b pros&iacute;me:<br \/> vzpome\u0148 si na n&aacute;s, Pane, ve sv&eacute;m kr&aacute;lovstv&iacute;!<br \/> Nehle\u010f na na&scaron;i nehodnost,<br \/> byli jsme nep\u0159&iacute;tomn&iacute;, vzd&aacute;len&iacute;,<br \/> zapomn\u011btliv&iacute;, ustra&scaron;en&iacute;,<br \/> kdy\u017e jsi byl k\u0159i\u017eov&aacute;n a&nbsp;opu&scaron;t\u011bn,<br \/> bez &uacute;t\u011bchy.<br \/> Nau\u010d n&aacute;s svou v&yacute;mluvnou l&aacute;skou<br \/> n&aacute;sledovat t\u011b v\u017edy na tv&eacute; cest\u011b<br \/> a&nbsp;n&eacute;st spolu s&nbsp;tebou<br \/> k\u0159&iacute;\u017e tv&eacute;ho vykoupen&iacute;.<br \/> Ty, kter&yacute; jsi B\u016fh<br \/> a&nbsp;\u017eije&scaron; a&nbsp;kraluje&scaron;<br \/> spolu s&nbsp;v&scaron;emohouc&iacute;m Otcem<br \/> a&nbsp;Duchem svat&yacute;m, kter&yacute; je l&aacute;ska,<br \/> nyn&iacute; i&nbsp;v\u017edycky<br \/> a&nbsp;na v\u011bky v\u011bk\u016f.<br \/> Amen.<\/p>\n","protected":false},"excerpt":{"rendered":"<p>Prosme P&aacute;na, kter&yacute; byl uk\u0159i\u017eov&aacute;n za na&scaron;e zrady a&nbsp;na&scaron;e strachy. Pane, smiluj se, Pane, smiluj se, Pane, smiluj se. Prosme P&aacute;na, aby byl ka\u017ed&yacute; \u010dlov\u011bk osvobozen od tyrana tohoto sv\u011bta, p&aacute;na rozd\u011blen&iacute; smrti a&nbsp;bolesti. Pane, smiluj se, Pane, smiluj se, Pane, smiluj se. Prosme P&aacute;na, aby skon\u010dilo ovoce zla v&nbsp;tomto sv\u011bt\u011b: v&aacute;lka, b&iacute;da, utrpen&iacute;, n&aacute;sil&iacute;, &#8230; <a title=\"Litanie k\u0159\u00ed\u017ee\" class=\"read-more\" href=\"https:\/\/www.texty.santegidio.cz\/?page_id=1040\" aria-label=\"More on Litanie k\u0159\u00ed\u017ee\">Read more<\/a><\/p>\n","protected":false},"author":1,"featured_media":0,"parent":708,"menu_order":0,"comment_status":"open","ping_status":"open","template":"","meta":{"_uag_custom_page_level_css":"","jetpack_post_was_ever_published":false,"footnotes":""},"class_list":["post-1040","page","type-page","status-publish"],"uagb_featured_image_src":{"full":false,"thumbnail":false,"medium":false,"medium_large":false,"large":false,"1536x1536":false,"2048x2048":false},"uagb_author_info":{"display_name":"Pavel","author_link":"https:\/\/www.texty.santegidio.cz\/?author=1"},"uagb_comment_info":0,"uagb_excerpt":"Prosme P&aacute;na, kter&yacute; byl uk\u0159i\u017eov&aacute;n za na&scaron;e zrady a&nbsp;na&scaron;e strachy. Pane, smiluj se, Pane, smiluj se, Pane, smiluj se. Prosme P&aacute;na, aby byl ka\u017ed&yacute; \u010dlov\u011bk osvobozen od tyrana tohoto sv\u011bta, p&aacute;na rozd\u011blen&iacute; smrti a&nbsp;bolesti. Pane, smiluj se, Pane, smiluj se, Pane, smiluj se. Prosme P&aacute;na, aby skon\u010dilo ovoce zla v&nbsp;tomto sv\u011bt\u011b: v&aacute;lka, b&iacute;da, utrpen&iacute;, n&aacute;sil&iacute;,&hellip;","jetpack_sharing_enabled":true,"jetpack_shortlink":"https:\/\/wp.me\/PawMsT-gM","_links":{"self":[{"href":"https:\/\/www.texty.santegidio.cz\/index.php?rest_route=\/wp\/v2\/pages\/1040","targetHints":{"allow":["GET"]}}],"collection":[{"href":"https:\/\/www.texty.santegidio.cz\/index.php?rest_route=\/wp\/v2\/pages"}],"about":[{"href":"https:\/\/www.texty.santegidio.cz\/index.php?rest_route=\/wp\/v2\/types\/page"}],"author":[{"embeddable":true,"href":"https:\/\/www.texty.santegidio.cz\/index.php?rest_route=\/wp\/v2\/users\/1"}],"replies":[{"embeddable":true,"href":"https:\/\/www.texty.santegidio.cz\/index.php?rest_route=%2Fwp%2Fv2%2Fcomments&post=1040"}],"version-history":[{"count":0,"href":"https:\/\/www.texty.santegidio.cz\/index.php?rest_route=\/wp\/v2\/pages\/1040\/revisions"}],"up":[{"embeddable":true,"href":"https:\/\/www.texty.santegidio.cz\/index.php?rest_route=\/wp\/v2\/pages\/708"}],"wp:attachment":[{"href":"https:\/\/www.texty.santegidio.cz\/index.php?rest_route=%2Fwp%2Fv2%2Fmedia&parent=1040"}],"curies":[{"name":"wp","href":"https:\/\/api.w.org\/{rel}","templated":true}]}}