{"id":104,"date":"2018-12-12T10:15:06","date_gmt":"2018-12-12T09:15:06","guid":{"rendered":"http:\/\/www.texty.santegidio.cz?page_id=104"},"modified":"2018-12-12T10:15:07","modified_gmt":"2018-12-12T09:15:07","slug":"zalm-52","status":"publish","type":"page","link":"https:\/\/www.texty.santegidio.cz\/?page_id=104","title":{"rendered":"\u017dalm 52"},"content":{"rendered":"<p>V&nbsp;tebe douf\u00e1m, Pane, nebo\u0165 jsi dobrotiv\u00fd.<\/p>\n<p>&#8211; <sup>3<\/span><\/sup> Co ty tak sil\u00e1cky se chlub\u00ed\u0161<br \/>\u0161patnost\u00ed v<strong>\u016f<\/strong>\u010di zbo\u017en\u00fdm?<\/p>\n<p>&#8211; <sup>4<\/span><\/sup> Jen zk\u00e1zu kuje\u0161, pleticha\u0159\u00ed\u0161,<br \/>jazyk m\u00e1\u0161 j<strong>a<\/strong>ko b\u0159itvu.<\/p>\n<p>&#8211; <sup>5<\/span><\/sup> Zlo ti je milej\u0161\u00ed ne\u017e dobro,<br \/>le\u017e ti je v<strong>\u00ed<\/strong>c ne\u017e pravda.<\/p>\n<p>&#8211; <sup>6<\/span><\/sup> M\u00e1\u0161 r\u00e1d jen zra\u0148uj\u00edc\u00ed slova,<br \/>jazyku p<strong>o<\/strong>mlouva\u010dn\u00fd!<\/p>\n<p>= <sup>7<\/span><\/sup> B\u016fh za to zahub\u00ed t\u011b nav\u017edy,\u2020<br \/>ze stanu vyvle\u010de t\u011b,<br \/>ze zem\u011b \u017e<strong>i<\/strong>v\u00fdch vytne.<\/p>\n<p>&#8211; <sup>8<\/span><\/sup> Dob\u0159\u00ed to spat\u0159\u00ed plni b\u00e1zn\u011b,<br \/>on s\u00e1m jim b<strong>u<\/strong>de pro sm\u00edch:<\/p>\n<p>&#8211; <sup>9<\/span><\/sup> &bdquo;Hle \u010dlov\u011bk, kter\u00fd necht\u011bl v Bohu hledat sv\u00e9 \u00fato\u010di\u0161t\u011b,\u2020<br \/>jen v majetek sv\u016fj doufal,<br \/>na ni\u010demn<strong>o<\/strong>sti stav\u011bl.&ldquo;<\/p>\n<p>&#8211; <sup>10<\/span><\/sup> J\u00e1 v\u0161ak se jak strom olivov\u00fd zelen\u00e1m v dom\u011b Bo\u017e\u00edm,<br \/>spol\u00e9h\u00e1m v\u017edy a st\u00e1le na Bo\u017e\u00ed sl<strong>i<\/strong>tov\u00e1n\u00ed.<\/p>\n<p>&#8211; <sup>11<\/span><\/sup> Nav\u017edy ti budu vzd\u00e1vat d\u00edky<br \/>za toto tv<strong>o<\/strong>je d\u00edlo,<br \/>&#8211; tv\u00e9 jm\u00e9no p\u0159ed v\u011brn\u00fdmi chv\u00e1lit<br \/>za tvoji d<strong>o<\/strong>brotivost.<\/p>\n","protected":false},"excerpt":{"rendered":"<p>V&nbsp;tebe douf\u00e1m, Pane, nebo\u0165 jsi dobrotiv\u00fd. &#8211; 3 Co ty tak sil\u00e1cky se chlub\u00ed\u0161\u0161patnost\u00ed v\u016f\u010di zbo\u017en\u00fdm? &#8211; 4 Jen zk\u00e1zu kuje\u0161, pleticha\u0159\u00ed\u0161,jazyk m\u00e1\u0161 jako b\u0159itvu. &#8211; 5 Zlo ti je milej\u0161\u00ed ne\u017e dobro,le\u017e ti je v\u00edc ne\u017e pravda. &#8211; 6 M\u00e1\u0161 r\u00e1d jen zra\u0148uj\u00edc\u00ed slova,jazyku pomlouva\u010dn\u00fd! = 7 B\u016fh za to zahub\u00ed t\u011b nav\u017edy,\u2020ze stanu &#8230; <a title=\"\u017dalm 52\" class=\"read-more\" href=\"https:\/\/www.texty.santegidio.cz\/?page_id=104\" aria-label=\"More on \u017dalm 52\">Read more<\/a><\/p>\n","protected":false},"author":1,"featured_media":0,"parent":29,"menu_order":0,"comment_status":"closed","ping_status":"closed","template":"","meta":{"_uag_custom_page_level_css":"","jetpack_post_was_ever_published":false,"footnotes":""},"class_list":["post-104","page","type-page","status-publish"],"uagb_featured_image_src":{"full":false,"thumbnail":false,"medium":false,"medium_large":false,"large":false,"1536x1536":false,"2048x2048":false},"uagb_author_info":{"display_name":"Pavel","author_link":"https:\/\/www.texty.santegidio.cz\/?author=1"},"uagb_comment_info":0,"uagb_excerpt":"V&nbsp;tebe douf\u00e1m, Pane, nebo\u0165 jsi dobrotiv\u00fd. &#8211; 3 Co ty tak sil\u00e1cky se chlub\u00ed\u0161\u0161patnost\u00ed v\u016f\u010di zbo\u017en\u00fdm? &#8211; 4 Jen zk\u00e1zu kuje\u0161, pleticha\u0159\u00ed\u0161,jazyk m\u00e1\u0161 jako b\u0159itvu. &#8211; 5 Zlo ti je milej\u0161\u00ed ne\u017e dobro,le\u017e ti je v\u00edc ne\u017e pravda. &#8211; 6 M\u00e1\u0161 r\u00e1d jen zra\u0148uj\u00edc\u00ed slova,jazyku pomlouva\u010dn\u00fd! = 7 B\u016fh za to zahub\u00ed t\u011b nav\u017edy,\u2020ze stanu&hellip;","jetpack_sharing_enabled":true,"jetpack_shortlink":"https:\/\/wp.me\/PawMsT-1G","_links":{"self":[{"href":"https:\/\/www.texty.santegidio.cz\/index.php?rest_route=\/wp\/v2\/pages\/104","targetHints":{"allow":["GET"]}}],"collection":[{"href":"https:\/\/www.texty.santegidio.cz\/index.php?rest_route=\/wp\/v2\/pages"}],"about":[{"href":"https:\/\/www.texty.santegidio.cz\/index.php?rest_route=\/wp\/v2\/types\/page"}],"author":[{"embeddable":true,"href":"https:\/\/www.texty.santegidio.cz\/index.php?rest_route=\/wp\/v2\/users\/1"}],"replies":[{"embeddable":true,"href":"https:\/\/www.texty.santegidio.cz\/index.php?rest_route=%2Fwp%2Fv2%2Fcomments&post=104"}],"version-history":[{"count":1,"href":"https:\/\/www.texty.santegidio.cz\/index.php?rest_route=\/wp\/v2\/pages\/104\/revisions"}],"predecessor-version":[{"id":1274,"href":"https:\/\/www.texty.santegidio.cz\/index.php?rest_route=\/wp\/v2\/pages\/104\/revisions\/1274"}],"up":[{"embeddable":true,"href":"https:\/\/www.texty.santegidio.cz\/index.php?rest_route=\/wp\/v2\/pages\/29"}],"wp:attachment":[{"href":"https:\/\/www.texty.santegidio.cz\/index.php?rest_route=%2Fwp%2Fv2%2Fmedia&parent=104"}],"curies":[{"name":"wp","href":"https:\/\/api.w.org\/{rel}","templated":true}]}}