{"id":1039,"date":"2018-10-10T14:09:44","date_gmt":"2018-10-10T12:09:44","guid":{"rendered":"http:\/\/www.texty.santegidio.cz?page_id=1039"},"modified":"2018-10-10T14:09:44","modified_gmt":"2018-10-10T12:09:44","slug":"litanie-za-mir","status":"publish","type":"page","link":"https:\/\/www.texty.santegidio.cz\/?page_id=1039","title":{"rendered":"Litanie za m\u00edr"},"content":{"rendered":"<p>Prosme P&aacute;na pokoje.<\/p>\n<p> Kyrie eleison, Kyrie eleison, Kyrie eleison.<\/p>\n<p> Za m&iacute;r, kter&yacute; poch&aacute;z&iacute; sh\u016fry,<br \/> za Bo\u017e&iacute; milosrdenstv&iacute;<br \/> a&nbsp;za sp&aacute;su na&scaron;ich du&scaron;&iacute;,<br \/> prosme P&aacute;na.<\/p>\n<p> Kyrie eleison, Kyrie eleison, Kyrie eleison.<\/p>\n<p> Za m&iacute;r na cel&eacute;m sv\u011bt\u011b,<br \/> aby se upevnila spravedlnost<br \/> a&nbsp;smrt ji\u017e nevl&aacute;dla nad lidmi,<br \/> prosme P&aacute;na.<\/p>\n<p> Kyrie eleison, Kyrie eleison, Kyrie eleison.<\/p>\n<p> Za pokoj v&nbsp;C&iacute;rkvi,<br \/> za jednotu v&scaron;ech c&iacute;rkv&iacute; Bo\u017e&iacute;ch, <br \/> prosme P&aacute;na.<br \/> Kyrie eleison, Kyrie eleison, Kyrie eleison.<\/p>\n<p> Za pokoj v&nbsp;t&eacute;to komunit\u011b,<br \/> aby ne\u017eila v&nbsp;poklidu a&nbsp;lakomstv&iacute;,<br \/> ale sv\u011bd\u010dila o&nbsp;l&aacute;sce,<br \/> prosme P&aacute;na.<\/p>\n<p> Kyrie eleison, Kyrie eleison, Kyrie eleison.<\/p>\n<p> Za pokoj v&nbsp;tomto m\u011bst\u011b,<br \/> aby se upevnilo Bo\u017e&iacute; milosrdenstv&iacute;<br \/> a&nbsp;zrodil se \u010das spravedlnosti,<br \/> prosme P&aacute;na.<\/p>\n<p> Kyrie eleison, Kyrie eleison, Kyrie eleison.<\/p>\n<p> Za ty, kte\u0159&iacute; p\u0159in&aacute;&scaron;ej&iacute; ovoce spravedlnosti,<br \/> za chud&eacute;, vdovy a&nbsp;sirotky,<br \/> za cizince, za uboh&eacute;, za ty,<br \/> kdo se sv\u011b\u0159uj&iacute; na&scaron;&iacute; l&aacute;sce<br \/> a&nbsp;na&scaron;&iacute; modlitb\u011b,<br \/> prosme P&aacute;na.<\/p>\n<p> Kyrie eleison, Kyrie eleison, Kyrie eleison.<\/p>\n<p> Za star&eacute; lidi, posti\u017een&eacute;, nemocn&eacute;,<br \/> aby v&scaron;ichni obdr\u017eeli<br \/> rychl&eacute; uzdraven&iacute; a&nbsp;sp&aacute;su,<br \/> prosme P&aacute;na.<\/p>\n<p> Kyrie eleison, Kyrie eleison, Kyrie eleison.<\/p>\n<p> Za lidi na cest&aacute;ch, emigranty,<br \/> za toho, kdo je vzd&aacute;len od domova, ve v\u011bzen&iacute;,<br \/> ve vyhnanstv&iacute;, na nucen&yacute;ch prac&iacute;ch,<br \/> v&nbsp;ho\u0159k&eacute;m otroctv&iacute;,<br \/> za jeho &scaron;\u0165astn&yacute; a&nbsp;radostn&yacute; n&aacute;vrat dom\u016f,<br \/> prosme P&aacute;na.<\/p>\n<p> Kyrie eleison, Kyrie eleison, Kyrie eleison.<\/p>\n<p> Za ka\u017ed&eacute; zkou&scaron;en&eacute; a&nbsp;skl&iacute;\u010den&eacute; srdce,<br \/> za toho, kdo pot\u0159ebuje pokoj a&nbsp;pomoc,<br \/> za n&aacute;vrat toho, kdo se ztratil,<br \/> za uzdraven&iacute; nemocn&yacute;ch,<br \/> osvobozen&iacute; uv\u011bzn\u011bn&yacute;ch<br \/> a&nbsp;spo\u010dinut&iacute; v&nbsp;pokoji t\u011bch,<br \/> kdo sn&iacute; sen bez konce,<br \/> prosme P&aacute;na.<\/p>\n<p> Kyrie eleison, Kyrie eleison, Kyrie eleison.<\/p>\n<p> Za mali\u010dk&eacute;, za mlad&eacute; lid&iacute;, a\u0165 nevyr\u016fstaj&iacute;<br \/> v&nbsp;&uacute;tlaku,<br \/> ve &scaron;kole n&aacute;sil&iacute;<br \/> a&nbsp;vlastn&iacute;ch z&aacute;jm\u016f, ale a\u0165 v&nbsp;nich dozraje<br \/> smysl pro m&iacute;r a&nbsp;spravedlnost,<br \/> prosme P&aacute;na.<\/p>\n<p> Kyrie eleison, Kyrie eleison, Kyrie eleison.<\/p>\n<p> Za pokoj pro n&aacute;s pro v&scaron;echny,<br \/> pro bratry, kte\u0159&iacute; tu nejsou,<br \/> pro ty, kte\u0159&iacute; n&aacute;s miluj&iacute;<br \/> i&nbsp;pro ty, kte\u0159&iacute; n&aacute;m \u010din&iacute; p\u0159ek&aacute;\u017eky,<br \/> prosme P&aacute;na.<\/p>\n<p> Kyrie eleison, Kyrie eleison, Kyrie eleison.<\/p>\n","protected":false},"excerpt":{"rendered":"<p>Prosme P&aacute;na pokoje. Kyrie eleison, Kyrie eleison, Kyrie eleison. Za m&iacute;r, kter&yacute; poch&aacute;z&iacute; sh\u016fry, za Bo\u017e&iacute; milosrdenstv&iacute; a&nbsp;za sp&aacute;su na&scaron;ich du&scaron;&iacute;, prosme P&aacute;na. Kyrie eleison, Kyrie eleison, Kyrie eleison. Za m&iacute;r na cel&eacute;m sv\u011bt\u011b, aby se upevnila spravedlnost a&nbsp;smrt ji\u017e nevl&aacute;dla nad lidmi, prosme P&aacute;na. Kyrie eleison, Kyrie eleison, Kyrie eleison. Za pokoj v&nbsp;C&iacute;rkvi, za &#8230; <a title=\"Litanie za m\u00edr\" class=\"read-more\" href=\"https:\/\/www.texty.santegidio.cz\/?page_id=1039\" aria-label=\"More on Litanie za m\u00edr\">Read more<\/a><\/p>\n","protected":false},"author":1,"featured_media":0,"parent":708,"menu_order":0,"comment_status":"open","ping_status":"open","template":"","meta":{"_uag_custom_page_level_css":"","jetpack_post_was_ever_published":false,"footnotes":""},"class_list":["post-1039","page","type-page","status-publish"],"uagb_featured_image_src":{"full":false,"thumbnail":false,"medium":false,"medium_large":false,"large":false,"1536x1536":false,"2048x2048":false},"uagb_author_info":{"display_name":"Pavel","author_link":"https:\/\/www.texty.santegidio.cz\/?author=1"},"uagb_comment_info":0,"uagb_excerpt":"Prosme P&aacute;na pokoje. Kyrie eleison, Kyrie eleison, Kyrie eleison. Za m&iacute;r, kter&yacute; poch&aacute;z&iacute; sh\u016fry, za Bo\u017e&iacute; milosrdenstv&iacute; a&nbsp;za sp&aacute;su na&scaron;ich du&scaron;&iacute;, prosme P&aacute;na. Kyrie eleison, Kyrie eleison, Kyrie eleison. Za m&iacute;r na cel&eacute;m sv\u011bt\u011b, aby se upevnila spravedlnost a&nbsp;smrt ji\u017e nevl&aacute;dla nad lidmi, prosme P&aacute;na. Kyrie eleison, Kyrie eleison, Kyrie eleison. Za pokoj v&nbsp;C&iacute;rkvi, za&hellip;","jetpack_sharing_enabled":true,"jetpack_shortlink":"https:\/\/wp.me\/PawMsT-gL","_links":{"self":[{"href":"https:\/\/www.texty.santegidio.cz\/index.php?rest_route=\/wp\/v2\/pages\/1039","targetHints":{"allow":["GET"]}}],"collection":[{"href":"https:\/\/www.texty.santegidio.cz\/index.php?rest_route=\/wp\/v2\/pages"}],"about":[{"href":"https:\/\/www.texty.santegidio.cz\/index.php?rest_route=\/wp\/v2\/types\/page"}],"author":[{"embeddable":true,"href":"https:\/\/www.texty.santegidio.cz\/index.php?rest_route=\/wp\/v2\/users\/1"}],"replies":[{"embeddable":true,"href":"https:\/\/www.texty.santegidio.cz\/index.php?rest_route=%2Fwp%2Fv2%2Fcomments&post=1039"}],"version-history":[{"count":0,"href":"https:\/\/www.texty.santegidio.cz\/index.php?rest_route=\/wp\/v2\/pages\/1039\/revisions"}],"up":[{"embeddable":true,"href":"https:\/\/www.texty.santegidio.cz\/index.php?rest_route=\/wp\/v2\/pages\/708"}],"wp:attachment":[{"href":"https:\/\/www.texty.santegidio.cz\/index.php?rest_route=%2Fwp%2Fv2%2Fmedia&parent=1039"}],"curies":[{"name":"wp","href":"https:\/\/api.w.org\/{rel}","templated":true}]}}