{"id":1038,"date":"2018-10-10T14:09:44","date_gmt":"2018-10-10T12:09:44","guid":{"rendered":"http:\/\/www.texty.santegidio.cz?page_id=1038"},"modified":"2018-10-10T14:09:44","modified_gmt":"2018-10-10T12:09:44","slug":"nedelni-litanie","status":"publish","type":"page","link":"https:\/\/www.texty.santegidio.cz\/?page_id=1038","title":{"rendered":"Ned\u011bln\u00ed litanie"},"content":{"rendered":"<p>Pane, zachovej ve sv&eacute; l&aacute;sce<br \/> sv&eacute; u\u010dedn&iacute;ky, <br \/> zachovej svoji rodinu,<br \/> osv\u011bcuj na&scaron;e kroky.<\/p>\n<p> Kyrie eleison, Kyrie eleison, Kyrie eleison.<\/p>\n<p> Pane, odpus\u0165<br \/> tomu, kdo vyznal sv\u016fj h\u0159&iacute;ch,<br \/> kdo po\u017e&aacute;dal o&nbsp;odpu&scaron;t\u011bn&iacute;<br \/> kdo \u017e&aacute;dal o&nbsp;slitov&aacute;n&iacute;.<\/p>\n<p> Kyrie eleison, Kyrie eleison, Kyrie eleison.<\/p>\n<p> Pane, promluv siln\u011b<br \/> k&nbsp;tomu, kdo ti nenaslouchal,<br \/> projdi cestou srdce,<br \/> aby t\u011b poznal.<\/p>\n<p> Kyrie eleison, Kyrie eleison, Kyrie eleison.<\/p>\n<p> Pane, p\u0159ij\u010f jako past&yacute;\u0159<br \/> tam, kde je nen&aacute;vist a&nbsp;rozd\u011blen&iacute;,<br \/> kde vl&aacute;dnou temnoty,<br \/> smrt a&nbsp;n&aacute;sil&iacute;.<\/p>\n<p> Kyrie eleison, Kyrie eleison, Kyrie eleison.<\/p>\n<p> Pane, v&nbsp;tv&eacute; svat&eacute; liturgii <br \/> jsme t\u011b vyznali vzk\u0159&iacute;&scaron;en&eacute;ho,<br \/> z\u016fsta\u0148 s&nbsp;n&aacute;mi a&nbsp;s&nbsp;t\u011bmi,<br \/> kdo t\u011b s&nbsp;v&iacute;rou oslavovali,<br \/> zachovej n&aacute;s ve sv&eacute;m sv\u011btle,<br \/> proto\u017ee dne&scaron;n&iacute; den kon\u010d&iacute;,<br \/> z\u016fsta\u0148 s&nbsp;n&aacute;mi,<br \/> i&nbsp;kdy\u017e se p\u0159ipozd&iacute;v&aacute;,<br \/> proto\u017ee ty jsi vzk\u0159&iacute;&scaron;en,<br \/> &oacute;&nbsp;p\u0159&iacute;teli lid&iacute;,<br \/> nyn&iacute; i&nbsp;v\u017edycky<br \/> a&nbsp;na v\u011bky v\u011bk\u016f.<br \/> Amen.<\/p>\n<p><\/p>\n","protected":false},"excerpt":{"rendered":"<p>Pane, zachovej ve sv&eacute; l&aacute;sce sv&eacute; u\u010dedn&iacute;ky, zachovej svoji rodinu, osv\u011bcuj na&scaron;e kroky. Kyrie eleison, Kyrie eleison, Kyrie eleison. Pane, odpus\u0165 tomu, kdo vyznal sv\u016fj h\u0159&iacute;ch, kdo po\u017e&aacute;dal o&nbsp;odpu&scaron;t\u011bn&iacute; kdo \u017e&aacute;dal o&nbsp;slitov&aacute;n&iacute;. Kyrie eleison, Kyrie eleison, Kyrie eleison. Pane, promluv siln\u011b k&nbsp;tomu, kdo ti nenaslouchal, projdi cestou srdce, aby t\u011b poznal. Kyrie eleison, Kyrie eleison, &#8230; <a title=\"Ned\u011bln\u00ed litanie\" class=\"read-more\" href=\"https:\/\/www.texty.santegidio.cz\/?page_id=1038\" aria-label=\"More on Ned\u011bln\u00ed litanie\">Read more<\/a><\/p>\n","protected":false},"author":1,"featured_media":0,"parent":708,"menu_order":0,"comment_status":"open","ping_status":"open","template":"","meta":{"_uag_custom_page_level_css":"","jetpack_post_was_ever_published":false,"footnotes":""},"class_list":["post-1038","page","type-page","status-publish"],"uagb_featured_image_src":{"full":false,"thumbnail":false,"medium":false,"medium_large":false,"large":false,"1536x1536":false,"2048x2048":false},"uagb_author_info":{"display_name":"Pavel","author_link":"https:\/\/www.texty.santegidio.cz\/?author=1"},"uagb_comment_info":0,"uagb_excerpt":"Pane, zachovej ve sv&eacute; l&aacute;sce sv&eacute; u\u010dedn&iacute;ky, zachovej svoji rodinu, osv\u011bcuj na&scaron;e kroky. Kyrie eleison, Kyrie eleison, Kyrie eleison. Pane, odpus\u0165 tomu, kdo vyznal sv\u016fj h\u0159&iacute;ch, kdo po\u017e&aacute;dal o&nbsp;odpu&scaron;t\u011bn&iacute; kdo \u017e&aacute;dal o&nbsp;slitov&aacute;n&iacute;. Kyrie eleison, Kyrie eleison, Kyrie eleison. Pane, promluv siln\u011b k&nbsp;tomu, kdo ti nenaslouchal, projdi cestou srdce, aby t\u011b poznal. Kyrie eleison, Kyrie eleison,&hellip;","jetpack_sharing_enabled":true,"jetpack_shortlink":"https:\/\/wp.me\/PawMsT-gK","_links":{"self":[{"href":"https:\/\/www.texty.santegidio.cz\/index.php?rest_route=\/wp\/v2\/pages\/1038","targetHints":{"allow":["GET"]}}],"collection":[{"href":"https:\/\/www.texty.santegidio.cz\/index.php?rest_route=\/wp\/v2\/pages"}],"about":[{"href":"https:\/\/www.texty.santegidio.cz\/index.php?rest_route=\/wp\/v2\/types\/page"}],"author":[{"embeddable":true,"href":"https:\/\/www.texty.santegidio.cz\/index.php?rest_route=\/wp\/v2\/users\/1"}],"replies":[{"embeddable":true,"href":"https:\/\/www.texty.santegidio.cz\/index.php?rest_route=%2Fwp%2Fv2%2Fcomments&post=1038"}],"version-history":[{"count":0,"href":"https:\/\/www.texty.santegidio.cz\/index.php?rest_route=\/wp\/v2\/pages\/1038\/revisions"}],"up":[{"embeddable":true,"href":"https:\/\/www.texty.santegidio.cz\/index.php?rest_route=\/wp\/v2\/pages\/708"}],"wp:attachment":[{"href":"https:\/\/www.texty.santegidio.cz\/index.php?rest_route=%2Fwp%2Fv2%2Fmedia&parent=1038"}],"curies":[{"name":"wp","href":"https:\/\/api.w.org\/{rel}","templated":true}]}}