{"id":1037,"date":"2018-10-10T14:09:44","date_gmt":"2018-10-10T12:09:44","guid":{"rendered":"http:\/\/www.texty.santegidio.cz?page_id=1037"},"modified":"2018-10-10T14:09:44","modified_gmt":"2018-10-10T12:09:44","slug":"litanie-ke-svatym","status":"publish","type":"page","link":"https:\/\/www.texty.santegidio.cz\/?page_id=1037","title":{"rendered":"Litanie ke svat\u00fdm"},"content":{"rendered":"<p>Pane, smiluj se nad n&aacute;mi,<br \/> Pane, smiluj se nad n&aacute;mi.<br \/> &nbsp;<br \/> Kriste, smiluj se nad n&aacute;mi,<br \/> Kriste, smiluj se nad n&aacute;mi.<br \/> &nbsp;<br \/> Pane, smiluj se nad n&aacute;mi,<br \/> Pane, smiluj se nad n&aacute;mi.<br \/> &nbsp;<br \/> Svat&aacute; Maria, Matko Bo\u017e&iacute;,<br \/> oroduj za n&aacute;s.<br \/> &nbsp;<br \/> Svat&aacute; Maria dobrotiv&aacute;,<br \/> oroduj za n&aacute;s.<br \/> &nbsp;<br \/> Svat&iacute; prorokov&eacute;,<br \/> orodujte za n&aacute;s.<br \/> &nbsp;<br \/> Svat&yacute; Jane K\u0159titeli,<br \/> oroduj za n&aacute;s.<\/p>\n<p> Svat&iacute; apo&scaron;tolov&eacute; a&nbsp;evangelist&eacute;,<br \/> orodujte za n&aacute;s.<\/p>\n<p> Svat&iacute; u\u010dedn&iacute;ci a&nbsp;u\u010dednice P&aacute;na,<br \/> orodujte za n&aacute;s.<\/p>\n<p> Svat&yacute; Pet\u0159e a&nbsp;Pavle, <br \/> orodujte za n&aacute;s.<\/p>\n<p> Svat&yacute; Ond\u0159eji,<br \/> oroduj za n&aacute;s.<br \/> Svat&yacute; Jakube,<br \/> oroduj za n&aacute;s.<\/p>\n<p> Svat&yacute; Bartolom\u011bji,<br \/> oroduj za n&aacute;s.<\/p>\n<p> Svat&aacute; Ma\u0159&iacute; Magdaleno,<br \/> oroduj za n&aacute;s.<\/p>\n<p> Svat&yacute; Kaliste,<br \/> oroduj za n&aacute;s.<\/p>\n<p> Svat&aacute; Cec&iacute;lie,<br \/> oroduj za n&aacute;s.<\/p>\n<p> Svat&yacute; Anton&iacute;ne,<br \/> oroduj za n&aacute;s.<\/p>\n<p> Svat&yacute; Kosmo a&nbsp;Dami&aacute;ne,<br \/> orodujte za n&aacute;s.<\/p>\n<p> Svat&yacute; Basile,<br \/> oroduj za n&aacute;s.<\/p>\n<p> Svat&yacute; Jane Zlato&uacute;st&yacute;,<br \/> oroduj za n&aacute;s.<\/p>\n<p> Svat&yacute; August&yacute;ne,<br \/> oroduj za n&aacute;s.<\/p>\n<p> Svat&yacute; Benedikte,<br \/> oroduj za n&aacute;s.<\/p>\n<p> Svat&aacute; Scholastiko,<br \/> oroduj za n&aacute;s.<\/p>\n<p> Svat&yacute; Ji\u0159&iacute;,<br \/> oroduj za n&aacute;s.<\/p>\n<p> Svat&yacute; Jilj&iacute;,<br \/> oroduj za n&aacute;s.<\/p>\n<p> Svat&yacute; Cyrile a&nbsp;Metod\u011bji,<br \/> orodujte za n&aacute;s.<\/p>\n<p> Svat&yacute; Vojt\u011bchu,<br \/> oroduj za n&aacute;s.<\/p>\n<p> Svat&yacute; Franti&scaron;ku,<br \/> oroduj za n&aacute;s.<\/p>\n<p> Svat&aacute; Kl&aacute;ro,<br \/> oroduj za n&aacute;s.<\/p>\n<p> Svat&aacute; Franti&scaron;ko \u0158&iacute;msk&aacute;,<br \/> oroduj za n&aacute;s.<\/p>\n<p> Svat&yacute; Filipe Neri,<br \/> oroduj za n&aacute;s.<\/p>\n<p> Blahoslaven&yacute; Carlo di Gesu,<br \/> oroduj za n&aacute;s.<\/p>\n<p> Svat&yacute; Jane XXIII.,<br \/> oroduj za n&aacute;s.<\/p>\n<p> Svat&yacute; Jane Pavle II.,<br \/> oroduj za n&aacute;s.<br \/> Blahoslaven&yacute; Josefe Pulsk&yacute;,<br \/> oroduj za n&aacute;s.<\/p>\n<p> Svat&yacute; &hellip; ,<br \/> oroduj za n&aacute;s.<\/p>\n<p> Svat&iacute; biskupov&eacute; a&nbsp;past&yacute;\u0159i,<br \/> orodujte za n&aacute;s.<\/p>\n<p> Svat&iacute; mni&scaron;i a&nbsp;poustevn&iacute;ci,<br \/> orodujte za n&aacute;s.<\/p>\n<p> Svat&iacute; mu\u010dedn&iacute;ci,<br \/> orodujte za n&aacute;s.<\/p>\n<p> Svat&eacute; panny a&nbsp;vdovy,<br \/> orodujte za n&aacute;s.<\/p>\n<p> Vy v&scaron;ichni chud&iacute; v&nbsp;duchu,<br \/> orodujte za n&aacute;s.<\/p>\n<p> Vy v&scaron;ichni utla\u010dovan&iacute; a&nbsp;skl&iacute;\u010den&iacute;,<br \/> orodujte za n&aacute;s.<\/p>\n<p> Vy v&scaron;ichni, kdo \u017e&iacute;zn&iacute;te po spravedlnosti,<br \/> orodujte za n&aacute;s.<\/p>\n<p> Vy v&scaron;ichni lid&eacute; dobr&eacute; v\u016fle,<br \/> orodujte za n&aacute;s.<\/p>\n<p> Vy v&scaron;ichni svat&iacute; tohoto m\u011bsta,<br \/> orodujte za n&aacute;s.<\/p>\n<p> Brat\u0159i a&nbsp;sestry rozpt&yacute;len&iacute; po cel&eacute;m sv\u011bt\u011b,<br \/> orodujte za n&aacute;s.<\/p>\n<p> Vysvobo\u010f n&aacute;s, Pane, od smrti a&nbsp;h\u0159&iacute;chu,<br \/> pros&iacute;me t\u011b, vysly&scaron; n&aacute;s.<\/p>\n<p> Vysvobo\u010f n&aacute;s od n&aacute;sil&iacute; a&nbsp;nespravedlnosti,<br \/> pros&iacute;me t\u011b, vysly&scaron; n&aacute;s.<\/p>\n<p> Vysvobo\u010f n&aacute;s od samoty a&nbsp;pl&aacute;\u010de,<br \/> pros&iacute;me t\u011b, vysly&scaron; n&aacute;s.<\/p>\n<p> Vysvobo\u010f n&aacute;s od v&scaron;&iacute; &uacute;zkosti,<br \/> pros&iacute;me t\u011b, vysly&scaron; n&aacute;s.<\/p>\n<p> Vysvobo\u010f n&aacute;s ode v&scaron;eho zl&eacute;ho,<br \/> pros&iacute;me t\u011b, vysly&scaron; n&aacute;s.<\/p>\n<p> Dej n&aacute;m pln&yacute; \u017eivot,<br \/> pros&iacute;me t\u011b, vysly&scaron; n&aacute;s.<\/p>\n<p> Dej svobodu uv\u011bzn\u011bn&yacute;m,<br \/> pros&iacute;me t\u011b, vysly&scaron; n&aacute;s.<\/p>\n<p> Dej uzdraven&iacute; nemocn&yacute;m,<br \/> pros&iacute;me t\u011b, vysly&scaron; n&aacute;s.<\/p>\n<p> Dej m&iacute;r tomu, do n&aacute;m klade p\u0159ek&aacute;\u017eky,<br \/> pros&iacute;me t\u011b, vysly&scaron; n&aacute;s.<\/p>\n<p> Uka\u017e n&aacute;m svou tv&aacute;\u0159,<br \/> a&nbsp;budeme spaseni.<\/p>\n","protected":false},"excerpt":{"rendered":"<p>Pane, smiluj se nad n&aacute;mi, Pane, smiluj se nad n&aacute;mi. &nbsp; Kriste, smiluj se nad n&aacute;mi, Kriste, smiluj se nad n&aacute;mi. &nbsp; Pane, smiluj se nad n&aacute;mi, Pane, smiluj se nad n&aacute;mi. &nbsp; Svat&aacute; Maria, Matko Bo\u017e&iacute;, oroduj za n&aacute;s. &nbsp; Svat&aacute; Maria dobrotiv&aacute;, oroduj za n&aacute;s. &nbsp; Svat&iacute; prorokov&eacute;, orodujte za n&aacute;s. &nbsp; Svat&yacute; &#8230; <a title=\"Litanie ke svat\u00fdm\" class=\"read-more\" href=\"https:\/\/www.texty.santegidio.cz\/?page_id=1037\" aria-label=\"More on Litanie ke svat\u00fdm\">Read more<\/a><\/p>\n","protected":false},"author":1,"featured_media":0,"parent":708,"menu_order":0,"comment_status":"open","ping_status":"open","template":"","meta":{"_uag_custom_page_level_css":"","jetpack_post_was_ever_published":false,"footnotes":""},"class_list":["post-1037","page","type-page","status-publish"],"uagb_featured_image_src":{"full":false,"thumbnail":false,"medium":false,"medium_large":false,"large":false,"1536x1536":false,"2048x2048":false},"uagb_author_info":{"display_name":"Pavel","author_link":"https:\/\/www.texty.santegidio.cz\/?author=1"},"uagb_comment_info":0,"uagb_excerpt":"Pane, smiluj se nad n&aacute;mi, Pane, smiluj se nad n&aacute;mi. &nbsp; Kriste, smiluj se nad n&aacute;mi, Kriste, smiluj se nad n&aacute;mi. &nbsp; Pane, smiluj se nad n&aacute;mi, Pane, smiluj se nad n&aacute;mi. &nbsp; Svat&aacute; Maria, Matko Bo\u017e&iacute;, oroduj za n&aacute;s. &nbsp; Svat&aacute; Maria dobrotiv&aacute;, oroduj za n&aacute;s. &nbsp; Svat&iacute; prorokov&eacute;, orodujte za n&aacute;s. &nbsp; Svat&yacute;&hellip;","jetpack_sharing_enabled":true,"jetpack_shortlink":"https:\/\/wp.me\/PawMsT-gJ","_links":{"self":[{"href":"https:\/\/www.texty.santegidio.cz\/index.php?rest_route=\/wp\/v2\/pages\/1037","targetHints":{"allow":["GET"]}}],"collection":[{"href":"https:\/\/www.texty.santegidio.cz\/index.php?rest_route=\/wp\/v2\/pages"}],"about":[{"href":"https:\/\/www.texty.santegidio.cz\/index.php?rest_route=\/wp\/v2\/types\/page"}],"author":[{"embeddable":true,"href":"https:\/\/www.texty.santegidio.cz\/index.php?rest_route=\/wp\/v2\/users\/1"}],"replies":[{"embeddable":true,"href":"https:\/\/www.texty.santegidio.cz\/index.php?rest_route=%2Fwp%2Fv2%2Fcomments&post=1037"}],"version-history":[{"count":0,"href":"https:\/\/www.texty.santegidio.cz\/index.php?rest_route=\/wp\/v2\/pages\/1037\/revisions"}],"up":[{"embeddable":true,"href":"https:\/\/www.texty.santegidio.cz\/index.php?rest_route=\/wp\/v2\/pages\/708"}],"wp:attachment":[{"href":"https:\/\/www.texty.santegidio.cz\/index.php?rest_route=%2Fwp%2Fv2%2Fmedia&parent=1037"}],"curies":[{"name":"wp","href":"https:\/\/api.w.org\/{rel}","templated":true}]}}