{"id":1035,"date":"2018-10-10T14:09:44","date_gmt":"2018-10-10T12:09:44","guid":{"rendered":"http:\/\/www.texty.santegidio.cz?page_id=1035"},"modified":"2018-10-10T14:09:44","modified_gmt":"2018-10-10T12:09:44","slug":"modlitba-za-bozi-utechu","status":"publish","type":"page","link":"https:\/\/www.texty.santegidio.cz\/?page_id=1035","title":{"rendered":"Modlitba za Bo\u017e\u00ed \u00fat\u011bchu"},"content":{"rendered":"<p>&Oacute;&nbsp;Pane,<br \/> kter&yacute; jsi poznal bolest smrti<br \/> a&nbsp;byl vzk\u0159&iacute;&scaron;en k&nbsp;\u017eivotu,<br \/> doprov&aacute;zej svou l&aacute;skou<br \/> toho, kdo n&aacute;s opustil;<br \/> \u0159ekni jen slovo<br \/> a&nbsp;smrt bude p\u0159emo\u017eena.<br \/> Ty, kter&yacute; ses doj&iacute;mal<br \/> lidsk&yacute;m utrpen&iacute;m,<br \/> osu&scaron; slzy tomu, kdo t\u011b vz&yacute;v&aacute;,<br \/> ochra\u0148uj \u017eivot toho, kdo je nemocn&yacute;,<br \/> otev\u0159i na&scaron;e srdce nad\u011bji.<br \/> Ty, kter&yacute; jsi Bohem \u017eiv&yacute;ch,<br \/> duchem \u017eivota,<br \/> nyn&iacute; i&nbsp;v\u017edycky. <br \/> Amen.<br \/> &nbsp;<br \/> &nbsp;<\/p>\n","protected":false},"excerpt":{"rendered":"<p>&Oacute;&nbsp;Pane, kter&yacute; jsi poznal bolest smrti a&nbsp;byl vzk\u0159&iacute;&scaron;en k&nbsp;\u017eivotu, doprov&aacute;zej svou l&aacute;skou toho, kdo n&aacute;s opustil; \u0159ekni jen slovo a&nbsp;smrt bude p\u0159emo\u017eena. Ty, kter&yacute; ses doj&iacute;mal lidsk&yacute;m utrpen&iacute;m, osu&scaron; slzy tomu, kdo t\u011b vz&yacute;v&aacute;, ochra\u0148uj \u017eivot toho, kdo je nemocn&yacute;, otev\u0159i na&scaron;e srdce nad\u011bji. Ty, kter&yacute; jsi Bohem \u017eiv&yacute;ch, duchem \u017eivota, nyn&iacute; i&nbsp;v\u017edycky. Amen. &nbsp; &#8230; <a title=\"Modlitba za Bo\u017e\u00ed \u00fat\u011bchu\" class=\"read-more\" href=\"https:\/\/www.texty.santegidio.cz\/?page_id=1035\" aria-label=\"More on Modlitba za Bo\u017e\u00ed \u00fat\u011bchu\">Read more<\/a><\/p>\n","protected":false},"author":1,"featured_media":0,"parent":706,"menu_order":0,"comment_status":"open","ping_status":"open","template":"","meta":{"_uag_custom_page_level_css":"","jetpack_post_was_ever_published":false,"footnotes":""},"class_list":["post-1035","page","type-page","status-publish"],"uagb_featured_image_src":{"full":false,"thumbnail":false,"medium":false,"medium_large":false,"large":false,"1536x1536":false,"2048x2048":false},"uagb_author_info":{"display_name":"Pavel","author_link":"https:\/\/www.texty.santegidio.cz\/?author=1"},"uagb_comment_info":0,"uagb_excerpt":"&Oacute;&nbsp;Pane, kter&yacute; jsi poznal bolest smrti a&nbsp;byl vzk\u0159&iacute;&scaron;en k&nbsp;\u017eivotu, doprov&aacute;zej svou l&aacute;skou toho, kdo n&aacute;s opustil; \u0159ekni jen slovo a&nbsp;smrt bude p\u0159emo\u017eena. Ty, kter&yacute; ses doj&iacute;mal lidsk&yacute;m utrpen&iacute;m, osu&scaron; slzy tomu, kdo t\u011b vz&yacute;v&aacute;, ochra\u0148uj \u017eivot toho, kdo je nemocn&yacute;, otev\u0159i na&scaron;e srdce nad\u011bji. Ty, kter&yacute; jsi Bohem \u017eiv&yacute;ch, duchem \u017eivota, nyn&iacute; i&nbsp;v\u017edycky. Amen. &nbsp;&hellip;","jetpack_sharing_enabled":true,"jetpack_shortlink":"https:\/\/wp.me\/PawMsT-gH","_links":{"self":[{"href":"https:\/\/www.texty.santegidio.cz\/index.php?rest_route=\/wp\/v2\/pages\/1035","targetHints":{"allow":["GET"]}}],"collection":[{"href":"https:\/\/www.texty.santegidio.cz\/index.php?rest_route=\/wp\/v2\/pages"}],"about":[{"href":"https:\/\/www.texty.santegidio.cz\/index.php?rest_route=\/wp\/v2\/types\/page"}],"author":[{"embeddable":true,"href":"https:\/\/www.texty.santegidio.cz\/index.php?rest_route=\/wp\/v2\/users\/1"}],"replies":[{"embeddable":true,"href":"https:\/\/www.texty.santegidio.cz\/index.php?rest_route=%2Fwp%2Fv2%2Fcomments&post=1035"}],"version-history":[{"count":0,"href":"https:\/\/www.texty.santegidio.cz\/index.php?rest_route=\/wp\/v2\/pages\/1035\/revisions"}],"up":[{"embeddable":true,"href":"https:\/\/www.texty.santegidio.cz\/index.php?rest_route=\/wp\/v2\/pages\/706"}],"wp:attachment":[{"href":"https:\/\/www.texty.santegidio.cz\/index.php?rest_route=%2Fwp%2Fv2%2Fmedia&parent=1035"}],"curies":[{"name":"wp","href":"https:\/\/api.w.org\/{rel}","templated":true}]}}