{"id":1033,"date":"2018-10-10T14:09:44","date_gmt":"2018-10-10T12:09:44","guid":{"rendered":"http:\/\/www.texty.santegidio.cz?page_id=1033"},"modified":"2018-10-10T14:09:44","modified_gmt":"2018-10-10T12:09:44","slug":"modlitba-k-bohu-ktery-zachranuje","status":"publish","type":"page","link":"https:\/\/www.texty.santegidio.cz\/?page_id=1033","title":{"rendered":"Modlitba k Bohu, kter\u00fd zachra\u0148uje"},"content":{"rendered":"<p>Pane Je\u017e&iacute;&scaron;i,<br \/> blahoslaveni jsou pla\u010d&iacute;c&iacute;,<br \/> proto\u017ee ty je ut\u011b&scaron;uje&scaron;.<\/p>\n<p> Miluje&scaron; n&aacute;s bez konce,<br \/> aby byl bez konce \u017eivot.<\/p>\n<p> Jsi silou slab&yacute;ch,<br \/> pr\u016fvodcem zmaten&yacute;ch,<br \/> spole\u010dn&iacute;kem opu&scaron;t\u011bn&yacute;ch.<br \/> Jsi sv\u011btlem, kter&eacute; nezn&aacute; soumrak.<br \/> Jsi odpu&scaron;t\u011bn&iacute;m h\u0159&iacute;&scaron;n&iacute;k\u016f.<br \/> Jsi nad\u011bj&iacute; pro toho, kdo ztratil v&scaron;e.<br \/> Jsi cesta, kter&aacute; se p\u0159ed n&aacute;mi otev&iacute;r&aacute;.<br \/> Jsi pravda, proto\u017ee miluje&scaron; v&scaron;e, co vypov&iacute;d&aacute; o&nbsp;n&aacute;s sam&yacute;ch.<br \/> Jsi \u017eivot, proto\u017ee n&aacute;s osvobozuje&scaron; od zl&eacute;ho.<\/p>\n<p> Jsi zamilovan&yacute;,<br \/> kter&eacute;ho nikdy neunavuje p\u0159&aacute;n&iacute; m&iacute;t n&aacute;s u&nbsp;sebe.<br \/> Jsi d\u016fv\u011bra, kter&aacute; je pramenem ve&scaron;ker&eacute; energie.<\/p>\n<p> Na&scaron;i draz&iacute; jsou v&nbsp;plnosti tv&eacute; l&aacute;sky<br \/> ve sv\u011btle bez konce, kter&eacute; oza\u0159uje<br \/> noc sv\u011bta a&nbsp;srdce.<\/p>\n<p> Na&scaron;i draz&iacute; jsou svat&yacute;mi,<br \/> proto\u017ee je jako d\u011bti<br \/> obj&iacute;m&aacute;&scaron; a&nbsp;vyzdvihuje&scaron;.<\/p>\n<p> Na&scaron;i draz&iacute; jsou jako hv\u011bzdy<br \/> v&nbsp;na&scaron;&iacute; temnot\u011b,<br \/> kter&eacute; roz\u017e&iacute;h&aacute;&scaron;, abychom mohli vid\u011bt tv&eacute; sv\u011btlo.<\/p>\n<p> Na&scaron;i draz&iacute; za n&aacute;s pros&iacute;<br \/> a&nbsp;my s&nbsp;nesm&iacute;rn&yacute;m sborem<br \/> and\u011bl\u016f a&nbsp;svat&yacute;ch<br \/> ti d\u011bkujeme a&nbsp;zp&iacute;v&aacute;me o&nbsp;tv&eacute; l&aacute;sce,<br \/> kter&aacute; spojuje nebe se zem&iacute;.<br \/> Nyn&iacute; i&nbsp;v\u017edycky.<br \/> Amen.<\/p>\n<p><\/p>\n","protected":false},"excerpt":{"rendered":"<p>Pane Je\u017e&iacute;&scaron;i, blahoslaveni jsou pla\u010d&iacute;c&iacute;, proto\u017ee ty je ut\u011b&scaron;uje&scaron;. Miluje&scaron; n&aacute;s bez konce, aby byl bez konce \u017eivot. Jsi silou slab&yacute;ch, pr\u016fvodcem zmaten&yacute;ch, spole\u010dn&iacute;kem opu&scaron;t\u011bn&yacute;ch. Jsi sv\u011btlem, kter&eacute; nezn&aacute; soumrak. Jsi odpu&scaron;t\u011bn&iacute;m h\u0159&iacute;&scaron;n&iacute;k\u016f. Jsi nad\u011bj&iacute; pro toho, kdo ztratil v&scaron;e. Jsi cesta, kter&aacute; se p\u0159ed n&aacute;mi otev&iacute;r&aacute;. Jsi pravda, proto\u017ee miluje&scaron; v&scaron;e, co vypov&iacute;d&aacute; o&nbsp;n&aacute;s &#8230; <a title=\"Modlitba k Bohu, kter\u00fd zachra\u0148uje\" class=\"read-more\" href=\"https:\/\/www.texty.santegidio.cz\/?page_id=1033\" aria-label=\"More on Modlitba k Bohu, kter\u00fd zachra\u0148uje\">Read more<\/a><\/p>\n","protected":false},"author":1,"featured_media":0,"parent":706,"menu_order":0,"comment_status":"open","ping_status":"open","template":"","meta":{"_uag_custom_page_level_css":"","jetpack_post_was_ever_published":false,"footnotes":""},"class_list":["post-1033","page","type-page","status-publish"],"uagb_featured_image_src":{"full":false,"thumbnail":false,"medium":false,"medium_large":false,"large":false,"1536x1536":false,"2048x2048":false},"uagb_author_info":{"display_name":"Pavel","author_link":"https:\/\/www.texty.santegidio.cz\/?author=1"},"uagb_comment_info":0,"uagb_excerpt":"Pane Je\u017e&iacute;&scaron;i, blahoslaveni jsou pla\u010d&iacute;c&iacute;, proto\u017ee ty je ut\u011b&scaron;uje&scaron;. Miluje&scaron; n&aacute;s bez konce, aby byl bez konce \u017eivot. Jsi silou slab&yacute;ch, pr\u016fvodcem zmaten&yacute;ch, spole\u010dn&iacute;kem opu&scaron;t\u011bn&yacute;ch. Jsi sv\u011btlem, kter&eacute; nezn&aacute; soumrak. Jsi odpu&scaron;t\u011bn&iacute;m h\u0159&iacute;&scaron;n&iacute;k\u016f. Jsi nad\u011bj&iacute; pro toho, kdo ztratil v&scaron;e. Jsi cesta, kter&aacute; se p\u0159ed n&aacute;mi otev&iacute;r&aacute;. Jsi pravda, proto\u017ee miluje&scaron; v&scaron;e, co vypov&iacute;d&aacute; o&nbsp;n&aacute;s&hellip;","jetpack_sharing_enabled":true,"jetpack_shortlink":"https:\/\/wp.me\/PawMsT-gF","_links":{"self":[{"href":"https:\/\/www.texty.santegidio.cz\/index.php?rest_route=\/wp\/v2\/pages\/1033","targetHints":{"allow":["GET"]}}],"collection":[{"href":"https:\/\/www.texty.santegidio.cz\/index.php?rest_route=\/wp\/v2\/pages"}],"about":[{"href":"https:\/\/www.texty.santegidio.cz\/index.php?rest_route=\/wp\/v2\/types\/page"}],"author":[{"embeddable":true,"href":"https:\/\/www.texty.santegidio.cz\/index.php?rest_route=\/wp\/v2\/users\/1"}],"replies":[{"embeddable":true,"href":"https:\/\/www.texty.santegidio.cz\/index.php?rest_route=%2Fwp%2Fv2%2Fcomments&post=1033"}],"version-history":[{"count":0,"href":"https:\/\/www.texty.santegidio.cz\/index.php?rest_route=\/wp\/v2\/pages\/1033\/revisions"}],"up":[{"embeddable":true,"href":"https:\/\/www.texty.santegidio.cz\/index.php?rest_route=\/wp\/v2\/pages\/706"}],"wp:attachment":[{"href":"https:\/\/www.texty.santegidio.cz\/index.php?rest_route=%2Fwp%2Fv2%2Fmedia&parent=1033"}],"curies":[{"name":"wp","href":"https:\/\/api.w.org\/{rel}","templated":true}]}}