{"id":1032,"date":"2018-10-10T14:09:44","date_gmt":"2018-10-10T12:09:44","guid":{"rendered":"http:\/\/www.texty.santegidio.cz?page_id=1032"},"modified":"2018-10-10T14:09:44","modified_gmt":"2018-10-10T12:09:44","slug":"modlitba-k-panu-zivota","status":"publish","type":"page","link":"https:\/\/www.texty.santegidio.cz\/?page_id=1032","title":{"rendered":"Modlitba k P\u00e1nu \u017eivota"},"content":{"rendered":"<p>Pane Je\u017e&iacute;&scaron;i,<br \/> kter&yacute;s v&nbsp;opu&scaron;t\u011bnosti k\u0159&iacute;\u017ee<br \/> sv\u011b\u0159il sebe sama Otci<br \/> a&nbsp;do jeho rukou<br \/> vlo\u017eil sv\u016fj \u017eivot,<br \/> d\u011bkujeme ti, \u017ee nyn&iacute;,<br \/> v&nbsp;temnot\u011b bolesti,<br \/> m\u016f\u017eeme vid\u011bt sv\u011btlo tv&eacute; l&aacute;sky<br \/> a&nbsp;vztahovat na&scaron;e ruce,<br \/> abys je mohl vz&iacute;t do sv&yacute;ch.<br \/> Jsi Bohem, kter&yacute; nechce smrt,<br \/> ale \u017eivot.<br \/> Vzal jsi k&nbsp;sob\u011b svoji Matku,<br \/> vyzdvihls ji, aby dostala m&iacute;sto<br \/> v&nbsp;Otcov\u011b dom\u011b<br \/> a&nbsp;zrodila se k&nbsp;nebesk&eacute;mu \u017eivotu.<br \/> P\u0159ijmi na&scaron;e drah&eacute;,<br \/> aby m\u011bli plnost l&aacute;sky<br \/> ve sv\u011btle a&nbsp;v&nbsp;pokoji tv&eacute; p\u0159&iacute;tomnosti.<br \/> Pros&iacute;me t\u011b,<br \/> vzpome\u0148 si na n&aacute;s ve sv&eacute;m kr&aacute;lovstv&iacute;.<br \/> Nau\u010d n&aacute;s p\u0159em&aacute;hat zlo dobrem<br \/> a&nbsp;neb&aacute;t se milovat,<br \/> proto\u017ee l&aacute;ska p\u0159ekon&aacute;v&aacute; v&scaron;echny hranice<br \/> a&nbsp;nikdy nekon\u010d&iacute;.<br \/> Amen.<\/p>\n","protected":false},"excerpt":{"rendered":"<p>Pane Je\u017e&iacute;&scaron;i, kter&yacute;s v&nbsp;opu&scaron;t\u011bnosti k\u0159&iacute;\u017ee sv\u011b\u0159il sebe sama Otci a&nbsp;do jeho rukou vlo\u017eil sv\u016fj \u017eivot, d\u011bkujeme ti, \u017ee nyn&iacute;, v&nbsp;temnot\u011b bolesti, m\u016f\u017eeme vid\u011bt sv\u011btlo tv&eacute; l&aacute;sky a&nbsp;vztahovat na&scaron;e ruce, abys je mohl vz&iacute;t do sv&yacute;ch. Jsi Bohem, kter&yacute; nechce smrt, ale \u017eivot. Vzal jsi k&nbsp;sob\u011b svoji Matku, vyzdvihls ji, aby dostala m&iacute;sto v&nbsp;Otcov\u011b dom\u011b a&nbsp;zrodila &#8230; <a title=\"Modlitba k P\u00e1nu \u017eivota\" class=\"read-more\" href=\"https:\/\/www.texty.santegidio.cz\/?page_id=1032\" aria-label=\"More on Modlitba k P\u00e1nu \u017eivota\">Read more<\/a><\/p>\n","protected":false},"author":1,"featured_media":0,"parent":706,"menu_order":0,"comment_status":"open","ping_status":"open","template":"","meta":{"_uag_custom_page_level_css":"","jetpack_post_was_ever_published":false,"footnotes":""},"class_list":["post-1032","page","type-page","status-publish"],"uagb_featured_image_src":{"full":false,"thumbnail":false,"medium":false,"medium_large":false,"large":false,"1536x1536":false,"2048x2048":false},"uagb_author_info":{"display_name":"Pavel","author_link":"https:\/\/www.texty.santegidio.cz\/?author=1"},"uagb_comment_info":0,"uagb_excerpt":"Pane Je\u017e&iacute;&scaron;i, kter&yacute;s v&nbsp;opu&scaron;t\u011bnosti k\u0159&iacute;\u017ee sv\u011b\u0159il sebe sama Otci a&nbsp;do jeho rukou vlo\u017eil sv\u016fj \u017eivot, d\u011bkujeme ti, \u017ee nyn&iacute;, v&nbsp;temnot\u011b bolesti, m\u016f\u017eeme vid\u011bt sv\u011btlo tv&eacute; l&aacute;sky a&nbsp;vztahovat na&scaron;e ruce, abys je mohl vz&iacute;t do sv&yacute;ch. Jsi Bohem, kter&yacute; nechce smrt, ale \u017eivot. Vzal jsi k&nbsp;sob\u011b svoji Matku, vyzdvihls ji, aby dostala m&iacute;sto v&nbsp;Otcov\u011b dom\u011b a&nbsp;zrodila&hellip;","jetpack_sharing_enabled":true,"jetpack_shortlink":"https:\/\/wp.me\/PawMsT-gE","_links":{"self":[{"href":"https:\/\/www.texty.santegidio.cz\/index.php?rest_route=\/wp\/v2\/pages\/1032","targetHints":{"allow":["GET"]}}],"collection":[{"href":"https:\/\/www.texty.santegidio.cz\/index.php?rest_route=\/wp\/v2\/pages"}],"about":[{"href":"https:\/\/www.texty.santegidio.cz\/index.php?rest_route=\/wp\/v2\/types\/page"}],"author":[{"embeddable":true,"href":"https:\/\/www.texty.santegidio.cz\/index.php?rest_route=\/wp\/v2\/users\/1"}],"replies":[{"embeddable":true,"href":"https:\/\/www.texty.santegidio.cz\/index.php?rest_route=%2Fwp%2Fv2%2Fcomments&post=1032"}],"version-history":[{"count":0,"href":"https:\/\/www.texty.santegidio.cz\/index.php?rest_route=\/wp\/v2\/pages\/1032\/revisions"}],"up":[{"embeddable":true,"href":"https:\/\/www.texty.santegidio.cz\/index.php?rest_route=\/wp\/v2\/pages\/706"}],"wp:attachment":[{"href":"https:\/\/www.texty.santegidio.cz\/index.php?rest_route=%2Fwp%2Fv2%2Fmedia&parent=1032"}],"curies":[{"name":"wp","href":"https:\/\/api.w.org\/{rel}","templated":true}]}}