{"id":1031,"date":"2018-10-10T14:09:44","date_gmt":"2018-10-10T12:09:44","guid":{"rendered":"http:\/\/www.texty.santegidio.cz?page_id=1031"},"modified":"2018-10-10T14:09:44","modified_gmt":"2018-10-10T12:09:44","slug":"modlitba-k-bohu-ktery-pozveda-ze-smrti","status":"publish","type":"page","link":"https:\/\/www.texty.santegidio.cz\/?page_id=1031","title":{"rendered":"Modlitba k Bohu, kter\u00fd pozved\u00e1 ze smrti"},"content":{"rendered":"<p>Pane, kter&yacute; jsi bojoval proti v&scaron;emu zlu<br \/> a&nbsp;rozepjal sv&eacute; ruce na k\u0159&iacute;\u017ei,<br \/> aby v&scaron;ichni m\u011bli \u017eivot,<br \/> pozvedni svoj&iacute; rukou <br \/> toho, koho zas&aacute;hla smrt,<br \/> aby se mohl zrodit v&nbsp;nebes&iacute;ch.<br \/> Dove\u010f ho do sv&eacute;ho kr&aacute;lovstv&iacute;<br \/> bla\u017eenosti a&nbsp;pokoje,<br \/> kde jsi p\u0159ipravil pro lidi m&iacute;sto,<br \/> a&nbsp;n&aacute;m, sv&yacute;m d\u011btem,<br \/> kte\u0159&iacute; s&nbsp;nad\u011bj&iacute; a&nbsp;d\u016fv\u011brou<br \/> k&nbsp;tob\u011b hled&iacute;me,<br \/> dej naj&iacute;t v&nbsp;Evangeliu blahoslavenstv&iacute;<br \/> pravdiv\u011bj&scaron;&iacute; smysl na&scaron;eho \u017eivota.<br \/> Nyn&iacute; i&nbsp;v\u017edycky. Amen.<\/p>\n<p><\/p>\n","protected":false},"excerpt":{"rendered":"<p>Pane, kter&yacute; jsi bojoval proti v&scaron;emu zlu a&nbsp;rozepjal sv&eacute; ruce na k\u0159&iacute;\u017ei, aby v&scaron;ichni m\u011bli \u017eivot, pozvedni svoj&iacute; rukou toho, koho zas&aacute;hla smrt, aby se mohl zrodit v&nbsp;nebes&iacute;ch. Dove\u010f ho do sv&eacute;ho kr&aacute;lovstv&iacute; bla\u017eenosti a&nbsp;pokoje, kde jsi p\u0159ipravil pro lidi m&iacute;sto, a&nbsp;n&aacute;m, sv&yacute;m d\u011btem, kte\u0159&iacute; s&nbsp;nad\u011bj&iacute; a&nbsp;d\u016fv\u011brou k&nbsp;tob\u011b hled&iacute;me, dej naj&iacute;t v&nbsp;Evangeliu blahoslavenstv&iacute; pravdiv\u011bj&scaron;&iacute; smysl &#8230; <a title=\"Modlitba k Bohu, kter\u00fd pozved\u00e1 ze smrti\" class=\"read-more\" href=\"https:\/\/www.texty.santegidio.cz\/?page_id=1031\" aria-label=\"More on Modlitba k Bohu, kter\u00fd pozved\u00e1 ze smrti\">Read more<\/a><\/p>\n","protected":false},"author":1,"featured_media":0,"parent":706,"menu_order":0,"comment_status":"open","ping_status":"open","template":"","meta":{"_uag_custom_page_level_css":"","jetpack_post_was_ever_published":false,"footnotes":""},"class_list":["post-1031","page","type-page","status-publish"],"uagb_featured_image_src":{"full":false,"thumbnail":false,"medium":false,"medium_large":false,"large":false,"1536x1536":false,"2048x2048":false},"uagb_author_info":{"display_name":"Pavel","author_link":"https:\/\/www.texty.santegidio.cz\/?author=1"},"uagb_comment_info":0,"uagb_excerpt":"Pane, kter&yacute; jsi bojoval proti v&scaron;emu zlu a&nbsp;rozepjal sv&eacute; ruce na k\u0159&iacute;\u017ei, aby v&scaron;ichni m\u011bli \u017eivot, pozvedni svoj&iacute; rukou toho, koho zas&aacute;hla smrt, aby se mohl zrodit v&nbsp;nebes&iacute;ch. Dove\u010f ho do sv&eacute;ho kr&aacute;lovstv&iacute; bla\u017eenosti a&nbsp;pokoje, kde jsi p\u0159ipravil pro lidi m&iacute;sto, a&nbsp;n&aacute;m, sv&yacute;m d\u011btem, kte\u0159&iacute; s&nbsp;nad\u011bj&iacute; a&nbsp;d\u016fv\u011brou k&nbsp;tob\u011b hled&iacute;me, dej naj&iacute;t v&nbsp;Evangeliu blahoslavenstv&iacute; pravdiv\u011bj&scaron;&iacute; smysl&hellip;","jetpack_sharing_enabled":true,"jetpack_shortlink":"https:\/\/wp.me\/PawMsT-gD","_links":{"self":[{"href":"https:\/\/www.texty.santegidio.cz\/index.php?rest_route=\/wp\/v2\/pages\/1031","targetHints":{"allow":["GET"]}}],"collection":[{"href":"https:\/\/www.texty.santegidio.cz\/index.php?rest_route=\/wp\/v2\/pages"}],"about":[{"href":"https:\/\/www.texty.santegidio.cz\/index.php?rest_route=\/wp\/v2\/types\/page"}],"author":[{"embeddable":true,"href":"https:\/\/www.texty.santegidio.cz\/index.php?rest_route=\/wp\/v2\/users\/1"}],"replies":[{"embeddable":true,"href":"https:\/\/www.texty.santegidio.cz\/index.php?rest_route=%2Fwp%2Fv2%2Fcomments&post=1031"}],"version-history":[{"count":0,"href":"https:\/\/www.texty.santegidio.cz\/index.php?rest_route=\/wp\/v2\/pages\/1031\/revisions"}],"up":[{"embeddable":true,"href":"https:\/\/www.texty.santegidio.cz\/index.php?rest_route=\/wp\/v2\/pages\/706"}],"wp:attachment":[{"href":"https:\/\/www.texty.santegidio.cz\/index.php?rest_route=%2Fwp%2Fv2%2Fmedia&parent=1031"}],"curies":[{"name":"wp","href":"https:\/\/api.w.org\/{rel}","templated":true}]}}