{"id":1030,"date":"2018-10-10T14:09:44","date_gmt":"2018-10-10T12:09:44","guid":{"rendered":"http:\/\/www.texty.santegidio.cz?page_id=1030"},"modified":"2018-10-10T14:09:44","modified_gmt":"2018-10-10T12:09:44","slug":"modlitba-za-mlade-lidi-kteri-zemreli","status":"publish","type":"page","link":"https:\/\/www.texty.santegidio.cz\/?page_id=1030","title":{"rendered":"Modlitba za mlad\u00e9 lidi, kte\u0159\u00ed zem\u0159eli"},"content":{"rendered":"<p>&Oacute;&nbsp;Pane,<br \/> kter&yacute; jsi zem\u0159el mlad&yacute; na k\u0159&iacute;\u017ei,<br \/> aby v&scaron;ichni m\u011bli \u017eivot,<br \/> pros&iacute;me za toho, kdo jako ty, <br \/> je&scaron;t\u011b mlad&yacute;, n&aacute;m byl vyrv&aacute;n zlem.<br \/> Ty jsi dobr&yacute; p\u0159&iacute;tel lid&iacute;,<br \/> p\u0159ive\u010f v&scaron;echny do sv&eacute;ho kr&aacute;lovstv&iacute;<br \/> bla\u017eenosti a&nbsp;pokoje.<br \/> &Oacute;&nbsp;Pane \u017eivota,<br \/> kter&yacute; jsi sv&yacute;m vzk\u0159&iacute;&scaron;en&iacute;m<br \/> p\u0159emohl smrt,<br \/> doprov&aacute;zej n&aacute;s v\u017edy svou l&aacute;skou<br \/> a&nbsp;dej n&aacute;m sv\u016fj pokoj.<br \/> Nyn&iacute; i&nbsp;v\u017edycky.<br \/> Amen.<\/p>\n","protected":false},"excerpt":{"rendered":"<p>&Oacute;&nbsp;Pane, kter&yacute; jsi zem\u0159el mlad&yacute; na k\u0159&iacute;\u017ei, aby v&scaron;ichni m\u011bli \u017eivot, pros&iacute;me za toho, kdo jako ty, je&scaron;t\u011b mlad&yacute;, n&aacute;m byl vyrv&aacute;n zlem. Ty jsi dobr&yacute; p\u0159&iacute;tel lid&iacute;, p\u0159ive\u010f v&scaron;echny do sv&eacute;ho kr&aacute;lovstv&iacute; bla\u017eenosti a&nbsp;pokoje. &Oacute;&nbsp;Pane \u017eivota, kter&yacute; jsi sv&yacute;m vzk\u0159&iacute;&scaron;en&iacute;m p\u0159emohl smrt, doprov&aacute;zej n&aacute;s v\u017edy svou l&aacute;skou a&nbsp;dej n&aacute;m sv\u016fj pokoj. Nyn&iacute; i&nbsp;v\u017edycky. Amen.<\/p>\n","protected":false},"author":1,"featured_media":0,"parent":706,"menu_order":0,"comment_status":"open","ping_status":"open","template":"","meta":{"_uag_custom_page_level_css":"","jetpack_post_was_ever_published":false,"footnotes":""},"class_list":["post-1030","page","type-page","status-publish"],"uagb_featured_image_src":{"full":false,"thumbnail":false,"medium":false,"medium_large":false,"large":false,"1536x1536":false,"2048x2048":false},"uagb_author_info":{"display_name":"Pavel","author_link":"https:\/\/www.texty.santegidio.cz\/?author=1"},"uagb_comment_info":0,"uagb_excerpt":"&Oacute;&nbsp;Pane, kter&yacute; jsi zem\u0159el mlad&yacute; na k\u0159&iacute;\u017ei, aby v&scaron;ichni m\u011bli \u017eivot, pros&iacute;me za toho, kdo jako ty, je&scaron;t\u011b mlad&yacute;, n&aacute;m byl vyrv&aacute;n zlem. Ty jsi dobr&yacute; p\u0159&iacute;tel lid&iacute;, p\u0159ive\u010f v&scaron;echny do sv&eacute;ho kr&aacute;lovstv&iacute; bla\u017eenosti a&nbsp;pokoje. &Oacute;&nbsp;Pane \u017eivota, kter&yacute; jsi sv&yacute;m vzk\u0159&iacute;&scaron;en&iacute;m p\u0159emohl smrt, doprov&aacute;zej n&aacute;s v\u017edy svou l&aacute;skou a&nbsp;dej n&aacute;m sv\u016fj pokoj. Nyn&iacute; i&nbsp;v\u017edycky. Amen.","jetpack_sharing_enabled":true,"jetpack_shortlink":"https:\/\/wp.me\/PawMsT-gC","_links":{"self":[{"href":"https:\/\/www.texty.santegidio.cz\/index.php?rest_route=\/wp\/v2\/pages\/1030","targetHints":{"allow":["GET"]}}],"collection":[{"href":"https:\/\/www.texty.santegidio.cz\/index.php?rest_route=\/wp\/v2\/pages"}],"about":[{"href":"https:\/\/www.texty.santegidio.cz\/index.php?rest_route=\/wp\/v2\/types\/page"}],"author":[{"embeddable":true,"href":"https:\/\/www.texty.santegidio.cz\/index.php?rest_route=\/wp\/v2\/users\/1"}],"replies":[{"embeddable":true,"href":"https:\/\/www.texty.santegidio.cz\/index.php?rest_route=%2Fwp%2Fv2%2Fcomments&post=1030"}],"version-history":[{"count":0,"href":"https:\/\/www.texty.santegidio.cz\/index.php?rest_route=\/wp\/v2\/pages\/1030\/revisions"}],"up":[{"embeddable":true,"href":"https:\/\/www.texty.santegidio.cz\/index.php?rest_route=\/wp\/v2\/pages\/706"}],"wp:attachment":[{"href":"https:\/\/www.texty.santegidio.cz\/index.php?rest_route=%2Fwp%2Fv2%2Fmedia&parent=1030"}],"curies":[{"name":"wp","href":"https:\/\/api.w.org\/{rel}","templated":true}]}}