{"id":103,"date":"2018-12-12T10:15:06","date_gmt":"2018-12-12T09:15:06","guid":{"rendered":"http:\/\/www.texty.santegidio.cz?page_id=103"},"modified":"2018-12-12T10:15:07","modified_gmt":"2018-12-12T09:15:07","slug":"zalm-51","status":"publish","type":"page","link":"https:\/\/www.texty.santegidio.cz\/?page_id=103","title":{"rendered":"\u017dalm 51"},"content":{"rendered":"<p>Smiluj se nade mnou, Bo\u017ee, jen\u017e jsi tak milosrdn\u00fd.<\/p>\n<p>= <sup>3<\/span><\/sup> Smiluj se nade mnou, Bo\u017ee,\u2020<br \/>jen\u017e jsi tak milosrdn\u00fd, tak pln\u00fd slitov\u00e1n\u00ed,<br \/>a moji nepr<strong>a<\/strong>vost zahla\u010f!<\/p>\n<p>&#8211; <sup>4<\/span><\/sup> Smyj ze mne v\u0161echnu mou vinu<br \/>a z m\u00e9ho h\u0159<strong>\u00ed<\/strong>chu m\u011b o\u010dis\u0165!<\/p>\n<p>&#8211; <sup>5<\/span><\/sup> Uzn\u00e1v\u00e1m, \u0161patn\u011b jsem \u010dinil,<br \/>sv\u016fj h\u0159\u00edch m\u00e1m na <strong>o<\/strong>\u010d\u00edch st\u00e1le.<\/p>\n<p>&#8211; <sup>6<\/span><\/sup> To proti tob\u011b jsem h\u0159e\u0161il,<br \/>sp\u00e1chal, co t<strong>o<\/strong>b\u011b se p\u0159\u00ed\u010d\u00ed,<br \/>&#8211; tak\u017ee tv\u016fj soud je spr\u00e1vn\u00fd,<br \/>tv\u016fj ortel spr<strong>a<\/strong>vedliv\u00fd.<\/p>\n<p>&#8211; <sup>7<\/span><\/sup> V\u017edy\u0165 jsem u\u017e narozen s vinou,<br \/>matka m\u011b po\u010d<strong>a<\/strong>la s h\u0159\u00edchem.<\/p>\n<p>&#8211; <sup>8<\/span><\/sup> Ty m\u00e1\u0161 r\u00e1d up\u0159\u00edmn\u00e9 srdce,<br \/>vskrytu m\u011b moudr<strong>o<\/strong>sti u\u010d\u00ed\u0161.<\/p>\n<p>&#8211; <sup>9<\/span><\/sup> Pokrop m\u011b yzopem, zas budu \u010dist\u00fd,<br \/>umyj m\u011b, b\u011blej\u0161\u00ed b<strong>u<\/strong>du ne\u017e sn\u00edh.<\/p>\n<p>&#8211; <sup>10<\/span><\/sup> Vesel\u00ed, radost mi zakusit dop\u0159ej,<br \/>a\u0165 j\u00e1saj\u00ed kosti, kt<strong>e<\/strong>r\u00e9 jsi zdrtil.<\/p>\n<p>&#8211; <sup>11<\/span><\/sup> Odvra\u0165 se tv\u00e1\u0159\u00ed od m\u00fdch h\u0159\u00edch\u016f,<br \/>v\u0161echny m\u00e9 \u0161patnosti nad<strong>o<\/strong>bro zahla\u010f.<\/p>\n<p>&#8211; <sup>12<\/span><\/sup> Stvo\u0159 ve mn\u011b \u010dist\u00e9 srdce, Pane,<br \/>nov\u00e9ho, st\u00e1l\u00e9ho d<strong>u<\/strong>cha mi dej.<\/p>\n<p>&#8211; <sup>13<\/span><\/sup> Neodvrhuj m\u011b od sv\u00e9 tv\u00e1\u0159e,<br \/>a\u0165 ve mn\u011b trv\u00e1 tv<strong>\u016f<\/strong>j svat\u00fd duch.<\/p>\n<p>&#8211; <sup>14<\/span><\/sup> Dej, a\u0165 se op\u011bt t\u011b\u0161\u00edm z tv\u00e9 sp\u00e1sy,<br \/>posil m\u011b velk<strong>o<\/strong>du\u0161nost\u00ed.<\/p>\n<p>&#8211; <sup>15<\/span><\/sup> H\u0159\u00ed\u0161n\u00edky budu u\u010dit tv\u00fdm cest\u00e1m,<br \/>bezbo\u017en\u00ed k tob\u011b s<strong>e<\/strong> vr\u00e1t\u00ed zas.<\/p>\n<p>&#8211; <sup>16<\/span><\/sup> P\u0159ed krveprolit\u00edm zachra\u0148 m\u011b, Pane,<br \/>zaj\u00e1s\u00e1m, jak jsi spr<strong>a<\/strong>vedliv\u00fd!<\/p>\n<p>&#8211; <sup>17<\/span><\/sup> Odemkni, Pane, op\u011bt m\u00e1 \u00fasta,<br \/>m\u00e9 rty ti zap<strong>\u011b<\/strong>j\u00ed chvalozp\u011bv.<\/p>\n<p>&#8211; <sup>18<\/span><\/sup> V krvav\u00fdch \u017eertv\u00e1ch z\u00e1libu nem\u00e1\u0161,<br \/>ob\u011bt\u00ed tou se ti n<strong>e<\/strong>zavd\u011b\u010d\u00edm.<\/p>\n<p>&#8211; <sup>19<\/span><\/sup> M\u00e1 ob\u011b\u0165, Pane, je zkrou\u0161en\u00fd duch,<br \/>zdrcen\u00e9 srdce n<strong>e<\/strong>odm\u00edtne\u0161.<\/p>\n<p>&#8211; <sup>20<\/span><\/sup> Obla\u017e, Pane, svou dobrotou Si\u00f3n,<br \/>zbuduj zas hradby Jer<strong>u<\/strong>zal\u00e9ma!<\/p>\n<p>= <sup>21<\/span><\/sup> Pak se ti zal\u00edb\u00ed v ob\u011btech \u0159\u00e1dn\u00fdch,\u2020<br \/>v z\u00e1paln\u00fdch \u017eertv\u00e1ch a celopalech,<br \/>na olt\u00e1\u0159 budou t<strong>i<\/strong> b\u00fd\u010dky kl\u00e1st.<\/p>\n","protected":false},"excerpt":{"rendered":"<p>Smiluj se nade mnou, Bo\u017ee, jen\u017e jsi tak milosrdn\u00fd. = 3 Smiluj se nade mnou, Bo\u017ee,\u2020jen\u017e jsi tak milosrdn\u00fd, tak pln\u00fd slitov\u00e1n\u00ed,a moji nepravost zahla\u010f! &#8211; 4 Smyj ze mne v\u0161echnu mou vinua z m\u00e9ho h\u0159\u00edchu m\u011b o\u010dis\u0165! &#8211; 5 Uzn\u00e1v\u00e1m, \u0161patn\u011b jsem \u010dinil,sv\u016fj h\u0159\u00edch m\u00e1m na o\u010d\u00edch st\u00e1le. &#8211; 6 To proti tob\u011b jsem &#8230; <a title=\"\u017dalm 51\" class=\"read-more\" href=\"https:\/\/www.texty.santegidio.cz\/?page_id=103\" aria-label=\"More on \u017dalm 51\">Read more<\/a><\/p>\n","protected":false},"author":1,"featured_media":0,"parent":29,"menu_order":0,"comment_status":"closed","ping_status":"closed","template":"","meta":{"_uag_custom_page_level_css":"","jetpack_post_was_ever_published":false,"footnotes":""},"class_list":["post-103","page","type-page","status-publish"],"uagb_featured_image_src":{"full":false,"thumbnail":false,"medium":false,"medium_large":false,"large":false,"1536x1536":false,"2048x2048":false},"uagb_author_info":{"display_name":"Pavel","author_link":"https:\/\/www.texty.santegidio.cz\/?author=1"},"uagb_comment_info":0,"uagb_excerpt":"Smiluj se nade mnou, Bo\u017ee, jen\u017e jsi tak milosrdn\u00fd. = 3 Smiluj se nade mnou, Bo\u017ee,\u2020jen\u017e jsi tak milosrdn\u00fd, tak pln\u00fd slitov\u00e1n\u00ed,a moji nepravost zahla\u010f! &#8211; 4 Smyj ze mne v\u0161echnu mou vinua z m\u00e9ho h\u0159\u00edchu m\u011b o\u010dis\u0165! &#8211; 5 Uzn\u00e1v\u00e1m, \u0161patn\u011b jsem \u010dinil,sv\u016fj h\u0159\u00edch m\u00e1m na o\u010d\u00edch st\u00e1le. &#8211; 6 To proti tob\u011b jsem&hellip;","jetpack_sharing_enabled":true,"jetpack_shortlink":"https:\/\/wp.me\/PawMsT-1F","_links":{"self":[{"href":"https:\/\/www.texty.santegidio.cz\/index.php?rest_route=\/wp\/v2\/pages\/103","targetHints":{"allow":["GET"]}}],"collection":[{"href":"https:\/\/www.texty.santegidio.cz\/index.php?rest_route=\/wp\/v2\/pages"}],"about":[{"href":"https:\/\/www.texty.santegidio.cz\/index.php?rest_route=\/wp\/v2\/types\/page"}],"author":[{"embeddable":true,"href":"https:\/\/www.texty.santegidio.cz\/index.php?rest_route=\/wp\/v2\/users\/1"}],"replies":[{"embeddable":true,"href":"https:\/\/www.texty.santegidio.cz\/index.php?rest_route=%2Fwp%2Fv2%2Fcomments&post=103"}],"version-history":[{"count":1,"href":"https:\/\/www.texty.santegidio.cz\/index.php?rest_route=\/wp\/v2\/pages\/103\/revisions"}],"predecessor-version":[{"id":1273,"href":"https:\/\/www.texty.santegidio.cz\/index.php?rest_route=\/wp\/v2\/pages\/103\/revisions\/1273"}],"up":[{"embeddable":true,"href":"https:\/\/www.texty.santegidio.cz\/index.php?rest_route=\/wp\/v2\/pages\/29"}],"wp:attachment":[{"href":"https:\/\/www.texty.santegidio.cz\/index.php?rest_route=%2Fwp%2Fv2%2Fmedia&parent=103"}],"curies":[{"name":"wp","href":"https:\/\/api.w.org\/{rel}","templated":true}]}}