{"id":1029,"date":"2018-10-10T14:09:34","date_gmt":"2018-10-10T12:09:34","guid":{"rendered":"http:\/\/www.texty.santegidio.cz?page_id=1029"},"modified":"2018-10-10T14:09:34","modified_gmt":"2018-10-10T12:09:34","slug":"modlitba-knihy-zivota","status":"publish","type":"page","link":"https:\/\/www.texty.santegidio.cz\/?page_id=1029","title":{"rendered":"Modlitba knihy \u017eivota"},"content":{"rendered":"<p>&Oacute;&nbsp;Pane,<br \/> nezapom&iacute;n&aacute;&scaron; na nikoho.<br \/> Jm&eacute;na na&scaron;ich drah&yacute;ch jsou zaps&aacute;na<br \/> v&nbsp;knize \u017eivota.<br \/> Dnes \u017eij&iacute; s&nbsp;tebou<br \/> plnou bla\u017eenost tv&eacute; l&aacute;sky<br \/> se v&scaron;emi tv&yacute;mi svat&yacute;mi.<br \/> Pamatuj na n\u011b,<br \/> pamatuj na v&scaron;echny.<br \/> Nau\u010d n&aacute;s pozvedat<br \/> chud&eacute; a&nbsp;skl&iacute;\u010den&eacute;,<br \/> aby brzy p\u0159i&scaron;lo<br \/> tv&eacute; kr&aacute;lovstv&iacute; pokoje.<br \/> Nyn&iacute; i&nbsp;v\u017edycky.<br \/> Amen.<\/p>\n<p><\/p>\n","protected":false},"excerpt":{"rendered":"<p>&Oacute;&nbsp;Pane, nezapom&iacute;n&aacute;&scaron; na nikoho. Jm&eacute;na na&scaron;ich drah&yacute;ch jsou zaps&aacute;na v&nbsp;knize \u017eivota. Dnes \u017eij&iacute; s&nbsp;tebou plnou bla\u017eenost tv&eacute; l&aacute;sky se v&scaron;emi tv&yacute;mi svat&yacute;mi. Pamatuj na n\u011b, pamatuj na v&scaron;echny. Nau\u010d n&aacute;s pozvedat chud&eacute; a&nbsp;skl&iacute;\u010den&eacute;, aby brzy p\u0159i&scaron;lo tv&eacute; kr&aacute;lovstv&iacute; pokoje. Nyn&iacute; i&nbsp;v\u017edycky. Amen.<\/p>\n","protected":false},"author":1,"featured_media":0,"parent":706,"menu_order":0,"comment_status":"open","ping_status":"open","template":"","meta":{"_uag_custom_page_level_css":"","jetpack_post_was_ever_published":false,"footnotes":""},"class_list":["post-1029","page","type-page","status-publish"],"uagb_featured_image_src":{"full":false,"thumbnail":false,"medium":false,"medium_large":false,"large":false,"1536x1536":false,"2048x2048":false},"uagb_author_info":{"display_name":"Pavel","author_link":"https:\/\/www.texty.santegidio.cz\/?author=1"},"uagb_comment_info":0,"uagb_excerpt":"&Oacute;&nbsp;Pane, nezapom&iacute;n&aacute;&scaron; na nikoho. Jm&eacute;na na&scaron;ich drah&yacute;ch jsou zaps&aacute;na v&nbsp;knize \u017eivota. Dnes \u017eij&iacute; s&nbsp;tebou plnou bla\u017eenost tv&eacute; l&aacute;sky se v&scaron;emi tv&yacute;mi svat&yacute;mi. Pamatuj na n\u011b, pamatuj na v&scaron;echny. Nau\u010d n&aacute;s pozvedat chud&eacute; a&nbsp;skl&iacute;\u010den&eacute;, aby brzy p\u0159i&scaron;lo tv&eacute; kr&aacute;lovstv&iacute; pokoje. Nyn&iacute; i&nbsp;v\u017edycky. Amen.","jetpack_sharing_enabled":true,"jetpack_shortlink":"https:\/\/wp.me\/PawMsT-gB","_links":{"self":[{"href":"https:\/\/www.texty.santegidio.cz\/index.php?rest_route=\/wp\/v2\/pages\/1029","targetHints":{"allow":["GET"]}}],"collection":[{"href":"https:\/\/www.texty.santegidio.cz\/index.php?rest_route=\/wp\/v2\/pages"}],"about":[{"href":"https:\/\/www.texty.santegidio.cz\/index.php?rest_route=\/wp\/v2\/types\/page"}],"author":[{"embeddable":true,"href":"https:\/\/www.texty.santegidio.cz\/index.php?rest_route=\/wp\/v2\/users\/1"}],"replies":[{"embeddable":true,"href":"https:\/\/www.texty.santegidio.cz\/index.php?rest_route=%2Fwp%2Fv2%2Fcomments&post=1029"}],"version-history":[{"count":0,"href":"https:\/\/www.texty.santegidio.cz\/index.php?rest_route=\/wp\/v2\/pages\/1029\/revisions"}],"up":[{"embeddable":true,"href":"https:\/\/www.texty.santegidio.cz\/index.php?rest_route=\/wp\/v2\/pages\/706"}],"wp:attachment":[{"href":"https:\/\/www.texty.santegidio.cz\/index.php?rest_route=%2Fwp%2Fv2%2Fmedia&parent=1029"}],"curies":[{"name":"wp","href":"https:\/\/api.w.org\/{rel}","templated":true}]}}