{"id":1028,"date":"2018-10-10T14:09:34","date_gmt":"2018-10-10T12:09:34","guid":{"rendered":"http:\/\/www.texty.santegidio.cz?page_id=1028"},"modified":"2018-10-10T14:09:34","modified_gmt":"2018-10-10T12:09:34","slug":"modlitba-ve-spolecenstvi-s-panem","status":"publish","type":"page","link":"https:\/\/www.texty.santegidio.cz\/?page_id=1028","title":{"rendered":"Modlitba ve spole\u010denstv\u00ed s P\u00e1nem"},"content":{"rendered":"<p>Pane Je\u017e&iacute;&scaron;i,<br \/> kter&yacute; jsi svou laskavou p\u0159&iacute;tomnost&iacute;<br \/> obla\u017eil trp&iacute;c&iacute;<br \/> a&nbsp;p\u0159ivedl je,<br \/> aby spolu se svat&yacute;mi p\u0159eb&yacute;vali u&nbsp;tebe,<br \/> dej &uacute;t\u011bchu n&aacute;m v&scaron;em na na&scaron;&iacute; cest\u011b,<br \/> ochra\u0148uj n&aacute;s ode v&scaron;eho zl&eacute;ho,<br \/> podep\u0159i n&aacute;s svou p\u0159&iacute;tomnost&iacute;<br \/> a&nbsp;p\u0159ijmi v&scaron;echny u&nbsp;tebe <br \/> na m&iacute;st\u011b bla\u017eenosti,<br \/> kde je set\u0159ena ka\u017ed&aacute; slza,<br \/> a&nbsp;smrt, bolest a&nbsp;starosti<br \/> jsou nav\u017edy p\u0159emo\u017eeny<br \/> tvou l&aacute;skou, kter&aacute; nekon\u010d&iacute;.<br \/> Nyn&iacute; i&nbsp;v\u017edycky.<br \/> Amen.<\/p>\n","protected":false},"excerpt":{"rendered":"<p>Pane Je\u017e&iacute;&scaron;i, kter&yacute; jsi svou laskavou p\u0159&iacute;tomnost&iacute; obla\u017eil trp&iacute;c&iacute; a&nbsp;p\u0159ivedl je, aby spolu se svat&yacute;mi p\u0159eb&yacute;vali u&nbsp;tebe, dej &uacute;t\u011bchu n&aacute;m v&scaron;em na na&scaron;&iacute; cest\u011b, ochra\u0148uj n&aacute;s ode v&scaron;eho zl&eacute;ho, podep\u0159i n&aacute;s svou p\u0159&iacute;tomnost&iacute; a&nbsp;p\u0159ijmi v&scaron;echny u&nbsp;tebe na m&iacute;st\u011b bla\u017eenosti, kde je set\u0159ena ka\u017ed&aacute; slza, a&nbsp;smrt, bolest a&nbsp;starosti jsou nav\u017edy p\u0159emo\u017eeny tvou l&aacute;skou, kter&aacute; nekon\u010d&iacute;. Nyn&iacute; &#8230; <a title=\"Modlitba ve spole\u010denstv\u00ed s P\u00e1nem\" class=\"read-more\" href=\"https:\/\/www.texty.santegidio.cz\/?page_id=1028\" aria-label=\"More on Modlitba ve spole\u010denstv\u00ed s P\u00e1nem\">Read more<\/a><\/p>\n","protected":false},"author":1,"featured_media":0,"parent":706,"menu_order":0,"comment_status":"open","ping_status":"open","template":"","meta":{"_uag_custom_page_level_css":"","jetpack_post_was_ever_published":false,"footnotes":""},"class_list":["post-1028","page","type-page","status-publish"],"uagb_featured_image_src":{"full":false,"thumbnail":false,"medium":false,"medium_large":false,"large":false,"1536x1536":false,"2048x2048":false},"uagb_author_info":{"display_name":"Pavel","author_link":"https:\/\/www.texty.santegidio.cz\/?author=1"},"uagb_comment_info":0,"uagb_excerpt":"Pane Je\u017e&iacute;&scaron;i, kter&yacute; jsi svou laskavou p\u0159&iacute;tomnost&iacute; obla\u017eil trp&iacute;c&iacute; a&nbsp;p\u0159ivedl je, aby spolu se svat&yacute;mi p\u0159eb&yacute;vali u&nbsp;tebe, dej &uacute;t\u011bchu n&aacute;m v&scaron;em na na&scaron;&iacute; cest\u011b, ochra\u0148uj n&aacute;s ode v&scaron;eho zl&eacute;ho, podep\u0159i n&aacute;s svou p\u0159&iacute;tomnost&iacute; a&nbsp;p\u0159ijmi v&scaron;echny u&nbsp;tebe na m&iacute;st\u011b bla\u017eenosti, kde je set\u0159ena ka\u017ed&aacute; slza, a&nbsp;smrt, bolest a&nbsp;starosti jsou nav\u017edy p\u0159emo\u017eeny tvou l&aacute;skou, kter&aacute; nekon\u010d&iacute;. Nyn&iacute;&hellip;","jetpack_sharing_enabled":true,"jetpack_shortlink":"https:\/\/wp.me\/PawMsT-gA","_links":{"self":[{"href":"https:\/\/www.texty.santegidio.cz\/index.php?rest_route=\/wp\/v2\/pages\/1028","targetHints":{"allow":["GET"]}}],"collection":[{"href":"https:\/\/www.texty.santegidio.cz\/index.php?rest_route=\/wp\/v2\/pages"}],"about":[{"href":"https:\/\/www.texty.santegidio.cz\/index.php?rest_route=\/wp\/v2\/types\/page"}],"author":[{"embeddable":true,"href":"https:\/\/www.texty.santegidio.cz\/index.php?rest_route=\/wp\/v2\/users\/1"}],"replies":[{"embeddable":true,"href":"https:\/\/www.texty.santegidio.cz\/index.php?rest_route=%2Fwp%2Fv2%2Fcomments&post=1028"}],"version-history":[{"count":0,"href":"https:\/\/www.texty.santegidio.cz\/index.php?rest_route=\/wp\/v2\/pages\/1028\/revisions"}],"up":[{"embeddable":true,"href":"https:\/\/www.texty.santegidio.cz\/index.php?rest_route=\/wp\/v2\/pages\/706"}],"wp:attachment":[{"href":"https:\/\/www.texty.santegidio.cz\/index.php?rest_route=%2Fwp%2Fv2%2Fmedia&parent=1028"}],"curies":[{"name":"wp","href":"https:\/\/api.w.org\/{rel}","templated":true}]}}