{"id":1027,"date":"2018-10-10T14:09:34","date_gmt":"2018-10-10T12:09:34","guid":{"rendered":"http:\/\/www.texty.santegidio.cz?page_id=1027"},"modified":"2018-10-10T14:09:34","modified_gmt":"2018-10-10T12:09:34","slug":"primluvna-modlitba-za-toho-kdo-nas-opustil","status":"publish","type":"page","link":"https:\/\/www.texty.santegidio.cz\/?page_id=1027","title":{"rendered":"P\u0159\u00edmluvn\u00e1 modlitba za toho, kdo n\u00e1s opustil"},"content":{"rendered":"<p>Pane Je\u017e&iacute;&scaron;i,<br \/> kter&yacute; jsi vzal do sv&yacute;ch rukou<br \/> k\u0159ehk&yacute; \u017eivot sv&eacute; Matky,<br \/> a&nbsp;p\u0159ijal jsi v&nbsp;ch&oacute;ru bla\u017een&yacute;ch<br \/> v&scaron;echny ty, kdo n&aacute;s opustili,<br \/> dej jim \u017e&iacute;t nav\u017edy,<br \/> ve sv\u011btle a&nbsp;pokoji tv&eacute; p\u0159&iacute;tomnosti.<br \/> Nyn&iacute; i&nbsp;v\u017edycky.<br \/> Amen.<\/p>\n<p><\/p>\n","protected":false},"excerpt":{"rendered":"<p>Pane Je\u017e&iacute;&scaron;i, kter&yacute; jsi vzal do sv&yacute;ch rukou k\u0159ehk&yacute; \u017eivot sv&eacute; Matky, a&nbsp;p\u0159ijal jsi v&nbsp;ch&oacute;ru bla\u017een&yacute;ch v&scaron;echny ty, kdo n&aacute;s opustili, dej jim \u017e&iacute;t nav\u017edy, ve sv\u011btle a&nbsp;pokoji tv&eacute; p\u0159&iacute;tomnosti. Nyn&iacute; i&nbsp;v\u017edycky. Amen.<\/p>\n","protected":false},"author":1,"featured_media":0,"parent":706,"menu_order":0,"comment_status":"open","ping_status":"open","template":"","meta":{"_uag_custom_page_level_css":"","jetpack_post_was_ever_published":false,"footnotes":""},"class_list":["post-1027","page","type-page","status-publish"],"uagb_featured_image_src":{"full":false,"thumbnail":false,"medium":false,"medium_large":false,"large":false,"1536x1536":false,"2048x2048":false},"uagb_author_info":{"display_name":"Pavel","author_link":"https:\/\/www.texty.santegidio.cz\/?author=1"},"uagb_comment_info":0,"uagb_excerpt":"Pane Je\u017e&iacute;&scaron;i, kter&yacute; jsi vzal do sv&yacute;ch rukou k\u0159ehk&yacute; \u017eivot sv&eacute; Matky, a&nbsp;p\u0159ijal jsi v&nbsp;ch&oacute;ru bla\u017een&yacute;ch v&scaron;echny ty, kdo n&aacute;s opustili, dej jim \u017e&iacute;t nav\u017edy, ve sv\u011btle a&nbsp;pokoji tv&eacute; p\u0159&iacute;tomnosti. Nyn&iacute; i&nbsp;v\u017edycky. Amen.","jetpack_sharing_enabled":true,"jetpack_shortlink":"https:\/\/wp.me\/PawMsT-gz","_links":{"self":[{"href":"https:\/\/www.texty.santegidio.cz\/index.php?rest_route=\/wp\/v2\/pages\/1027","targetHints":{"allow":["GET"]}}],"collection":[{"href":"https:\/\/www.texty.santegidio.cz\/index.php?rest_route=\/wp\/v2\/pages"}],"about":[{"href":"https:\/\/www.texty.santegidio.cz\/index.php?rest_route=\/wp\/v2\/types\/page"}],"author":[{"embeddable":true,"href":"https:\/\/www.texty.santegidio.cz\/index.php?rest_route=\/wp\/v2\/users\/1"}],"replies":[{"embeddable":true,"href":"https:\/\/www.texty.santegidio.cz\/index.php?rest_route=%2Fwp%2Fv2%2Fcomments&post=1027"}],"version-history":[{"count":0,"href":"https:\/\/www.texty.santegidio.cz\/index.php?rest_route=\/wp\/v2\/pages\/1027\/revisions"}],"up":[{"embeddable":true,"href":"https:\/\/www.texty.santegidio.cz\/index.php?rest_route=\/wp\/v2\/pages\/706"}],"wp:attachment":[{"href":"https:\/\/www.texty.santegidio.cz\/index.php?rest_route=%2Fwp%2Fv2%2Fmedia&parent=1027"}],"curies":[{"name":"wp","href":"https:\/\/api.w.org\/{rel}","templated":true}]}}