{"id":1026,"date":"2018-10-10T14:09:44","date_gmt":"2018-10-10T12:09:44","guid":{"rendered":"http:\/\/www.texty.santegidio.cz?page_id=1026"},"modified":"2018-10-10T14:09:46","modified_gmt":"2018-10-10T12:09:46","slug":"modlitba-za-zemrele","status":"publish","type":"page","link":"https:\/\/www.texty.santegidio.cz\/?page_id=1026","title":{"rendered":"Modlitba za zem\u0159el\u00e9"},"content":{"rendered":"<p>&Oacute;&nbsp;Pane,<br \/> na&scaron;i draz&iacute; \u017eij&iacute; s&nbsp;tebou,<br \/> p\u0159ijati u&nbsp;nebesk&eacute; br&aacute;ny;<br \/> spole\u010dn\u011b s&nbsp;tv&yacute;mi svat&yacute;mi<br \/> t\u011b chv&aacute;l&iacute;me,<br \/> abys tak&eacute; n&aacute;m<br \/> dal bla\u017eenost<br \/> b&yacute;t ti po boku,<br \/> naslouchat tv&eacute;mu Slovu,<br \/> up&iacute;rat n&aacute;&scaron; pohled do tv&eacute; tv&aacute;\u0159e.<br \/> Napl\u0148 sv&yacute;m duchem pokoje<br \/> na&scaron;e srdce,<br \/> abychom mohli b&yacute;t po\u017eehnan&iacute; v&nbsp;l&aacute;sce,<br \/> p\u0159&aacute;teli chud&yacute;ch,<br \/> radostn&yacute;mi hlasateli Evangelia,<br \/> kter&eacute; je pramenem \u017eivota a&nbsp;nad\u011bje pro v&scaron;echny,<br \/> nyn&iacute; i&nbsp;v\u017edycky.<br \/> Amen.<\/p>\n","protected":false},"excerpt":{"rendered":"<p>&Oacute;&nbsp;Pane, na&scaron;i draz&iacute; \u017eij&iacute; s&nbsp;tebou, p\u0159ijati u&nbsp;nebesk&eacute; br&aacute;ny; spole\u010dn\u011b s&nbsp;tv&yacute;mi svat&yacute;mi t\u011b chv&aacute;l&iacute;me, abys tak&eacute; n&aacute;m dal bla\u017eenost b&yacute;t ti po boku, naslouchat tv&eacute;mu Slovu, up&iacute;rat n&aacute;&scaron; pohled do tv&eacute; tv&aacute;\u0159e. Napl\u0148 sv&yacute;m duchem pokoje na&scaron;e srdce, abychom mohli b&yacute;t po\u017eehnan&iacute; v&nbsp;l&aacute;sce, p\u0159&aacute;teli chud&yacute;ch, radostn&yacute;mi hlasateli Evangelia, kter&eacute; je pramenem \u017eivota a&nbsp;nad\u011bje pro v&scaron;echny, nyn&iacute; &#8230; <a title=\"Modlitba za zem\u0159el\u00e9\" class=\"read-more\" href=\"https:\/\/www.texty.santegidio.cz\/?page_id=1026\" aria-label=\"More on Modlitba za zem\u0159el\u00e9\">Read more<\/a><\/p>\n","protected":false},"author":1,"featured_media":0,"parent":706,"menu_order":0,"comment_status":"open","ping_status":"open","template":"","meta":{"_uag_custom_page_level_css":"","jetpack_post_was_ever_published":false,"footnotes":""},"class_list":["post-1026","page","type-page","status-publish"],"uagb_featured_image_src":{"full":false,"thumbnail":false,"medium":false,"medium_large":false,"large":false,"1536x1536":false,"2048x2048":false},"uagb_author_info":{"display_name":"Pavel","author_link":"https:\/\/www.texty.santegidio.cz\/?author=1"},"uagb_comment_info":0,"uagb_excerpt":"&Oacute;&nbsp;Pane, na&scaron;i draz&iacute; \u017eij&iacute; s&nbsp;tebou, p\u0159ijati u&nbsp;nebesk&eacute; br&aacute;ny; spole\u010dn\u011b s&nbsp;tv&yacute;mi svat&yacute;mi t\u011b chv&aacute;l&iacute;me, abys tak&eacute; n&aacute;m dal bla\u017eenost b&yacute;t ti po boku, naslouchat tv&eacute;mu Slovu, up&iacute;rat n&aacute;&scaron; pohled do tv&eacute; tv&aacute;\u0159e. Napl\u0148 sv&yacute;m duchem pokoje na&scaron;e srdce, abychom mohli b&yacute;t po\u017eehnan&iacute; v&nbsp;l&aacute;sce, p\u0159&aacute;teli chud&yacute;ch, radostn&yacute;mi hlasateli Evangelia, kter&eacute; je pramenem \u017eivota a&nbsp;nad\u011bje pro v&scaron;echny, nyn&iacute;&hellip;","jetpack_sharing_enabled":true,"jetpack_shortlink":"https:\/\/wp.me\/PawMsT-gy","_links":{"self":[{"href":"https:\/\/www.texty.santegidio.cz\/index.php?rest_route=\/wp\/v2\/pages\/1026","targetHints":{"allow":["GET"]}}],"collection":[{"href":"https:\/\/www.texty.santegidio.cz\/index.php?rest_route=\/wp\/v2\/pages"}],"about":[{"href":"https:\/\/www.texty.santegidio.cz\/index.php?rest_route=\/wp\/v2\/types\/page"}],"author":[{"embeddable":true,"href":"https:\/\/www.texty.santegidio.cz\/index.php?rest_route=\/wp\/v2\/users\/1"}],"replies":[{"embeddable":true,"href":"https:\/\/www.texty.santegidio.cz\/index.php?rest_route=%2Fwp%2Fv2%2Fcomments&post=1026"}],"version-history":[{"count":0,"href":"https:\/\/www.texty.santegidio.cz\/index.php?rest_route=\/wp\/v2\/pages\/1026\/revisions"}],"up":[{"embeddable":true,"href":"https:\/\/www.texty.santegidio.cz\/index.php?rest_route=\/wp\/v2\/pages\/706"}],"wp:attachment":[{"href":"https:\/\/www.texty.santegidio.cz\/index.php?rest_route=%2Fwp%2Fv2%2Fmedia&parent=1026"}],"curies":[{"name":"wp","href":"https:\/\/api.w.org\/{rel}","templated":true}]}}