{"id":1025,"date":"2018-10-10T14:09:34","date_gmt":"2018-10-10T12:09:34","guid":{"rendered":"http:\/\/www.texty.santegidio.cz?page_id=1025"},"modified":"2018-10-10T14:09:34","modified_gmt":"2018-10-10T12:09:34","slug":"modlitba-k-tomu-jenz-cini-veci-nove","status":"publish","type":"page","link":"https:\/\/www.texty.santegidio.cz\/?page_id=1025","title":{"rendered":"Modlitba k Tomu, jen\u017e \u010din\u00ed v\u011bci nov\u00e9"},"content":{"rendered":"<p>Pane, dnes ve tv&eacute;m dom\u011b, kolem tv&eacute;ho stolu<br \/> vid&iacute;me svat&eacute; m\u011bsto,<br \/> nov&yacute; Jeruzal&eacute;m,<br \/> sestupovat z&nbsp;nebes,<br \/> p\u0159ipraven&eacute; jako nev\u011bsta<br \/> vyzdoben&aacute; pro sv&eacute;ho \u017eenicha.<br \/> Ze sv&eacute;ho nebesk&eacute;ho tr\u016fnu<br \/> \u010din&iacute;&scaron; v&scaron;echny v\u011bci nov&eacute;<br \/> a&nbsp;napsal jsi jm&eacute;na na&scaron;ich drah&yacute;ch<br \/> do knihy \u017eivota.<br \/> Jsou svat&yacute;mi ve m\u011bst\u011b<br \/> oza\u0159ovan&eacute;m sl&aacute;vou Bo\u017e&iacute;,<br \/> pln\u011b milov&aacute;ni tebou,<br \/> kter&yacute; jsi Bohem \u017eivota a&nbsp;radosti.<br \/> Pane, vztahuj&iacute;c&iacute; s&nbsp;n\u011bhou svoji n&aacute;ru\u010d k&nbsp;sv&eacute; matce Marii,<br \/> nau\u010d n&aacute;s vztahovat sv&eacute; ruce<br \/> a&nbsp;nechat je sev\u0159&iacute;t tv&yacute;mi.<br \/> Pane, kter&yacute; pozved&aacute;&scaron; toho, kdo je nemocen,<br \/> proto\u017ee chce&scaron;, aby byl uzdraven,<br \/> dej n&aacute;m b&yacute;t tv&yacute;ma rukama,<br \/> aby tv&aacute; l&aacute;ska pom&aacute;hala<br \/> tomu, kdo pot\u0159ebuje ochranu a&nbsp;jistotu.<br \/> Nyn&iacute; i&nbsp;v\u017edycky.<br \/> Amen.<\/p>\n","protected":false},"excerpt":{"rendered":"<p>Pane, dnes ve tv&eacute;m dom\u011b, kolem tv&eacute;ho stolu vid&iacute;me svat&eacute; m\u011bsto, nov&yacute; Jeruzal&eacute;m, sestupovat z&nbsp;nebes, p\u0159ipraven&eacute; jako nev\u011bsta vyzdoben&aacute; pro sv&eacute;ho \u017eenicha. Ze sv&eacute;ho nebesk&eacute;ho tr\u016fnu \u010din&iacute;&scaron; v&scaron;echny v\u011bci nov&eacute; a&nbsp;napsal jsi jm&eacute;na na&scaron;ich drah&yacute;ch do knihy \u017eivota. Jsou svat&yacute;mi ve m\u011bst\u011b oza\u0159ovan&eacute;m sl&aacute;vou Bo\u017e&iacute;, pln\u011b milov&aacute;ni tebou, kter&yacute; jsi Bohem \u017eivota a&nbsp;radosti. Pane, vztahuj&iacute;c&iacute; &#8230; <a title=\"Modlitba k Tomu, jen\u017e \u010din\u00ed v\u011bci nov\u00e9\" class=\"read-more\" href=\"https:\/\/www.texty.santegidio.cz\/?page_id=1025\" aria-label=\"More on Modlitba k Tomu, jen\u017e \u010din\u00ed v\u011bci nov\u00e9\">Read more<\/a><\/p>\n","protected":false},"author":1,"featured_media":0,"parent":704,"menu_order":0,"comment_status":"open","ping_status":"open","template":"","meta":{"_uag_custom_page_level_css":"","jetpack_post_was_ever_published":false,"footnotes":""},"class_list":["post-1025","page","type-page","status-publish"],"uagb_featured_image_src":{"full":false,"thumbnail":false,"medium":false,"medium_large":false,"large":false,"1536x1536":false,"2048x2048":false},"uagb_author_info":{"display_name":"Pavel","author_link":"https:\/\/www.texty.santegidio.cz\/?author=1"},"uagb_comment_info":0,"uagb_excerpt":"Pane, dnes ve tv&eacute;m dom\u011b, kolem tv&eacute;ho stolu vid&iacute;me svat&eacute; m\u011bsto, nov&yacute; Jeruzal&eacute;m, sestupovat z&nbsp;nebes, p\u0159ipraven&eacute; jako nev\u011bsta vyzdoben&aacute; pro sv&eacute;ho \u017eenicha. Ze sv&eacute;ho nebesk&eacute;ho tr\u016fnu \u010din&iacute;&scaron; v&scaron;echny v\u011bci nov&eacute; a&nbsp;napsal jsi jm&eacute;na na&scaron;ich drah&yacute;ch do knihy \u017eivota. Jsou svat&yacute;mi ve m\u011bst\u011b oza\u0159ovan&eacute;m sl&aacute;vou Bo\u017e&iacute;, pln\u011b milov&aacute;ni tebou, kter&yacute; jsi Bohem \u017eivota a&nbsp;radosti. Pane, vztahuj&iacute;c&iacute;&hellip;","jetpack_sharing_enabled":true,"jetpack_shortlink":"https:\/\/wp.me\/PawMsT-gx","_links":{"self":[{"href":"https:\/\/www.texty.santegidio.cz\/index.php?rest_route=\/wp\/v2\/pages\/1025","targetHints":{"allow":["GET"]}}],"collection":[{"href":"https:\/\/www.texty.santegidio.cz\/index.php?rest_route=\/wp\/v2\/pages"}],"about":[{"href":"https:\/\/www.texty.santegidio.cz\/index.php?rest_route=\/wp\/v2\/types\/page"}],"author":[{"embeddable":true,"href":"https:\/\/www.texty.santegidio.cz\/index.php?rest_route=\/wp\/v2\/users\/1"}],"replies":[{"embeddable":true,"href":"https:\/\/www.texty.santegidio.cz\/index.php?rest_route=%2Fwp%2Fv2%2Fcomments&post=1025"}],"version-history":[{"count":0,"href":"https:\/\/www.texty.santegidio.cz\/index.php?rest_route=\/wp\/v2\/pages\/1025\/revisions"}],"up":[{"embeddable":true,"href":"https:\/\/www.texty.santegidio.cz\/index.php?rest_route=\/wp\/v2\/pages\/704"}],"wp:attachment":[{"href":"https:\/\/www.texty.santegidio.cz\/index.php?rest_route=%2Fwp%2Fv2%2Fmedia&parent=1025"}],"curies":[{"name":"wp","href":"https:\/\/api.w.org\/{rel}","templated":true}]}}