{"id":1024,"date":"2018-10-10T14:09:34","date_gmt":"2018-10-10T12:09:34","guid":{"rendered":"http:\/\/www.texty.santegidio.cz?page_id=1024"},"modified":"2018-10-10T14:09:34","modified_gmt":"2018-10-10T12:09:34","slug":"modlitba-za-spolecenstvi-svatych","status":"publish","type":"page","link":"https:\/\/www.texty.santegidio.cz\/?page_id=1024","title":{"rendered":"Modlitba za spole\u010denstv\u00ed svat\u00fdch"},"content":{"rendered":"<p>&Oacute;&nbsp;Pane,<br \/> na&scaron;i draz&iacute; dnes \u017eij&iacute; po tv&eacute;m boku,<br \/> kr&aacute;\u010dej&iacute; spole\u010dn\u011b s&nbsp;tv&yacute;mi svat&yacute;mi<br \/> v&nbsp;bla\u017eenosti bez konce,<br \/> pohl&iacute;\u017eej&iacute; do tv&aacute;\u0159e dobr&eacute;mu Otci<br \/> a&nbsp;raduj&iacute; se ve sv\u011btle tv&eacute;ho pokoje.<br \/> &nbsp;<br \/> &Oacute;&nbsp;Pane,<br \/> napl\u0148 sv&yacute;m sv\u011btlem<br \/> na&scaron;e srdce a&nbsp;zemi lid&iacute;.<br \/> Roze\u017ee\u0148 temnotu zla,<br \/> nep\u0159&aacute;telstv&iacute;, v&aacute;lky.<br \/> Pomoz ka\u017ed&eacute;mu z&nbsp;n&aacute;s<br \/> b&yacute;t tv\u016frcem pokoje,<br \/> aby p\u0159i&scaron;lo brzy<br \/> tv&eacute; kr&aacute;lovstv&iacute; blahoslavenstv&iacute;.<br \/> Nyn&iacute; i&nbsp;v\u017edycky.<br \/> Amen.<\/p>\n<p><\/p>\n","protected":false},"excerpt":{"rendered":"<p>&Oacute;&nbsp;Pane, na&scaron;i draz&iacute; dnes \u017eij&iacute; po tv&eacute;m boku, kr&aacute;\u010dej&iacute; spole\u010dn\u011b s&nbsp;tv&yacute;mi svat&yacute;mi v&nbsp;bla\u017eenosti bez konce, pohl&iacute;\u017eej&iacute; do tv&aacute;\u0159e dobr&eacute;mu Otci a&nbsp;raduj&iacute; se ve sv\u011btle tv&eacute;ho pokoje. &nbsp; &Oacute;&nbsp;Pane, napl\u0148 sv&yacute;m sv\u011btlem na&scaron;e srdce a&nbsp;zemi lid&iacute;. Roze\u017ee\u0148 temnotu zla, nep\u0159&aacute;telstv&iacute;, v&aacute;lky. Pomoz ka\u017ed&eacute;mu z&nbsp;n&aacute;s b&yacute;t tv\u016frcem pokoje, aby p\u0159i&scaron;lo brzy tv&eacute; kr&aacute;lovstv&iacute; blahoslavenstv&iacute;. Nyn&iacute; i&nbsp;v\u017edycky. Amen.<\/p>\n","protected":false},"author":1,"featured_media":0,"parent":704,"menu_order":0,"comment_status":"open","ping_status":"open","template":"","meta":{"_uag_custom_page_level_css":"","jetpack_post_was_ever_published":false,"footnotes":""},"class_list":["post-1024","page","type-page","status-publish"],"uagb_featured_image_src":{"full":false,"thumbnail":false,"medium":false,"medium_large":false,"large":false,"1536x1536":false,"2048x2048":false},"uagb_author_info":{"display_name":"Pavel","author_link":"https:\/\/www.texty.santegidio.cz\/?author=1"},"uagb_comment_info":0,"uagb_excerpt":"&Oacute;&nbsp;Pane, na&scaron;i draz&iacute; dnes \u017eij&iacute; po tv&eacute;m boku, kr&aacute;\u010dej&iacute; spole\u010dn\u011b s&nbsp;tv&yacute;mi svat&yacute;mi v&nbsp;bla\u017eenosti bez konce, pohl&iacute;\u017eej&iacute; do tv&aacute;\u0159e dobr&eacute;mu Otci a&nbsp;raduj&iacute; se ve sv\u011btle tv&eacute;ho pokoje. &nbsp; &Oacute;&nbsp;Pane, napl\u0148 sv&yacute;m sv\u011btlem na&scaron;e srdce a&nbsp;zemi lid&iacute;. Roze\u017ee\u0148 temnotu zla, nep\u0159&aacute;telstv&iacute;, v&aacute;lky. Pomoz ka\u017ed&eacute;mu z&nbsp;n&aacute;s b&yacute;t tv\u016frcem pokoje, aby p\u0159i&scaron;lo brzy tv&eacute; kr&aacute;lovstv&iacute; blahoslavenstv&iacute;. Nyn&iacute; i&nbsp;v\u017edycky. Amen.","jetpack_sharing_enabled":true,"jetpack_shortlink":"https:\/\/wp.me\/PawMsT-gw","_links":{"self":[{"href":"https:\/\/www.texty.santegidio.cz\/index.php?rest_route=\/wp\/v2\/pages\/1024","targetHints":{"allow":["GET"]}}],"collection":[{"href":"https:\/\/www.texty.santegidio.cz\/index.php?rest_route=\/wp\/v2\/pages"}],"about":[{"href":"https:\/\/www.texty.santegidio.cz\/index.php?rest_route=\/wp\/v2\/types\/page"}],"author":[{"embeddable":true,"href":"https:\/\/www.texty.santegidio.cz\/index.php?rest_route=\/wp\/v2\/users\/1"}],"replies":[{"embeddable":true,"href":"https:\/\/www.texty.santegidio.cz\/index.php?rest_route=%2Fwp%2Fv2%2Fcomments&post=1024"}],"version-history":[{"count":0,"href":"https:\/\/www.texty.santegidio.cz\/index.php?rest_route=\/wp\/v2\/pages\/1024\/revisions"}],"up":[{"embeddable":true,"href":"https:\/\/www.texty.santegidio.cz\/index.php?rest_route=\/wp\/v2\/pages\/704"}],"wp:attachment":[{"href":"https:\/\/www.texty.santegidio.cz\/index.php?rest_route=%2Fwp%2Fv2%2Fmedia&parent=1024"}],"curies":[{"name":"wp","href":"https:\/\/api.w.org\/{rel}","templated":true}]}}