{"id":1023,"date":"2018-10-10T14:09:34","date_gmt":"2018-10-10T12:09:34","guid":{"rendered":"http:\/\/www.texty.santegidio.cz?page_id=1023"},"modified":"2018-10-10T14:09:34","modified_gmt":"2018-10-10T12:09:34","slug":"modlitba-k-svatemu-janu-pavlu-ii","status":"publish","type":"page","link":"https:\/\/www.texty.santegidio.cz\/?page_id=1023","title":{"rendered":"Modlitba k svat\u00e9mu Janu Pavlu II."},"content":{"rendered":"<p>&Oacute;&nbsp;svat&yacute; Jane Pavle&nbsp;II.,<br \/> n&aacute;&scaron; pape\u017ei, ot\u010de a&nbsp;p\u0159&iacute;teli,<br \/> kter&yacute; jsi n&aacute;s p\u0159ijal a&nbsp;doprov&aacute;zel<br \/> svou d\u016fv\u011brou a&nbsp;sv&yacute;m slovem,<br \/> pohl&eacute;dni s&nbsp;l&aacute;skou<br \/> na tuto svou rodinu,<br \/> chra\u0148 a&nbsp;ve\u010f ji<br \/> v&nbsp;jistot\u011b, \u017ee Je\u017e&iacute;&scaron;ovo Evangelium<br \/> osvobozuje lidi a&nbsp;n&aacute;rody,<br \/> m\u011bn&iacute; historii a&nbsp;d&aacute;v&aacute; n&aacute;m milost za milost&iacute;.<br \/> &nbsp;<br \/> Zachovej n&aacute;s ve svat&eacute; slu\u017eb\u011b<br \/> Bo\u017e&iacute;mu slovu s&nbsp;odvahou a&nbsp;&scaron;t\u011bdrost&iacute;.<br \/> U\u010di\u0148 n&aacute;s skrze tvoji modlitbu<br \/> a&nbsp;tv&eacute; sv\u011bdectv&iacute; v\u011brn&yacute;mi p\u0159&aacute;teli chud&yacute;ch.<br \/> U\u010di\u0148 z&nbsp;n&aacute;s &scaron;t\u011bdr&eacute; slu\u017eebn&iacute;ky pokoje,<br \/> abychom osvobozovali sv\u011bt od v&aacute;lky,<br \/> matky ve&scaron;ker&eacute; chudoby.<br \/> &nbsp;<br \/> U\u010di\u0148 n&aacute;s na svoji p\u0159&iacute;mluvu budovateli<br \/> jedin&eacute; lidsk&eacute; rodiny<br \/> prost\u0159ednictv&iacute;m p\u0159&aacute;telstv&iacute; mezi n&aacute;bo\u017eenstv&iacute;mi a&nbsp;lidmi.<br \/> Ty, kter&yacute; ses stal past&yacute;\u0159em C&iacute;rkve,<br \/> pomoz n&aacute;m uskute\u010d\u0148ovat z&aacute;zrak l&aacute;sky,<br \/> aby v&scaron;ichni byli jedno,<br \/> aby sv\u011bt uv\u011b\u0159il.<br \/> Nyn&iacute; i&nbsp;v\u017edycky.<br \/> Amen.<\/p>\n<p><\/p>\n","protected":false},"excerpt":{"rendered":"<p>&Oacute;&nbsp;svat&yacute; Jane Pavle&nbsp;II., n&aacute;&scaron; pape\u017ei, ot\u010de a&nbsp;p\u0159&iacute;teli, kter&yacute; jsi n&aacute;s p\u0159ijal a&nbsp;doprov&aacute;zel svou d\u016fv\u011brou a&nbsp;sv&yacute;m slovem, pohl&eacute;dni s&nbsp;l&aacute;skou na tuto svou rodinu, chra\u0148 a&nbsp;ve\u010f ji v&nbsp;jistot\u011b, \u017ee Je\u017e&iacute;&scaron;ovo Evangelium osvobozuje lidi a&nbsp;n&aacute;rody, m\u011bn&iacute; historii a&nbsp;d&aacute;v&aacute; n&aacute;m milost za milost&iacute;. &nbsp; Zachovej n&aacute;s ve svat&eacute; slu\u017eb\u011b Bo\u017e&iacute;mu slovu s&nbsp;odvahou a&nbsp;&scaron;t\u011bdrost&iacute;. U\u010di\u0148 n&aacute;s skrze tvoji modlitbu a&nbsp;tv&eacute; &#8230; <a title=\"Modlitba k svat\u00e9mu Janu Pavlu II.\" class=\"read-more\" href=\"https:\/\/www.texty.santegidio.cz\/?page_id=1023\" aria-label=\"More on Modlitba k svat\u00e9mu Janu Pavlu II.\">Read more<\/a><\/p>\n","protected":false},"author":1,"featured_media":0,"parent":704,"menu_order":0,"comment_status":"open","ping_status":"open","template":"","meta":{"_uag_custom_page_level_css":"","jetpack_post_was_ever_published":false,"footnotes":""},"class_list":["post-1023","page","type-page","status-publish"],"uagb_featured_image_src":{"full":false,"thumbnail":false,"medium":false,"medium_large":false,"large":false,"1536x1536":false,"2048x2048":false},"uagb_author_info":{"display_name":"Pavel","author_link":"https:\/\/www.texty.santegidio.cz\/?author=1"},"uagb_comment_info":0,"uagb_excerpt":"&Oacute;&nbsp;svat&yacute; Jane Pavle&nbsp;II., n&aacute;&scaron; pape\u017ei, ot\u010de a&nbsp;p\u0159&iacute;teli, kter&yacute; jsi n&aacute;s p\u0159ijal a&nbsp;doprov&aacute;zel svou d\u016fv\u011brou a&nbsp;sv&yacute;m slovem, pohl&eacute;dni s&nbsp;l&aacute;skou na tuto svou rodinu, chra\u0148 a&nbsp;ve\u010f ji v&nbsp;jistot\u011b, \u017ee Je\u017e&iacute;&scaron;ovo Evangelium osvobozuje lidi a&nbsp;n&aacute;rody, m\u011bn&iacute; historii a&nbsp;d&aacute;v&aacute; n&aacute;m milost za milost&iacute;. &nbsp; Zachovej n&aacute;s ve svat&eacute; slu\u017eb\u011b Bo\u017e&iacute;mu slovu s&nbsp;odvahou a&nbsp;&scaron;t\u011bdrost&iacute;. U\u010di\u0148 n&aacute;s skrze tvoji modlitbu a&nbsp;tv&eacute;&hellip;","jetpack_sharing_enabled":true,"jetpack_shortlink":"https:\/\/wp.me\/PawMsT-gv","_links":{"self":[{"href":"https:\/\/www.texty.santegidio.cz\/index.php?rest_route=\/wp\/v2\/pages\/1023","targetHints":{"allow":["GET"]}}],"collection":[{"href":"https:\/\/www.texty.santegidio.cz\/index.php?rest_route=\/wp\/v2\/pages"}],"about":[{"href":"https:\/\/www.texty.santegidio.cz\/index.php?rest_route=\/wp\/v2\/types\/page"}],"author":[{"embeddable":true,"href":"https:\/\/www.texty.santegidio.cz\/index.php?rest_route=\/wp\/v2\/users\/1"}],"replies":[{"embeddable":true,"href":"https:\/\/www.texty.santegidio.cz\/index.php?rest_route=%2Fwp%2Fv2%2Fcomments&post=1023"}],"version-history":[{"count":0,"href":"https:\/\/www.texty.santegidio.cz\/index.php?rest_route=\/wp\/v2\/pages\/1023\/revisions"}],"up":[{"embeddable":true,"href":"https:\/\/www.texty.santegidio.cz\/index.php?rest_route=\/wp\/v2\/pages\/704"}],"wp:attachment":[{"href":"https:\/\/www.texty.santegidio.cz\/index.php?rest_route=%2Fwp%2Fv2%2Fmedia&parent=1023"}],"curies":[{"name":"wp","href":"https:\/\/api.w.org\/{rel}","templated":true}]}}