{"id":1020,"date":"2018-10-10T14:09:34","date_gmt":"2018-10-10T12:09:34","guid":{"rendered":"http:\/\/www.texty.santegidio.cz?page_id=1020"},"modified":"2018-10-10T14:09:34","modified_gmt":"2018-10-10T12:09:34","slug":"modlitba-se-svatym-frantiskem","status":"publish","type":"page","link":"https:\/\/www.texty.santegidio.cz\/?page_id=1020","title":{"rendered":"Modlitba se svat\u00fdm Franti\u0161kem"},"content":{"rendered":"<p>O&nbsp;Duchu P&aacute;n\u011b,<br \/> kter&yacute; jsi povolal Franti&scaron;ka z&nbsp;Assisi<br \/> za sv\u011bdka \u017eiv&eacute;ho Evangelia,<br \/> vzbu\u010f v&nbsp;n&aacute;s nov&eacute; sv\u011bdky Evangelia<br \/> a&nbsp;ve\u010f na&scaron;i Komunitu,<br \/> aby \u017eila podle tv&eacute;ho Slova a&nbsp;tv&eacute; l&aacute;sky.<br \/> Nyn&iacute; i&nbsp;v\u017edycky.<br \/> Amen.<br \/> &nbsp;<\/p>\n","protected":false},"excerpt":{"rendered":"<p>O&nbsp;Duchu P&aacute;n\u011b, kter&yacute; jsi povolal Franti&scaron;ka z&nbsp;Assisi za sv\u011bdka \u017eiv&eacute;ho Evangelia, vzbu\u010f v&nbsp;n&aacute;s nov&eacute; sv\u011bdky Evangelia a&nbsp;ve\u010f na&scaron;i Komunitu, aby \u017eila podle tv&eacute;ho Slova a&nbsp;tv&eacute; l&aacute;sky. Nyn&iacute; i&nbsp;v\u017edycky. Amen. &nbsp;<\/p>\n","protected":false},"author":1,"featured_media":0,"parent":704,"menu_order":0,"comment_status":"open","ping_status":"open","template":"","meta":{"_uag_custom_page_level_css":"","jetpack_post_was_ever_published":false,"footnotes":""},"class_list":["post-1020","page","type-page","status-publish"],"uagb_featured_image_src":{"full":false,"thumbnail":false,"medium":false,"medium_large":false,"large":false,"1536x1536":false,"2048x2048":false},"uagb_author_info":{"display_name":"Pavel","author_link":"https:\/\/www.texty.santegidio.cz\/?author=1"},"uagb_comment_info":0,"uagb_excerpt":"O&nbsp;Duchu P&aacute;n\u011b, kter&yacute; jsi povolal Franti&scaron;ka z&nbsp;Assisi za sv\u011bdka \u017eiv&eacute;ho Evangelia, vzbu\u010f v&nbsp;n&aacute;s nov&eacute; sv\u011bdky Evangelia a&nbsp;ve\u010f na&scaron;i Komunitu, aby \u017eila podle tv&eacute;ho Slova a&nbsp;tv&eacute; l&aacute;sky. Nyn&iacute; i&nbsp;v\u017edycky. Amen. &nbsp;","jetpack_sharing_enabled":true,"jetpack_shortlink":"https:\/\/wp.me\/PawMsT-gs","_links":{"self":[{"href":"https:\/\/www.texty.santegidio.cz\/index.php?rest_route=\/wp\/v2\/pages\/1020","targetHints":{"allow":["GET"]}}],"collection":[{"href":"https:\/\/www.texty.santegidio.cz\/index.php?rest_route=\/wp\/v2\/pages"}],"about":[{"href":"https:\/\/www.texty.santegidio.cz\/index.php?rest_route=\/wp\/v2\/types\/page"}],"author":[{"embeddable":true,"href":"https:\/\/www.texty.santegidio.cz\/index.php?rest_route=\/wp\/v2\/users\/1"}],"replies":[{"embeddable":true,"href":"https:\/\/www.texty.santegidio.cz\/index.php?rest_route=%2Fwp%2Fv2%2Fcomments&post=1020"}],"version-history":[{"count":0,"href":"https:\/\/www.texty.santegidio.cz\/index.php?rest_route=\/wp\/v2\/pages\/1020\/revisions"}],"up":[{"embeddable":true,"href":"https:\/\/www.texty.santegidio.cz\/index.php?rest_route=\/wp\/v2\/pages\/704"}],"wp:attachment":[{"href":"https:\/\/www.texty.santegidio.cz\/index.php?rest_route=%2Fwp%2Fv2%2Fmedia&parent=1020"}],"curies":[{"name":"wp","href":"https:\/\/api.w.org\/{rel}","templated":true}]}}