{"id":1019,"date":"2018-10-10T14:09:34","date_gmt":"2018-10-10T12:09:34","guid":{"rendered":"http:\/\/www.texty.santegidio.cz?page_id=1019"},"modified":"2018-10-10T14:09:34","modified_gmt":"2018-10-10T12:09:34","slug":"modlitba-se-svatymi-apostoly-petrem-a-pavlem","status":"publish","type":"page","link":"https:\/\/www.texty.santegidio.cz\/?page_id=1019","title":{"rendered":"Modlitba se svat\u00fdmi apo\u0161toly Petrem a Pavlem"},"content":{"rendered":"<p>Pane, Ot\u010de v&scaron;ech mu\u017e\u016f a&nbsp;\u017een,<br \/> kter&yacute; zn&aacute;&scaron; srdce sv&yacute;ch d\u011bt&iacute;,<br \/> vysly&scaron; na&scaron;i modlitbu,<br \/> dej, a\u0165 skrze s&iacute;lu Ducha svat&eacute;ho<br \/> tv&aacute; C&iacute;rkev st&aacute;le roste<br \/> ve v\u011brnosti a&nbsp;l&aacute;sce k&nbsp;tv&eacute;mu Synu Je\u017e&iacute;&scaron;i.<br \/> Ty, kter&yacute; jsi povolal Petra,<br \/> aby zbudoval tv\u016fj d\u016fm,<br \/> postaven&yacute; na sk&aacute;le, uprost\u0159ed lid&iacute;,<br \/> kter&yacute; sis vybral Pavla, aby sd\u011bloval<br \/> v&scaron;em lidem tv&eacute; Slovo,<br \/> dej n&aacute;m na jejich p\u0159&iacute;mluvu,<br \/> abychom sv\u011bd\u010dili sv\u011btu<br \/> o&nbsp;tv&eacute; l&aacute;sce a&nbsp;tv&eacute;m milosrdenstv&iacute;.<br \/> Skrze Krista, na&scaron;eho P&aacute;na.<br \/> Amen.<br \/> &nbsp;<br \/> &nbsp;<\/p>\n","protected":false},"excerpt":{"rendered":"<p>Pane, Ot\u010de v&scaron;ech mu\u017e\u016f a&nbsp;\u017een, kter&yacute; zn&aacute;&scaron; srdce sv&yacute;ch d\u011bt&iacute;, vysly&scaron; na&scaron;i modlitbu, dej, a\u0165 skrze s&iacute;lu Ducha svat&eacute;ho tv&aacute; C&iacute;rkev st&aacute;le roste ve v\u011brnosti a&nbsp;l&aacute;sce k&nbsp;tv&eacute;mu Synu Je\u017e&iacute;&scaron;i. Ty, kter&yacute; jsi povolal Petra, aby zbudoval tv\u016fj d\u016fm, postaven&yacute; na sk&aacute;le, uprost\u0159ed lid&iacute;, kter&yacute; sis vybral Pavla, aby sd\u011bloval v&scaron;em lidem tv&eacute; Slovo, dej n&aacute;m &#8230; <a title=\"Modlitba se svat\u00fdmi apo\u0161toly Petrem a Pavlem\" class=\"read-more\" href=\"https:\/\/www.texty.santegidio.cz\/?page_id=1019\" aria-label=\"More on Modlitba se svat\u00fdmi apo\u0161toly Petrem a Pavlem\">Read more<\/a><\/p>\n","protected":false},"author":1,"featured_media":0,"parent":704,"menu_order":0,"comment_status":"open","ping_status":"open","template":"","meta":{"_uag_custom_page_level_css":"","jetpack_post_was_ever_published":false,"footnotes":""},"class_list":["post-1019","page","type-page","status-publish"],"uagb_featured_image_src":{"full":false,"thumbnail":false,"medium":false,"medium_large":false,"large":false,"1536x1536":false,"2048x2048":false},"uagb_author_info":{"display_name":"Pavel","author_link":"https:\/\/www.texty.santegidio.cz\/?author=1"},"uagb_comment_info":0,"uagb_excerpt":"Pane, Ot\u010de v&scaron;ech mu\u017e\u016f a&nbsp;\u017een, kter&yacute; zn&aacute;&scaron; srdce sv&yacute;ch d\u011bt&iacute;, vysly&scaron; na&scaron;i modlitbu, dej, a\u0165 skrze s&iacute;lu Ducha svat&eacute;ho tv&aacute; C&iacute;rkev st&aacute;le roste ve v\u011brnosti a&nbsp;l&aacute;sce k&nbsp;tv&eacute;mu Synu Je\u017e&iacute;&scaron;i. Ty, kter&yacute; jsi povolal Petra, aby zbudoval tv\u016fj d\u016fm, postaven&yacute; na sk&aacute;le, uprost\u0159ed lid&iacute;, kter&yacute; sis vybral Pavla, aby sd\u011bloval v&scaron;em lidem tv&eacute; Slovo, dej n&aacute;m&hellip;","jetpack_sharing_enabled":true,"jetpack_shortlink":"https:\/\/wp.me\/PawMsT-gr","_links":{"self":[{"href":"https:\/\/www.texty.santegidio.cz\/index.php?rest_route=\/wp\/v2\/pages\/1019","targetHints":{"allow":["GET"]}}],"collection":[{"href":"https:\/\/www.texty.santegidio.cz\/index.php?rest_route=\/wp\/v2\/pages"}],"about":[{"href":"https:\/\/www.texty.santegidio.cz\/index.php?rest_route=\/wp\/v2\/types\/page"}],"author":[{"embeddable":true,"href":"https:\/\/www.texty.santegidio.cz\/index.php?rest_route=\/wp\/v2\/users\/1"}],"replies":[{"embeddable":true,"href":"https:\/\/www.texty.santegidio.cz\/index.php?rest_route=%2Fwp%2Fv2%2Fcomments&post=1019"}],"version-history":[{"count":0,"href":"https:\/\/www.texty.santegidio.cz\/index.php?rest_route=\/wp\/v2\/pages\/1019\/revisions"}],"up":[{"embeddable":true,"href":"https:\/\/www.texty.santegidio.cz\/index.php?rest_route=\/wp\/v2\/pages\/704"}],"wp:attachment":[{"href":"https:\/\/www.texty.santegidio.cz\/index.php?rest_route=%2Fwp%2Fv2%2Fmedia&parent=1019"}],"curies":[{"name":"wp","href":"https:\/\/api.w.org\/{rel}","templated":true}]}}